{"id":15932,"date":"2023-07-07T06:45:00","date_gmt":"2023-07-07T06:45:00","guid":{"rendered":"http:\/\/telgirent24.ee\/paringukorv\/"},"modified":"2023-12-06T11:27:51","modified_gmt":"2023-12-06T11:27:51","slug":"request-a-quote","status":"publish","type":"page","link":"https:\/\/telgirent24.ee\/en\/request-a-quote\/","title":{"rendered":"Request a quote"},"content":{"rendered":"\n<h2>\n\t\tSubmitting a request\n\t<\/h2>\n\t[yith_ywraq_request_quote]\n\t\t\tTelgirent 24 payment methods\n\t\t\t<p>You can pay with us:<\/p>\t\t\n\t\t\t\tWith bank link\n\t\t\t\tBy e-invoice\n\t\t\t\tBy invoice\n\t\t\t\tPay at the office\n\t\t\t\tESTO 3-part payment\n\t\t\t\tJ\u00e4relmaksuga\n\t\t\t\t\t\t\tWith bank link\n\t\t\t\t<p>Pay conveniently through your bank:<\/p>\n<p><img loading=\"lazy\" decoding=\"async\" src=\"http:\/\/telgirent24.ee\/wp-content\/uploads\/2022\/03\/pangalingid.png\" alt=\"\" width=\"334\" height=\"58\" \/><\/p>\n\t\t\t\t\t\t\tBy e-invoice\n\t\t\t\t<p><img loading=\"lazy\" decoding=\"async\" src=\"http:\/\/telgirent24.ee\/wp-content\/uploads\/2022\/03\/e-arve.jpg\" alt=\"\" width=\"318\" height=\"154\" \/><\/p>\n\t\t\t\t\t\t\tBy invoice\n\t\t\t\t<p>When ordering from our e-shop, you can also pay for your order by PDF invoice.<\/p>\n\t\t\t\t\t\t\tPay at the office\n\t\t\t\t<p>At the office, you can pay for your order in cash or by card.<\/p>\n\t\t\t\t\t\t\tESTO 3-part payment\n\t\t\t\t<p><strong>Without paying any extra fees!<\/strong><\/p>\n<p>When paying for products or services, use ESTO&#8217;s 3-piece SLICE payment method &#8211; divide the cost of your shopping cart into three equal payments, without paying any extra fees!.<\/p>\n<p>Can also be used for rental!<\/p>\n<p><a href=\"http:\/\/telgirent24.ee\/esto\/\">Read more about the conditions<\/a><\/p>\n<p><a href=\"http:\/\/telgirent24.ee\/wp-content\/uploads\/2022\/03\/esto.jpg\"><img loading=\"lazy\" decoding=\"async\" src=\"http:\/\/telgirent24.ee\/wp-content\/uploads\/2022\/03\/esto.jpg\" alt=\"\" width=\"357\" height=\"174\" \/><\/a><\/p>\n\t\t\t\t\t\t\tJ\u00e4relmaksuga\n\t\t\t\t<p>Ostu v\u00f5i tellimuse eest on v\u00f5imalik tasuda j\u00e4relmaksuga<\/p>\n\n","protected":false},"excerpt":{"rendered":"<p>Submitting a request [yith_ywraq_request_quote] Telgirent 24 payment methods You can pay with us: With bank link By e-invoice By invoice Pay at the office ESTO 3-part payment J\u00e4relmaksuga With bank link Pay conveniently through your bank: By e-invoice By invoice When ordering from our e-shop, you can also pay for your order by PDF invoice. [&hellip;]<\/p>\n","protected":false},"author":7,"featured_media":0,"parent":0,"menu_order":0,"comment_status":"closed","ping_status":"closed","template":"","meta":{"inline_featured_image":false,"site-sidebar-layout":"no-sidebar","site-content-layout":"plain-container","ast-site-content-layout":"default","site-content-style":"default","site-sidebar-style":"default","ast-global-header-display":"","ast-banner-title-visibility":"","ast-main-header-display":"disabled","ast-hfb-above-header-display":"","ast-hfb-below-header-display":"","ast-hfb-mobile-header-display":"disabled","site-post-title":"disabled","ast-breadcrumbs-content":"disabled","ast-featured-img":"disabled","footer-sml-layout":"disabled","ast-disable-related-posts":"","theme-transparent-header-meta":"default","adv-header-id-meta":"","stick-header-meta":"","header-above-stick-meta":"","header-main-stick-meta":"","header-below-stick-meta":"","astra-migrate-meta-layouts":"default","ast-page-background-enabled":"default","ast-page-background-meta":{"desktop":{"background-color":"var(--ast-global-color-4)","background-image":"","background-repeat":"repeat","background-position":"center center","background-size":"auto","background-attachment":"scroll","background-type":"","background-media":"","overlay-type":"","overlay-color":"","overlay-opacity":"","overlay-gradient":""},"tablet":{"background-color":"","background-image":"","background-repeat":"repeat","background-position":"center center","background-size":"auto","background-attachment":"scroll","background-type":"","background-media":"","overlay-type":"","overlay-color":"","overlay-opacity":"","overlay-gradient":""},"mobile":{"background-color":"","background-image":"","background-repeat":"repeat","background-position":"center center","background-size":"auto","background-attachment":"scroll","background-type":"","background-media":"","overlay-type":"","overlay-color":"","overlay-opacity":"","overlay-gradient":""}},"ast-content-background-meta":{"desktop":{"background-color":"var(--ast-global-color-5)","background-image":"","background-repeat":"repeat","background-position":"center center","background-size":"auto","background-attachment":"scroll","background-type":"","background-media":"","overlay-type":"","overlay-color":"","overlay-opacity":"","overlay-gradient":""},"tablet":{"background-color":"var(--ast-global-color-5)","background-image":"","background-repeat":"repeat","background-position":"center center","background-size":"auto","background-attachment":"scroll","background-type":"","background-media":"","overlay-type":"","overlay-color":"","overlay-opacity":"","overlay-gradient":""},"mobile":{"background-color":"var(--ast-global-color-5)","background-image":"","background-repeat":"repeat","background-position":"center center","background-size":"auto","background-attachment":"scroll","background-type":"","background-media":"","overlay-type":"","overlay-color":"","overlay-opacity":"","overlay-gradient":""}},"footnotes":""},"class_list":["post-15932","page","type-page","status-publish","hentry"],"acf":[],"_links":{"self":[{"href":"https:\/\/telgirent24.ee\/en\/wp-json\/wp\/v2\/pages\/15932","targetHints":{"allow":["GET"]}}],"collection":[{"href":"https:\/\/telgirent24.ee\/en\/wp-json\/wp\/v2\/pages"}],"about":[{"href":"https:\/\/telgirent24.ee\/en\/wp-json\/wp\/v2\/types\/page"}],"author":[{"embeddable":true,"href":"https:\/\/telgirent24.ee\/en\/wp-json\/wp\/v2\/users\/7"}],"replies":[{"embeddable":true,"href":"https:\/\/telgirent24.ee\/en\/wp-json\/wp\/v2\/comments?post=15932"}],"version-history":[{"count":2,"href":"https:\/\/telgirent24.ee\/en\/wp-json\/wp\/v2\/pages\/15932\/revisions"}],"predecessor-version":[{"id":15934,"href":"https:\/\/telgirent24.ee\/en\/wp-json\/wp\/v2\/pages\/15932\/revisions\/15934"}],"wp:attachment":[{"href":"https:\/\/telgirent24.ee\/en\/wp-json\/wp\/v2\/media?parent=15932"}],"curies":[{"name":"wp","href":"https:\/\/api.w.org\/{rel}","templated":true}]}}