{"id":15183,"date":"2022-02-17T12:52:42","date_gmt":"2022-02-17T12:52:42","guid":{"rendered":"http:\/\/telgirent24.ee\/toode\/pub-table-cover-rental\/"},"modified":"2026-04-11T10:09:29","modified_gmt":"2026-04-11T10:09:29","slug":"pub-table-cover-rental","status":"publish","type":"product","link":"https:\/\/telgirent24.ee\/en\/product\/pub-table-cover-rental\/","title":{"rendered":"Pub table cover rental"},"content":{"rendered":"<h2>Pub table cover rental<\/h2>\n<p>&nbsp;<\/p>\n<p>A pub table cover is a cover for a stand-up table for various events and occasions where there is no traditional seating around tables.<\/p>\n<p>Stand-up table \u2013 a pub table that adds style and elegance to a room with a matching tablecloth that is easy to place.<\/p>\n<p>Suitable for 80\u201385 \u00d7 110 cm pub tables<\/p>\n<p>Available in a wide range of colours \u2013 red, white, black, blue, yellow, lime green, etc.<\/p>\n<p><a href=\"http:\/\/telgirent24.ee\/wp-content\/uploads\/2022\/02\/Pukklaua-kate-ctrach-valge.jpg\"><img loading=\"lazy\" decoding=\"async\" class=\"size-full wp-image-1034\" src=\"http:\/\/telgirent24.ee\/wp-content\/uploads\/2022\/02\/Pukklaua-kate-ctrach-valge.jpg\" alt=\"Pukklaua kate stretch valge peoinventari rent lauakatete rent tableclothse rent peoinventari rent\" width=\"350\" height=\"350\" srcset=\"https:\/\/telgirent24.ee\/wp-content\/uploads\/2022\/02\/Pukklaua-kate-ctrach-valge.jpg 350w, https:\/\/telgirent24.ee\/wp-content\/uploads\/2022\/02\/Pukklaua-kate-ctrach-valge-300x300.jpg 300w, https:\/\/telgirent24.ee\/wp-content\/uploads\/2022\/02\/Pukklaua-kate-ctrach-valge-150x150.jpg 150w, https:\/\/telgirent24.ee\/wp-content\/uploads\/2022\/02\/Pukklaua-kate-ctrach-valge-24x24.jpg 24w, https:\/\/telgirent24.ee\/wp-content\/uploads\/2022\/02\/Pukklaua-kate-ctrach-valge-36x36.jpg 36w, https:\/\/telgirent24.ee\/wp-content\/uploads\/2022\/02\/Pukklaua-kate-ctrach-valge-48x48.jpg 48w, https:\/\/telgirent24.ee\/wp-content\/uploads\/2022\/02\/Pukklaua-kate-ctrach-valge-100x100.jpg 100w\" sizes=\"auto, (max-width: 350px) 100vw, 350px\" \/><\/a><\/p>\n<p><a href=\"http:\/\/telgirent24.ee\/wp-content\/uploads\/2022\/02\/Pukklaua-kate-stretch-muuk-kollane-e1516054324866.jpg\"><img loading=\"lazy\" decoding=\"async\" class=\" wp-image-1029\" src=\"http:\/\/telgirent24.ee\/wp-content\/uploads\/2022\/02\/Pukklaua-kate-stretch-muuk-kollane-e1516054324866.jpg\" alt=\"Pukklaua kate m\u00fc\u00fck\" width=\"206\" height=\"304\" srcset=\"https:\/\/telgirent24.ee\/wp-content\/uploads\/2022\/02\/Pukklaua-kate-stretch-muuk-kollane-e1516054324866.jpg 508w, https:\/\/telgirent24.ee\/wp-content\/uploads\/2022\/02\/Pukklaua-kate-stretch-muuk-kollane-e1516054324866-203x300.jpg 203w, https:\/\/telgirent24.ee\/wp-content\/uploads\/2022\/02\/Pukklaua-kate-stretch-muuk-kollane-e1516054324866-16x24.jpg 16w, https:\/\/telgirent24.ee\/wp-content\/uploads\/2022\/02\/Pukklaua-kate-stretch-muuk-kollane-e1516054324866-24x36.jpg 24w, https:\/\/telgirent24.ee\/wp-content\/uploads\/2022\/02\/Pukklaua-kate-stretch-muuk-kollane-e1516054324866-33x48.jpg 33w\" sizes=\"auto, (max-width: 206px) 100vw, 206px\" \/><\/a><\/p>\n<p><a href=\"http:\/\/telgirent24.ee\/wp-content\/uploads\/2022\/02\/Pukklaua-kate-stretch-muuk-laimiroheline-e1516054305816.jpg\"><img loading=\"lazy\" decoding=\"async\" class=\" wp-image-1024\" src=\"http:\/\/telgirent24.ee\/wp-content\/uploads\/2022\/02\/Pukklaua-kate-stretch-muuk-laimiroheline-e1516054305816.jpg\" alt=\"Pukklaua kate stretch m\u00fc\u00fck p\u00fcstiseisulaua kate m\u00fc\u00fck\" width=\"227\" height=\"334\" srcset=\"https:\/\/telgirent24.ee\/wp-content\/uploads\/2022\/02\/Pukklaua-kate-stretch-muuk-laimiroheline-e1516054305816.jpg 509w, https:\/\/telgirent24.ee\/wp-content\/uploads\/2022\/02\/Pukklaua-kate-stretch-muuk-laimiroheline-e1516054305816-204x300.jpg 204w, https:\/\/telgirent24.ee\/wp-content\/uploads\/2022\/02\/Pukklaua-kate-stretch-muuk-laimiroheline-e1516054305816-16x24.jpg 16w, https:\/\/telgirent24.ee\/wp-content\/uploads\/2022\/02\/Pukklaua-kate-stretch-muuk-laimiroheline-e1516054305816-24x36.jpg 24w, https:\/\/telgirent24.ee\/wp-content\/uploads\/2022\/02\/Pukklaua-kate-stretch-muuk-laimiroheline-e1516054305816-33x48.jpg 33w\" sizes=\"auto, (max-width: 227px) 100vw, 227px\" \/><\/a><\/p>\n<p><a href=\"http:\/\/telgirent24.ee\/wp-content\/uploads\/2022\/02\/Pukklaua-kate-strech-valge.jpg\"><img loading=\"lazy\" decoding=\"async\" class=\"size-full wp-image-1025\" src=\"http:\/\/telgirent24.ee\/wp-content\/uploads\/2022\/02\/Pukklaua-kate-strech-valge.jpg\" alt=\"Pukklaua kate strech p\u00fcstiseisulaua kate strech lauakate\" width=\"350\" height=\"350\" srcset=\"https:\/\/telgirent24.ee\/wp-content\/uploads\/2022\/02\/Pukklaua-kate-strech-valge.jpg 350w, https:\/\/telgirent24.ee\/wp-content\/uploads\/2022\/02\/Pukklaua-kate-strech-valge-300x300.jpg 300w, https:\/\/telgirent24.ee\/wp-content\/uploads\/2022\/02\/Pukklaua-kate-strech-valge-150x150.jpg 150w, https:\/\/telgirent24.ee\/wp-content\/uploads\/2022\/02\/Pukklaua-kate-strech-valge-24x24.jpg 24w, https:\/\/telgirent24.ee\/wp-content\/uploads\/2022\/02\/Pukklaua-kate-strech-valge-36x36.jpg 36w, https:\/\/telgirent24.ee\/wp-content\/uploads\/2022\/02\/Pukklaua-kate-strech-valge-48x48.jpg 48w, https:\/\/telgirent24.ee\/wp-content\/uploads\/2022\/02\/Pukklaua-kate-strech-valge-100x100.jpg 100w\" sizes=\"auto, (max-width: 350px) 100vw, 350px\" \/><\/a><\/p>\n<p><a href=\"http:\/\/telgirent24.ee\/wp-content\/uploads\/2022\/02\/Pukklaua-kate-stretch-sinine.jpg\"><img loading=\"lazy\" decoding=\"async\" class=\" wp-image-1035\" src=\"http:\/\/telgirent24.ee\/wp-content\/uploads\/2022\/02\/Pukklaua-kate-stretch-sinine.jpg\" alt=\"Pukklaua kate stretch sinine peoinventari rent lauakatete rent tableclothse rent peoinventari rent p\u00fcstiseisulaua kate rent inventari rent stretch tableclothse rent pukklaua kate rent\" width=\"253\" height=\"374\" srcset=\"https:\/\/telgirent24.ee\/wp-content\/uploads\/2022\/02\/Pukklaua-kate-stretch-sinine.jpg 800w, https:\/\/telgirent24.ee\/wp-content\/uploads\/2022\/02\/Pukklaua-kate-stretch-sinine-203x300.jpg 203w, https:\/\/telgirent24.ee\/wp-content\/uploads\/2022\/02\/Pukklaua-kate-stretch-sinine-693x1024.jpg 693w, https:\/\/telgirent24.ee\/wp-content\/uploads\/2022\/02\/Pukklaua-kate-stretch-sinine-768x1135.jpg 768w, https:\/\/telgirent24.ee\/wp-content\/uploads\/2022\/02\/Pukklaua-kate-stretch-sinine-16x24.jpg 16w, https:\/\/telgirent24.ee\/wp-content\/uploads\/2022\/02\/Pukklaua-kate-stretch-sinine-24x36.jpg 24w, https:\/\/telgirent24.ee\/wp-content\/uploads\/2022\/02\/Pukklaua-kate-stretch-sinine-32x48.jpg 32w, https:\/\/telgirent24.ee\/wp-content\/uploads\/2022\/02\/Pukklaua-kate-stretch-sinine-600x887.jpg 600w\" sizes=\"auto, (max-width: 253px) 100vw, 253px\" \/><\/a><\/p>\n<p><a href=\"http:\/\/telgirent24.ee\/wp-content\/uploads\/2022\/02\/Pukklaua-kate-stretch-muuk-kreemjas-e1516054340785.jpg\"><img loading=\"lazy\" decoding=\"async\" class=\" wp-image-1788\" src=\"http:\/\/telgirent24.ee\/wp-content\/uploads\/2022\/02\/Pukklaua-kate-stretch-muuk-kreemjas-e1516054340785.jpg\" alt=\"Pukklaua kate stretch m\u00fc\u00fck p\u00fcstiseisulaua kate m\u00fc\u00fck peoinventari m\u00fc\u00fck lauakatete m\u00fc\u00fck\" width=\"210\" height=\"310\" srcset=\"https:\/\/telgirent24.ee\/wp-content\/uploads\/2022\/02\/Pukklaua-kate-stretch-muuk-kreemjas-e1516054340785.jpg 508w, https:\/\/telgirent24.ee\/wp-content\/uploads\/2022\/02\/Pukklaua-kate-stretch-muuk-kreemjas-e1516054340785-203x300.jpg 203w, https:\/\/telgirent24.ee\/wp-content\/uploads\/2022\/02\/Pukklaua-kate-stretch-muuk-kreemjas-e1516054340785-16x24.jpg 16w, https:\/\/telgirent24.ee\/wp-content\/uploads\/2022\/02\/Pukklaua-kate-stretch-muuk-kreemjas-e1516054340785-24x36.jpg 24w, https:\/\/telgirent24.ee\/wp-content\/uploads\/2022\/02\/Pukklaua-kate-stretch-muuk-kreemjas-e1516054340785-33x48.jpg 33w\" sizes=\"auto, (max-width: 210px) 100vw, 210px\" \/><\/a><\/p>\n<p><a href=\"http:\/\/telgirent24.ee\/wp-content\/uploads\/2022\/02\/tablecloth-shampanja-pukklauale.jpg\"><img decoding=\"async\" class=\"alignleft wp-image-6063\" src=\"http:\/\/telgirent24.ee\/wp-content\/uploads\/2022\/02\/tablecloth-shampanja-pukklauale.jpg\" \/><\/a> <a href=\"http:\/\/telgirent24.ee\/wp-content\/uploads\/2022\/04\/pukklauakate1.png\"><img loading=\"lazy\" decoding=\"async\" width=\"777\" height=\"943\" class=\"alignleft wp-image-6198\" src=\"http:\/\/telgirent24.ee\/wp-content\/uploads\/2022\/04\/pukklauakate1.png\" srcset=\"https:\/\/telgirent24.ee\/wp-content\/uploads\/2022\/04\/pukklauakate1.png 777w, https:\/\/telgirent24.ee\/wp-content\/uploads\/2022\/04\/pukklauakate1-247x300.png 247w, https:\/\/telgirent24.ee\/wp-content\/uploads\/2022\/04\/pukklauakate1-768x932.png 768w, https:\/\/telgirent24.ee\/wp-content\/uploads\/2022\/04\/pukklauakate1-20x24.png 20w, https:\/\/telgirent24.ee\/wp-content\/uploads\/2022\/04\/pukklauakate1-30x36.png 30w, https:\/\/telgirent24.ee\/wp-content\/uploads\/2022\/04\/pukklauakate1-40x48.png 40w, https:\/\/telgirent24.ee\/wp-content\/uploads\/2022\/04\/pukklauakate1-600x728.png 600w\" sizes=\"auto, (max-width: 777px) 100vw, 777px\" \/><\/a><\/p>\n<p><a href=\"http:\/\/telgirent24.ee\/wp-content\/uploads\/2022\/02\/Pukklaua-kate-stretch-muuk-punane-e1516054437211.jpg\"><img loading=\"lazy\" decoding=\"async\" class=\" wp-image-1028\" src=\"http:\/\/telgirent24.ee\/wp-content\/uploads\/2022\/02\/Pukklaua-kate-stretch-muuk-punane-e1516054437211.jpg\" alt=\"Pukklaua kate stretch m\u00fc\u00fck p\u00fcstiseisulaua kate m\u00fc\u00fck\" width=\"215\" height=\"318\" srcset=\"https:\/\/telgirent24.ee\/wp-content\/uploads\/2022\/02\/Pukklaua-kate-stretch-muuk-punane-e1516054437211.jpg 508w, https:\/\/telgirent24.ee\/wp-content\/uploads\/2022\/02\/Pukklaua-kate-stretch-muuk-punane-e1516054437211-203x300.jpg 203w, https:\/\/telgirent24.ee\/wp-content\/uploads\/2022\/02\/Pukklaua-kate-stretch-muuk-punane-e1516054437211-16x24.jpg 16w, https:\/\/telgirent24.ee\/wp-content\/uploads\/2022\/02\/Pukklaua-kate-stretch-muuk-punane-e1516054437211-24x36.jpg 24w, https:\/\/telgirent24.ee\/wp-content\/uploads\/2022\/02\/Pukklaua-kate-stretch-muuk-punane-e1516054437211-33x48.jpg 33w\" sizes=\"auto, (max-width: 215px) 100vw, 215px\" \/><\/a><\/p>\n<p><a href=\"http:\/\/telgirent24.ee\/wp-content\/uploads\/2022\/02\/Pukklaua-kate-stretch-pruun-e1516054291402.jpg\"><img loading=\"lazy\" decoding=\"async\" class=\" wp-image-2103\" src=\"http:\/\/telgirent24.ee\/wp-content\/uploads\/2022\/02\/Pukklaua-kate-stretch-pruun-e1516054291402.jpg\" alt=\"Pukklaua kate stretch m\u00fc\u00fck p\u00fcstiseisulaua kate m\u00fc\u00fck\" width=\"224\" height=\"331\" srcset=\"https:\/\/telgirent24.ee\/wp-content\/uploads\/2022\/02\/Pukklaua-kate-stretch-pruun-e1516054291402.jpg 508w, https:\/\/telgirent24.ee\/wp-content\/uploads\/2022\/02\/Pukklaua-kate-stretch-pruun-e1516054291402-203x300.jpg 203w, https:\/\/telgirent24.ee\/wp-content\/uploads\/2022\/02\/Pukklaua-kate-stretch-pruun-e1516054291402-16x24.jpg 16w, https:\/\/telgirent24.ee\/wp-content\/uploads\/2022\/02\/Pukklaua-kate-stretch-pruun-e1516054291402-24x36.jpg 24w, https:\/\/telgirent24.ee\/wp-content\/uploads\/2022\/02\/Pukklaua-kate-stretch-pruun-e1516054291402-33x48.jpg 33w\" sizes=\"auto, (max-width: 224px) 100vw, 224px\" \/><\/a><\/p>\n<p>&nbsp;<\/p>\n<p>&nbsp;<\/p>\n<p>&nbsp;<\/p>\n<p>&nbsp;<\/p>\n<p>&nbsp;<\/p>\n<p>&nbsp;<\/p>\n<p>&nbsp;<\/p>\n<p>&nbsp;<\/p>\n<p>&nbsp;<\/p>\n<p><img loading=\"lazy\" decoding=\"async\" class=\" wp-image-8788\" src=\"http:\/\/telgirent24.ee\/wp-content\/uploads\/2022\/02\/pukklaua-kate-hall-1-300x263.jpg\" alt=\"pukklaua kate hall\" width=\"486\" height=\"426\" srcset=\"https:\/\/telgirent24.ee\/wp-content\/uploads\/2022\/02\/pukklaua-kate-hall-1-300x263.jpg 300w, https:\/\/telgirent24.ee\/wp-content\/uploads\/2022\/02\/pukklaua-kate-hall-1-1024x896.jpg 1024w, https:\/\/telgirent24.ee\/wp-content\/uploads\/2022\/02\/pukklaua-kate-hall-1-768x672.jpg 768w, https:\/\/telgirent24.ee\/wp-content\/uploads\/2022\/02\/pukklaua-kate-hall-1-24x21.jpg 24w, https:\/\/telgirent24.ee\/wp-content\/uploads\/2022\/02\/pukklaua-kate-hall-1-36x32.jpg 36w, https:\/\/telgirent24.ee\/wp-content\/uploads\/2022\/02\/pukklaua-kate-hall-1-48x42.jpg 48w, https:\/\/telgirent24.ee\/wp-content\/uploads\/2022\/02\/pukklaua-kate-hall-1-600x525.jpg 600w, https:\/\/telgirent24.ee\/wp-content\/uploads\/2022\/02\/pukklaua-kate-hall-1.jpg 1044w\" sizes=\"auto, (max-width: 486px) 100vw, 486px\" \/><\/p>\n<p>&nbsp;<\/p>\n<p>Can also be rented together with a <a href=\"http:\/\/telgirent24.ee\/en\/product\/pub-table-rental\/\">pub table<\/a><\/p>\n<p><strong>Ask for a quote with or without installation!<\/strong><\/p>\n","protected":false},"excerpt":{"rendered":"<p>Pub table cover rental for rent. Professional event furniture.<\/p>\n","protected":false},"featured_media":11478,"template":"","meta":{"inline_featured_image":false,"site-sidebar-layout":"default","site-content-layout":"default","ast-site-content-layout":"default","site-content-style":"default","site-sidebar-style":"default","ast-global-header-display":"","ast-banner-title-visibility":"","ast-main-header-display":"","ast-hfb-above-header-display":"","ast-hfb-below-header-display":"","ast-hfb-mobile-header-display":"","site-post-title":"","ast-breadcrumbs-content":"","ast-featured-img":"","footer-sml-layout":"","ast-disable-related-posts":"","theme-transparent-header-meta":"default","adv-header-id-meta":"","stick-header-meta":"","header-above-stick-meta":"","header-main-stick-meta":"","header-below-stick-meta":"","astra-migrate-meta-layouts":"default","ast-page-background-enabled":"default","ast-page-background-meta":{"desktop":{"background-color":"var(--ast-global-color-4)","background-image":"","background-repeat":"repeat","background-position":"center center","background-size":"auto","background-attachment":"scroll","background-type":"","background-media":"","overlay-type":"","overlay-color":"","overlay-opacity":"","overlay-gradient":""},"tablet":{"background-color":"","background-image":"","background-repeat":"repeat","background-position":"center center","background-size":"auto","background-attachment":"scroll","background-type":"","background-media":"","overlay-type":"","overlay-color":"","overlay-opacity":"","overlay-gradient":""},"mobile":{"background-color":"","background-image":"","background-repeat":"repeat","background-position":"center center","background-size":"auto","background-attachment":"scroll","background-type":"","background-media":"","overlay-type":"","overlay-color":"","overlay-opacity":"","overlay-gradient":""}},"ast-content-background-meta":{"desktop":{"background-color":"var(--ast-global-color-5)","background-image":"","background-repeat":"repeat","background-position":"center center","background-size":"auto","background-attachment":"scroll","background-type":"","background-media":"","overlay-type":"","overlay-color":"","overlay-opacity":"","overlay-gradient":""},"tablet":{"background-color":"var(--ast-global-color-5)","background-image":"","background-repeat":"repeat","background-position":"center center","background-size":"auto","background-attachment":"scroll","background-type":"","background-media":"","overlay-type":"","overlay-color":"","overlay-opacity":"","overlay-gradient":""},"mobile":{"background-color":"var(--ast-global-color-5)","background-image":"","background-repeat":"repeat","background-position":"center center","background-size":"auto","background-attachment":"scroll","background-type":"","background-media":"","overlay-type":"","overlay-color":"","overlay-opacity":"","overlay-gradient":""}}},"product_cat":[1064,1067],"product_tag":[],"class_list":{"0":"post-15183","1":"product","2":"type-product","3":"status-publish","4":"has-post-thumbnail","6":"product_cat-tablecloths-and-chair-covers","7":"product_cat-round-tablecloths","8":"desktop-align-left","9":"tablet-align-left","10":"mobile-align-left","11":"ast-product-gallery-layout-horizontal-slider","12":"ast-magnify-disabled","13":"ast-product-single-variable","14":"ast-product-tabs-layout-horizontal","15":"ast-qv-on-image","17":"first","18":"instock","19":"taxable","20":"shipping-taxable","21":"purchasable","22":"product-type-variable","23":"has-default-attributes"},"acf":[],"_links":{"self":[{"href":"https:\/\/telgirent24.ee\/en\/wp-json\/wp\/v2\/product\/15183","targetHints":{"allow":["GET"]}}],"collection":[{"href":"https:\/\/telgirent24.ee\/en\/wp-json\/wp\/v2\/product"}],"about":[{"href":"https:\/\/telgirent24.ee\/en\/wp-json\/wp\/v2\/types\/product"}],"wp:featuredmedia":[{"embeddable":true,"href":"https:\/\/telgirent24.ee\/en\/wp-json\/wp\/v2\/media\/11478"}],"wp:attachment":[{"href":"https:\/\/telgirent24.ee\/en\/wp-json\/wp\/v2\/media?parent=15183"}],"wp:term":[{"taxonomy":"product_cat","embeddable":true,"href":"https:\/\/telgirent24.ee\/en\/wp-json\/wp\/v2\/product_cat?post=15183"},{"taxonomy":"product_tag","embeddable":true,"href":"https:\/\/telgirent24.ee\/en\/wp-json\/wp\/v2\/product_tag?post=15183"}],"curies":[{"name":"wp","href":"https:\/\/api.w.org\/{rel}","templated":true}]}}