{"id":15190,"date":"2022-02-17T12:52:52","date_gmt":"2022-02-17T12:52:52","guid":{"rendered":"http:\/\/telgirent24.ee\/toode\/gas-heater-pyramid-11-kw\/"},"modified":"2025-12-09T00:35:25","modified_gmt":"2025-12-09T00:35:25","slug":"gas-heater-pyramid-11-kw","status":"publish","type":"product","link":"https:\/\/telgirent24.ee\/en\/product\/gas-heater-pyramid-11-kw\/","title":{"rendered":"Gas heater pyramid 11 kW"},"content":{"rendered":"\n<h1>Gas heater pyramid 11 kW<\/h1>\n<p>The gas heater has a stylish and modern look.<\/p>\n<p>The gas heater is an eye-catching and easy-to-use heat source.<\/p>\n<p><strong>NB! Cost for the gas will be added to the price!<\/strong><\/p>\n<p><a href=\"http:\/\/telgirent24.ee\/en\/product\/gas-11-kg\/\">Gas 11 kg<\/a> \u2013 26 \u20ac<\/p>\n<p><a href=\"http:\/\/telgirent24.ee\/en\/product\/gas-5-kg\/\">Gas 5 kg<\/a> \u2013 16 \u20ac<\/p>\n<p>Gas consumption of the terrace heater is approximately 1 kg\/hour at full capacity<\/p>\n<p>Heater height is 230 cm<\/p>\n<p>The heater cannot be opened, i.e. made shorter.<\/p>\n<p>Gas heaters are also available in the traditional <a href=\"http:\/\/telgirent24.ee\/toode\/gaasisoojendi-re\u2026isoojendi-125-kw\/\">patio heater shape.<\/a><\/p>\n<p>&nbsp;<\/p>\n<p><img loading=\"lazy\" decoding=\"async\" class=\" src=\"http:\/\/telgirent24.ee\/wp-content\/uploads\/2022\/02\/Gaasisoojendid-puramiid-soojendite-rent-puramiid-soojendi-gaasi-1-225x300.jpg\" alt=\"Gaasisoojendid p\u00fcramiid soojendite rent p\u00fcramiid soojendi gaasi\" width=\"380\" height=\"507\" \/><\/p>\n<p><strong>Switching the heater on and off<\/strong><\/p>\n<p>Check and make sure that an AA battery is inserted in the ignitor. The anode (+) side must be outside.<\/p>\n<p>1. Make sure that the control knob is in the OFF position and unscrew the gas cylinder valve.<br \/>2. Press and turn the adjustable control knob to the LIGHT position.<br \/>3. Check if you see a flame in the glass tube. If there is no flame, turn the control knob to the OFF position and try to reignite the heater. You may have to try several times.<br \/>4. When you can see a flame, press and hold the control knob for 15 seconds, then turn to the LOW position.<br \/>5. For maximum heat, turn the knob to HIGH.<br \/>6. To turn off the heater, turn the control knob to the OFF position. Turn off the gas valve and, if you do not intend to use the heater for a while, disconnect the gas cylinder. <img loading=\"lazy\" decoding=\"async\" title=\"gaasisoojendid rent m\u00fc\u00fck p\u00fcramiid gaasisoojendi rent\" src=\"http:\/\/telgirent24.ee\/wp-content\/uploads\/2023\/04\/gaasisoojendid-scaled.jpg\" alt=\"gaasisoojendid rent m\u00fc\u00fck p\u00fcramiid gaasisoojendi rent\" width=\"1536\" height=\"2048\" \/> <img loading=\"lazy\" decoding=\"async\" title=\"gaasisoojendite rent p\u00fcramiid gaasisoojendid 11kw soojendid rendiks\" src=\"http:\/\/telgirent24.ee\/wp-content\/uploads\/2022\/02\/gaasisoojendite-rent-scaled.jpg\" alt=\"gaasisoojendite rent p\u00fcramiid gaasisoojendid 11kw soojendid rendiks\" width=\"1536\" height=\"2048\" \/> <img loading=\"lazy\" decoding=\"async\" title=\"gaasisoojendi rent p\u00fcramiid gaasisoojendid 11kw soojendid rendiks\" src=\"http:\/\/telgirent24.ee\/wp-content\/uploads\/2022\/02\/gaasisoojendi-rent-scaled.jpg\" alt=\"gaasisoojendi rent p\u00fcramiid gaasisoojendid 11kw soojendid rendiks\" width=\"1536\" height=\"2048\" \/> <img loading=\"lazy\" decoding=\"async\" title=\"gaasisoojendid\" src=\"http:\/\/telgirent24.ee\/wp-content\/uploads\/2022\/09\/gaasisoojendid.jpg\" alt=\"gaasisoojendid rent m\u00fc\u00fck p\u00fcramiid gaasisoojendi rent\" width=\"564\" height=\"367\" \/><\/p>\n","protected":false},"excerpt":{"rendered":"<p>Gas heater pyramid 11 kW The gas heater has a stylish and modern look. The gas heater is an eye-catching and easy-to-use heat source. NB! Cost for the gas will be added to the price! Gas 11 kg \u2013 26 \u20ac Gas 5 kg \u2013 16 \u20ac Gas consumption of the terrace heater is approximately [&hellip;]<\/p>\n","protected":false},"featured_media":13573,"template":"","meta":{"inline_featured_image":false,"site-sidebar-layout":"default","site-content-layout":"default","ast-site-content-layout":"default","site-content-style":"default","site-sidebar-style":"default","ast-global-header-display":"","ast-banner-title-visibility":"","ast-main-header-display":"","ast-hfb-above-header-display":"","ast-hfb-below-header-display":"","ast-hfb-mobile-header-display":"","site-post-title":"","ast-breadcrumbs-content":"","ast-featured-img":"","footer-sml-layout":"","ast-disable-related-posts":"","theme-transparent-header-meta":"default","adv-header-id-meta":"","stick-header-meta":"","header-above-stick-meta":"","header-main-stick-meta":"","header-below-stick-meta":"","astra-migrate-meta-layouts":"default","ast-page-background-enabled":"default","ast-page-background-meta":{"desktop":{"background-color":"var(--ast-global-color-4)","background-image":"","background-repeat":"repeat","background-position":"center center","background-size":"auto","background-attachment":"scroll","background-type":"","background-media":"","overlay-type":"","overlay-color":"","overlay-opacity":"","overlay-gradient":""},"tablet":{"background-color":"","background-image":"","background-repeat":"repeat","background-position":"center center","background-size":"auto","background-attachment":"scroll","background-type":"","background-media":"","overlay-type":"","overlay-color":"","overlay-opacity":"","overlay-gradient":""},"mobile":{"background-color":"","background-image":"","background-repeat":"repeat","background-position":"center center","background-size":"auto","background-attachment":"scroll","background-type":"","background-media":"","overlay-type":"","overlay-color":"","overlay-opacity":"","overlay-gradient":""}},"ast-content-background-meta":{"desktop":{"background-color":"var(--ast-global-color-5)","background-image":"","background-repeat":"repeat","background-position":"center center","background-size":"auto","background-attachment":"scroll","background-type":"","background-media":"","overlay-type":"","overlay-color":"","overlay-opacity":"","overlay-gradient":""},"tablet":{"background-color":"var(--ast-global-color-5)","background-image":"","background-repeat":"repeat","background-position":"center center","background-size":"auto","background-attachment":"scroll","background-type":"","background-media":"","overlay-type":"","overlay-color":"","overlay-opacity":"","overlay-gradient":""},"mobile":{"background-color":"var(--ast-global-color-5)","background-image":"","background-repeat":"repeat","background-position":"center center","background-size":"auto","background-attachment":"scroll","background-type":"","background-media":"","overlay-type":"","overlay-color":"","overlay-opacity":"","overlay-gradient":""}}},"product_cat":[1104,1105,1071],"product_tag":[2124,2122,2126,2123,2127],"class_list":{"0":"post-15190","1":"product","2":"type-product","3":"status-publish","4":"has-post-thumbnail","6":"product_cat-heating-systems","7":"product_cat-new","8":"product_cat-other-products","9":"product_tag-gas-heater-rental","10":"product_tag-heaters","11":"product_tag-patio-heater","12":"product_tag-radiator","13":"product_tag-terrace-heater-rental","14":"desktop-align-left","15":"tablet-align-left","16":"mobile-align-left","17":"ast-product-gallery-layout-horizontal-slider","18":"ast-magnify-disabled","19":"ast-product-single-variable","20":"ast-product-tabs-layout-horizontal","21":"ast-qv-on-image","23":"first","24":"instock","25":"featured","26":"taxable","27":"shipping-taxable","28":"purchasable","29":"product-type-variable"},"acf":[],"_links":{"self":[{"href":"https:\/\/telgirent24.ee\/en\/wp-json\/wp\/v2\/product\/15190","targetHints":{"allow":["GET"]}}],"collection":[{"href":"https:\/\/telgirent24.ee\/en\/wp-json\/wp\/v2\/product"}],"about":[{"href":"https:\/\/telgirent24.ee\/en\/wp-json\/wp\/v2\/types\/product"}],"wp:featuredmedia":[{"embeddable":true,"href":"https:\/\/telgirent24.ee\/en\/wp-json\/wp\/v2\/media\/13573"}],"wp:attachment":[{"href":"https:\/\/telgirent24.ee\/en\/wp-json\/wp\/v2\/media?parent=15190"}],"wp:term":[{"taxonomy":"product_cat","embeddable":true,"href":"https:\/\/telgirent24.ee\/en\/wp-json\/wp\/v2\/product_cat?post=15190"},{"taxonomy":"product_tag","embeddable":true,"href":"https:\/\/telgirent24.ee\/en\/wp-json\/wp\/v2\/product_tag?post=15190"}],"curies":[{"name":"wp","href":"https:\/\/api.w.org\/{rel}","templated":true}]}}