{"id":15208,"date":"2022-02-17T12:53:49","date_gmt":"2022-02-17T12:53:49","guid":{"rendered":"http:\/\/telgirent24.ee\/toode\/paella-pan-960-mm\/"},"modified":"2025-12-09T00:35:11","modified_gmt":"2025-12-09T00:35:11","slug":"paella-pan-960-mm","status":"publish","type":"product","link":"https:\/\/telgirent24.ee\/en\/product\/paella-pan-960-mm\/","title":{"rendered":"Paella pan 960 mm"},"content":{"rendered":"<h2>Paella pan 960 mm<\/h2>\n<p>Diameter: 960 mm Capacity: 50\u201380 portions <strong>NB! Gas cost will be added to the price<\/strong> Gas 11 kg \u2013 22 \u20ac Gas 5 kg \u2013 14\u20ac Gas consumption at full volume 1.5 kg\/h, under normal conditions 0.5\u20131 kg\/h The gas cylinder must be returned! With a paella pan, you can prepare various dishes from both uncooked and pre-cooked raw materials. The pan can hold 50\u201380 portions, depending on the dish. The 5-centimetre-high edge of the pan also allows food to be stewed and steamed (under the lid), which is a big advantage over a pan with a low edge. Just use your imagination and cook your favourite dish in the pan! \u00a0 \u00a0 \u00a0 <a href=\"http:\/\/telgirent24.ee\/wp-content\/uploads\/2018\/06\/paellapann-toidu-k\u00fcpsetamiseks.jpg\"><img decoding=\"async\" class=\" wp-image-2209\" src=\"http:\/\/telgirent24.ee\/wp-content\/uploads\/2018\/06\/paellapann-toidu-k\u00fcpsetamiseks.jpg\" alt=\"paellapannide m\u00fc\u00fck paella pann wokpannid m\u00fc\u00fck paellapannide komplekt m\u00fc\u00fck peapannid wok paella pannide m\u00fc\u00fck\" width=\"395\" height=\"284\" \/><\/a> <a href=\"http:\/\/telgirent24.ee\/wp-content\/uploads\/2018\/06\/paellapann-meretoidud.jpg\"><img decoding=\"async\" class=\" wp-image-2207\" src=\"http:\/\/telgirent24.ee\/wp-content\/uploads\/2018\/06\/paellapann-meretoidud.jpg\" alt=\"paellapannide m\u00fc\u00fck paella pann wokpannid m\u00fc\u00fck paellapannide komplekt m\u00fc\u00fck peapannid wok paella pannide m\u00fc\u00fck\" width=\"392\" height=\"294\" \/><\/a> \u00a0 <b>Cleaning the paella pan<\/b> <span style=\"font-weight: 400\">It is not recommended to clean the pan <\/span>with water<span style=\"font-weight: 400\">, as water will dissolve the protective layer burnt onto the pan and may cause rust. However, if this was done, the initial seasoning procedure described above must be repeated.<\/span> <b>Clean the surface of the pan with coarse salt \u2013<\/b><span style=\"font-weight: 400\"> after use and after removing food residues, sprinkle coarse salt on the hot pan (with the burner working) and old fat will be absorbed into the salt crystals.<\/span><b> <\/b> <b>Do not clean the pan with detergents<\/b><span style=\"font-weight: 400\">\u2013 this will give food an unpleasant taste. If a thick and uneven layer of dirt has accumulated on the pan, it can be removed with a metal or wooden spatula.<\/span> <span style=\"font-weight: 400\">Cleaning the wind protection \u2013 all wind protection components are made of steel and galvanised (zinc plated) and painted with heat-resistant powder coating. Food residues \u2013 grease, etc. \u2013 accumulate on the outer side panel during use. To clean, use regular grease-dissolving dishwashing detergents, rinse thoroughly.<\/span> <span style=\"font-weight: 400\">Cleaning the burner \u2013 smaller residues can be removed from the burner with a dry or gently damp cloth. If the tiny holes in the burner are blocked, they can be cleaned with a fine metal wire.\u00a0<\/span><\/p>\n","protected":false},"excerpt":{"rendered":"<p>Paella pan 960 mm Diameter: 960 mm Capacity: 50\u201380 portions NB! Gas cost will be added to the price Gas 11 kg \u2013 22 \u20ac Gas 5 kg \u2013 14\u20ac Gas consumption at full volume 1.5 kg\/h, under normal conditions 0.5\u20131 kg\/h The gas cylinder must be returned! With a paella pan, you can prepare [&hellip;]<\/p>\n","protected":false},"featured_media":12768,"template":"","meta":{"inline_featured_image":false,"site-sidebar-layout":"default","site-content-layout":"default","ast-site-content-layout":"default","site-content-style":"default","site-sidebar-style":"default","ast-global-header-display":"","ast-banner-title-visibility":"","ast-main-header-display":"","ast-hfb-above-header-display":"","ast-hfb-below-header-display":"","ast-hfb-mobile-header-display":"","site-post-title":"","ast-breadcrumbs-content":"","ast-featured-img":"","footer-sml-layout":"","ast-disable-related-posts":"","theme-transparent-header-meta":"default","adv-header-id-meta":"","stick-header-meta":"","header-above-stick-meta":"","header-main-stick-meta":"","header-below-stick-meta":"","astra-migrate-meta-layouts":"default","ast-page-background-enabled":"default","ast-page-background-meta":{"desktop":{"background-color":"var(--ast-global-color-4)","background-image":"","background-repeat":"repeat","background-position":"center center","background-size":"auto","background-attachment":"scroll","background-type":"","background-media":"","overlay-type":"","overlay-color":"","overlay-opacity":"","overlay-gradient":""},"tablet":{"background-color":"","background-image":"","background-repeat":"repeat","background-position":"center center","background-size":"auto","background-attachment":"scroll","background-type":"","background-media":"","overlay-type":"","overlay-color":"","overlay-opacity":"","overlay-gradient":""},"mobile":{"background-color":"","background-image":"","background-repeat":"repeat","background-position":"center center","background-size":"auto","background-attachment":"scroll","background-type":"","background-media":"","overlay-type":"","overlay-color":"","overlay-opacity":"","overlay-gradient":""}},"ast-content-background-meta":{"desktop":{"background-color":"var(--ast-global-color-5)","background-image":"","background-repeat":"repeat","background-position":"center center","background-size":"auto","background-attachment":"scroll","background-type":"","background-media":"","overlay-type":"","overlay-color":"","overlay-opacity":"","overlay-gradient":""},"tablet":{"background-color":"var(--ast-global-color-5)","background-image":"","background-repeat":"repeat","background-position":"center center","background-size":"auto","background-attachment":"scroll","background-type":"","background-media":"","overlay-type":"","overlay-color":"","overlay-opacity":"","overlay-gradient":""},"mobile":{"background-color":"var(--ast-global-color-5)","background-image":"","background-repeat":"repeat","background-position":"center center","background-size":"auto","background-attachment":"scroll","background-type":"","background-media":"","overlay-type":"","overlay-color":"","overlay-opacity":"","overlay-gradient":""}}},"product_cat":[1081],"product_tag":[],"class_list":{"0":"post-15208","1":"product","2":"type-product","3":"status-publish","4":"has-post-thumbnail","6":"product_cat-paella-and-grill-pans","7":"desktop-align-left","8":"tablet-align-left","9":"mobile-align-left","10":"ast-product-gallery-layout-horizontal-slider","11":"ast-magnify-disabled","12":"ast-product-single-variable","13":"ast-product-tabs-layout-horizontal","14":"ast-qv-on-image","16":"first","17":"instock","18":"taxable","19":"shipping-taxable","20":"purchasable","21":"product-type-variable","22":"has-default-attributes"},"acf":[],"_links":{"self":[{"href":"https:\/\/telgirent24.ee\/en\/wp-json\/wp\/v2\/product\/15208","targetHints":{"allow":["GET"]}}],"collection":[{"href":"https:\/\/telgirent24.ee\/en\/wp-json\/wp\/v2\/product"}],"about":[{"href":"https:\/\/telgirent24.ee\/en\/wp-json\/wp\/v2\/types\/product"}],"wp:featuredmedia":[{"embeddable":true,"href":"https:\/\/telgirent24.ee\/en\/wp-json\/wp\/v2\/media\/12768"}],"wp:attachment":[{"href":"https:\/\/telgirent24.ee\/en\/wp-json\/wp\/v2\/media?parent=15208"}],"wp:term":[{"taxonomy":"product_cat","embeddable":true,"href":"https:\/\/telgirent24.ee\/en\/wp-json\/wp\/v2\/product_cat?post=15208"},{"taxonomy":"product_tag","embeddable":true,"href":"https:\/\/telgirent24.ee\/en\/wp-json\/wp\/v2\/product_tag?post=15208"}],"curies":[{"name":"wp","href":"https:\/\/api.w.org\/{rel}","templated":true}]}}