{"id":15225,"date":"2022-02-17T12:53:57","date_gmt":"2022-02-17T12:53:57","guid":{"rendered":"http:\/\/telgirent24.ee\/toode\/beer-furniture-bench\/"},"modified":"2026-04-10T07:37:20","modified_gmt":"2026-04-10T07:37:20","slug":"beer-furniture-bench","status":"publish","type":"product","link":"https:\/\/telgirent24.ee\/en\/product\/beer-furniture-bench\/","title":{"rendered":"Beer furniture bench"},"content":{"rendered":"<h2><span class=\"likeH1\">Beer furniture bench<\/span><\/h2>\n<p>&nbsp;<\/p>\n<p>The beer garden furniture bench seats 4\u20135 people, making it possible to fit a large number of people in a relatively small area.<\/p>\n<p>Bench dimensions: 220 cm \u00d7 25 cm \u00d7 h 46 cm<\/p>\n<p>Bench legs: 1.5 mm metal<\/p>\n<p>Bench thickness: 30 mm<\/p>\n<p>Leg colour: green<\/p>\n<p><a href=\"http:\/\/telgirent24.ee\/wp-content\/uploads\/2022\/04\/ollemooblipink-1.png\"><img loading=\"lazy\" decoding=\"async\" class=\" wp-image-6121\" src=\"http:\/\/telgirent24.ee\/wp-content\/uploads\/2022\/04\/ollemooblipink-1.png\" alt=\"\u00f5llem\u00f6\u00f6blipink\" width=\"326\" height=\"310\" srcset=\"https:\/\/telgirent24.ee\/wp-content\/uploads\/2022\/04\/ollemooblipink-1.png 741w, https:\/\/telgirent24.ee\/wp-content\/uploads\/2022\/04\/ollemooblipink-1-300x286.png 300w, https:\/\/telgirent24.ee\/wp-content\/uploads\/2022\/04\/ollemooblipink-1-24x24.png 24w, https:\/\/telgirent24.ee\/wp-content\/uploads\/2022\/04\/ollemooblipink-1-36x34.png 36w, https:\/\/telgirent24.ee\/wp-content\/uploads\/2022\/04\/ollemooblipink-1-48x46.png 48w, https:\/\/telgirent24.ee\/wp-content\/uploads\/2022\/04\/ollemooblipink-1-600x572.png 600w\" sizes=\"auto, (max-width: 326px) 100vw, 326px\" \/><\/a><\/p>\n<p><a href=\"http:\/\/telgirent24.ee\/wp-content\/uploads\/2022\/02\/ollemoobli-rent-suurte-tentide-rent-festivalimoobli-laenutus-1-scaled.jpg\"><img loading=\"lazy\" decoding=\"async\" class=\" wp-image-10436\" src=\"http:\/\/telgirent24.ee\/wp-content\/uploads\/2022\/02\/ollemoobli-rent-suurte-tentide-rent-festivalimoobli-laenutus-1-1024x284.jpg\" alt=\"\u00f5llem\u00f6\u00f6bli rent pinkide rent \u00f5llem\u00f6\u00f6bli pink suurte tentide rent festivalim\u00f6\u00f6bli laenutus\" width=\"1161\" height=\"322\" \/><\/a><\/p>\n<p>&nbsp;<\/p>\n","protected":false},"excerpt":{"rendered":"<p>Beer furniture bench &nbsp; The beer garden furniture bench seats 4\u20135 people, making it possible to fit a large number of people in a relatively small area. Bench dimensions: 220 cm \u00d7 25 cm \u00d7 h 46 cm Bench legs: 1.5 mm metal Bench thickness: 30 mm Leg colour: green &nbsp;<\/p>\n","protected":false},"featured_media":13994,"template":"","meta":{"inline_featured_image":false,"site-sidebar-layout":"default","site-content-layout":"default","ast-site-content-layout":"default","site-content-style":"default","site-sidebar-style":"default","ast-global-header-display":"","ast-banner-title-visibility":"","ast-main-header-display":"","ast-hfb-above-header-display":"","ast-hfb-below-header-display":"","ast-hfb-mobile-header-display":"","site-post-title":"","ast-breadcrumbs-content":"","ast-featured-img":"","footer-sml-layout":"","ast-disable-related-posts":"","theme-transparent-header-meta":"default","adv-header-id-meta":"","stick-header-meta":"","header-above-stick-meta":"","header-main-stick-meta":"","header-below-stick-meta":"","astra-migrate-meta-layouts":"default","ast-page-background-enabled":"default","ast-page-background-meta":{"desktop":{"background-color":"var(--ast-global-color-4)","background-image":"","background-repeat":"repeat","background-position":"center center","background-size":"auto","background-attachment":"scroll","background-type":"","background-media":"","overlay-type":"","overlay-color":"","overlay-opacity":"","overlay-gradient":""},"tablet":{"background-color":"","background-image":"","background-repeat":"repeat","background-position":"center center","background-size":"auto","background-attachment":"scroll","background-type":"","background-media":"","overlay-type":"","overlay-color":"","overlay-opacity":"","overlay-gradient":""},"mobile":{"background-color":"","background-image":"","background-repeat":"repeat","background-position":"center center","background-size":"auto","background-attachment":"scroll","background-type":"","background-media":"","overlay-type":"","overlay-color":"","overlay-opacity":"","overlay-gradient":""}},"ast-content-background-meta":{"desktop":{"background-color":"var(--ast-global-color-5)","background-image":"","background-repeat":"repeat","background-position":"center center","background-size":"auto","background-attachment":"scroll","background-type":"","background-media":"","overlay-type":"","overlay-color":"","overlay-opacity":"","overlay-gradient":""},"tablet":{"background-color":"var(--ast-global-color-5)","background-image":"","background-repeat":"repeat","background-position":"center center","background-size":"auto","background-attachment":"scroll","background-type":"","background-media":"","overlay-type":"","overlay-color":"","overlay-opacity":"","overlay-gradient":""},"mobile":{"background-color":"var(--ast-global-color-5)","background-image":"","background-repeat":"repeat","background-position":"center center","background-size":"auto","background-attachment":"scroll","background-type":"","background-media":"","overlay-type":"","overlay-color":"","overlay-opacity":"","overlay-gradient":""}}},"product_cat":[1080],"product_tag":[2076,2149,2137],"class_list":{"0":"post-15225","1":"product","2":"type-product","3":"status-publish","4":"has-post-thumbnail","6":"product_cat-beer-furniture-sets","7":"product_tag-beer-garden-furniture","8":"product_tag-beer-garden-furniture-bench","9":"product_tag-pink-en","10":"desktop-align-left","11":"tablet-align-left","12":"mobile-align-left","13":"ast-product-gallery-layout-horizontal-slider","14":"ast-magnify-disabled","15":"ast-product-tabs-layout-horizontal","16":"ast-qv-on-image","18":"first","19":"instock","20":"taxable","21":"shipping-taxable","22":"purchasable","23":"product-type-simple"},"acf":[],"_links":{"self":[{"href":"https:\/\/telgirent24.ee\/en\/wp-json\/wp\/v2\/product\/15225","targetHints":{"allow":["GET"]}}],"collection":[{"href":"https:\/\/telgirent24.ee\/en\/wp-json\/wp\/v2\/product"}],"about":[{"href":"https:\/\/telgirent24.ee\/en\/wp-json\/wp\/v2\/types\/product"}],"wp:featuredmedia":[{"embeddable":true,"href":"https:\/\/telgirent24.ee\/en\/wp-json\/wp\/v2\/media\/13994"}],"wp:attachment":[{"href":"https:\/\/telgirent24.ee\/en\/wp-json\/wp\/v2\/media?parent=15225"}],"wp:term":[{"taxonomy":"product_cat","embeddable":true,"href":"https:\/\/telgirent24.ee\/en\/wp-json\/wp\/v2\/product_cat?post=15225"},{"taxonomy":"product_tag","embeddable":true,"href":"https:\/\/telgirent24.ee\/en\/wp-json\/wp\/v2\/product_tag?post=15225"}],"curies":[{"name":"wp","href":"https:\/\/api.w.org\/{rel}","templated":true}]}}