{"id":15226,"date":"2022-02-17T12:53:57","date_gmt":"2022-02-17T12:53:57","guid":{"rendered":"http:\/\/telgirent24.ee\/toode\/wooden-folding-chair-white\/"},"modified":"2026-04-11T10:05:14","modified_gmt":"2026-04-11T10:05:14","slug":"wooden-folding-chair-white","status":"publish","type":"product","link":"https:\/\/telgirent24.ee\/en\/product\/wooden-folding-chair-white\/","title":{"rendered":"Wooden folding chair white"},"content":{"rendered":"<p><\/p>\n<h2>Wooden folding chair white<\/h2>\n<p>The wooden folding chair is an elegant and stylish chair that also has a white chair cushion available.<\/p>\n<p>Weight: 2.9 kg<\/p>\n<p>Weight capacity: 120 kg<\/p>\n<figure id=\"attachment_6408\" aria-describedby=\"caption-attachment-6408\" style=\"width: 381px\" class=\"wp-caption alignleft\"><a href=\"http:\/\/telgirent24.ee\/wp-content\/uploads\/2022\/02\/kalpptoolpuidust-1.png\"><img loading=\"lazy\" decoding=\"async\" src=\"http:\/\/telgirent24.ee\/wp-content\/uploads\/2022\/02\/kalpptoolpuidust-1.png\" alt=\"klapptool valge rent puidust klapptoolide rent tooli rent valge klapptool\" width=\"381\" height=\"388\" \/><\/a><figcaption id=\"caption-attachment-6408\" class=\"wp-caption-text\">folding chair white rental wooden folding chairs rental folding chairs rental chair rental white folding chair<\/figcaption><\/figure>\n<p>The chair can also be rented with <a href=\"http:\/\/telgirent24.ee\/en\/product\/chair-cushion-chiavari\/\">a chair cushion<\/a>.<\/p>\n<p><img loading=\"lazy\" decoding=\"async\" src=\"http:\/\/telgirent24.ee\/wp-content\/uploads\/2023\/03\/Chiavari-toolipadi-300x300.jpg\" alt=\"Chiavari-toolipadi Toolipadi Toolipadjad toolidele Chiavari toolipadi rent\" width=\"419\" height=\"419\" \/><\/p>\n<p>&nbsp;<\/p>\n<h2>White chair<\/h2>\n<p>&nbsp;<\/p>\n<p>Matching tables for this chair: <br \/><a href=\"http:\/\/telgirent24.ee\/en\/product\/round-table-o150-cm\/\">Round table \u00d8 150 cm<\/a><\/p>\n<p><a href=\"http:\/\/telgirent24.ee\/en\/product\/round-table-o-180-cm\/\">Round table \u00d8 180 cm<\/a><\/p>\n<p><a href=\"http:\/\/telgirent24.ee\/en\/product\/round-table-o120-cm\/\">Round table \u00d8 120 cm<\/a><\/p>\n<p><a href=\"http:\/\/telgirent24.ee\/en\/product\/folding-table-183-cm\/\">Folding table 183 cm<\/a><\/p>\n<p><a href=\"http:\/\/telgirent24.ee\/en\/product\/folding-table-240-cm\/\">Folding table 240 cm<\/a><\/p>\n<p><a href=\"http:\/\/telgirent24.ee\/en\/product\/folding-table-122-cm\/\">Folding table 122 cm<\/a><\/p>\n<p><a href=\"http:\/\/telgirent24.ee\/en\/product\/folding-table-152-cm\/\">Folding table 152 cm<\/a><\/p>\n<p>&nbsp;<\/p>\n<p>&nbsp;<\/p>\n<p><img loading=\"lazy\" decoding=\"async\" title=\"Laudlina 300cm m\u00fc\u00fck Q300cm tablecloth\" src=\"http:\/\/telgirent24.ee\/wp-content\/uploads\/2022\/02\/Laudlina-300cm-muuk-Q300cm-tablecloth.png\" alt=\"Laudlina 300cm m\u00fc\u00fck Q300cm tablecloth tablecloth valge tableclothse m\u00fc\u00fck peoinventari m\u00fc\u00fck tablecloth 300cm\" width=\"700\" height=\"467\" \/> <img loading=\"lazy\" decoding=\"async\" title=\"\u0161ampanja tablecloth rent \u00fcmmargune shampanja tablecloth rent\" src=\"http:\/\/telgirent24.ee\/wp-content\/uploads\/2022\/04\/sampanjatablecloth-1.png\" alt=\"\u0161ampanja tablecloth rent \u00fcmmargune shampanja tablecloth rent\" width=\"867\" height=\"856\" \/> <img loading=\"lazy\" decoding=\"async\" title=\"hall tablecloth rent h\u00f5bedane tablecloth rent tableclothse rent\" src=\"http:\/\/telgirent24.ee\/wp-content\/uploads\/2022\/04\/halltablecloth-1.png\" alt=\"hall tablecloth rent h\u00f5bedane tablecloth rent tableclothse rent\" width=\"866\" height=\"859\" \/> <img loading=\"lazy\" decoding=\"async\" title=\"Laudlina 280 cm must \u00fcmmargune\" src=\"http:\/\/telgirent24.ee\/wp-content\/uploads\/2022\/02\/Laudlina-280-cm-must-ummargune-1.jpg\" alt=\"\u00dcmmargune tablecloth rent must 280 cm tableclothse rent tablecloth 280cm mut \u00fcmmargused tablecloths rent 280cm tablecloth \u00fcmmargune\" width=\"500\" height=\"500\" \/> <img loading=\"lazy\" decoding=\"async\" title=\"Foldable laud 183cm foldable plastiklaud 183cm plastikm\u00f6\u00f6bel peoinventari rent peoinventari m\u00fc\u00fck foldablea laua m\u00fc\u00fck\" src=\"http:\/\/telgirent24.ee\/wp-content\/uploads\/2022\/02\/foldablelaud183x76-1.png\" alt=\"Foldable laud 183cm foldable plastiklaud 183cm plastikm\u00f6\u00f6bel peoinventari rent peoinventari m\u00fc\u00fck foldablea laua m\u00fc\u00fck\" width=\"1188\" height=\"970\" \/> <img loading=\"lazy\" decoding=\"async\" title=\"\u00dcmmargune laud 180cm \u00dcmmargused lauad rent Laud rent Lauad m\u00fc\u00fck M\u00f6\u00f6bel M\u00f5\u00f5blikomplektid\" src=\"http:\/\/telgirent24.ee\/wp-content\/uploads\/2022\/02\/ummargunelaud120150180-1.png\" alt=\"\u00dcmmargune laud 180cm \u00dcmmargused lauad rent Laud rent Lauad m\u00fc\u00fck M\u00f6\u00f6bel M\u00f5\u00f5blikomplektid\" width=\"851\" height=\"855\" \/> <img loading=\"lazy\" decoding=\"async\" title=\"LED laualamp laualambi rent chrystal\" src=\"http:\/\/telgirent24.ee\/wp-content\/uploads\/2022\/12\/LED-laualamp.jpg\" alt=\"LED laualamp laualambi rent chrystal\" width=\"800\" height=\"800\" \/> <img loading=\"lazy\" decoding=\"async\" title=\"valge klapptooli rent toolide rent puidust tool valge rent\" src=\"http:\/\/telgirent24.ee\/wp-content\/uploads\/2022\/02\/klapptool-puit-e1652776148608.jpg\" alt=\"valge klapptooli rent toolide rent puidust tool valge rent\" width=\"700\" height=\"394\" \/> <img loading=\"lazy\" decoding=\"async\" title=\"klapptool valge rent puidust klapptoolide rent tooli rent valge klapptool\" src=\"http:\/\/telgirent24.ee\/wp-content\/uploads\/2022\/02\/kalpptoolpuidust.png\" alt=\"klapptool valge rent puidust klapptoolide rent tooli rent valge klapptool\" width=\"723\" height=\"737\" \/><\/p>\n<p><\/p>\n","protected":false},"excerpt":{"rendered":"<p>Wooden folding chair white for rent. Stackable, comfortable. Large quantities available.<\/p>\n","protected":false},"featured_media":13524,"template":"","meta":{"inline_featured_image":false,"site-sidebar-layout":"default","site-content-layout":"default","ast-site-content-layout":"default","site-content-style":"default","site-sidebar-style":"default","ast-global-header-display":"","ast-banner-title-visibility":"","ast-main-header-display":"","ast-hfb-above-header-display":"","ast-hfb-below-header-display":"","ast-hfb-mobile-header-display":"","site-post-title":"","ast-breadcrumbs-content":"","ast-featured-img":"","footer-sml-layout":"","ast-disable-related-posts":"","theme-transparent-header-meta":"default","adv-header-id-meta":"","stick-header-meta":"","header-above-stick-meta":"","header-main-stick-meta":"","header-below-stick-meta":"","astra-migrate-meta-layouts":"default","ast-page-background-enabled":"default","ast-page-background-meta":{"desktop":{"background-color":"var(--ast-global-color-4)","background-image":"","background-repeat":"repeat","background-position":"center center","background-size":"auto","background-attachment":"scroll","background-type":"","background-media":"","overlay-type":"","overlay-color":"","overlay-opacity":"","overlay-gradient":""},"tablet":{"background-color":"","background-image":"","background-repeat":"repeat","background-position":"center center","background-size":"auto","background-attachment":"scroll","background-type":"","background-media":"","overlay-type":"","overlay-color":"","overlay-opacity":"","overlay-gradient":""},"mobile":{"background-color":"","background-image":"","background-repeat":"repeat","background-position":"center center","background-size":"auto","background-attachment":"scroll","background-type":"","background-media":"","overlay-type":"","overlay-color":"","overlay-opacity":"","overlay-gradient":""}},"ast-content-background-meta":{"desktop":{"background-color":"var(--ast-global-color-5)","background-image":"","background-repeat":"repeat","background-position":"center center","background-size":"auto","background-attachment":"scroll","background-type":"","background-media":"","overlay-type":"","overlay-color":"","overlay-opacity":"","overlay-gradient":""},"tablet":{"background-color":"var(--ast-global-color-5)","background-image":"","background-repeat":"repeat","background-position":"center center","background-size":"auto","background-attachment":"scroll","background-type":"","background-media":"","overlay-type":"","overlay-color":"","overlay-opacity":"","overlay-gradient":""},"mobile":{"background-color":"var(--ast-global-color-5)","background-image":"","background-repeat":"repeat","background-position":"center center","background-size":"auto","background-attachment":"scroll","background-type":"","background-media":"","overlay-type":"","overlay-color":"","overlay-opacity":"","overlay-gradient":""}}},"product_cat":[1055,1079],"product_tag":[2152,2150],"class_list":{"0":"post-15226","1":"product","2":"type-product","3":"status-publish","4":"has-post-thumbnail","6":"product_cat-furniture","7":"product_cat-chairs","8":"product_tag-folding-tool","9":"product_tag-tool-en","10":"desktop-align-left","11":"tablet-align-left","12":"mobile-align-left","13":"ast-product-gallery-layout-horizontal-slider","14":"ast-magnify-disabled","15":"ast-product-single-variable","16":"ast-product-tabs-layout-horizontal","17":"ast-qv-on-image","19":"first","20":"instock","21":"featured","22":"taxable","23":"shipping-taxable","24":"purchasable","25":"product-type-variable"},"acf":[],"_links":{"self":[{"href":"https:\/\/telgirent24.ee\/en\/wp-json\/wp\/v2\/product\/15226","targetHints":{"allow":["GET"]}}],"collection":[{"href":"https:\/\/telgirent24.ee\/en\/wp-json\/wp\/v2\/product"}],"about":[{"href":"https:\/\/telgirent24.ee\/en\/wp-json\/wp\/v2\/types\/product"}],"wp:featuredmedia":[{"embeddable":true,"href":"https:\/\/telgirent24.ee\/en\/wp-json\/wp\/v2\/media\/13524"}],"wp:attachment":[{"href":"https:\/\/telgirent24.ee\/en\/wp-json\/wp\/v2\/media?parent=15226"}],"wp:term":[{"taxonomy":"product_cat","embeddable":true,"href":"https:\/\/telgirent24.ee\/en\/wp-json\/wp\/v2\/product_cat?post=15226"},{"taxonomy":"product_tag","embeddable":true,"href":"https:\/\/telgirent24.ee\/en\/wp-json\/wp\/v2\/product_tag?post=15226"}],"curies":[{"name":"wp","href":"https:\/\/api.w.org\/{rel}","templated":true}]}}