{"id":15227,"date":"2022-02-17T12:53:57","date_gmt":"2022-02-17T12:53:57","guid":{"rendered":"http:\/\/telgirent24.ee\/toode\/folding-chair-rental\/"},"modified":"2026-04-11T10:05:12","modified_gmt":"2026-04-11T10:05:12","slug":"folding-chair-rental","status":"publish","type":"product","link":"https:\/\/telgirent24.ee\/en\/product\/folding-chair-rental\/","title":{"rendered":"Folding chair rental"},"content":{"rendered":"<p><\/p>\n<p>Folding chair rental<\/p>\n<p>Folding chairs are suitable for indoor and outdoor use and do not sink into the ground thanks to their wide legs.<\/p>\n<p>The chair&#8217;s seat and backrest are designed to match a person&#8217;s body contours, making it extremely comfortable.<\/p>\n<p>&nbsp;<\/p>\n<p><a href=\"http:\/\/telgirent24.ee\/wp-content\/uploads\/2022\/02\/Klapptool.jpg\"><img loading=\"lazy\" decoding=\"async\" src=\"http:\/\/telgirent24.ee\/wp-content\/uploads\/2022\/02\/Klapptool.jpg\" alt=\"Klapptool valge klapptool klapptoolide m\u00fc\u00fck peoinventari m\u00fc\u00fck toolide m\u00fc\u00fck valge tooli m\u00fc\u00fck\" width=\"477\" height=\"358\" \/><\/a><\/p>\n<p><a href=\"http:\/\/telgirent24.ee\/wp-content\/uploads\/2022\/02\/Klapptooli-rent-toolide-rent-comfortable-klapptool-valge-tooli-rent-peomoobli-rent.jpg\"><img loading=\"lazy\" decoding=\"async\" src=\"http:\/\/telgirent24.ee\/wp-content\/uploads\/2022\/02\/Klapptooli-rent-toolide-rent-comfortable-klapptool-valge-tooli-rent-peomoobli-rent.jpg\" alt=\"Klapptooli rent toolide rent comfortable klapptool valge tooli rent peom\u00f6\u00f6bli rent\" width=\"481\" height=\"357\" \/><\/a><\/p>\n<p>The chair can also be rented with <a href=\"http:\/\/telgirent24.ee\/en\/product\/chair-cushion-chiavari\/\">a chair cushion<\/a>.<\/p>\n<p><img loading=\"lazy\" decoding=\"async\" src=\"http:\/\/telgirent24.ee\/wp-content\/uploads\/2023\/03\/Chiavari-toolipadi-300x300.jpg\" alt=\"Chiavari-toolipadi Toolipadi Toolipadjad toolidele Chiavari toolipadi rent\" width=\"300\" height=\"300\" \/><\/p>\n<p>We also have a wooden white folding chairs for rent.<\/p>\n<p><a href=\"http:\/\/telgirent24.ee\/en\/product\/wooden-folding-chair-white\/\">wooden white folding chair<\/a><\/p>\n<p><a href=\"http:\/\/telgirent24.ee\/wp-content\/uploads\/2022\/02\/puidust-klapptool.jpg\"><img loading=\"lazy\" decoding=\"async\" src=\"http:\/\/telgirent24.ee\/wp-content\/uploads\/2022\/02\/puidust-klapptool.jpg\" alt=\"valge klapptool puidust valge tooli rent valge klapptooli rent\" width=\"500\" height=\"500\" \/><\/a><\/p>\n<p>&nbsp;<\/p>\n<p><strong>Tables to match this chair:<\/strong><\/p>\n<p><a href=\"http:\/\/telgirent24.ee\/en\/product\/round-table-o150-cm\/\">Round table \u00d8 150 cm<\/a><\/p>\n<p><a href=\"http:\/\/telgirent24.ee\/en\/product\/round-table-o-180-cm\/\">Round table \u00d8 180 cm<\/a><\/p>\n<p><a href=\"http:\/\/telgirent24.ee\/en\/product\/round-table-o120-cm\/\">Round table \u00d8 120 cm<\/a><\/p>\n<p><a href=\"http:\/\/telgirent24.ee\/en\/product\/folding-table-183-cm\/\">Folding table 183 cm<\/a><\/p>\n<p><a href=\"http:\/\/telgirent24.ee\/en\/product\/folding-table-240-cm\/\">Folding table 240 cm<\/a><\/p>\n<p><a href=\"http:\/\/telgirent24.ee\/en\/product\/folding-table-122-cm\/\">Folding table 122 cm<\/a><\/p>\n<p><a href=\"http:\/\/telgirent24.ee\/en\/product\/folding-table-152-cm\/\">Folding table 152 cm<\/a><\/p>\n<p><img decoding=\"async\" src=\"http:\/\/telgirent24.ee\/wp-content\/uploads\/2022\/02\/foldablelaud152.png\" alt=\" width=\" height=\"239\" \/> <img decoding=\"async\" src=\"http:\/\/telgirent24.ee\/wp-content\/uploads\/2022\/02\/foldablelaud122x76.png\" alt=\" width=\" height=\"293\" \/> <img decoding=\"async\" src=\"http:\/\/telgirent24.ee\/wp-content\/uploads\/2022\/02\/foldablelaud183x76-1.png\" alt=\" width=\" height=\"259\" \/> <img decoding=\"async\" src=\"http:\/\/telgirent24.ee\/wp-content\/uploads\/2022\/02\/foldablelaud240.png\" alt=\" width=\" height=\"226\" \/><img decoding=\"async\" src=\"http:\/\/telgirent24.ee\/wp-content\/uploads\/2022\/02\/ummargunelaud120150180-2.png\" alt=\" width=\" height=\"249\" \/><\/p>\n<p>&nbsp;<\/p>\n<p><img loading=\"lazy\" decoding=\"async\" title=\"klapptool rent klapptoolide rent toolide rent\" src=\"http:\/\/telgirent24.ee\/wp-content\/uploads\/2022\/09\/klapptool-rent-1024x768.jpg\" alt=\"klapptool rent klapptoolide rent toolide rent\" width=\"1024\" height=\"768\" \/> <img loading=\"lazy\" decoding=\"async\" title=\"klapptoolide rent toolide rent peom\u00f6\u00f6bli rent klapptoolid\" src=\"http:\/\/telgirent24.ee\/wp-content\/uploads\/2022\/02\/klapptoolide-rent-toolide-rent-peomoobli-rent-klapptoolid.jpg\" alt=\"klapptoolide rent toolide rent peom\u00f6\u00f6bli re\" width=\"720\" height=\"540\" \/> <a href=\"http:\/\/telgirent24.ee\/wp-content\/uploads\/2022\/02\/toolide-rent-2.jpg\" target=\"_self\" rel=\"noopener\"> <img loading=\"lazy\" decoding=\"async\" title=\"klapptoolide rent toolide rent\" src=\"http:\/\/telgirent24.ee\/wp-content\/uploads\/2022\/02\/toolide-rent-2.jpg\" alt=\"klapptoolide rent toolide rent valged klaptoolid foldableate toolide rent klapptool\" width=\"665\" height=\"500\" \/> <\/a><\/p>\n<p><\/p>\n","protected":false},"excerpt":{"rendered":"<p>Folding chair rental for rent. Stackable, comfortable. Large quantities available.<\/p>\n","protected":false},"featured_media":13966,"template":"","meta":{"inline_featured_image":false,"site-sidebar-layout":"default","site-content-layout":"default","ast-site-content-layout":"default","site-content-style":"default","site-sidebar-style":"default","ast-global-header-display":"","ast-banner-title-visibility":"","ast-main-header-display":"","ast-hfb-above-header-display":"","ast-hfb-below-header-display":"","ast-hfb-mobile-header-display":"","site-post-title":"","ast-breadcrumbs-content":"","ast-featured-img":"","footer-sml-layout":"","ast-disable-related-posts":"","theme-transparent-header-meta":"default","adv-header-id-meta":"","stick-header-meta":"","header-above-stick-meta":"","header-main-stick-meta":"","header-below-stick-meta":"","astra-migrate-meta-layouts":"default","ast-page-background-enabled":"default","ast-page-background-meta":{"desktop":{"background-color":"var(--ast-global-color-4)","background-image":"","background-repeat":"repeat","background-position":"center center","background-size":"auto","background-attachment":"scroll","background-type":"","background-media":"","overlay-type":"","overlay-color":"","overlay-opacity":"","overlay-gradient":""},"tablet":{"background-color":"","background-image":"","background-repeat":"repeat","background-position":"center center","background-size":"auto","background-attachment":"scroll","background-type":"","background-media":"","overlay-type":"","overlay-color":"","overlay-opacity":"","overlay-gradient":""},"mobile":{"background-color":"","background-image":"","background-repeat":"repeat","background-position":"center center","background-size":"auto","background-attachment":"scroll","background-type":"","background-media":"","overlay-type":"","overlay-color":"","overlay-opacity":"","overlay-gradient":""}},"ast-content-background-meta":{"desktop":{"background-color":"var(--ast-global-color-5)","background-image":"","background-repeat":"repeat","background-position":"center center","background-size":"auto","background-attachment":"scroll","background-type":"","background-media":"","overlay-type":"","overlay-color":"","overlay-opacity":"","overlay-gradient":""},"tablet":{"background-color":"var(--ast-global-color-5)","background-image":"","background-repeat":"repeat","background-position":"center center","background-size":"auto","background-attachment":"scroll","background-type":"","background-media":"","overlay-type":"","overlay-color":"","overlay-opacity":"","overlay-gradient":""},"mobile":{"background-color":"var(--ast-global-color-5)","background-image":"","background-repeat":"repeat","background-position":"center center","background-size":"auto","background-attachment":"scroll","background-type":"","background-media":"","overlay-type":"","overlay-color":"","overlay-opacity":"","overlay-gradient":""}}},"product_cat":[1055,1079],"product_tag":[2152],"class_list":{"0":"post-15227","1":"product","2":"type-product","3":"status-publish","4":"has-post-thumbnail","6":"product_cat-furniture","7":"product_cat-chairs","8":"product_tag-folding-tool","9":"desktop-align-left","10":"tablet-align-left","11":"mobile-align-left","12":"ast-product-gallery-layout-horizontal-slider","13":"ast-magnify-disabled","14":"ast-product-single-variable","15":"ast-product-tabs-layout-horizontal","16":"ast-qv-on-image","18":"first","19":"instock","20":"featured","21":"taxable","22":"shipping-taxable","23":"purchasable","24":"product-type-variable"},"acf":[],"_links":{"self":[{"href":"https:\/\/telgirent24.ee\/en\/wp-json\/wp\/v2\/product\/15227","targetHints":{"allow":["GET"]}}],"collection":[{"href":"https:\/\/telgirent24.ee\/en\/wp-json\/wp\/v2\/product"}],"about":[{"href":"https:\/\/telgirent24.ee\/en\/wp-json\/wp\/v2\/types\/product"}],"wp:featuredmedia":[{"embeddable":true,"href":"https:\/\/telgirent24.ee\/en\/wp-json\/wp\/v2\/media\/13966"}],"wp:attachment":[{"href":"https:\/\/telgirent24.ee\/en\/wp-json\/wp\/v2\/media?parent=15227"}],"wp:term":[{"taxonomy":"product_cat","embeddable":true,"href":"https:\/\/telgirent24.ee\/en\/wp-json\/wp\/v2\/product_cat?post=15227"},{"taxonomy":"product_tag","embeddable":true,"href":"https:\/\/telgirent24.ee\/en\/wp-json\/wp\/v2\/product_tag?post=15227"}],"curies":[{"name":"wp","href":"https:\/\/api.w.org\/{rel}","templated":true}]}}