{"id":15242,"date":"2022-02-17T12:54:17","date_gmt":"2022-02-17T12:54:17","guid":{"rendered":"http:\/\/telgirent24.ee\/toode\/round-table-o80-cm\/"},"modified":"2026-04-11T10:02:10","modified_gmt":"2026-04-11T10:02:10","slug":"round-table-o80-cm","status":"publish","type":"product","link":"https:\/\/telgirent24.ee\/en\/product\/round-table-o80-cm\/","title":{"rendered":"Round table \u00d880 cm"},"content":{"rendered":"<h2>Round table \u00d880 cm<\/h2>\n<p>Diameter: 80 cm<\/p>\n<p>Height 74 cm<\/p>\n<p>Suitable for caf\u00e9s, events or occasions that require round tables with a smaller diameter.<\/p>\n<p>A white <a href=\"http:\/\/telgirent24.ee\/toode\/tablecloth-rent-valge\/\">150 cm tablecloth<\/a> is also available for this table<\/p>\n<p><img loading=\"lazy\" decoding=\"async\" class=\" wp-image-2094\" src=\"http:\/\/telgirent24.ee\/wp-content\/uploads\/2022\/02\/Laudlina-320cm-muuk-Q320cm-tablecloth.png\" alt=\"Laudlina 320cm m\u00fc\u00fck Q320cm tablecloth tableclothse m\u00fc\u00fck 320cm valge tablecloth m\u00fc\u00fck \u00fcmmargune tablecloth 320 cm valge peoinventari m\u00fc\u00fck tablecloths m\u00fc\u00fck\" width=\"461\" height=\"307\" \/><\/p>\n<figure id=\"attachment_6299\" aria-describedby=\"caption-attachment-6299\" style=\"width: 506px\" class=\"wp-caption alignleft\"><a href=\"http:\/\/telgirent24.ee\/wp-content\/uploads\/2022\/02\/ummargunelaud80-1.png\"><img loading=\"lazy\" decoding=\"async\" class=\" wp-image-6299\" src=\"http:\/\/telgirent24.ee\/wp-content\/uploads\/2022\/02\/ummargunelaud80-1.png\" alt=\"\u00dcmmargune laud 80cm \u00dcmmargused lauad rent Laud rent Lauad m\u00fc\u00fck M\u00f6\u00f6bel M\u00f5\u00f5blikomplektid\" width=\"506\" height=\"551\" srcset=\"https:\/\/telgirent24.ee\/wp-content\/uploads\/2022\/02\/ummargunelaud80-1.png 792w, https:\/\/telgirent24.ee\/wp-content\/uploads\/2022\/02\/ummargunelaud80-1-275x300.png 275w, https:\/\/telgirent24.ee\/wp-content\/uploads\/2022\/02\/ummargunelaud80-1-768x837.png 768w, https:\/\/telgirent24.ee\/wp-content\/uploads\/2022\/02\/ummargunelaud80-1-22x24.png 22w, https:\/\/telgirent24.ee\/wp-content\/uploads\/2022\/02\/ummargunelaud80-1-33x36.png 33w, https:\/\/telgirent24.ee\/wp-content\/uploads\/2022\/02\/ummargunelaud80-1-44x48.png 44w, https:\/\/telgirent24.ee\/wp-content\/uploads\/2022\/02\/ummargunelaud80-1-600x654.png 600w\" sizes=\"auto, (max-width: 506px) 100vw, 506px\" \/><\/a><figcaption id=\"caption-attachment-6299\" class=\"wp-caption-text\">Round table 80 cm\u00a0<\/figcaption><\/figure>\n","protected":false},"excerpt":{"rendered":"<p>Round table \u00d880 cm for rent. Professional event furniture. Large quantities available.<\/p>\n","protected":false},"featured_media":13423,"template":"","meta":{"inline_featured_image":false,"site-sidebar-layout":"default","site-content-layout":"default","ast-site-content-layout":"default","site-content-style":"default","site-sidebar-style":"default","ast-global-header-display":"","ast-banner-title-visibility":"","ast-main-header-display":"","ast-hfb-above-header-display":"","ast-hfb-below-header-display":"","ast-hfb-mobile-header-display":"","site-post-title":"","ast-breadcrumbs-content":"","ast-featured-img":"","footer-sml-layout":"","ast-disable-related-posts":"","theme-transparent-header-meta":"default","adv-header-id-meta":"","stick-header-meta":"","header-above-stick-meta":"","header-main-stick-meta":"","header-below-stick-meta":"","astra-migrate-meta-layouts":"default","ast-page-background-enabled":"default","ast-page-background-meta":{"desktop":{"background-color":"var(--ast-global-color-4)","background-image":"","background-repeat":"repeat","background-position":"center center","background-size":"auto","background-attachment":"scroll","background-type":"","background-media":"","overlay-type":"","overlay-color":"","overlay-opacity":"","overlay-gradient":""},"tablet":{"background-color":"","background-image":"","background-repeat":"repeat","background-position":"center center","background-size":"auto","background-attachment":"scroll","background-type":"","background-media":"","overlay-type":"","overlay-color":"","overlay-opacity":"","overlay-gradient":""},"mobile":{"background-color":"","background-image":"","background-repeat":"repeat","background-position":"center center","background-size":"auto","background-attachment":"scroll","background-type":"","background-media":"","overlay-type":"","overlay-color":"","overlay-opacity":"","overlay-gradient":""}},"ast-content-background-meta":{"desktop":{"background-color":"var(--ast-global-color-5)","background-image":"","background-repeat":"repeat","background-position":"center center","background-size":"auto","background-attachment":"scroll","background-type":"","background-media":"","overlay-type":"","overlay-color":"","overlay-opacity":"","overlay-gradient":""},"tablet":{"background-color":"var(--ast-global-color-5)","background-image":"","background-repeat":"repeat","background-position":"center center","background-size":"auto","background-attachment":"scroll","background-type":"","background-media":"","overlay-type":"","overlay-color":"","overlay-opacity":"","overlay-gradient":""},"mobile":{"background-color":"var(--ast-global-color-5)","background-image":"","background-repeat":"repeat","background-position":"center center","background-size":"auto","background-attachment":"scroll","background-type":"","background-media":"","overlay-type":"","overlay-color":"","overlay-opacity":"","overlay-gradient":""}}},"product_cat":[1055,1054],"product_tag":[],"class_list":{"0":"post-15242","1":"product","2":"type-product","3":"status-publish","4":"has-post-thumbnail","6":"product_cat-furniture","7":"product_cat-tables","8":"desktop-align-left","9":"tablet-align-left","10":"mobile-align-left","11":"ast-product-gallery-layout-horizontal-slider","12":"ast-magnify-disabled","13":"ast-product-single-variable","14":"ast-product-tabs-layout-horizontal","15":"ast-qv-on-image","17":"first","18":"instock","19":"taxable","20":"shipping-taxable","21":"purchasable","22":"product-type-variable","23":"has-default-attributes"},"acf":[],"_links":{"self":[{"href":"https:\/\/telgirent24.ee\/en\/wp-json\/wp\/v2\/product\/15242","targetHints":{"allow":["GET"]}}],"collection":[{"href":"https:\/\/telgirent24.ee\/en\/wp-json\/wp\/v2\/product"}],"about":[{"href":"https:\/\/telgirent24.ee\/en\/wp-json\/wp\/v2\/types\/product"}],"wp:featuredmedia":[{"embeddable":true,"href":"https:\/\/telgirent24.ee\/en\/wp-json\/wp\/v2\/media\/13423"}],"wp:attachment":[{"href":"https:\/\/telgirent24.ee\/en\/wp-json\/wp\/v2\/media?parent=15242"}],"wp:term":[{"taxonomy":"product_cat","embeddable":true,"href":"https:\/\/telgirent24.ee\/en\/wp-json\/wp\/v2\/product_cat?post=15242"},{"taxonomy":"product_tag","embeddable":true,"href":"https:\/\/telgirent24.ee\/en\/wp-json\/wp\/v2\/product_tag?post=15242"}],"curies":[{"name":"wp","href":"https:\/\/api.w.org\/{rel}","templated":true}]}}