{"id":15319,"date":"2022-02-17T12:57:56","date_gmt":"2022-02-17T12:57:56","guid":{"rendered":"http:\/\/telgirent24.ee\/toode\/easy-up-canopies-for-rent-3-x-3-m\/"},"modified":"2025-12-08T23:06:55","modified_gmt":"2025-12-08T23:06:55","slug":"easy-up-canopies-for-rent-3-x-3-m","status":"publish","type":"product","link":"https:\/\/telgirent24.ee\/en\/product\/easy-up-canopies-for-rent-3-x-3-m\/","title":{"rendered":"Easy up canopies for rent 3 \u00d7 3 m"},"content":{"rendered":"\n\n\t<h2>Easy Up telk 3x3m<\/h2>\nImelihtsasti paigaldatav easy up telk 3x3m ehk laadatelk sobib laatadele, messidele, v\u00e4li\u00fcritustele, aiapidudele, aga ka kehva ilmaga n\u00e4iteks v\u00e4limullivanni v\u00f5i t\u00fcnnisauna katuseks.<br \/>\nTelki on v\u00f5imalik paigalada kivipinnasele, murupinnasele, siseruumidesse ja v\u00e4listingimustesse.\n<p>M\u00f5\u00f5dud: 163 \u00d7 35 \u00d7 35cm<\/p>\n<p>Kaal: 30kg<\/p>\n<p>&nbsp;<\/p>\n<strong>\u00dclitugev raam<\/strong><br \/>\nVastupidav 50mm kuusnurksest anodeeritud alumiiniumist tugev raam peab igale ilmastikuolule vastu.\n<strong>Metallist liigendid<\/strong><br \/>\nK\u00f5ik meie telgid on metallist liigenditega, t\u00e4nu millele on telk kordades vastupidavam kui plastikust v\u00f5i nailonist liigenditega telgid.\n<strong>Kvaliteetne ja vastupidav kattematerjal<\/strong><br \/>\nTelgi kattematerjal 500D on \u00fclimalt kvaliteetne ja vastupidav olles 100% vihma ja tuulekindel. Katte v\u00e4lisk\u00fclg on kaetud kvaliteetse riidega ja sisek\u00fclg paksu PVC kihiga.\n<strong>Metallraskused telgi p\u00fcsivuseks<\/strong><br \/>\nTelgi asfaldil v\u00f5i muul k\u00f5va pinnasel kasutamise korral anname kaasa metallraskused, et kindlustada telgi kindel paigalp\u00fcsivus.\n<p><strong>Kiire paigaldus<\/strong><\/p>\n<p>Easy up ehk Pop up telgi nimetus viitab kiirele ja muretule paigaldusele &#8211; telk on p\u00fcsti k\u00f5igest paari minutiga<\/p>\n<p>&nbsp;<\/p>\n<h2><strong>Easy Up telk 3x3m paigaldus<\/strong><\/h2>\n<p>&nbsp;<\/p>\n<p>Easy Up telk on odavaim kindlustus erinevateks ilmaga seotud ootamatusteks kindlustades sulle eduka peo toimimise!<\/p>\n<p>Palava ilma ja kuuma p\u00e4ikese korral pakub Easy Up peok\u00fclalistele m\u00f5nusat jahedat varjualust ning kaitseb otsese p\u00e4ikesevalguse k\u00e4es oleva toidu riknemist.<\/p>\n<p>Tugeva tuule korral on v\u00f5imalik seinad paigaldada tuule suuna poole ja nautida tuulevaikset ilma.<\/p>\n<p>Ilusa ilmaga on v\u00f5imalik paigaldada ainult telgi katus, j\u00e4ttes telgi k\u00fcljed lahtiseks ja luua sellega avar katusealus.<\/p>\n<p>&nbsp;<\/p>\n<p>\u00c4ra lase ilmal oma pidu rikkuda ning broneeri easy up telk ning vajalik peoinventar juba varakult!<\/p>\n\t<h3><strong>Saadaval erinevad suurused Easy-Up telke:<\/strong><\/h3>\n\t\t\t<a href=\"http:\/\/telgirent24.ee\/toode\/easy-up-telgi-rent-2x2m\/\" target=\"_self\" role=\"button\" rel=\"noopener\">\n\t\t\t\t\t\t\tEasy-Up 2x2m\n\t\t\t\t\t<\/a>\n\t\t\t<a href=\"http:\/\/telgirent24.ee\/toode\/easy-up-telgi-rent-3x3m\/\" target=\"_self\" role=\"button\" rel=\"noopener\">\n\t\t\t\t\t\t\tEasy-Up 3x3m\n\t\t\t\t\t<\/a>\n\t\t\t<a href=\"http:\/\/telgirent24.ee\/toode\/easy-up-telgi-rent-3x4-5m\/\" target=\"_self\" role=\"button\" rel=\"noopener\">\n\t\t\t\t\t\t\tEasy-Up 3&#215;4.5m\n\t\t\t\t\t<\/a>\n\t\t\t<a href=\"http:\/\/telgirent24.ee\/toode\/easy-up-telgi-rent-3x6m\/\" target=\"_self\" role=\"button\" rel=\"noopener\">\n\t\t\t\t\t\t\tEasy-Up 3x6m\n\t\t\t\t\t<\/a>\n\t\t\t<a href=\"http:\/\/telgirent24.ee\/toode\/easy-up-telgi-rent-4x6m\/\" target=\"_self\" role=\"button\" rel=\"noopener\">\n\t\t\t\t\t\t\tEasy-Up 4x6m\n\t\t\t\t\t<\/a>\n\t\t\t<a href=\"http:\/\/telgirent24.ee\/toode\/easy-up-telgi-rent-4x8m\/\" target=\"_self\" role=\"button\" rel=\"noopener\">\n\t\t\t\t\t\t\tEasy-Up 4x8m\n\t\t\t\t\t<\/a>\n\t<h3><strong>Easy up telgid KKK<\/strong><\/h3>\n<ul>\n<li>Kas easy up \/pop up telki on v\u00f5imalik rentida ka koos transpordi ja paigaldusega? JAH, Easy up telke on v\u00f5imalik tellida ka meiepoolse paigalduse ja mahav\u00f5tuga. Lisandub transpordi ja paigalduse tasu.<\/li>\n<li>Kas easy up telgile ja inventarile saab ka ise j\u00e4rgi tulla? JAH, telgile ise j\u00e4rgi tulles hoiate transpordi ja paigalduse pealt kokku.<\/li>\n<li>Kas easy up telk mahub ka s\u00f5iduautosse? V\u00e4iksemad 2x2m ja 3x3m telgid mahuvad enamus s\u00f5iduautodesse.3\u00d74,5m ja 3x6m mahuvad universaalkerega autodesse ning 4x6m ja 4x8m telkide pikkus on 2m.<\/li>\n<li>Kas easy up telki on ise lihtne paigaldada? JAH, telki on v\u00e4ga lihtne paigaldada, suuremate telkide paigaldamiseks oleks vaja kahte inimest.<\/li>\n<li>Mis suuruses easy up telke me rendime? Meie valikust leiad telgid suurusega: 2x2m, 3\u00d73m, 3\u00d74,5m, 3\u00d76m, 4\u00d76m ja 4\u00d78m<\/li>\n<li>Mis vahe on easy up ja pop up telgil? Tegu on sama tootega, ainult erinev nimetus.<\/li>\n<li>Mida t\u00e4hendab NV hind? Reedel tulete telgile j\u00e4rgi ja esmasp\u00e4eval toimub tagastus.<\/li>\n<li>Kas easyup telgil on seinad kaasas? JAH, telkidel on k\u00f5ik seinad alati kaasas, ise valite kas soovite seinasid kasutada.<\/li>\n<li>Kas seinasid saab vajadusel eemaldada? JAH, k\u00fcljeseinasid on v\u00e4ga lihtne eemaldada ja paigaldada.<\/li>\n<li>Kas rendime ka suuremaid moodultelke\/\u00fcrituste telke? JAH, moodultelke rendime suuruses 60m2-1000m2.<\/li>\n<li>Kas me m\u00fc\u00fcme ka easy up telke? JAH.<\/li>\n<li>Kas rendime ka laudasid, toole, laudlinasid, toolikatted, soojendeid jne? JAH, me rendime k\u00f5ik vajaliku edukaks s\u00fcndmuse korraldamiseks. \u00dcmmargused lauad, kandilised lauad, toolid, pingid, diivanid, laudlinad, toolikatted, gaasisoojendid, infrapunakiirgurid, valgusketid, lauan\u00f5ud, riidestanged, riidepuud, jalaga peeglid, pr\u00fcgikastid, plastikp\u00f5randad, suhkruvatimasinad, popcornimasinad, mullimasinad, lavad-poodiumid jne.<\/li>\n<\/ul>\n\n","protected":false},"excerpt":{"rendered":"<p>Easy Up telk 3x3m Imelihtsasti paigaldatav easy up telk 3x3m ehk laadatelk sobib laatadele, messidele, v\u00e4li\u00fcritustele, aiapidudele, aga ka kehva ilmaga n\u00e4iteks v\u00e4limullivanni v\u00f5i t\u00fcnnisauna katuseks. Telki on v\u00f5imalik paigalada kivipinnasele, murupinnasele, siseruumidesse ja v\u00e4listingimustesse. M\u00f5\u00f5dud: 163 \u00d7 35 \u00d7 35cm Kaal: 30kg &nbsp; \u00dclitugev raam Vastupidav 50mm kuusnurksest anodeeritud alumiiniumist tugev raam peab igale [&hellip;]<\/p>\n","protected":false},"featured_media":11534,"template":"","meta":{"inline_featured_image":false,"site-sidebar-layout":"default","site-content-layout":"default","ast-site-content-layout":"default","site-content-style":"default","site-sidebar-style":"default","ast-global-header-display":"","ast-banner-title-visibility":"","ast-main-header-display":"","ast-hfb-above-header-display":"","ast-hfb-below-header-display":"","ast-hfb-mobile-header-display":"","site-post-title":"","ast-breadcrumbs-content":"","ast-featured-img":"","footer-sml-layout":"","ast-disable-related-posts":"","theme-transparent-header-meta":"default","adv-header-id-meta":"","stick-header-meta":"","header-above-stick-meta":"","header-main-stick-meta":"","header-below-stick-meta":"","astra-migrate-meta-layouts":"default","ast-page-background-enabled":"default","ast-page-background-meta":{"desktop":{"background-color":"var(--ast-global-color-4)","background-image":"","background-repeat":"repeat","background-position":"center center","background-size":"auto","background-attachment":"scroll","background-type":"","background-media":"","overlay-type":"","overlay-color":"","overlay-opacity":"","overlay-gradient":""},"tablet":{"background-color":"","background-image":"","background-repeat":"repeat","background-position":"center center","background-size":"auto","background-attachment":"scroll","background-type":"","background-media":"","overlay-type":"","overlay-color":"","overlay-opacity":"","overlay-gradient":""},"mobile":{"background-color":"","background-image":"","background-repeat":"repeat","background-position":"center center","background-size":"auto","background-attachment":"scroll","background-type":"","background-media":"","overlay-type":"","overlay-color":"","overlay-opacity":"","overlay-gradient":""}},"ast-content-background-meta":{"desktop":{"background-color":"var(--ast-global-color-5)","background-image":"","background-repeat":"repeat","background-position":"center center","background-size":"auto","background-attachment":"scroll","background-type":"","background-media":"","overlay-type":"","overlay-color":"","overlay-opacity":"","overlay-gradient":""},"tablet":{"background-color":"var(--ast-global-color-5)","background-image":"","background-repeat":"repeat","background-position":"center center","background-size":"auto","background-attachment":"scroll","background-type":"","background-media":"","overlay-type":"","overlay-color":"","overlay-opacity":"","overlay-gradient":""},"mobile":{"background-color":"var(--ast-global-color-5)","background-image":"","background-repeat":"repeat","background-position":"center center","background-size":"auto","background-attachment":"scroll","background-type":"","background-media":"","overlay-type":"","overlay-color":"","overlay-opacity":"","overlay-gradient":""}}},"product_cat":[1056],"product_tag":[2053],"class_list":{"0":"post-15319","1":"product","2":"type-product","3":"status-publish","4":"has-post-thumbnail","6":"product_cat-easy-up-canopies","7":"product_tag-tel","8":"desktop-align-left","9":"tablet-align-left","10":"mobile-align-left","11":"ast-product-gallery-layout-horizontal-slider","12":"ast-magnify-disabled","13":"ast-product-tabs-layout-horizontal","14":"ast-qv-on-image","16":"first","17":"instock","18":"taxable","19":"shipping-taxable","20":"purchasable","21":"product-type-simple"},"acf":[],"_links":{"self":[{"href":"https:\/\/telgirent24.ee\/en\/wp-json\/wp\/v2\/product\/15319","targetHints":{"allow":["GET"]}}],"collection":[{"href":"https:\/\/telgirent24.ee\/en\/wp-json\/wp\/v2\/product"}],"about":[{"href":"https:\/\/telgirent24.ee\/en\/wp-json\/wp\/v2\/types\/product"}],"wp:featuredmedia":[{"embeddable":true,"href":"https:\/\/telgirent24.ee\/en\/wp-json\/wp\/v2\/media\/11534"}],"wp:attachment":[{"href":"https:\/\/telgirent24.ee\/en\/wp-json\/wp\/v2\/media?parent=15319"}],"wp:term":[{"taxonomy":"product_cat","embeddable":true,"href":"https:\/\/telgirent24.ee\/en\/wp-json\/wp\/v2\/product_cat?post=15319"},{"taxonomy":"product_tag","embeddable":true,"href":"https:\/\/telgirent24.ee\/en\/wp-json\/wp\/v2\/product_tag?post=15319"}],"curies":[{"name":"wp","href":"https:\/\/api.w.org\/{rel}","templated":true}]}}