{"id":15332,"date":"2022-03-16T08:39:23","date_gmt":"2022-03-16T08:39:23","guid":{"rendered":"http:\/\/telgirent24.ee\/toode\/single-use-wardrobe-tickets\/"},"modified":"2025-12-09T00:35:20","modified_gmt":"2025-12-09T00:35:20","slug":"garderoobi-numbrid","status":"publish","type":"product","link":"https:\/\/telgirent24.ee\/en\/product\/garderoobi-numbrid\/","title":{"rendered":"Single wardrobe changes 1pc &#8211; 0,2\u20ac"},"content":{"rendered":"\r\n<h2>\u00dchekordsed garderoobinumbrid<\/h2>\r\n<p>\u00dchekordsed kardroobinumbrid on keskelt rebitavad, \u00fcks pool j\u00e4\u00e4b garderoobi nagi k\u00fclge koos jopega ja teine kliendile.<\/p>\r\n<p>Numbreid on alati saadaval v\u00e4hemalt paar tuhat tk.<\/p>\r\n<p>Meie rendivalikus on ka riidestanged 52le ja 104le inimesele.<\/p>\r\n<p>Lisaks garderoobis v\u00e4ga vajalikud riidepuud ja jalapeal pikad peeglid.<\/p>\r\n<p>Miinimum tellimus &#8211; 100tk<\/p>\r\n<p>T\u00fcki hind: 1tk\/0.20\u20ac<\/p>\r\n<p><a href=\"https:\/\/telgirent24.ee\/wp-content\/uploads\/2022\/03\/Garderoobi-numbrid-uhekordsed-garderoobi-numbrite-rent-muuk.jpg\"><img loading=\"lazy\" decoding=\"async\" src=\"https:\/\/telgirent24.ee\/wp-content\/uploads\/2022\/03\/Garderoobi-numbrid-uhekordsed-garderoobi-numbrite-rent-muuk.jpg\" alt=\"\u00fchekordsed Garderoobi numbrid rent garderoobi numbrite rent m\u00fc\u00fck\" width=\"1000\" height=\"563\" \/><\/a><\/p>\r\n<h2>Garderoobilahenduste t\u00e4isteenus<\/h2>\r\n<p>Garderoobilahendusena pakume riidestangesid kahes erinevas suuruses 52le ja 104le riidestanget. Stangesid on rendis 3000 inimesele. Lisaks allpool k\u00f5ik vajalikud tooted garderoobi.<\/p>\r\n<p><a href=\"http:\/\/telgirent24.ee\/toode\/riidestangede-rent-riidenagi\/\" target=\"_self\" rel=\"noopener\"> <img decoding=\"async\" title=\"riidestange rent riidestangede laenutus riidepuude rent stangede rent garderoobi rent garderoobi number rent\" src=\"http:\/\/telgirent24.ee\/wp-content\/uploads\/2022\/02\/riidestange-rent-riidestangede-laenutus-riidepuude-rent-stangede-rent-garderoobi-rent-garderoobi-number-rent-1.jpg\" alt=\"riidestange rent riidestangede laenutus riidepuude rent stangede rent garderoobi rent garderoobi number rent\" \/> <\/a><\/p>\r\n<p>Gardroobis privaatsuse tagasmiseks ja ruumide eraldamiseks on meie rendivalikus ratastel\u00a0<a href=\"http:\/\/telgirent24.ee\/toode\/vahesein-ratastel-2m\/\">vaheseinad<\/a>.<\/p>\r\n<p><a href=\"http:\/\/telgirent24.ee\/toode\/vahesein-ratastel-2m\/\" target=\"_self\" rel=\"noopener\"> <img decoding=\"async\" title=\"Vahesein ratastel 2m vaheseina rent sirmi rent Sirm Ratastel vahesein\" src=\"http:\/\/telgirent24.ee\/wp-content\/uploads\/2023\/01\/sirm.jpg\" alt=\"Vahesein ratastel 2m vaheseina rent sirmi rent Sirm Ratastel vahesein\" \/> <\/a><\/p>\r\n<p>Stangedele sobivad\u00a0<a href=\"http:\/\/telgirent24.ee\/toode\/riidepuude-rent\/\">riidepuud<\/a>\u00a0on saadaval\u00a0<a href=\"http:\/\/telgirent24.ee\/toode\/riidepuude-rent\/\">siin<\/a><\/p>\r\n<p><a href=\"http:\/\/telgirent24.ee\/toode\/riidepuude-rent\/\" target=\"_self\" rel=\"noopener\"> <img decoding=\"async\" title=\"Riidepuu riidepuu rent karderoobi rent riidepuu rent\" src=\"http:\/\/telgirent24.ee\/wp-content\/uploads\/2022\/02\/Riidepuu-riidepuu-rent-karderoobi-rent-riidepuu-rent.jpg\" alt=\"Riidepuu riidepuu rent karderoobi rent riidepuu rent riidepuud s\u00fcndmustele grderoobide rent garderoob ridepuu\" \/> <\/a><\/p>\r\n<p>Jalaga peegleid garderoobi saate rentida siit\u00a0<a href=\"http:\/\/telgirent24.ee\/toode\/peegli-rent\/\">peeglid<\/a><\/p>\r\n<p><img decoding=\"async\" title=\"peegel peegli rent jalaga peegel rent peeglite rent garderoobi\" src=\"http:\/\/telgirent24.ee\/wp-content\/uploads\/2022\/02\/peegel.png\" alt=\"peegel peegli rent jalaga peegel rent peeglite rent garderoobi\" \/><\/p>\r\n<p>Kuldseid ja h\u00f5bedasi vip piirdeposte koos eri v\u00e4rvi piirdek\u00f6itega saate rentida siit <a href=\"http:\/\/telgirent24.ee\/toode\/piirdepostide-rent\/\">piirdepostide rent<\/a><\/p>\r\n<p><img decoding=\"async\" title=\"Piirdepost kuldne rent Piirdepostid rendiks K\u00f6iega piirdepost\" src=\"http:\/\/telgirent24.ee\/wp-content\/uploads\/2022\/02\/Piirdepost-kuldne-rent-Piirdepostid-rendiks-Koiega-piirdepost.png\" alt=\"Piirdepost kuldne rent Piirdepostid rendiks K\u00f6iega piirdepost\" \/><\/p>\r\n<p>Infotahvleid saate rentida siit <a href=\"http:\/\/telgirent24.ee\/tootekategooria\/piirdepostid-ja-garderoob\/\">infotahvlid ja suunaviidad<\/a><\/p>\r\n<p><a href=\"http:\/\/telgirent24.ee\/toode\/infotahvel-jalaga-a4\/\" target=\"_self\" rel=\"noopener\"> <img decoding=\"async\" title=\"infotahvel rent infotahvel jalaga rent\" src=\"http:\/\/telgirent24.ee\/wp-content\/uploads\/2022\/04\/infotahvlistend3.png\" alt=\"infotahvel rent infotahvel jalaga rent\" \/> <\/a><\/p>\r\n<p>Punast, musta, valget, sinist jne.. v\u00e4rvi vaipa saate rentida siit <a href=\"http:\/\/telgirent24.ee\/toode\/vaiba-rent-vaipkatte-rent\/\">messivaip<\/a><\/p>\r\n<p><a href=\"http:\/\/telgirent24.ee\/toode\/infotahvel-jalaga-a4\/\" target=\"_self\" rel=\"noopener\"> <img decoding=\"async\" title=\"Punase vaiba rent Vaipkatte rent\" src=\"http:\/\/telgirent24.ee\/wp-content\/uploads\/2022\/02\/Punase-vaiba-rent-Vaipkatte-rent.jpg\" alt=\"Punase vaiba rent Vaipkatte rent vaiba rent s\u00fcndmustele vaiba rent lava katmiseks punane vaip rent\" \/> <\/a><\/p>\r\n<p>Garderoobinumbrid \u00fchekordsed<\/p>\r\n<p><a href=\"http:\/\/telgirent24.ee\/toode\/garderoobi-numbrid\/\" target=\"_self\" rel=\"noopener\"> <img loading=\"lazy\" decoding=\"async\" title=\"garderoobi numbrite rent Garderoobi numbrid \u00fchekordsed\" src=\"https:\/\/telgirent24.ee\/wp-content\/uploads\/2022\/03\/garderoobi-numbrite-rent-Garderoobi-numbrid-uhekordsed.jpg\" alt=\"\u00fchekordsed Garderoobi numbrid rent garderoobi numbrite rent m\u00fc\u00fck\" width=\"1000\" height=\"563\" \/> <\/a><\/p>\r\n<p>Riidenagi liivakell 12 konksuga<\/p>\r\n<p><img decoding=\"async\" title=\"riidenagi riidenagi rent\" src=\"http:\/\/telgirent24.ee\/wp-content\/uploads\/2022\/02\/nagi.jpg\" alt=\"riidenagi riidenagi rent\" \/><\/p>\r\n","protected":false},"excerpt":{"rendered":"<p>\u00dchekordsed garderoobinumbrid \u00dchekordsed kardroobinumbrid on keskelt rebitavad, \u00fcks pool j\u00e4\u00e4b garderoobi nagi k\u00fclge koos jopega ja teine kliendile. Numbreid on alati saadaval v\u00e4hemalt paar tuhat tk. Meie rendivalikus on ka riidestanged 52le ja 104le inimesele. Lisaks garderoobis v\u00e4ga vajalikud riidepuud ja jalapeal pikad peeglid. Miinimum tellimus &#8211; 100tk T\u00fcki hind: 1tk\/0.20\u20ac Garderoobilahenduste t\u00e4isteenus Garderoobilahendusena pakume [&hellip;]<\/p>\n","protected":false},"featured_media":18425,"template":"","meta":{"inline_featured_image":false,"site-sidebar-layout":"default","site-content-layout":"default","ast-site-content-layout":"default","site-content-style":"default","site-sidebar-style":"default","ast-global-header-display":"","ast-banner-title-visibility":"","ast-main-header-display":"","ast-hfb-above-header-display":"","ast-hfb-below-header-display":"","ast-hfb-mobile-header-display":"","site-post-title":"","ast-breadcrumbs-content":"","ast-featured-img":"","footer-sml-layout":"","ast-disable-related-posts":"","theme-transparent-header-meta":"default","adv-header-id-meta":"","stick-header-meta":"","header-above-stick-meta":"","header-main-stick-meta":"","header-below-stick-meta":"","astra-migrate-meta-layouts":"set","ast-page-background-enabled":"default","ast-page-background-meta":{"desktop":{"background-color":"var(--ast-global-color-4)","background-image":"","background-repeat":"repeat","background-position":"center center","background-size":"auto","background-attachment":"scroll","background-type":"","background-media":"","overlay-type":"","overlay-color":"","overlay-opacity":"","overlay-gradient":""},"tablet":{"background-color":"","background-image":"","background-repeat":"repeat","background-position":"center center","background-size":"auto","background-attachment":"scroll","background-type":"","background-media":"","overlay-type":"","overlay-color":"","overlay-opacity":"","overlay-gradient":""},"mobile":{"background-color":"","background-image":"","background-repeat":"repeat","background-position":"center center","background-size":"auto","background-attachment":"scroll","background-type":"","background-media":"","overlay-type":"","overlay-color":"","overlay-opacity":"","overlay-gradient":""}},"ast-content-background-meta":{"desktop":{"background-color":"var(--ast-global-color-5)","background-image":"","background-repeat":"repeat","background-position":"center center","background-size":"auto","background-attachment":"scroll","background-type":"","background-media":"","overlay-type":"","overlay-color":"","overlay-opacity":"","overlay-gradient":""},"tablet":{"background-color":"var(--ast-global-color-5)","background-image":"","background-repeat":"repeat","background-position":"center center","background-size":"auto","background-attachment":"scroll","background-type":"","background-media":"","overlay-type":"","overlay-color":"","overlay-opacity":"","overlay-gradient":""},"mobile":{"background-color":"var(--ast-global-color-5)","background-image":"","background-repeat":"repeat","background-position":"center center","background-size":"auto","background-attachment":"scroll","background-type":"","background-media":"","overlay-type":"","overlay-color":"","overlay-opacity":"","overlay-gradient":""}}},"product_cat":[2173],"product_tag":[2177,2176,2174,2175],"class_list":{"0":"post-15332","1":"product","2":"type-product","3":"status-publish","4":"has-post-thumbnail","6":"product_cat-wardrobe-cloakroom-accessories","7":"product_tag-single-cardroobin-numbers","8":"product_tag-single-wardrobe-cloakroom-number","9":"product_tag-wardrobe-numbers","10":"product_tag-wardrobe-cloakroom","11":"desktop-align-left","12":"tablet-align-left","13":"mobile-align-left","14":"ast-product-gallery-layout-horizontal-slider","15":"ast-magnify-disabled","16":"ast-product-single-variable","17":"ast-product-tabs-layout-horizontal","18":"ast-qv-on-image","20":"first","21":"instock","22":"featured","23":"taxable","24":"shipping-taxable","25":"purchasable","26":"product-type-variable"},"acf":[],"_links":{"self":[{"href":"https:\/\/telgirent24.ee\/en\/wp-json\/wp\/v2\/product\/15332","targetHints":{"allow":["GET"]}}],"collection":[{"href":"https:\/\/telgirent24.ee\/en\/wp-json\/wp\/v2\/product"}],"about":[{"href":"https:\/\/telgirent24.ee\/en\/wp-json\/wp\/v2\/types\/product"}],"wp:featuredmedia":[{"embeddable":true,"href":"https:\/\/telgirent24.ee\/en\/wp-json\/wp\/v2\/media\/18425"}],"wp:attachment":[{"href":"https:\/\/telgirent24.ee\/en\/wp-json\/wp\/v2\/media?parent=15332"}],"wp:term":[{"taxonomy":"product_cat","embeddable":true,"href":"https:\/\/telgirent24.ee\/en\/wp-json\/wp\/v2\/product_cat?post=15332"},{"taxonomy":"product_tag","embeddable":true,"href":"https:\/\/telgirent24.ee\/en\/wp-json\/wp\/v2\/product_tag?post=15332"}],"curies":[{"name":"wp","href":"https:\/\/api.w.org\/{rel}","templated":true}]}}