{"id":15434,"date":"2023-01-09T11:16:49","date_gmt":"2023-01-09T11:16:49","guid":{"rendered":"http:\/\/telgirent24.ee\/toode\/teaspoon-golden\/"},"modified":"2026-04-10T18:21:32","modified_gmt":"2026-04-10T18:21:32","slug":"teaspoon-golden","status":"publish","type":"product","link":"https:\/\/telgirent24.ee\/en\/product\/teaspoon-golden\/","title":{"rendered":"Teaspoon, golden"},"content":{"rendered":"<h2>Teaspoon, golden<\/h2>\n<p>&nbsp;<\/p>\n<p><img loading=\"lazy\" decoding=\"async\" class=\" wp-image-9396\" src=\"http:\/\/telgirent24.ee\/wp-content\/uploads\/2023\/01\/kuldne-teelusikas-300x251.jpg\" alt=\"kuldne teelusikas kuldset v\u00e4rvi teelusikas s\u00f6\u00f6giriistade rent\" width=\"332\" height=\"278\" srcset=\"https:\/\/telgirent24.ee\/wp-content\/uploads\/2023\/01\/kuldne-teelusikas-300x251.jpg 300w, https:\/\/telgirent24.ee\/wp-content\/uploads\/2023\/01\/kuldne-teelusikas-768x644.jpg 768w, https:\/\/telgirent24.ee\/wp-content\/uploads\/2023\/01\/kuldne-teelusikas-24x20.jpg 24w, https:\/\/telgirent24.ee\/wp-content\/uploads\/2023\/01\/kuldne-teelusikas-36x30.jpg 36w, https:\/\/telgirent24.ee\/wp-content\/uploads\/2023\/01\/kuldne-teelusikas-48x40.jpg 48w, https:\/\/telgirent24.ee\/wp-content\/uploads\/2023\/01\/kuldne-teelusikas-600x503.jpg 600w, https:\/\/telgirent24.ee\/wp-content\/uploads\/2023\/01\/kuldne-teelusikas.jpg 940w\" sizes=\"auto, (max-width: 332px) 100vw, 332px\" \/><\/p>\n<p>&nbsp;<\/p>\n<p>Silver <a href=\"http:\/\/telgirent24.ee\/en\/product\/teaspoon\/\">teaspoons<\/a> are also available<\/p>\n<p><strong>NB! The rental price includes dishwashing!<\/strong><\/p>\n","protected":false},"excerpt":{"rendered":"<p>Teaspoon, golden for rent. Professional quality. Delivery across Estonia.<\/p>\n","protected":false},"featured_media":14206,"template":"","meta":{"inline_featured_image":false,"site-sidebar-layout":"default","site-content-layout":"default","ast-site-content-layout":"default","site-content-style":"default","site-sidebar-style":"default","ast-global-header-display":"","ast-banner-title-visibility":"","ast-main-header-display":"","ast-hfb-above-header-display":"","ast-hfb-below-header-display":"","ast-hfb-mobile-header-display":"","site-post-title":"","ast-breadcrumbs-content":"","ast-featured-img":"","footer-sml-layout":"","ast-disable-related-posts":"","theme-transparent-header-meta":"default","adv-header-id-meta":"","stick-header-meta":"","header-above-stick-meta":"","header-main-stick-meta":"","header-below-stick-meta":"","astra-migrate-meta-layouts":"default","ast-page-background-enabled":"default","ast-page-background-meta":{"desktop":{"background-color":"var(--ast-global-color-4)","background-image":"","background-repeat":"repeat","background-position":"center center","background-size":"auto","background-attachment":"scroll","background-type":"","background-media":"","overlay-type":"","overlay-color":"","overlay-opacity":"","overlay-gradient":""},"tablet":{"background-color":"","background-image":"","background-repeat":"repeat","background-position":"center center","background-size":"auto","background-attachment":"scroll","background-type":"","background-media":"","overlay-type":"","overlay-color":"","overlay-opacity":"","overlay-gradient":""},"mobile":{"background-color":"","background-image":"","background-repeat":"repeat","background-position":"center center","background-size":"auto","background-attachment":"scroll","background-type":"","background-media":"","overlay-type":"","overlay-color":"","overlay-opacity":"","overlay-gradient":""}},"ast-content-background-meta":{"desktop":{"background-color":"var(--ast-global-color-5)","background-image":"","background-repeat":"repeat","background-position":"center center","background-size":"auto","background-attachment":"scroll","background-type":"","background-media":"","overlay-type":"","overlay-color":"","overlay-opacity":"","overlay-gradient":""},"tablet":{"background-color":"var(--ast-global-color-5)","background-image":"","background-repeat":"repeat","background-position":"center center","background-size":"auto","background-attachment":"scroll","background-type":"","background-media":"","overlay-type":"","overlay-color":"","overlay-opacity":"","overlay-gradient":""},"mobile":{"background-color":"var(--ast-global-color-5)","background-image":"","background-repeat":"repeat","background-position":"center center","background-size":"auto","background-attachment":"scroll","background-type":"","background-media":"","overlay-type":"","overlay-color":"","overlay-opacity":"","overlay-gradient":""}}},"product_cat":[1063],"product_tag":[],"class_list":{"0":"post-15434","1":"product","2":"type-product","3":"status-publish","4":"has-post-thumbnail","6":"product_cat-cutlery","7":"desktop-align-left","8":"tablet-align-left","9":"mobile-align-left","10":"ast-product-gallery-layout-horizontal-slider","11":"ast-magnify-disabled","12":"ast-product-tabs-layout-horizontal","13":"ast-qv-on-image","15":"first","16":"instock","17":"taxable","18":"shipping-taxable","19":"purchasable","20":"product-type-simple"},"acf":[],"_links":{"self":[{"href":"https:\/\/telgirent24.ee\/en\/wp-json\/wp\/v2\/product\/15434","targetHints":{"allow":["GET"]}}],"collection":[{"href":"https:\/\/telgirent24.ee\/en\/wp-json\/wp\/v2\/product"}],"about":[{"href":"https:\/\/telgirent24.ee\/en\/wp-json\/wp\/v2\/types\/product"}],"wp:featuredmedia":[{"embeddable":true,"href":"https:\/\/telgirent24.ee\/en\/wp-json\/wp\/v2\/media\/14206"}],"wp:attachment":[{"href":"https:\/\/telgirent24.ee\/en\/wp-json\/wp\/v2\/media?parent=15434"}],"wp:term":[{"taxonomy":"product_cat","embeddable":true,"href":"https:\/\/telgirent24.ee\/en\/wp-json\/wp\/v2\/product_cat?post=15434"},{"taxonomy":"product_tag","embeddable":true,"href":"https:\/\/telgirent24.ee\/en\/wp-json\/wp\/v2\/product_tag?post=15434"}],"curies":[{"name":"wp","href":"https:\/\/api.w.org\/{rel}","templated":true}]}}