{"id":15440,"date":"2023-01-10T07:22:14","date_gmt":"2023-01-10T07:22:14","guid":{"rendered":"http:\/\/telgirent24.ee\/toode\/banquet-chair-black\/"},"modified":"2026-04-10T18:21:16","modified_gmt":"2026-04-10T18:21:16","slug":"banquet-chair-black","status":"publish","type":"product","link":"https:\/\/telgirent24.ee\/en\/product\/banquet-chair-black\/","title":{"rendered":"Banquet chair black"},"content":{"rendered":"<h2>Banquet chair black<\/h2>\n<p>Banquet chair rental is a good solution for events, dinners, seminars, weddings, birthdays, etc.<\/p>\n<p>&nbsp;<\/p>\n<p><img loading=\"lazy\" decoding=\"async\" class=\" wp-image-2009\" src=\"http:\/\/telgirent24.ee\/wp-content\/uploads\/2022\/02\/Banketiitool-must-eest-300x300.jpg\" alt=\"peoinventari m\u00fc\u00fck toolide m\u00fc\u00fck m\u00f6\u00f6bli m\u00fc\u00fck punase banketitooli m\u00fc\u00fck peoinventari m\u00fc\u00fck\" width=\"364\" height=\"364\" srcset=\"https:\/\/telgirent24.ee\/wp-content\/uploads\/2022\/02\/Banketiitool-must-eest-300x300.jpg 300w, https:\/\/telgirent24.ee\/wp-content\/uploads\/2022\/02\/Banketiitool-must-eest-1024x1024.jpg 1024w, https:\/\/telgirent24.ee\/wp-content\/uploads\/2022\/02\/Banketiitool-must-eest-150x150.jpg 150w, https:\/\/telgirent24.ee\/wp-content\/uploads\/2022\/02\/Banketiitool-must-eest-768x768.jpg 768w, https:\/\/telgirent24.ee\/wp-content\/uploads\/2022\/02\/Banketiitool-must-eest-24x24.jpg 24w, https:\/\/telgirent24.ee\/wp-content\/uploads\/2022\/02\/Banketiitool-must-eest-36x36.jpg 36w, https:\/\/telgirent24.ee\/wp-content\/uploads\/2022\/02\/Banketiitool-must-eest-48x48.jpg 48w, https:\/\/telgirent24.ee\/wp-content\/uploads\/2022\/02\/Banketiitool-must-eest-600x600.jpg 600w, https:\/\/telgirent24.ee\/wp-content\/uploads\/2022\/02\/Banketiitool-must-eest-100x100.jpg 100w, https:\/\/telgirent24.ee\/wp-content\/uploads\/2022\/02\/Banketiitool-must-eest.jpg 1500w\" sizes=\"auto, (max-width: 364px) 100vw, 364px\" \/><\/p>\n<p>We offer white and black <a href=\"http:\/\/telgirent24.ee\/toode\/banketitooli-must-chair cover-rent\/\">classic chair covers<\/a> for banquet chairs, perfect for a more formal occasion.<\/p>\n<p><a href=\"http:\/\/telgirent24.ee\/wp-content\/uploads\/2022\/02\/banketitoolklassikaline.png\"><img loading=\"lazy\" decoding=\"async\" class=\" wp-image-6180\" src=\"http:\/\/telgirent24.ee\/wp-content\/uploads\/2022\/02\/banketitoolklassikaline.png\" alt=\"banketitooli kate valge valgete chair coverte rent banketitooli kate valge\" width=\"417\" height=\"418\" srcset=\"https:\/\/telgirent24.ee\/wp-content\/uploads\/2022\/02\/banketitoolklassikaline.png 742w, https:\/\/telgirent24.ee\/wp-content\/uploads\/2022\/02\/banketitoolklassikaline-300x300.png 300w, https:\/\/telgirent24.ee\/wp-content\/uploads\/2022\/02\/banketitoolklassikaline-150x150.png 150w, https:\/\/telgirent24.ee\/wp-content\/uploads\/2022\/02\/banketitoolklassikaline-24x24.png 24w, https:\/\/telgirent24.ee\/wp-content\/uploads\/2022\/02\/banketitoolklassikaline-36x36.png 36w, https:\/\/telgirent24.ee\/wp-content\/uploads\/2022\/02\/banketitoolklassikaline-48x48.png 48w, https:\/\/telgirent24.ee\/wp-content\/uploads\/2022\/02\/banketitoolklassikaline-600x601.png 600w, https:\/\/telgirent24.ee\/wp-content\/uploads\/2022\/02\/banketitoolklassikaline-100x100.png 100w\" sizes=\"auto, (max-width: 417px) 100vw, 417px\" \/><\/a><\/p>\n<p>&nbsp;<\/p>\n<p>Tables to match this chair:<br \/>\n<a href=\"http:\/\/telgirent24.ee\/en\/product\/round-table-o150-cm\/\">Round table \u00d8 150 cm<\/a><\/p>\n<p><a href=\"http:\/\/telgirent24.ee\/en\/product\/round-table-o-180-cm\/\">Round table \u00d8 180 cm<\/a><\/p>\n<p><a href=\"http:\/\/telgirent24.ee\/en\/product\/round-table-o120-cm\/\">Round table \u00d8 120 cm<\/a><\/p>\n<p>&nbsp;<\/p>\n<p><img loading=\"lazy\" decoding=\"async\" width=\"851\" height=\"855\" class=\"alignnone wp-image-6397\" src=\"http:\/\/telgirent24.ee\/wp-content\/uploads\/2022\/02\/ummargunelaud120150180-2.png\" srcset=\"https:\/\/telgirent24.ee\/wp-content\/uploads\/2022\/02\/ummargunelaud120150180-2.png 851w, https:\/\/telgirent24.ee\/wp-content\/uploads\/2022\/02\/ummargunelaud120150180-2-300x300.png 300w, https:\/\/telgirent24.ee\/wp-content\/uploads\/2022\/02\/ummargunelaud120150180-2-150x150.png 150w, https:\/\/telgirent24.ee\/wp-content\/uploads\/2022\/02\/ummargunelaud120150180-2-768x772.png 768w, https:\/\/telgirent24.ee\/wp-content\/uploads\/2022\/02\/ummargunelaud120150180-2-24x24.png 24w, https:\/\/telgirent24.ee\/wp-content\/uploads\/2022\/02\/ummargunelaud120150180-2-36x36.png 36w, https:\/\/telgirent24.ee\/wp-content\/uploads\/2022\/02\/ummargunelaud120150180-2-48x48.png 48w, https:\/\/telgirent24.ee\/wp-content\/uploads\/2022\/02\/ummargunelaud120150180-2-600x603.png 600w, https:\/\/telgirent24.ee\/wp-content\/uploads\/2022\/02\/ummargunelaud120150180-2-100x100.png 100w\" sizes=\"auto, (max-width: 851px) 100vw, 851px\" \/><a href=\"http:\/\/telgirent24.ee\/wp-content\/uploads\/2022\/04\/sampanjatablecloth-1-600x592-1.png\"><img decoding=\"async\" class=\"alignleft wp-image-8237\" src=\"http:\/\/telgirent24.ee\/wp-content\/uploads\/2022\/04\/sampanjatablecloth-1-600x592-1.png\" \/><\/a> <a href=\"http:\/\/telgirent24.ee\/wp-content\/uploads\/2022\/03\/musttablecloth.png\"><img decoding=\"async\" class=\"alignleft wp-image-6158\" src=\"http:\/\/telgirent24.ee\/wp-content\/uploads\/2022\/03\/musttablecloth.png\" \/><\/a> <a href=\"http:\/\/telgirent24.ee\/wp-content\/uploads\/2022\/02\/valgetablecloth.png\"><img decoding=\"async\" class=\"alignleft wp-image-6156\" src=\"http:\/\/telgirent24.ee\/wp-content\/uploads\/2022\/02\/valgetablecloth.png\" \/><\/a> <a href=\"http:\/\/telgirent24.ee\/wp-content\/uploads\/2022\/04\/halltablecloth-1.png\"><img decoding=\"async\" class=\"alignleft wp-image-6177\" src=\"http:\/\/telgirent24.ee\/wp-content\/uploads\/2022\/04\/halltablecloth-1.png\" \/><\/a> <a href=\"http:\/\/telgirent24.ee\/wp-content\/uploads\/2022\/04\/bordootablecloth-1.png\"><img decoding=\"async\" class=\"alignleft wp-image-6178\" src=\"http:\/\/telgirent24.ee\/wp-content\/uploads\/2022\/04\/bordootablecloth-1.png\" \/><\/a><\/p>\n","protected":false},"excerpt":{"rendered":"<p>Banquet chair black for rent. Comfortable, stackable. Large quantities available.<\/p>\n","protected":false},"featured_media":12115,"template":"","meta":{"inline_featured_image":false,"site-sidebar-layout":"default","site-content-layout":"default","ast-site-content-layout":"default","site-content-style":"default","site-sidebar-style":"default","ast-global-header-display":"","ast-banner-title-visibility":"","ast-main-header-display":"","ast-hfb-above-header-display":"","ast-hfb-below-header-display":"","ast-hfb-mobile-header-display":"","site-post-title":"","ast-breadcrumbs-content":"","ast-featured-img":"","footer-sml-layout":"","ast-disable-related-posts":"","theme-transparent-header-meta":"default","adv-header-id-meta":"","stick-header-meta":"","header-above-stick-meta":"","header-main-stick-meta":"","header-below-stick-meta":"","astra-migrate-meta-layouts":"default","ast-page-background-enabled":"default","ast-page-background-meta":{"desktop":{"background-color":"var(--ast-global-color-4)","background-image":"","background-repeat":"repeat","background-position":"center center","background-size":"auto","background-attachment":"scroll","background-type":"","background-media":"","overlay-type":"","overlay-color":"","overlay-opacity":"","overlay-gradient":""},"tablet":{"background-color":"","background-image":"","background-repeat":"repeat","background-position":"center center","background-size":"auto","background-attachment":"scroll","background-type":"","background-media":"","overlay-type":"","overlay-color":"","overlay-opacity":"","overlay-gradient":""},"mobile":{"background-color":"","background-image":"","background-repeat":"repeat","background-position":"center center","background-size":"auto","background-attachment":"scroll","background-type":"","background-media":"","overlay-type":"","overlay-color":"","overlay-opacity":"","overlay-gradient":""}},"ast-content-background-meta":{"desktop":{"background-color":"var(--ast-global-color-5)","background-image":"","background-repeat":"repeat","background-position":"center center","background-size":"auto","background-attachment":"scroll","background-type":"","background-media":"","overlay-type":"","overlay-color":"","overlay-opacity":"","overlay-gradient":""},"tablet":{"background-color":"var(--ast-global-color-5)","background-image":"","background-repeat":"repeat","background-position":"center center","background-size":"auto","background-attachment":"scroll","background-type":"","background-media":"","overlay-type":"","overlay-color":"","overlay-opacity":"","overlay-gradient":""},"mobile":{"background-color":"var(--ast-global-color-5)","background-image":"","background-repeat":"repeat","background-position":"center center","background-size":"auto","background-attachment":"scroll","background-type":"","background-media":"","overlay-type":"","overlay-color":"","overlay-opacity":"","overlay-gradient":""}}},"product_cat":[1079],"product_tag":[2217,2150],"class_list":{"0":"post-15440","1":"product","2":"type-product","3":"status-publish","4":"has-post-thumbnail","6":"product_cat-chairs","7":"product_tag-banquet-tool","8":"product_tag-tool-en","9":"desktop-align-left","10":"tablet-align-left","11":"mobile-align-left","12":"ast-product-gallery-layout-horizontal-slider","13":"ast-magnify-disabled","14":"ast-product-single-variable","15":"ast-product-tabs-layout-horizontal","16":"ast-qv-on-image","18":"first","19":"instock","20":"taxable","21":"shipping-taxable","22":"purchasable","23":"product-type-variable"},"acf":[],"_links":{"self":[{"href":"https:\/\/telgirent24.ee\/en\/wp-json\/wp\/v2\/product\/15440","targetHints":{"allow":["GET"]}}],"collection":[{"href":"https:\/\/telgirent24.ee\/en\/wp-json\/wp\/v2\/product"}],"about":[{"href":"https:\/\/telgirent24.ee\/en\/wp-json\/wp\/v2\/types\/product"}],"wp:featuredmedia":[{"embeddable":true,"href":"https:\/\/telgirent24.ee\/en\/wp-json\/wp\/v2\/media\/12115"}],"wp:attachment":[{"href":"https:\/\/telgirent24.ee\/en\/wp-json\/wp\/v2\/media?parent=15440"}],"wp:term":[{"taxonomy":"product_cat","embeddable":true,"href":"https:\/\/telgirent24.ee\/en\/wp-json\/wp\/v2\/product_cat?post=15440"},{"taxonomy":"product_tag","embeddable":true,"href":"https:\/\/telgirent24.ee\/en\/wp-json\/wp\/v2\/product_tag?post=15440"}],"curies":[{"name":"wp","href":"https:\/\/api.w.org\/{rel}","templated":true}]}}