{"id":16439,"date":"2024-01-18T23:42:38","date_gmt":"2024-01-18T23:42:38","guid":{"rendered":"http:\/\/telgirent24.ee\/?post_type=product&#038;p=16439"},"modified":"2025-12-09T00:34:57","modified_gmt":"2025-12-09T00:34:57","slug":"moodultelk-6m-laiune-kaartelk-labipaistev-telk","status":"publish","type":"product","link":"https:\/\/telgirent24.ee\/en\/product\/moodultelk-6m-laiune-kaartelk-labipaistev-telk\/","title":{"rendered":"Modular shed 6m wide"},"content":{"rendered":"\n\n\t<h1>Moodultelk 6m laiune kaartelk<\/h1>\n<p>&nbsp;<\/p>\n<p>Moodultelk 6m laiusega mitmek\u00fclgne lahendus erinevateks s\u00fcndmusteks ja koosviibimisteks, sealhulgas v\u00e4iksemateks pulmadeks, firma\u00fcritusteks ja muuks. 6-meetrise laiusega telk pakub k\u00fclalistele piisavalt ruumi, et mugavalt suhelda ja s\u00fcndmust t\u00e4histada.<\/p>\n<p>Moodultelk koosneb 6m laiustest ja 3m pikkustest moodulitest, millest on v\u00f5imalik koostada Teile vajaliku suurusega telk.<\/p>\n<p>Kaartelgil on 2,3-meetrine r\u00e4\u00e4stak\u00f5rgus ja katusehari on 3,5m k\u00f5rgusel, mis loob avara interj\u00f6\u00f6ri. See muudab selle peotelgi ideaalseks s\u00fcndmuste n\u00e4iteks pulmade, ettev\u00f5tte kliendis\u00fcndmuste korraldamiseks.<\/p>\n<p>Telgi katusehari pakub piisavalt ruumi ja v\u00f5imaldab paigaldada valgusteid ja muid dekoratiivelemente, mis aitavad luua piduliku ja tervitatava \u00f5hkkonna. See muudab telgi funktsionaalseks \u00fcritusteruumiks.<\/p>\n<strong>Telgi tehnilised andmed:<\/strong><br \/>\nTelgi laius: 6m<br \/>\nTelgi pikkus: 3-45m<br \/>\nPikenemissamm: 3m kaupa<br \/>\nR\u00e4\u00e4sta k\u00f5rgus: 2,3m<br \/>\nHarja k\u00f5rgus 3,5m\n\t\t\t\t<img loading=\"lazy\" decoding=\"async\" src=\"https:\/\/telgirent24.ee\/wp-content\/uploads\/2024\/01\/Telgirent-peotelgid-rent-telgi-rent-kaartelgid-1.jpg\" alt=\"Telgirent peotelgid rent telgi rent kaartelgid\" itemprop=\"image\" height=\"563\" width=\"1000\" title=\"Telgirent peotelgid rent telgi rent kaartelgid (1)\" onerror=\"this.style.display='none'\"  \/>\n<h2>\n\t\tL\u00e4bipaistva katuse ja seinadega kaartelk\n\t<\/h2>\n\t<p>Telgile saate valida vastavalt oma vajadusele kas \u00fcleni l\u00e4bipaistva katuse ja seinad v\u00f5i \u00fcleni valged katted ja ka kombineeritult l\u00e4bipaistev kate ja valge kate.<\/p>\n<h2>\n\t\tValge kattega moodultelk\n\t<\/h2>\n\t<p>Valge katuse ja seinad saate valida telgile kui on vajadust v\u00f5\u00f5raste silmade eest telgis toimuvat varjata.<\/p>\n\t\t\t\t<img loading=\"lazy\" decoding=\"async\" src=\"https:\/\/telgirent24.ee\/wp-content\/uploads\/2024\/01\/Telgi-rent-peotelgi-rent-kaartelgid-moodultelgi-rent-peotelgid-rent-9-rotated.jpeg\" alt=\"Telgi rent peotelgi rent kaartelgid moodultelgi rent peotelgid rent\" itemprop=\"image\" height=\"750\" width=\"1000\" title=\"Telgi rent peotelgi rent kaartelgid moodultelgi rent peotelgid rent (9)\" onerror=\"this.style.display='none'\"  \/>\n\t\t\t\t<img decoding=\"async\" src=\"http:\/\/telgirent24.ee\/wp-content\/uploads\/2023\/02\/UKS-ULDINE-600x457.jpg\" alt=\"uks telgile moodultelgi uks\" itemprop=\"image\" title=\"uks telgile moodultelgi uks\" onerror=\"this.style.display='none'\"  \/>\n<h2>\n\t\tKahepoolne klaasuks kaartelgile\n\t<\/h2>\n\t<p>Kaartelgile pakume kahepoolset klaasust. Ukse k\u00fclgedel ja peal on klaaspaneelid. Tee oma s\u00fcndmus efektseks.<\/p>\n<h2>\n\t\tKindel p\u00f5rand telgile\n\t<\/h2>\n\t<p>Vastavalt teie vajadustele ja asukoha erip\u00e4radele saame pakkuda kas veekindlast <a href=\"http:\/\/telgirent24.ee\/toode\/vineerporanda-rent\/\">vineerist p\u00f5randat<\/a> v\u00f5i <a href=\"http:\/\/telgirent24.ee\/toode\/plastikporanda-rent\/\">plastikust moodulp\u00f5randat<\/a>. P\u00f5randa katmiseks luksuslikuma \u00f5hkonna tagamiseks pakume v\u00e4ga laias v\u00e4rvivalikus <a href=\"http:\/\/telgirent24.ee\/toode\/vaiba-rent-vaipkatte-rent\/\">messivaipa<\/a>.<\/p>\n<p>&nbsp;<\/p>\n<p>&nbsp;<\/p>\n\t\t\t\t<img decoding=\"async\" src=\"http:\/\/telgirent24.ee\/wp-content\/uploads\/2022\/02\/Vineerporand-telkide-porand-vineerporanda-rent-600x450.jpg\" alt=\"Vineerp\u00f5randa rent telgi p\u00f5randa rent p\u00f5randate rent vineerp\u00f5randa rent\" itemprop=\"image\" title=\"Vineerp\u00f5rand telkide p\u00f5rand vineerp\u00f5randa rent\" onerror=\"this.style.display='none'\"  \/>\n<h2>\n\t\tIdeaalne telk v\u00e4iksemateks s\u00fcndmusteks\n\t<\/h2>\n\t<p>L\u00e4bipaistev katus loob valgusk\u00fcllase ja ruumika olemise. Telgi saab kangastega dekoreerida t\u00e4pselt teie soovide j\u00e4rgi.<\/p>\n\t\t\t\t<img loading=\"lazy\" decoding=\"async\" src=\"https:\/\/telgirent24.ee\/wp-content\/uploads\/2024\/01\/Telgirent-peotelgid-rent-telgi-rent-kaartelgid-5.jpg\" alt=\"Telgirent peotelgid rent telgi rent kaartelgid\" itemprop=\"image\" height=\"563\" width=\"1000\" title=\"Telgirent peotelgid rent telgi rent kaartelgid (5)\" onerror=\"this.style.display='none'\"  \/>\n\t\t\t\t<img decoding=\"async\" src=\"http:\/\/telgirent24.ee\/wp-content\/uploads\/2023\/09\/telgi-rent-15m-laiune-kaartelk-moodultelkide-rent-sundmustele-600x600.jpg\" alt=\"telgi rent 15m laiune kaartelk moodultelkide rent s\u00fcndmustele\" itemprop=\"image\" title=\"telgi rent 15m laiune kaartelk moodultelkide rent s\u00fcndmustele\" onerror=\"this.style.display='none'\"  \/>\n<h2>\n\t\tMeie rendivalikus on ka 6m, 8m, 10m ja 15m laiused kaarkatusega moodultelgid\n\t<\/h2>\n\t<p>Kui s\u00fcndmuseks on rohkelt vaba ruumi vaja siis meie rendivalikus on ka suuremad moodultelgid<\/p>\n<ul>\n<li><a href=\"http:\/\/telgirent24.ee\/toode\/moodultelk-6m-laiune-kaartelk-labipaistev-telk\/\">6m laiune kaartelk<\/a><\/li>\n<li>8m laiune kaartelk<\/li>\n<li><a href=\"http:\/\/telgirent24.ee\/toode\/moodultelk-10m-laiune-kaartelk-labipaistev-telk\/\">10m laiune kaartelk\u00a0<\/a><\/li>\n<li><a href=\"http:\/\/telgirent24.ee\/toode\/moodultelk-15m-kaartelgi-rent\/\">15m laiune kaartelk<\/a>.<\/li>\n<li>Lisaks efektsed k\u00f5rge tipuga <a href=\"http:\/\/telgirent24.ee\/toode\/tiputelk-5x5m-pagoda-peotelk\/\">tiputelgid 5x5m<\/a> ja <a href=\"http:\/\/telgirent24.ee\/toode\/pagoda-6x6-tiputelk-peotelk\/\">tiputelgid\u00a06x6m<\/a><\/li>\n<\/ul>\n\t<h3>Moodultelk 6m laiune kaartelk kindustab peo \u00f5nnestumise iga ilma korral!<\/h3>\n<ul>\n<li>Palava ilma ja kuuma p\u00e4ikese korral pakub telk k\u00fclalistele m\u00f5nusat jahedat varjualust ning samuti kaitseb otsese p\u00e4ikesevalguse k\u00e4es oleva toidu riknemise eest.<\/li>\n<li>Ilmad on heitlikud, seega jahedamate ja ootamatute ilmaolude korral pakub telk suurep\u00e4rast kaitset vihma ja tuule eest. \u00c4ra j\u00e4ta midagi juhuse hooleks ning broneeri telk juba aegsasti!<\/li>\n<\/ul>\n<p>N\u00e4itkeks pulmap\u00e4ev on paljude inimeste jaoks \u00fcks t\u00e4htsamaid p\u00e4evi elus. \u00d5ues toimuv pulm on number \u00fcks \u00fcritus, kus tuleks rentida peotelk. Poleks midagi hullemat, kui halb ilm rikuks selle erilise p\u00e4eva, mis j\u00e4\u00e4b pruutpaarile igaveseks meelde. Telk tagab, et nii pruudi kui ka k\u00fclaliste riided, soengud ja muu p\u00fcsiks peo l\u00f5puni ideaalsed.<\/p>\n<p><strong>N\u00f5uandeid \u00f5ige suurusega telgi valimiseks:<\/strong><\/p>\n<p><strong>Asukoht<\/strong><\/p>\n<p>Esimese asjana peate uurima, kui suur telk teie valitud asukohta sobib ning kas antud kohta on \u00fcldse lubatud p\u00fcstitada telk.<\/p>\n<p><strong>K\u00fclaliste arv<\/strong><\/p>\n<p>Telgi suuruse valimisel on oluline m\u00f5elda kui palju k\u00fclalisi Teie s\u00fcndmusele tuleb.<\/p>\n<p><strong>Muu inventar<\/strong><\/p>\n<p>Telki saab paigutada k\u00f5ike &#8211; alates tantsup\u00f5randatest, avatud baaridest ja l\u00f5petades m\u00f6\u00f6bliga. Seega lisaks k\u00fclaliste arvule on oluline ka l\u00e4bim\u00f5elda, mida ja mis asetuses te soovite telki peoinventari paigutada.<\/p>\n<strong>Visoon<\/strong><br \/>\nPeaksite valima telgi, mis k\u00f5ige paremini haakub Teie visiooniga. Kas soovite \u00fcleni l\u00e4bipaistvat kaartelki, \u00fcleni valget telki v\u00f5i kombineeritud l\u00e4bipaistva katuse ja seinadega telki? Samuti on saadaval ka kahepoolne klaasuks kaartelgile.<br \/>\nSeda k\u00f5ike arvesse v\u00f5ttes, saame teile pakkuda k\u00f5ige parema variandi, mis sobib teie ootustega.\n<p>V\u00e4hem t\u00e4htsad pulmade k\u00f5rval ei ole s\u00fcnnip\u00e4evad, firma\u00fcritused ja muud pidustused &#8211; alati on oluline tagada k\u00fclalistele v\u00f5imalikult parimad tingimused, et saaks maksimaalselt pidu nautida.<\/p>\n<h3>\n\t\tMoodultelgi asendiplaanid telgi ja m\u00f6\u00f6bli asetuse parmaks m\u00f5istmiseks!\n\t<\/h3>\n\t\t\t<h3> Moodultelgi rent &#8211; mida silmas pidada?<\/h3> <ul><li>Kui suur on s\u00fcndmus ning kui palju k\u00fclalisi on oodata &#8211; sellest s\u00f5ltub telgi t\u00fc\u00fcbi valik.<\/li><li>Kas soovite viilkatusega moodultelki v\u00f5i kaarkatusega moodultelki?<\/li><\/ul>\t\t\n\t\t\t<h3> Millisele pinnasele peotelk tuleb?<\/h3> <ul><li>Kas on vajalik telgile p\u00f5rand paigaldada, valikus on plastikmoodulp\u00f5rand ja vineerp\u00f5rand. P\u00f5randa saate valida siit juurde : <a href=\"http:\/\/telgirent24.ee\/toode\/plastikporanda-rent\/\">Plastikp\u00f5rand<\/a><\/li><li>Moodultelke saab paigaldada peaaegu igale pinnasele &#8211; muru, astalt, kruus, liiv.<\/li><\/ul>\t\t\n\t\t\t<h3> Mis tegevused toimuvad telgis?<\/h3> <ul><li>Kas tegu on s\u00fcndmusega, kus inimesed istuvad ja s\u00f6\u00f6vad v\u00f5i on pukklaudadega p\u00fcstijala \u00fcritus?\u00a0<\/li><li>Kas vaja ruumi ka b\u00e4ndile, lavale ning tantsuruumile.<\/li><li>Kas telgis toimub ka toitlustamine ehk buffeelauad peavad peavad \u00e4ra mahtuma ja ka kergesti ligip\u00e4\u00e4setavad olema<\/li><\/ul>\t\t\n\t\t\t<h3> Kas ja millist peom\u00f6\u00f6blit\/inventari soovid oma s\u00fcndmusele?<\/h3> <ul><li>Lisaks k\u00fclalistele peavad telki mahtuma ka lauad, toolid, buffee, cateringi teenindajad, lava, esinejad, garderoob, meelelahutus jms.<\/li><li>Mis lahutaks paremini meelt, kui m\u00e4ngud, mida saab koos seltskonnaga m\u00e4ngida? Meie valikus on <a href=\"http:\/\/telgirent24.ee\/toode\/lauajalgpalli-rent\/\">lauajalgpall<\/a>, <a href=\"http:\/\/telgirent24.ee\/toode\/lauatennise-rent-pingpongi-laua-rent\/\">pingpong<\/a> ja <a href=\"http:\/\/telgirent24.ee\/toode\/koroonalaua-rent\/\">koroonalaud<\/a>. Samuti muudab peo l\u00f5busmaks <a href=\"http:\/\/telgirent24.ee\/toode\/suhkruvatimasina-rent\/\">suhkruvatimasin<\/a> <a href=\"http:\/\/telgirent24.ee\/toode\/popcorni-masina-rent\/\">popcornimasin<\/a>, <a href=\"http:\/\/telgirent24.ee\/toode\/mullimasina-rent\/\">mullimasin<\/a> ning <a href=\"http:\/\/telgirent24.ee\/toode\/tossumasina-rent-suitsumasin\/\">tossumasin<\/a>.<\/li><li>Pakume edukaks s\u00fcndmuseks k\u00f5ike vajalikku m\u00f6\u00f6blit, mille leiab siit: <a href=\"http:\/\/telgirent24.ee\/tootekategooria\/moobel\/?filter_toote-tuup=rent&amp;query_type_toote-tuup=or\">peom\u00f6\u00f6bel<\/a><\/li><li>Laudlinad ja toolikatted leiate siit: <a href=\"http:\/\/telgirent24.ee\/tootekategooria\/laudlinad-ja-toolikatted\">laudlinade rent<\/a><\/li><li>Lauan\u00f5ud, s\u00f6\u00f6giriistad ja p\u00fckaalid leiate siit: <a href=\"http:\/\/telgirent24.ee\/tootekategooria\/lauanoud\">lauan\u00f5ude rent<\/a><\/li><li>Suve\u00f5htud v\u00f5ivad olla jahedad ja niisked, selleks toome kohale ja paigaldame gaasisoojendi v\u00f5i infapunasoojendid: <a href=\"http:\/\/telgirent24.ee\/tootekategooria\/soojuskiirgurid\">soojuskiirgurid<\/a><\/li><li>Valguskett loob m\u00f5nusa valguse ja on samuti ilusaks dekoratsioonielemendiks: <a href=\"http:\/\/telgirent24.ee\/tootekategooria\/valguskett\">valguskett\u00a0<\/a><\/li><li>Telgi kaunistamiseks ja hubasemaks muutmiseks on v\u00f5imalik rentida ka erinevaid kunsttaimi. Meie valikus leidub: <a href=\"http:\/\/telgirent24.ee\/toode\/kunsttaim-potis-20cm\/\">kunsttaim potis 20cm<\/a>, <a href=\"http:\/\/telgirent24.ee\/toode\/kunsttaim-potis-90cm\/\">kunsttaim potis 90cm<\/a>, <a href=\"http:\/\/telgirent24.ee\/toode\/kunstbambus-potis-160cm\/\">kunstbambus potis 160cm<\/a>, <a href=\"http:\/\/telgirent24.ee\/toode\/kunstpalm-potis-160cm\/\">kunstpalm potis 160cm,<\/a> <a href=\"http:\/\/telgirent24.ee\/toode\/kunstorhidee-potis-53cm\/\">kunstorhidee potis 53cm<\/a><\/li><li>Muru kaitseks ja kehva ilma korral saab meil ka p\u00f5randa ja vaiba peotelki: <a href=\"http:\/\/telgirent24.ee\/toode\/plastikporanda-rent\/\">plastikp\u00f5rand<\/a><\/li><\/ul>\t\t\n\t\t\t<h3> Kuidas paigutada m\u00f6\u00f6bel telki?<\/h3> <ul><li>Lahendus peaks olema k\u00f5igile mugav ning k\u00fclalistele piisavalt ruumi liikumiseks ja muudeks tegevusteks.<\/li><li>Koostame oma klientidele inventari asendiplaani, et teil oleks kindlam arusaam telgi ruumi suurusest ja m\u00f6\u00f6bli\/istumiskohtade mahutavusest.<\/li><li>Kirjuta oma soovist meile info@telgirent24.ee v\u00f5i helista 53 565 100<\/li><\/ul>\t\t\n\t<h4>\n\t\t<a href=\"http:\/\/telgirent24.ee\/tehtud-tood\/\" title=\"TEHTUD T\u00d6\u00d6D\" target=\"_self\" rel=\"noopener\">\n\t\tTEHTUD T\u00d6\u00d6D\n\t\t<\/a>\n\t<\/h4>\n\t<h3>P\u00f5hjused, miks korraldada pidustused \u00f5ues ja rentida telk:<\/h3>\n<strong>Imeilus vaade<\/strong><br \/>\nKui valite oma peokohaks koha, kus on ilus \u00fcmbruskond ja vaated, siis oleks kahju kogu pidu siseruumis v\u00f5\u00f5rustada. Seega telki rentides ei j\u00e4\u00e4 te ilma kaunist \u00f5hkkonnast ja v\u00e4rskest \u00f5hust.\n<strong>Naturaalne valgus<\/strong><br \/>\nPehme loomulik valgustus muudab k\u00f5ik kenamaks. Samuti tulevad pildid kordades paremad kui siseruumis. \u00d5htu saabudes saavad k\u00fclalised nautida p\u00e4ikeseloojangut ja t\u00e4histaevast.\n<strong>Rohkem ruumi<\/strong><br \/>\nSiseruumide \u00fcks miinustest on ruumipuudus. V\u00e4lis\u00fcritused pakuvad teile hulganisti ruumi, et teie k\u00fclalised saaksid ennast vabalt tunda ja suhelda omavahel. Saate \u00fcles seada m\u00e4nge, tegevusi, puhkealasid ja muud, ilma, et peaksite muretsema piisava ruumi puudumise p\u00e4rast. Lisaks sellele ei pea te oma k\u00fclaliste arvu nii suurelt piirama.\n\t<h3><strong>Telkide dokoreerimine kangastega!<\/strong><\/h3>\n<p>Pakume koost\u00f6\u00f6s dekoraatoritega t\u00e4islahendust telkide kangastega dekoreerimisel. Tee oma s\u00fcndmus k\u00fclalistele meeldej\u00e4\u00e4vaks!<\/p>\n<ul>\n<li>Valikus on v\u00e4ga suur kangaste v\u00e4rvivalik<\/li>\n<li>Igale ettev\u00f5ttele saab moodultelgi \u00fcleni v\u00f5i osaliselt dekoreerida firma v\u00e4rvidega v\u00f5i siduda pea teemaga<\/li>\n<li>Oman\u00e4olise ruumikujundusega saab luua just teile vajaliku atmosf\u00e4\u00e4ri<\/li>\n<li>Pulmade jaoks dekoreerimine<\/li>\n<li>K\u00f5ikv\u00f5imalike s\u00fcndmuste tarvis telgi dokoreerimine<\/li>\n<\/ul>\n\t\t\t\t<img decoding=\"async\" src=\"http:\/\/telgirent24.ee\/wp-content\/uploads\/2024\/01\/telgi-deko.jpg\" alt=\"kangastega telgi dekoreerimine teenus\" itemprop=\"image\" title=\"telgi deko kangastega telgi dekoreerimine teenus\" onerror=\"this.style.display='none'\"  \/>\n\t\t\t\t<img decoding=\"async\" src=\"http:\/\/telgirent24.ee\/wp-content\/uploads\/2024\/01\/dekoreerimine-kangastega-telgi.jpg\" alt=\"kangastega telgi dekoreerimine teenus\" itemprop=\"image\" title=\"dekoreerimine kangastega telgi\" onerror=\"this.style.display='none'\"  \/>\n\t\t\t\t<img decoding=\"async\" src=\"http:\/\/telgirent24.ee\/wp-content\/uploads\/2024\/01\/kangastega-telgid-dekoreerimine.jpg\" alt=\"kangastega telgi dekoreerimine teenus\" itemprop=\"image\" title=\"kangastega telgid dekoreerimine\" onerror=\"this.style.display='none'\"  \/>\n\t\t\t\t<img decoding=\"async\" src=\"http:\/\/telgirent24.ee\/wp-content\/uploads\/2024\/01\/telgi-dekoreerimine.jpg\" alt=\"kangastega telgi dekoreerimine teenus\" itemprop=\"image\" title=\"telgi dekoreerimine\" onerror=\"this.style.display='none'\"  \/>\n\t\t\t\t<img decoding=\"async\" src=\"http:\/\/telgirent24.ee\/wp-content\/uploads\/2024\/01\/kangastega-telgi-dekoreerimine-teenus.jpg\" alt=\"kangastega telgi dekoreerimine teenus\" itemprop=\"image\" title=\"kangastega telgi dekoreerimine teenus\" onerror=\"this.style.display='none'\"  \/>\n\t\t\t\t<img decoding=\"async\" src=\"http:\/\/telgirent24.ee\/wp-content\/uploads\/2024\/01\/kangastega-telk.jpg\" alt=\"kangastega telgi dekoreerimine teenus\" itemprop=\"image\" title=\"kangastega telk\" onerror=\"this.style.display='none'\"  \/>\n\t\t\t\t<img decoding=\"async\" src=\"http:\/\/telgirent24.ee\/wp-content\/uploads\/2024\/01\/kangastega-telgi-dekoreerimine.jpg\" alt=\"kangastega telgi dekoreerimine teenus\" itemprop=\"image\" title=\"kangastega telgi dekoreerimine\" onerror=\"this.style.display='none'\"  \/>\n\t\t\t\t\t\t\t\t\t\t\t\t<h3> Kirjuta meile oma rendi v\u00f5i ostusoovist! <\/h3>\n\n","protected":false},"excerpt":{"rendered":"<p>Moodultelk 6m laiune kaartelk &nbsp; Moodultelk 6m laiusega mitmek\u00fclgne lahendus erinevateks s\u00fcndmusteks ja koosviibimisteks, sealhulgas v\u00e4iksemateks pulmadeks, firma\u00fcritusteks ja muuks. 6-meetrise laiusega telk pakub k\u00fclalistele piisavalt ruumi, et mugavalt suhelda ja s\u00fcndmust t\u00e4histada. Moodultelk koosneb 6m laiustest ja 3m pikkustest moodulitest, millest on v\u00f5imalik koostada Teile vajaliku suurusega telk. Kaartelgil on 2,3-meetrine r\u00e4\u00e4stak\u00f5rgus ja katusehari [&hellip;]<\/p>\n","protected":false},"featured_media":18025,"template":"","meta":{"inline_featured_image":false,"site-sidebar-layout":"default","site-content-layout":"default","ast-site-content-layout":"default","site-content-style":"default","site-sidebar-style":"default","ast-global-header-display":"","ast-banner-title-visibility":"","ast-main-header-display":"","ast-hfb-above-header-display":"","ast-hfb-below-header-display":"","ast-hfb-mobile-header-display":"","site-post-title":"","ast-breadcrumbs-content":"","ast-featured-img":"","footer-sml-layout":"","ast-disable-related-posts":"","theme-transparent-header-meta":"default","adv-header-id-meta":"","stick-header-meta":"","header-above-stick-meta":"","header-main-stick-meta":"","header-below-stick-meta":"","astra-migrate-meta-layouts":"set","ast-page-background-enabled":"default","ast-page-background-meta":{"desktop":{"background-color":"var(--ast-global-color-4)","background-image":"","background-repeat":"repeat","background-position":"center center","background-size":"auto","background-attachment":"scroll","background-type":"","background-media":"","overlay-type":"","overlay-color":"","overlay-opacity":"","overlay-gradient":""},"tablet":{"background-color":"","background-image":"","background-repeat":"repeat","background-position":"center center","background-size":"auto","background-attachment":"scroll","background-type":"","background-media":"","overlay-type":"","overlay-color":"","overlay-opacity":"","overlay-gradient":""},"mobile":{"background-color":"","background-image":"","background-repeat":"repeat","background-position":"center center","background-size":"auto","background-attachment":"scroll","background-type":"","background-media":"","overlay-type":"","overlay-color":"","overlay-opacity":"","overlay-gradient":""}},"ast-content-background-meta":{"desktop":{"background-color":"var(--ast-global-color-5)","background-image":"","background-repeat":"repeat","background-position":"center center","background-size":"auto","background-attachment":"scroll","background-type":"","background-media":"","overlay-type":"","overlay-color":"","overlay-opacity":"","overlay-gradient":""},"tablet":{"background-color":"var(--ast-global-color-5)","background-image":"","background-repeat":"repeat","background-position":"center center","background-size":"auto","background-attachment":"scroll","background-type":"","background-media":"","overlay-type":"","overlay-color":"","overlay-opacity":"","overlay-gradient":""},"mobile":{"background-color":"var(--ast-global-color-5)","background-image":"","background-repeat":"repeat","background-position":"center center","background-size":"auto","background-attachment":"scroll","background-type":"","background-media":"","overlay-type":"","overlay-color":"","overlay-opacity":"","overlay-gradient":""}}},"product_cat":[1099,1105],"product_tag":[1738,1739,1740,1741,1742,1743,1744,1745,1746,1747,1748,1749,1750,1751],"class_list":{"0":"post-16439","1":"product","2":"type-product","3":"status-publish","4":"has-post-thumbnail","6":"product_cat-party-tents","7":"product_cat-new","8":"product_tag-6m-kaartelk-en","9":"product_tag-6m-laiune-moodultelk-en","10":"product_tag-6m-moodultelk-en","11":"product_tag-kaartelk-en","12":"product_tag-kaartelkide-rent-en","13":"product_tag-labipaistev-telk-en","14":"product_tag-labipaistva-katusega-kaartelk-en","15":"product_tag-labipaistva-katusega-telk-en","16":"product_tag-moodul-en","17":"product_tag-moodultelgi-rent-en","18":"product_tag-moodultelk-en","19":"product_tag-peotelgi-rent-en","20":"product_tag-peotelgid-en","21":"product_tag-telgi-rent-en","22":"desktop-align-left","23":"tablet-align-left","24":"mobile-align-left","25":"ast-product-gallery-layout-horizontal-slider","26":"ast-magnify-disabled","27":"ast-product-single-variable","28":"ast-product-tabs-layout-horizontal","29":"ast-qv-on-image","31":"first","32":"instock","33":"featured","34":"taxable","35":"shipping-taxable","36":"purchasable","37":"product-type-variable"},"acf":[],"_links":{"self":[{"href":"https:\/\/telgirent24.ee\/en\/wp-json\/wp\/v2\/product\/16439","targetHints":{"allow":["GET"]}}],"collection":[{"href":"https:\/\/telgirent24.ee\/en\/wp-json\/wp\/v2\/product"}],"about":[{"href":"https:\/\/telgirent24.ee\/en\/wp-json\/wp\/v2\/types\/product"}],"wp:featuredmedia":[{"embeddable":true,"href":"https:\/\/telgirent24.ee\/en\/wp-json\/wp\/v2\/media\/18025"}],"wp:attachment":[{"href":"https:\/\/telgirent24.ee\/en\/wp-json\/wp\/v2\/media?parent=16439"}],"wp:term":[{"taxonomy":"product_cat","embeddable":true,"href":"https:\/\/telgirent24.ee\/en\/wp-json\/wp\/v2\/product_cat?post=16439"},{"taxonomy":"product_tag","embeddable":true,"href":"https:\/\/telgirent24.ee\/en\/wp-json\/wp\/v2\/product_tag?post=16439"}],"curies":[{"name":"wp","href":"https:\/\/api.w.org\/{rel}","templated":true}]}}