{"id":18968,"date":"2022-10-11T11:17:56","date_gmt":"2022-10-11T11:17:56","guid":{"rendered":"https:\/\/telgirent24.ee\/toode\/laudlina-310x220cm-hall-muuk\/"},"modified":"2025-12-08T23:15:01","modified_gmt":"2025-12-08T23:15:01","slug":"laudlina-310x220cm-hall-muuk","status":"publish","type":"product","link":"https:\/\/telgirent24.ee\/en\/product\/laudlina-310x220cm-hall-muuk\/","title":{"rendered":"Tablecloth 310x220cm grey sale"},"content":{"rendered":"\n\n\t<h2><strong>Laudlina 310x220cm hall m\u00fc\u00fck<\/strong><\/h2>\n<p>Suurus: 310x220cm<\/p>\n<p>OEKO-TEX\u00ae sertifikaadiga<\/p>\n<p>Tugev kangas ja \u00f5mblused<\/p>\n<p>Materjal: 100% pol\u00fcester<\/p>\n<p>Saadaval olevad v\u00e4rvid: valge, \u0161ampanja, hall, pruun, must, punane, bordoopunane.<\/p>\n<p>Laudlina on \u00f5mmeldud kasutades k\u00f5ige kaasaegsemat \u00f5mblustehnikat ja kvaliteetset materjali- see on valmistatud t\u00e4iskangast, seega puuduvad \u00fchendus\u00f5mblused ning t\u00e4nu sellele muudab see teie laua luksuslikuks ja esteetiliseks. T\u00e4nu sellele on lina varustatud OEKO-TEX\u00ae sertifikaadiga,<\/p>\n<p>Laudlina sobib kasutamiseks nii kodus kui ka restoranides, kohvikutes, hotellides ja erinevatel \u00fceirustel.<\/p>\n<p>Laudlina hooldus on v\u00e4ga lihtne &#8211; pesta 40\u00b0C juures.<\/p>\n<p>&nbsp;<\/p>\n\t<h5><strong>Sobib laudadele:<\/strong><\/h5>\n\t\t\t<a href=\"http:\/\/telgirent24.ee\/toode\/kokkupandav-laud-muuk-183x76x74-cm\/\" target=\"_self\" role=\"button\" rel=\"noopener\">\n\t\t\t\t\t\t\tKokkupandav laud 183cm\n\t\t\t\t\t<\/a>\n\t\t\t<a href=\"http:\/\/telgirent24.ee\/toode\/kokkupandav-laud-muuk-240x76x74cm\/\" target=\"_self\" role=\"button\" rel=\"noopener\">\n\t\t\t\t\t\t\tKokkupandav laud 240cm\n\t\t\t\t\t<\/a>\n\t<h6><strong>Saadaval olevad v\u00e4rvid:<\/strong><\/h6>\n\t\t\t<a href=\"http:\/\/telgirent24.ee\/toode\/laudlina-310x220cm-valge-muuk\/\" target=\"_self\" role=\"button\" rel=\"noopener\">\n\t\t\t\t\t\t\tValge\n\t\t\t\t\t<\/a>\n\t\t\t<a href=\"http:\/\/telgirent24.ee\/toode\/laudlina-310x220cm-sampanja-muuk\/\" target=\"_self\" role=\"button\" rel=\"noopener\">\n\t\t\t\t\t\t\t\u0160ampanja\n\t\t\t\t\t<\/a>\n\t\t\t<a href=\"http:\/\/telgirent24.ee\/toode\/laudlina-310x220cm-hall-muuk\/\" target=\"_self\" role=\"button\" rel=\"noopener\">\n\t\t\t\t\t\t\tHall\n\t\t\t\t\t<\/a>\n\t\t\t<a href=\"http:\/\/telgirent24.ee\/toode\/laudlina-310x220cm-pruun-muuk\/\" target=\"_self\" role=\"button\" rel=\"noopener\">\n\t\t\t\t\t\t\tPruun\n\t\t\t\t\t<\/a>\n\t\t\t<a href=\"http:\/\/telgirent24.ee\/toode\/laudlina-310x220cm-must-muuk\/\" target=\"_self\" role=\"button\" rel=\"noopener\">\n\t\t\t\t\t\t\tMust\n\t\t\t\t\t<\/a>\n\t\t\t<a href=\"http:\/\/telgirent24.ee\/toode\/laudlina-310x220cm-punane-muuk\/\" target=\"_self\" role=\"button\" rel=\"noopener\">\n\t\t\t\t\t\t\tPunane\n\t\t\t\t\t<\/a>\n\t\t\t<a href=\"http:\/\/telgirent24.ee\/toode\/laudlina-310x220cm-bordoopunane-muuk\/\" target=\"_self\" role=\"button\" rel=\"noopener\">\n\t\t\t\t\t\t\tBordoopunane\n\t\t\t\t\t<\/a>\n\n","protected":false},"excerpt":{"rendered":"<p>Laudlina 310x220cm hall m\u00fc\u00fck Suurus: 310x220cm OEKO-TEX\u00ae sertifikaadiga Tugev kangas ja \u00f5mblused Materjal: 100% pol\u00fcester Saadaval olevad v\u00e4rvid: valge, \u0161ampanja, hall, pruun, must, punane, bordoopunane. Laudlina on \u00f5mmeldud kasutades k\u00f5ige kaasaegsemat \u00f5mblustehnikat ja kvaliteetset materjali- see on valmistatud t\u00e4iskangast, seega puuduvad \u00fchendus\u00f5mblused ning t\u00e4nu sellele muudab see teie laua luksuslikuks ja esteetiliseks. T\u00e4nu sellele on [&hellip;]<\/p>\n","protected":false},"featured_media":13321,"template":"","meta":{"inline_featured_image":false,"site-sidebar-layout":"default","site-content-layout":"default","ast-site-content-layout":"default","site-content-style":"default","site-sidebar-style":"default","ast-global-header-display":"","ast-banner-title-visibility":"","ast-main-header-display":"","ast-hfb-above-header-display":"","ast-hfb-below-header-display":"","ast-hfb-mobile-header-display":"","site-post-title":"","ast-breadcrumbs-content":"","ast-featured-img":"","footer-sml-layout":"","ast-disable-related-posts":"","theme-transparent-header-meta":"default","adv-header-id-meta":"","stick-header-meta":"","header-above-stick-meta":"","header-main-stick-meta":"","header-below-stick-meta":"","astra-migrate-meta-layouts":"default","ast-page-background-enabled":"default","ast-page-background-meta":{"desktop":{"background-color":"var(--ast-global-color-4)","background-image":"","background-repeat":"repeat","background-position":"center center","background-size":"auto","background-attachment":"scroll","background-type":"","background-media":"","overlay-type":"","overlay-color":"","overlay-opacity":"","overlay-gradient":""},"tablet":{"background-color":"","background-image":"","background-repeat":"repeat","background-position":"center center","background-size":"auto","background-attachment":"scroll","background-type":"","background-media":"","overlay-type":"","overlay-color":"","overlay-opacity":"","overlay-gradient":""},"mobile":{"background-color":"","background-image":"","background-repeat":"repeat","background-position":"center center","background-size":"auto","background-attachment":"scroll","background-type":"","background-media":"","overlay-type":"","overlay-color":"","overlay-opacity":"","overlay-gradient":""}},"ast-content-background-meta":{"desktop":{"background-color":"var(--ast-global-color-5)","background-image":"","background-repeat":"repeat","background-position":"center center","background-size":"auto","background-attachment":"scroll","background-type":"","background-media":"","overlay-type":"","overlay-color":"","overlay-opacity":"","overlay-gradient":""},"tablet":{"background-color":"var(--ast-global-color-5)","background-image":"","background-repeat":"repeat","background-position":"center center","background-size":"auto","background-attachment":"scroll","background-type":"","background-media":"","overlay-type":"","overlay-color":"","overlay-opacity":"","overlay-gradient":""},"mobile":{"background-color":"var(--ast-global-color-5)","background-image":"","background-repeat":"repeat","background-position":"center center","background-size":"auto","background-attachment":"scroll","background-type":"","background-media":"","overlay-type":"","overlay-color":"","overlay-opacity":"","overlay-gradient":""}}},"product_cat":[1064,1065],"product_tag":[],"class_list":{"0":"post-18968","1":"product","2":"type-product","3":"status-publish","4":"has-post-thumbnail","6":"product_cat-tablecloths-and-chair-covers","7":"product_cat-square-tablecloths","8":"desktop-align-left","9":"tablet-align-left","10":"mobile-align-left","11":"ast-product-gallery-layout-horizontal-slider","12":"ast-magnify-disabled","13":"ast-product-tabs-layout-horizontal","14":"ast-qv-on-image","16":"first","17":"instock","18":"taxable","19":"shipping-taxable","20":"purchasable","21":"product-type-simple"},"acf":[],"_links":{"self":[{"href":"https:\/\/telgirent24.ee\/en\/wp-json\/wp\/v2\/product\/18968","targetHints":{"allow":["GET"]}}],"collection":[{"href":"https:\/\/telgirent24.ee\/en\/wp-json\/wp\/v2\/product"}],"about":[{"href":"https:\/\/telgirent24.ee\/en\/wp-json\/wp\/v2\/types\/product"}],"wp:featuredmedia":[{"embeddable":true,"href":"https:\/\/telgirent24.ee\/en\/wp-json\/wp\/v2\/media\/13321"}],"wp:attachment":[{"href":"https:\/\/telgirent24.ee\/en\/wp-json\/wp\/v2\/media?parent=18968"}],"wp:term":[{"taxonomy":"product_cat","embeddable":true,"href":"https:\/\/telgirent24.ee\/en\/wp-json\/wp\/v2\/product_cat?post=18968"},{"taxonomy":"product_tag","embeddable":true,"href":"https:\/\/telgirent24.ee\/en\/wp-json\/wp\/v2\/product_tag?post=18968"}],"curies":[{"name":"wp","href":"https:\/\/api.w.org\/{rel}","templated":true}]}}