{"id":20442,"date":"2026-04-06T20:51:18","date_gmt":"2026-04-06T20:51:18","guid":{"rendered":"https:\/\/telgirent24.ee\/?post_type=product&#038;p=20442"},"modified":"2026-04-10T18:18:20","modified_gmt":"2026-04-10T18:18:20","slug":"gold-beverage-dispenser","status":"publish","type":"product","link":"https:\/\/telgirent24.ee\/en\/product\/gold-beverage-dispenser\/","title":{"rendered":"Gold Beverage Dispenser"},"content":{"rendered":"<h2>K\u00fc\u00fcler kuldne<\/h2>\n<p>Erinevate jookide serveerimiseks ja jahutamiseks nii pidudel, s\u00fcnnip\u00e4evadel, isetegemise peol kui ka igap\u00e4evaseks kasutamiseks kodus. Selle kauni kuldse k\u00fc\u00fcru abil p\u00fcsivad teie joogid kauem v\u00e4rsked ning k\u00fclmad, pakkudes lisacomfortableust igal rahvarohkel s\u00fcndmusel.<\/p>\n<h3>Miks valida<\/h3>\n<ul>\n<li>Ideaalne veinide, vee, limonaadi, mahlade, kokteilide ja muude jookide jahutamiseks<\/li>\n<li>Lihtne kasutada ja puhastada<\/li>\n<li>Compact ning suitable h\u00e4sti peosaalidesse ja k\u00f6\u00f6gilauale<\/li>\n<li>Lihtne paigaldada ja vahetada jooke ning j\u00e4\u00e4d<\/li>\n<\/ul>\n<h3>Tehnilised andmed<\/h3>\n<table>\n<tr>\n<td>M\u00f5\u00f5dud<\/td>\n<td>30 \u00d7 30 \u00d7 45 cm<\/td>\n<\/tr>\n<tr>\n<td>Materjal<\/td>\n<td>Roostevaba teras<\/td>\n<\/tr>\n<tr>\n<td>Kaal\/maht<\/td>\n<td>p\u00f5hja maht 10 l<\/td>\n<\/tr>\n<tr>\n<td>V\u00e4rv<\/td>\n<td>Kuldne<\/td>\n<\/tr>\n<tr>\n<td>Komplekt<\/td>\n<td>\u00dcks k\u00fc\u00fcru<\/td>\n<\/tr>\n<\/table>\n<p>Valides koos meie teisi peoinventari tooteid, nagu joogikastid ja serveerimisvahendid, saate luua t\u00e4ieliku ja stiilse \u00fcrituse. Meilt saab tellida ka transpordi ning paigaldusteenust, et teie s\u00fcndmus oleks v\u00f5imalikult sujuv ja muretult nautida saaks.<\/p>\n","protected":false},"excerpt":{"rendered":"<p>Gold Beverage Dispenser for rent. Professional quality. Delivery across Estonia.<\/p>\n","protected":false},"featured_media":18998,"template":"","meta":{"inline_featured_image":false,"site-sidebar-layout":"default","site-content-layout":"","ast-site-content-layout":"default","site-content-style":"default","site-sidebar-style":"default","ast-global-header-display":"","ast-banner-title-visibility":"","ast-main-header-display":"","ast-hfb-above-header-display":"","ast-hfb-below-header-display":"","ast-hfb-mobile-header-display":"","site-post-title":"","ast-breadcrumbs-content":"","ast-featured-img":"","footer-sml-layout":"","ast-disable-related-posts":"","theme-transparent-header-meta":"","adv-header-id-meta":"","stick-header-meta":"","header-above-stick-meta":"","header-main-stick-meta":"","header-below-stick-meta":"","astra-migrate-meta-layouts":"default","ast-page-background-enabled":"default","ast-page-background-meta":{"desktop":{"background-color":"var(--ast-global-color-4)","background-image":"","background-repeat":"repeat","background-position":"center center","background-size":"auto","background-attachment":"scroll","background-type":"","background-media":"","overlay-type":"","overlay-color":"","overlay-opacity":"","overlay-gradient":""},"tablet":{"background-color":"","background-image":"","background-repeat":"repeat","background-position":"center center","background-size":"auto","background-attachment":"scroll","background-type":"","background-media":"","overlay-type":"","overlay-color":"","overlay-opacity":"","overlay-gradient":""},"mobile":{"background-color":"","background-image":"","background-repeat":"repeat","background-position":"center center","background-size":"auto","background-attachment":"scroll","background-type":"","background-media":"","overlay-type":"","overlay-color":"","overlay-opacity":"","overlay-gradient":""}},"ast-content-background-meta":{"desktop":{"background-color":"var(--ast-global-color-5)","background-image":"","background-repeat":"repeat","background-position":"center center","background-size":"auto","background-attachment":"scroll","background-type":"","background-media":"","overlay-type":"","overlay-color":"","overlay-opacity":"","overlay-gradient":""},"tablet":{"background-color":"var(--ast-global-color-5)","background-image":"","background-repeat":"repeat","background-position":"center center","background-size":"auto","background-attachment":"scroll","background-type":"","background-media":"","overlay-type":"","overlay-color":"","overlay-opacity":"","overlay-gradient":""},"mobile":{"background-color":"var(--ast-global-color-5)","background-image":"","background-repeat":"repeat","background-position":"center center","background-size":"auto","background-attachment":"scroll","background-type":"","background-media":"","overlay-type":"","overlay-color":"","overlay-opacity":"","overlay-gradient":""}}},"product_cat":[53],"product_tag":[],"class_list":{"0":"post-20442","1":"product","2":"type-product","3":"status-publish","4":"has-post-thumbnail","6":"product_cat-serveerimisvahendid","7":"desktop-align-left","8":"tablet-align-left","9":"mobile-align-left","10":"ast-product-gallery-layout-horizontal-slider","11":"ast-magnify-disabled","12":"ast-product-tabs-layout-horizontal","13":"ast-qv-on-image","15":"first","16":"instock","17":"taxable","18":"shipping-taxable","19":"purchasable","20":"product-type-simple"},"acf":[],"_links":{"self":[{"href":"https:\/\/telgirent24.ee\/en\/wp-json\/wp\/v2\/product\/20442","targetHints":{"allow":["GET"]}}],"collection":[{"href":"https:\/\/telgirent24.ee\/en\/wp-json\/wp\/v2\/product"}],"about":[{"href":"https:\/\/telgirent24.ee\/en\/wp-json\/wp\/v2\/types\/product"}],"wp:featuredmedia":[{"embeddable":true,"href":"https:\/\/telgirent24.ee\/en\/wp-json\/wp\/v2\/media\/18998"}],"wp:attachment":[{"href":"https:\/\/telgirent24.ee\/en\/wp-json\/wp\/v2\/media?parent=20442"}],"wp:term":[{"taxonomy":"product_cat","embeddable":true,"href":"https:\/\/telgirent24.ee\/en\/wp-json\/wp\/v2\/product_cat?post=20442"},{"taxonomy":"product_tag","embeddable":true,"href":"https:\/\/telgirent24.ee\/en\/wp-json\/wp\/v2\/product_tag?post=20442"}],"curies":[{"name":"wp","href":"https:\/\/api.w.org\/{rel}","templated":true}]}}