{"id":20455,"date":"2026-04-06T20:51:20","date_gmt":"2026-04-06T20:51:20","guid":{"rendered":"https:\/\/telgirent24.ee\/?post_type=product&#038;p=20455"},"modified":"2026-04-11T09:55:54","modified_gmt":"2026-04-11T09:55:54","slug":"wedding-chair","status":"publish","type":"product","link":"https:\/\/telgirent24.ee\/en\/product\/wedding-chair\/","title":{"rendered":"Wedding Chair"},"content":{"rendered":"<p><\/p>\n<h2>Pulmatool<\/h2>\n<p>&nbsp;<\/p>\n<p>Pulmatool on eksklusiivne kuldse raamiga ning pehme kunstnahast naturaalvalget tooni kattega.<\/p>\n<p>Tool on eriti sobilik pruutpaarile pulmas istumiseks.<\/p>\n<p><a href=\"http:\/\/telgirent24.ee\/wp-content\/uploads\/2023\/12\/pulmatool-rent-pulmatoolide-rent.png\"><img loading=\"lazy\" decoding=\"async\" src=\"http:\/\/telgirent24.ee\/wp-content\/uploads\/2023\/12\/pulmatool-rent-pulmatoolide-rent.png\" alt=\"pulmatool rent pulmatoolide rent noorpaari tool\" width=\"411\" height=\"492\" \/><\/a><\/p>\n<h2>Siit leiate veel pulma sobivaid toole<\/h2>\n<p><img loading=\"lazy\" decoding=\"async\" title=\"L\u00e4bipaistev tool rent Victoria m\u00f6\u00f6bli rent toolide rentl\u00e4bipaistev\" src=\"http:\/\/telgirent24.ee\/wp-content\/uploads\/2022\/04\/moobli-rent-Tool-Victoria-labipaistev.jpg\" alt=\"L\u00e4bipaistev tool rent Victoria m\u00f6\u00f6bli rent toolide rentl\u00e4bipaistev\" width=\"750\" height=\"1125\" \/> <a href=\"http:\/\/telgirent24.ee\/toode\/labipaistev-tool-rent-victoria\/\" target=\"_self\" rel=\"noopener\"> <img loading=\"lazy\" decoding=\"async\" title=\"L\u00e4bipaistev tool rent peom\u00f6\u00f6bli rent toolide rent\" src=\"http:\/\/telgirent24.ee\/wp-content\/uploads\/2022\/04\/Labipaistev-tool-rent-peomoobli-rent-toolide-rent.jpg\" alt=\"L\u00e4bipaistev tool rent peom\u00f6\u00f6bli rent toolide rent victoria tool rent\" width=\"1200\" height=\"1200\" \/> <\/a> <a href=\"http:\/\/telgirent24.ee\/toode\/labipaistev-chiavari-tool-rent\/\" target=\"_self\" rel=\"noopener\"> <img loading=\"lazy\" decoding=\"async\" title=\"L\u00e4bipaistev chiavari tool rent l\u00e4bipaistva chiavari tooli rent peom\u00f6\u00f6bli rent\" src=\"http:\/\/telgirent24.ee\/wp-content\/uploads\/2022\/04\/Labipaistev-chiavari-tool.jpg\" alt=\"L\u00e4bipaistev chiavari tool rent l\u00e4bipaistev tool chiavari toolide rent m\u00f6\u00f6bli rent s\u00fcndmustele ilusa m\u00f6\u00f6bli rent\" width=\"1148\" height=\"1148\" \/> <\/a> <a href=\"http:\/\/telgirent24.ee\/toode\/tool-country-crossback-puidust-rent\/\" target=\"_self\" rel=\"noopener\"> <img loading=\"lazy\" decoding=\"async\" title=\"toolide rent puidust country crossback toolipadjad toolile rent\" src=\"http:\/\/telgirent24.ee\/wp-content\/uploads\/2022\/04\/toolide-rent-puidust-crossback-toolipadjad-toolile-rent.jpg\" alt=\"toolide rent puidust country crossback toolipadjad toolile rent\" width=\"1000\" height=\"1000\" \/> <\/a> <a href=\"http:\/\/telgirent24.ee\/toode\/tool-chiavari-kuldne\/\" target=\"_self\" rel=\"noopener\"> <img loading=\"lazy\" decoding=\"async\" title=\"chiavary kuldne tool rent toolipadjaga\" src=\"http:\/\/telgirent24.ee\/wp-content\/uploads\/2022\/04\/chiavary-kuldne-tool-rent-toolipadjaga.jpeg\" alt=\"chiavary kuldne tool rent toolipadjaga\" width=\"1024\" height=\"1024\" \/> <\/a> <a href=\"http:\/\/telgirent24.ee\/toode\/must-tool-cross-back\/\" target=\"_self\" rel=\"noopener\"> <img loading=\"lazy\" decoding=\"async\" title=\"Must tool Cross-Back rent\" src=\"http:\/\/telgirent24.ee\/wp-content\/uploads\/2022\/11\/Must-tool-Cross-Back-rent.jpg\" alt=\"Mustad toolid Cross-Back Toolide rent M\u00f6\u00f6bli rent Ideaalne tool pulmadesse\" width=\"940\" height=\"788\" \/> <\/a> <a href=\"http:\/\/telgirent24.ee\/toode\/puidust-klapptool-valge-toolide-rent\/\" target=\"_self\" rel=\"noopener\"> <img loading=\"lazy\" decoding=\"async\" title=\"tool chiavari rent toolide rent\" src=\"http:\/\/telgirent24.ee\/wp-content\/uploads\/2022\/02\/toolchiavari.png\" alt=\"tool chiavari rent toolide rent\" width=\"1200\" height=\"1200\" \/> <\/a> <img loading=\"lazy\" decoding=\"async\" title=\"Toolikate klassikaline rent valge banketitooli kate chair covers rent valge\" src=\"http:\/\/telgirent24.ee\/wp-content\/uploads\/2022\/02\/Toolikate-klassikaline-rent-valge-banketitooli-kate-chair covers-rent-valge.jpg\" alt=\"Toolikate klassikaline rent banketitooli kate rent valge chair coverte rent valged chair covers rent peoinventari rent banketitooli kate rent\" width=\"740\" height=\"734\" \/> <a href=\"http:\/\/telgirent24.ee\/toode\/banketitool-kattega-rent\/\" target=\"_self\" rel=\"noopener\"> <img loading=\"lazy\" decoding=\"async\" title=\"klapptool valge rent puidust klapptoolide rent tooli rent valge klapptool\" src=\"http:\/\/telgirent24.ee\/wp-content\/uploads\/2022\/02\/kalpptoolpuidust.png\" alt=\"klapptool valge rent puidust klapptoolide rent tooli rent valge klapptool\" width=\"723\" height=\"737\" \/> <\/a><\/p>\n<p><\/p>\n","protected":false},"excerpt":{"rendered":"<p>Wedding Chair for rent. Comfortable, stackable. Large quantities available.<\/p>\n","protected":false},"featured_media":16095,"template":"","meta":{"inline_featured_image":false,"site-sidebar-layout":"default","site-content-layout":"","ast-site-content-layout":"default","site-content-style":"default","site-sidebar-style":"default","ast-global-header-display":"","ast-banner-title-visibility":"","ast-main-header-display":"","ast-hfb-above-header-display":"","ast-hfb-below-header-display":"","ast-hfb-mobile-header-display":"","site-post-title":"","ast-breadcrumbs-content":"","ast-featured-img":"","footer-sml-layout":"","ast-disable-related-posts":"","theme-transparent-header-meta":"","adv-header-id-meta":"","stick-header-meta":"","header-above-stick-meta":"","header-main-stick-meta":"","header-below-stick-meta":"","astra-migrate-meta-layouts":"default","ast-page-background-enabled":"default","ast-page-background-meta":{"desktop":{"background-color":"var(--ast-global-color-4)","background-image":"","background-repeat":"repeat","background-position":"center center","background-size":"auto","background-attachment":"scroll","background-type":"","background-media":"","overlay-type":"","overlay-color":"","overlay-opacity":"","overlay-gradient":""},"tablet":{"background-color":"","background-image":"","background-repeat":"repeat","background-position":"center center","background-size":"auto","background-attachment":"scroll","background-type":"","background-media":"","overlay-type":"","overlay-color":"","overlay-opacity":"","overlay-gradient":""},"mobile":{"background-color":"","background-image":"","background-repeat":"repeat","background-position":"center center","background-size":"auto","background-attachment":"scroll","background-type":"","background-media":"","overlay-type":"","overlay-color":"","overlay-opacity":"","overlay-gradient":""}},"ast-content-background-meta":{"desktop":{"background-color":"var(--ast-global-color-5)","background-image":"","background-repeat":"repeat","background-position":"center center","background-size":"auto","background-attachment":"scroll","background-type":"","background-media":"","overlay-type":"","overlay-color":"","overlay-opacity":"","overlay-gradient":""},"tablet":{"background-color":"var(--ast-global-color-5)","background-image":"","background-repeat":"repeat","background-position":"center center","background-size":"auto","background-attachment":"scroll","background-type":"","background-media":"","overlay-type":"","overlay-color":"","overlay-opacity":"","overlay-gradient":""},"mobile":{"background-color":"var(--ast-global-color-5)","background-image":"","background-repeat":"repeat","background-position":"center center","background-size":"auto","background-attachment":"scroll","background-type":"","background-media":"","overlay-type":"","overlay-color":"","overlay-opacity":"","overlay-gradient":""}}},"product_cat":[72,83],"product_tag":[],"class_list":{"0":"post-20455","1":"product","2":"type-product","3":"status-publish","4":"has-post-thumbnail","6":"product_cat-moobel","7":"product_cat-toolid","8":"desktop-align-left","9":"tablet-align-left","10":"mobile-align-left","11":"ast-product-gallery-layout-horizontal-slider","12":"ast-magnify-disabled","13":"ast-product-tabs-layout-horizontal","14":"ast-qv-on-image","16":"first","17":"instock","18":"taxable","19":"shipping-taxable","20":"purchasable","21":"product-type-simple"},"acf":[],"_links":{"self":[{"href":"https:\/\/telgirent24.ee\/en\/wp-json\/wp\/v2\/product\/20455","targetHints":{"allow":["GET"]}}],"collection":[{"href":"https:\/\/telgirent24.ee\/en\/wp-json\/wp\/v2\/product"}],"about":[{"href":"https:\/\/telgirent24.ee\/en\/wp-json\/wp\/v2\/types\/product"}],"wp:featuredmedia":[{"embeddable":true,"href":"https:\/\/telgirent24.ee\/en\/wp-json\/wp\/v2\/media\/16095"}],"wp:attachment":[{"href":"https:\/\/telgirent24.ee\/en\/wp-json\/wp\/v2\/media?parent=20455"}],"wp:term":[{"taxonomy":"product_cat","embeddable":true,"href":"https:\/\/telgirent24.ee\/en\/wp-json\/wp\/v2\/product_cat?post=20455"},{"taxonomy":"product_tag","embeddable":true,"href":"https:\/\/telgirent24.ee\/en\/wp-json\/wp\/v2\/product_tag?post=20455"}],"curies":[{"name":"wp","href":"https:\/\/api.w.org\/{rel}","templated":true}]}}