{"id":20784,"date":"2026-01-27T14:37:29","date_gmt":"2026-01-27T14:37:29","guid":{"rendered":"https:\/\/telgirent24.ee\/?post_type=product&#038;p=20784"},"modified":"2026-04-07T08:58:49","modified_gmt":"2026-04-07T08:58:49","slug":"lifetime-round-table-152cm-3","status":"publish","type":"product","link":"https:\/\/telgirent24.ee\/en\/product\/lifetime-round-table-152cm-3\/","title":{"rendered":"Lifetime Round Table 152cm"},"content":{"rendered":"<h1 style=\"text-align: center\">Lifetime 152cm \u00fcmmargune laud<\/h1>\n<p style=\"text-align: center\"><span dir=\"auto\">\u00a0Lifetime&#8217;i \u00fcmmargused lauad k\u00f5ige usaldusv\u00e4\u00e4rsem ja mugavam lahendus. Kerge ja piisavalt mugav l\u00fchiajaliseks kasutamiseks, kuid piisavalt vastupidav ja usaldusv\u00e4\u00e4rne, et seda kasutada p\u00fcsiva m\u00f6\u00f6blina.<\/span><\/p>\n<p style=\"text-align: center\"><span dir=\"auto\"> Laua saab kokkupandava raami abil h\u00f5lpsalt kokku panna ja hoiustada. Pesakujundus v\u00f5imaldab mitut lauda turvaliselt ja kompaktselt koos hoiustada. Laua pulberv\u00e4rvitud terasraam n\u00f5uab\u00a0 v\u00e4hest hooldust. <\/span><\/p>\n<p style=\"text-align: center\"><span dir=\"auto\">Nii pealispind kui ka raam on UV-kaitsega ning vastupidavad l\u00f6\u00f6kidele, roostele ja plekkidele. Lifetime lauad on valmistatud vastupidavuse ja pikaajalise t\u00f6\u00f6kindluse tagamiseks.\u00a0<\/span><\/p>\n<p style=\"text-align: center\"><span dir=\"auto\">Kasutusvalmis, kergesti hooldatav ja lihtsalt hoiustatav<\/span><\/p>\n<p style=\"text-align: center\"><span dir=\"auto\">K\u00f5rge tugevuse ja kaalu suhe<\/span><\/p>\n<p style=\"text-align: center\"><span dir=\"auto\">Plekikindel ja kergesti puhastatav<\/span><\/p>\n<p style=\"text-align: center\"><span dir=\"auto\">Roostekindel pulberv\u00e4rvitud terasraam<\/span><\/p>\n<p style=\"text-align: center\"><span dir=\"auto\">UV-kaitsega k\u00f5rge tihedusega pol\u00fcet\u00fcleenist (HDPE) pealispind<\/span><\/p>\n<p style=\"text-align: center\"><span dir=\"auto\">Sise-\/v\u00e4listingimustes kasutamiseks<\/span><\/p>\n<p style=\"text-align: center\"><span dir=\"auto\">Suurep\u00e4rane tugevus ja vastupidavus<\/span><\/p>\n<p>&nbsp;<\/p>\n<p style=\"text-align: center\"><strong><span dir=\"auto\">Omadused ja eelised\u00a0<\/span><\/strong><\/p>\n<p style=\"text-align: center\"><span dir=\"auto\">Kulumiskindel \u2013 suure tihedusega pol\u00fcet\u00fcleenist (HDPE) pinnad on vastupidavad kriimustustele<\/span><\/p>\n<p style=\"text-align: center\"><span dir=\"auto\">Jalakatted ei j\u00e4ta puitp\u00f5randatele j\u00e4lgi ja on keermestatud kruviga raami k\u00fclge kindlalt kinnitatud.<\/span><\/p>\n<p style=\"text-align: center\"><span dir=\"auto\">Pesastatud disain \u2013 Pesastatud serv sobib teiste laudadega kokku, et luua kompaktsem ja turvalisem hoiulahendus.<\/span><\/p>\n<p style=\"text-align: center\"><span dir=\"auto\">Pulberv\u00e4rvitud terasraam \u2013 pulberv\u00e4rv annab roostekindla ilmastikukindla viimistluse, mis v\u00f5imaldab kasutamist nii sise- kui ka v\u00e4listingimustes.<\/span><\/p>\n<p style=\"text-align: center\"><span dir=\"auto\">K\u00f5rge tugevuse ja kaalu suhe \u2013 kaheseinaline konstruktsioon ja kinnitusmustrid loovad k\u00f5rge tugevuse ja kaalu suhte, et parandada j\u00e4ikust kogu laua pikkuses, s\u00e4ilitades samal ajal mugava kerge disaini.<\/span><\/p>\n<p style=\"text-align: center\"><span dir=\"auto\">Suure tihedusega pol\u00fcet\u00fcleenist (HDPE) valmistatud paks, UV-kaitsega ja suure tihedusega pol\u00fcet\u00fcleenist lauaplaat on j\u00e4ik, \u00fclimalt tugev ja vastupidav. See on ka plekikindel, kergesti puhastatav ning ei pragune ega l\u00f5hene.<\/span><\/p>\n<p><div class=\"ast-oembed-container \" style=\"height: 100%;\"><iframe loading=\"lazy\" title=\"Lifetime Table &amp; Chairs | Lifetime Products\" width=\"500\" height=\"281\" src=\"https:\/\/www.youtube.com\/embed\/J6aZjFDvCcA?feature=oembed\" frameborder=\"0\" allow=\"accelerometer; autoplay; clipboard-write; encrypted-media; gyroscope; picture-in-picture; web-share\" referrerpolicy=\"strict-origin-when-cross-origin\" allowfullscreen><\/iframe><\/div><\/p>\n","protected":false},"excerpt":{"rendered":"<p>Lifetime 152cm \u00fcmmargune laud \u00a0Lifetime&#8217;i \u00fcmmargused lauad k\u00f5ige usaldusv\u00e4\u00e4rsem ja mugavam lahendus. Kerge ja piisavalt mugav l\u00fchiajaliseks kasutamiseks, kuid piisavalt vastupidav ja usaldusv\u00e4\u00e4rne, et seda kasutada p\u00fcsiva m\u00f6\u00f6blina. Laua saab kokkupandava raami abil h\u00f5lpsalt kokku panna ja hoiustada. Pesakujundus v\u00f5imaldab mitut lauda turvaliselt ja kompaktselt koos hoiustada. Laua pulberv\u00e4rvitud terasraam n\u00f5uab\u00a0 v\u00e4hest hooldust. Nii pealispind [&hellip;]<\/p>\n","protected":false},"featured_media":19963,"template":"","meta":{"inline_featured_image":false,"site-sidebar-layout":"default","site-content-layout":"","ast-site-content-layout":"default","site-content-style":"default","site-sidebar-style":"default","ast-global-header-display":"","ast-banner-title-visibility":"","ast-main-header-display":"","ast-hfb-above-header-display":"","ast-hfb-below-header-display":"","ast-hfb-mobile-header-display":"","site-post-title":"","ast-breadcrumbs-content":"","ast-featured-img":"","footer-sml-layout":"","ast-disable-related-posts":"","theme-transparent-header-meta":"default","adv-header-id-meta":"","stick-header-meta":"","header-above-stick-meta":"","header-main-stick-meta":"","header-below-stick-meta":"","astra-migrate-meta-layouts":"default","ast-page-background-enabled":"default","ast-page-background-meta":{"desktop":{"background-color":"var(--ast-global-color-4)","background-image":"","background-repeat":"repeat","background-position":"center center","background-size":"auto","background-attachment":"scroll","background-type":"","background-media":"","overlay-type":"","overlay-color":"","overlay-opacity":"","overlay-gradient":""},"tablet":{"background-color":"","background-image":"","background-repeat":"repeat","background-position":"center center","background-size":"auto","background-attachment":"scroll","background-type":"","background-media":"","overlay-type":"","overlay-color":"","overlay-opacity":"","overlay-gradient":""},"mobile":{"background-color":"","background-image":"","background-repeat":"repeat","background-position":"center center","background-size":"auto","background-attachment":"scroll","background-type":"","background-media":"","overlay-type":"","overlay-color":"","overlay-opacity":"","overlay-gradient":""}},"ast-content-background-meta":{"desktop":{"background-color":"var(--ast-global-color-5)","background-image":"","background-repeat":"repeat","background-position":"center center","background-size":"auto","background-attachment":"scroll","background-type":"","background-media":"","overlay-type":"","overlay-color":"","overlay-opacity":"","overlay-gradient":""},"tablet":{"background-color":"var(--ast-global-color-5)","background-image":"","background-repeat":"repeat","background-position":"center center","background-size":"auto","background-attachment":"scroll","background-type":"","background-media":"","overlay-type":"","overlay-color":"","overlay-opacity":"","overlay-gradient":""},"mobile":{"background-color":"var(--ast-global-color-5)","background-image":"","background-repeat":"repeat","background-position":"center center","background-size":"auto","background-attachment":"scroll","background-type":"","background-media":"","overlay-type":"","overlay-color":"","overlay-opacity":"","overlay-gradient":""}}},"product_cat":[1055,1054],"product_tag":[],"class_list":{"0":"post-20784","1":"product","2":"type-product","3":"status-publish","4":"has-post-thumbnail","6":"product_cat-furniture","7":"product_cat-tables","8":"desktop-align-left","9":"tablet-align-left","10":"mobile-align-left","11":"ast-product-gallery-layout-horizontal-slider","12":"ast-magnify-disabled","13":"ast-product-tabs-layout-horizontal","14":"ast-qv-on-image","16":"first","17":"instock","18":"taxable","19":"shipping-taxable","20":"purchasable","21":"product-type-simple"},"acf":[],"_links":{"self":[{"href":"https:\/\/telgirent24.ee\/en\/wp-json\/wp\/v2\/product\/20784","targetHints":{"allow":["GET"]}}],"collection":[{"href":"https:\/\/telgirent24.ee\/en\/wp-json\/wp\/v2\/product"}],"about":[{"href":"https:\/\/telgirent24.ee\/en\/wp-json\/wp\/v2\/types\/product"}],"wp:featuredmedia":[{"embeddable":true,"href":"https:\/\/telgirent24.ee\/en\/wp-json\/wp\/v2\/media\/19963"}],"wp:attachment":[{"href":"https:\/\/telgirent24.ee\/en\/wp-json\/wp\/v2\/media?parent=20784"}],"wp:term":[{"taxonomy":"product_cat","embeddable":true,"href":"https:\/\/telgirent24.ee\/en\/wp-json\/wp\/v2\/product_cat?post=20784"},{"taxonomy":"product_tag","embeddable":true,"href":"https:\/\/telgirent24.ee\/en\/wp-json\/wp\/v2\/product_tag?post=20784"}],"curies":[{"name":"wp","href":"https:\/\/api.w.org\/{rel}","templated":true}]}}