{"id":20789,"date":"2026-01-27T12:33:39","date_gmt":"2026-01-27T12:33:39","guid":{"rendered":"https:\/\/telgirent24.ee\/?post_type=product&#038;p=20789"},"modified":"2026-04-07T08:58:49","modified_gmt":"2026-04-07T08:58:49","slug":"lifetime-folding-table-183x76cm-2","status":"publish","type":"product","link":"https:\/\/telgirent24.ee\/en\/product\/lifetime-folding-table-183x76cm-2\/","title":{"rendered":"Lifetime Folding Table 183x76cm"},"content":{"rendered":"<h1 style=\"text-align: center\">Lifetime 183x76cm kokkupandav laud<\/h1>\n<p style=\"text-align: center\">Lifetime\u2019i kokkupandavad lauad on vastupidav ja praktiline lahendus nii \u00fcritustele kui ka igap\u00e4evaseks kasutuseks. Need lauad on loodud kestma \u2013 kvaliteetsed materjalid ja l\u00e4bim\u00f5eldud disain tagavad stabiilsuse, mugava kasutuse ning pika eluea.<\/p>\n<p style=\"text-align: center\">Kerge, kuid tugev konstruktsioon v\u00f5imaldab laudu kiiresti \u00fcles seada ja kokku panna. T\u00e4nu kokkupandavale disainile on neid lihtne transportida ja hoiustada, muutes need ideaalseks valikuks nii sise- kui ka v\u00e4listingimustes kasutamiseks.<\/p>\n<p style=\"text-align: center\"><strong>Eelised:<\/strong><\/p>\n<p style=\"text-align: center\">tugev ja stabiilne konstruktsioon<\/p>\n<p style=\"text-align: center\">ilmastiku- ja niiskuskindel lauaplaat<\/p>\n<p style=\"text-align: center\">lihtne ja kiire kokku panna<\/p>\n<p style=\"text-align: center\">kerge puhastada ja hooldada<\/p>\n<p style=\"text-align: center\">kompaktne ladustada<\/p>\n<p style=\"text-align: center\">Lifetime\u2019i lauad on tuntud oma t\u00f6\u00f6kindluse ja vastupidavuse poolest, mist\u00f5ttu on need usaldusv\u00e4\u00e4rne valik nii professionaalseks kasutuseks kui ka kodutarbijale.<\/p>\n<div class=\"w-full mt-[1em] mb-[1px]\">\n<h3 class=\"font-[600] py-[3px] text-[1.25em]\" style=\"text-align: center\" data-slate-node=\"element\" data-anchor=\"materjalid\" data-slug=\"materjalid123\"><span data-slate-node=\"text\"><span class=\"\" data-slate-leaf=\"true\">Materjalid<\/span><\/span><\/h3>\n<\/div>\n<div class=\"w-full my-[1px]\" style=\"text-align: center\">\n<div class=\"flex flex-row ps-[2px]\" data-slate-node=\"element\"><span class=\"select-none flex flex-row justify-center items-center h-[30px] w-[24px] me-[2px] whitespace-nowrap flex-shrink-0 li-decorator\"><span class=\"font-sans font-normal text-[24px]\">\u2022<\/span><\/span><span class=\"flex-1 py-[3px] font-normal text-[16px] text-[var(--text-primary)]\"><span data-slate-node=\"text\"><span class=\"font-[600]\" data-slate-leaf=\"true\">Lauaplaat:<\/span><\/span><span data-slate-node=\"text\"><span class=\"\" data-slate-leaf=\"true\">\u00a0UV-kaitstud HDPE (k\u00f5rgtihedusega pol\u00fcet\u00fcleen)<\/span><\/span><\/span><\/div>\n<\/div>\n<div class=\"w-full my-[1px]\" style=\"text-align: center\">\n<div class=\"flex flex-row ps-[2px]\" data-slate-node=\"element\"><span class=\"select-none flex flex-row justify-center items-center h-[30px] w-[24px] me-[2px] whitespace-nowrap flex-shrink-0 li-decorator\"><span class=\"font-sans font-normal text-[24px]\">\u2022<\/span><\/span><span class=\"flex-1 py-[3px] font-normal text-[16px] text-[var(--text-primary)]\"><span data-slate-node=\"text\"><span class=\"font-[600]\" data-slate-leaf=\"true\">Raam:<\/span><\/span><span data-slate-node=\"text\"><span class=\"\" data-slate-leaf=\"true\">\u00a0Pulberv\u00e4rvitud teras<\/span><\/span><\/span><\/div>\n<\/div>\n<div class=\"w-full my-[1px]\" style=\"text-align: center\">\n<div class=\"flex flex-row ps-[2px]\" data-slate-node=\"element\"><span class=\"select-none flex flex-row justify-center items-center h-[30px] w-[24px] me-[2px] whitespace-nowrap flex-shrink-0 li-decorator\"><span class=\"font-sans font-normal text-[24px]\">\u2022<\/span><\/span><span class=\"flex-1 py-[3px] font-normal text-[16px] text-[var(--text-primary)]\"><span data-slate-node=\"text\"><span class=\"font-[600]\" data-slate-leaf=\"true\">V\u00e4rvus:<\/span><\/span><span data-slate-node=\"text\"><span class=\"\" data-slate-leaf=\"true\">\u00a0Mandel (almond) &#8211; elegantne kreemjas toon<\/span><\/span><\/span><\/div>\n<\/div>\n<div class=\"w-full my-[1px]\" style=\"text-align: center\">\n<div class=\"flex flex-row ps-[2px]\" data-slate-node=\"element\"><span class=\"select-none flex flex-row justify-center items-center h-[30px] w-[24px] me-[2px] whitespace-nowrap flex-shrink-0 li-decorator\"><span class=\"font-sans font-normal text-[24px]\">\u2022<\/span><\/span><span class=\"flex-1 py-[3px] font-normal text-[16px] text-[var(--text-primary)]\"><span data-slate-node=\"text\"><span class=\"font-[600]\" data-slate-leaf=\"true\">Viimistlus:<\/span><\/span><span data-slate-node=\"text\"><span class=\"\" data-slate-leaf=\"true\">\u00a0Matt, s\u00f5rmej\u00e4lgede vastane<\/span><\/span><\/span><\/div>\n<\/div>\n<div class=\"w-full mt-[1em] mb-[1px]\" style=\"text-align: center\">\n<h3 class=\"font-[600] py-[3px] text-[1.25em]\" data-slate-node=\"element\" data-anchor=\"sertifikaadidjastandardid\" data-slug=\"sertifikaadidjastandardid128\"><span data-slate-node=\"text\"><span class=\"\" data-slate-leaf=\"true\">Sertifikaadid ja standardid<\/span><\/span><\/h3>\n<\/div>\n<div class=\"w-full my-[1px]\" style=\"text-align: center\">\n<div class=\"py-[3px]\" data-slate-node=\"element\">\n<p><span data-slate-node=\"text\"><span class=\"\" data-slate-leaf=\"true\">\u2713 \u00dcletab ANSI\/BIFMA standardid<\/span><\/span><\/p>\n<p>\u2713 Light Commercial kvaliteet<\/p>\n<div class=\"py-[3px]\">\u2713 2-aastane piiratud garantii<\/div>\n<div><\/div>\n<\/div>\n<\/div>\n<div class=\"w-full mt-[1.4em] mb-[1px]\" style=\"text-align: center\">\n<h2 class=\"font-[600] py-[3px] text-[1.5em]\" data-slate-node=\"element\" data-anchor=\"miksostatelgirent24eest%3F\" data-slug=\"miksostatelgirent24eest%3F130\"><span data-slate-node=\"text\"><span class=\"\" data-slate-leaf=\"true\">Miks osta Lifetime Products Inc. tooteid?<\/span><\/span><\/h2>\n<\/div>\n<div class=\"w-full mt-[1em] mb-[1px]\" style=\"text-align: center\">\n<h3 class=\"font-[600] py-[3px] text-[1.25em]\" data-slate-node=\"element\" data-anchor=\"ametliklifetimeedasim%C3%BC%C3%BCja\" data-slug=\"ametliklifetimeedasim%C3%BC%C3%BCja131\"><span data-slate-node=\"text\"><span class=\"\" data-slate-leaf=\"true\">\u2713\u00a0<\/span><\/span><span data-slate-node=\"text\"><span class=\"font-[600]\" data-slate-leaf=\"true\">Originaaltooted<\/span><\/span><span data-slate-node=\"text\"><span class=\"\" data-slate-leaf=\"true\">\u00a0&#8211; 100% ehtsad USA Lifetime tooted<\/span><\/span><\/h3>\n<\/div>\n<div class=\"w-full my-[1px]\">\n<div class=\"py-[3px]\" data-slate-node=\"element\">\n<div class=\"py-[3px]\" style=\"text-align: center\"><span data-slate-node=\"text\"><span class=\"\" data-slate-leaf=\"true\">\u2713\u00a0<\/span><\/span><span data-slate-node=\"text\"><span class=\"font-[600]\" data-slate-leaf=\"true\">T\u00e4isgarantii<\/span><\/span><span data-slate-node=\"text\"><span class=\"\" data-slate-leaf=\"true\">\u00a0&#8211; 2-aastane tootja garantii<\/span><\/span><\/div>\n<div class=\"py-[3px]\" style=\"text-align: center\"><span data-slate-node=\"text\"><span class=\"\" data-slate-leaf=\"true\">\u2713\u00a0<\/span><\/span><span data-slate-node=\"text\"><span class=\"font-[600]\" data-slate-leaf=\"true\">Professionaalne n\u00f5ustamine<\/span><\/span><span data-slate-node=\"text\"><span class=\"\" data-slate-leaf=\"true\">\u00a0&#8211; ekspertide abi valiku tegemisel<\/span><\/span><\/div>\n<div class=\"py-[3px]\" style=\"text-align: center\"><span data-slate-node=\"text\"><span class=\"\" data-slate-leaf=\"true\">\u2713 Kindel kvaliteet<\/span><\/span><\/div>\n<div style=\"text-align: center\"><span data-slate-node=\"text\"><span class=\"\" data-slate-leaf=\"true\">\u2713Karanteeritud pikaealisus<\/span><\/span><\/div>\n<div><img loading=\"lazy\" decoding=\"async\" class=\" wp-image-19930 aligncenter\" src=\"https:\/\/telgirent24.ee\/wp-content\/uploads\/2026\/01\/Kokkupandav-laud-183cm.jpg\" alt=\"\" width=\"528\" height=\"528\" srcset=\"https:\/\/telgirent24.ee\/wp-content\/uploads\/2026\/01\/Kokkupandav-laud-183cm.jpg 400w, https:\/\/telgirent24.ee\/wp-content\/uploads\/2026\/01\/Kokkupandav-laud-183cm-300x300.jpg 300w, https:\/\/telgirent24.ee\/wp-content\/uploads\/2026\/01\/Kokkupandav-laud-183cm-150x150.jpg 150w, https:\/\/telgirent24.ee\/wp-content\/uploads\/2026\/01\/Kokkupandav-laud-183cm-24x24.jpg 24w, https:\/\/telgirent24.ee\/wp-content\/uploads\/2026\/01\/Kokkupandav-laud-183cm-36x36.jpg 36w, https:\/\/telgirent24.ee\/wp-content\/uploads\/2026\/01\/Kokkupandav-laud-183cm-48x48.jpg 48w, https:\/\/telgirent24.ee\/wp-content\/uploads\/2026\/01\/Kokkupandav-laud-183cm-100x100.jpg 100w, https:\/\/telgirent24.ee\/wp-content\/uploads\/2026\/01\/Kokkupandav-laud-183cm-50x50.jpg 50w\" sizes=\"auto, (max-width: 528px) 100vw, 528px\" \/><\/div>\n<\/div>\n<\/div>\n","protected":false},"excerpt":{"rendered":"<p>Lifetime 183x76cm kokkupandav laud Lifetime\u2019i kokkupandavad lauad on vastupidav ja praktiline lahendus nii \u00fcritustele kui ka igap\u00e4evaseks kasutuseks. Need lauad on loodud kestma \u2013 kvaliteetsed materjalid ja l\u00e4bim\u00f5eldud disain tagavad stabiilsuse, mugava kasutuse ning pika eluea. Kerge, kuid tugev konstruktsioon v\u00f5imaldab laudu kiiresti \u00fcles seada ja kokku panna. T\u00e4nu kokkupandavale disainile on neid lihtne transportida [&hellip;]<\/p>\n","protected":false},"featured_media":19927,"template":"","meta":{"inline_featured_image":false,"site-sidebar-layout":"default","site-content-layout":"","ast-site-content-layout":"default","site-content-style":"default","site-sidebar-style":"default","ast-global-header-display":"","ast-banner-title-visibility":"","ast-main-header-display":"","ast-hfb-above-header-display":"","ast-hfb-below-header-display":"","ast-hfb-mobile-header-display":"","site-post-title":"","ast-breadcrumbs-content":"","ast-featured-img":"","footer-sml-layout":"","ast-disable-related-posts":"","theme-transparent-header-meta":"default","adv-header-id-meta":"","stick-header-meta":"","header-above-stick-meta":"","header-main-stick-meta":"","header-below-stick-meta":"","astra-migrate-meta-layouts":"default","ast-page-background-enabled":"default","ast-page-background-meta":{"desktop":{"background-color":"var(--ast-global-color-4)","background-image":"","background-repeat":"repeat","background-position":"center center","background-size":"auto","background-attachment":"scroll","background-type":"","background-media":"","overlay-type":"","overlay-color":"","overlay-opacity":"","overlay-gradient":""},"tablet":{"background-color":"","background-image":"","background-repeat":"repeat","background-position":"center center","background-size":"auto","background-attachment":"scroll","background-type":"","background-media":"","overlay-type":"","overlay-color":"","overlay-opacity":"","overlay-gradient":""},"mobile":{"background-color":"","background-image":"","background-repeat":"repeat","background-position":"center center","background-size":"auto","background-attachment":"scroll","background-type":"","background-media":"","overlay-type":"","overlay-color":"","overlay-opacity":"","overlay-gradient":""}},"ast-content-background-meta":{"desktop":{"background-color":"var(--ast-global-color-5)","background-image":"","background-repeat":"repeat","background-position":"center center","background-size":"auto","background-attachment":"scroll","background-type":"","background-media":"","overlay-type":"","overlay-color":"","overlay-opacity":"","overlay-gradient":""},"tablet":{"background-color":"var(--ast-global-color-5)","background-image":"","background-repeat":"repeat","background-position":"center center","background-size":"auto","background-attachment":"scroll","background-type":"","background-media":"","overlay-type":"","overlay-color":"","overlay-opacity":"","overlay-gradient":""},"mobile":{"background-color":"var(--ast-global-color-5)","background-image":"","background-repeat":"repeat","background-position":"center center","background-size":"auto","background-attachment":"scroll","background-type":"","background-media":"","overlay-type":"","overlay-color":"","overlay-opacity":"","overlay-gradient":""}}},"product_cat":[1055,1054],"product_tag":[],"class_list":{"0":"post-20789","1":"product","2":"type-product","3":"status-publish","4":"has-post-thumbnail","6":"product_cat-furniture","7":"product_cat-tables","8":"desktop-align-left","9":"tablet-align-left","10":"mobile-align-left","11":"ast-product-gallery-layout-horizontal-slider","12":"ast-magnify-disabled","13":"ast-product-tabs-layout-horizontal","14":"ast-qv-on-image","16":"first","17":"instock","18":"taxable","19":"shipping-taxable","20":"purchasable","21":"product-type-simple"},"acf":[],"_links":{"self":[{"href":"https:\/\/telgirent24.ee\/en\/wp-json\/wp\/v2\/product\/20789","targetHints":{"allow":["GET"]}}],"collection":[{"href":"https:\/\/telgirent24.ee\/en\/wp-json\/wp\/v2\/product"}],"about":[{"href":"https:\/\/telgirent24.ee\/en\/wp-json\/wp\/v2\/types\/product"}],"wp:featuredmedia":[{"embeddable":true,"href":"https:\/\/telgirent24.ee\/en\/wp-json\/wp\/v2\/media\/19927"}],"wp:attachment":[{"href":"https:\/\/telgirent24.ee\/en\/wp-json\/wp\/v2\/media?parent=20789"}],"wp:term":[{"taxonomy":"product_cat","embeddable":true,"href":"https:\/\/telgirent24.ee\/en\/wp-json\/wp\/v2\/product_cat?post=20789"},{"taxonomy":"product_tag","embeddable":true,"href":"https:\/\/telgirent24.ee\/en\/wp-json\/wp\/v2\/product_tag?post=20789"}],"curies":[{"name":"wp","href":"https:\/\/api.w.org\/{rel}","templated":true}]}}