{"id":20796,"date":"2026-01-27T12:09:43","date_gmt":"2026-01-27T12:09:43","guid":{"rendered":"https:\/\/telgirent24.ee\/?post_type=product&#038;p=20796"},"modified":"2026-04-07T08:58:48","modified_gmt":"2026-04-07T08:58:48","slug":"lifetime-folding-table-122x61cm-2","status":"publish","type":"product","link":"https:\/\/telgirent24.ee\/en\/product\/lifetime-folding-table-122x61cm-2\/","title":{"rendered":"Lifetime Folding Table 122x61cm"},"content":{"rendered":"<h1 style=\"text-align: center\">Lifetime 122x61cm kokkupandav laud<\/h1>\n<p style=\"text-align: center\">Lifetime\u2019i kokkupandavad lauad on vastupidav ja praktiline lahendus nii \u00fcritustele kui ka igap\u00e4evaseks kasutuseks. Need lauad on loodud kestma \u2013 kvaliteetsed materjalid ja l\u00e4bim\u00f5eldud disain tagavad stabiilsuse, mugava kasutuse ning pika eluea.<\/p>\n<p style=\"text-align: center\">Kerge, kuid tugev konstruktsioon v\u00f5imaldab laudu kiiresti \u00fcles seada ja kokku panna. T\u00e4nu kokkupandavale disainile on neid lihtne transportida ja hoiustada, muutes need ideaalseks valikuks nii sise- kui ka v\u00e4listingimustes kasutamiseks.<\/p>\n<p style=\"text-align: center\">Sobivad suurep\u00e4raselt:<\/p>\n<p style=\"text-align: center\">\u00fcritustele ja vastuv\u00f5ttudele<\/p>\n<p style=\"text-align: center\">firmapidudele ja koolitustele<\/p>\n<p style=\"text-align: center\">toitlustus- ja messialadele<\/p>\n<p style=\"text-align: center\">koduseks kasutamiseks ja terrassile<\/p>\n<p style=\"text-align: center\">ajutisteks t\u00f6\u00f6- v\u00f5i lauapindadeks<\/p>\n<p style=\"text-align: center\">Eelised:<\/p>\n<p style=\"text-align: center\">tugev ja stabiilne konstruktsioon<\/p>\n<p style=\"text-align: center\">ilmastiku- ja niiskuskindel lauaplaat<\/p>\n<p style=\"text-align: center\">lihtne ja kiire kokku panna<\/p>\n<p style=\"text-align: center\">kerge puhastada ja hooldada<\/p>\n<p style=\"text-align: center\">kompaktne ladustada<\/p>\n<p style=\"text-align: center\">Lifetime\u2019i lauad on tuntud oma t\u00f6\u00f6kindluse ja vastupidavuse poolest, mist\u00f5ttu on need usaldusv\u00e4\u00e4rne valik nii professionaalseks kasutuseks kui ka kodutarbijale.<\/p>\n<p>&nbsp;<\/p>\n<p><div class=\"ast-oembed-container \" style=\"height: 100%;\"><iframe loading=\"lazy\" title=\"Lifetime 6-Foot Fold-In-Half Table - Multiple Models - Lifetime Feature and Benefits\" width=\"500\" height=\"281\" src=\"https:\/\/www.youtube.com\/embed\/_8pBLlMVlBk?feature=oembed\" frameborder=\"0\" allow=\"accelerometer; autoplay; clipboard-write; encrypted-media; gyroscope; picture-in-picture; web-share\" referrerpolicy=\"strict-origin-when-cross-origin\" allowfullscreen><\/iframe><\/div><\/p>\n","protected":false},"excerpt":{"rendered":"<p>Lifetime 122x61cm kokkupandav laud Lifetime\u2019i kokkupandavad lauad on vastupidav ja praktiline lahendus nii \u00fcritustele kui ka igap\u00e4evaseks kasutuseks. Need lauad on loodud kestma \u2013 kvaliteetsed materjalid ja l\u00e4bim\u00f5eldud disain tagavad stabiilsuse, mugava kasutuse ning pika eluea. Kerge, kuid tugev konstruktsioon v\u00f5imaldab laudu kiiresti \u00fcles seada ja kokku panna. T\u00e4nu kokkupandavale disainile on neid lihtne transportida [&hellip;]<\/p>\n","protected":false},"featured_media":19920,"template":"","meta":{"inline_featured_image":false,"site-sidebar-layout":"default","site-content-layout":"","ast-site-content-layout":"default","site-content-style":"default","site-sidebar-style":"default","ast-global-header-display":"","ast-banner-title-visibility":"","ast-main-header-display":"","ast-hfb-above-header-display":"","ast-hfb-below-header-display":"","ast-hfb-mobile-header-display":"","site-post-title":"","ast-breadcrumbs-content":"","ast-featured-img":"","footer-sml-layout":"","ast-disable-related-posts":"","theme-transparent-header-meta":"default","adv-header-id-meta":"","stick-header-meta":"","header-above-stick-meta":"","header-main-stick-meta":"","header-below-stick-meta":"","astra-migrate-meta-layouts":"default","ast-page-background-enabled":"default","ast-page-background-meta":{"desktop":{"background-color":"var(--ast-global-color-4)","background-image":"","background-repeat":"repeat","background-position":"center center","background-size":"auto","background-attachment":"scroll","background-type":"","background-media":"","overlay-type":"","overlay-color":"","overlay-opacity":"","overlay-gradient":""},"tablet":{"background-color":"","background-image":"","background-repeat":"repeat","background-position":"center center","background-size":"auto","background-attachment":"scroll","background-type":"","background-media":"","overlay-type":"","overlay-color":"","overlay-opacity":"","overlay-gradient":""},"mobile":{"background-color":"","background-image":"","background-repeat":"repeat","background-position":"center center","background-size":"auto","background-attachment":"scroll","background-type":"","background-media":"","overlay-type":"","overlay-color":"","overlay-opacity":"","overlay-gradient":""}},"ast-content-background-meta":{"desktop":{"background-color":"var(--ast-global-color-5)","background-image":"","background-repeat":"repeat","background-position":"center center","background-size":"auto","background-attachment":"scroll","background-type":"","background-media":"","overlay-type":"","overlay-color":"","overlay-opacity":"","overlay-gradient":""},"tablet":{"background-color":"var(--ast-global-color-5)","background-image":"","background-repeat":"repeat","background-position":"center center","background-size":"auto","background-attachment":"scroll","background-type":"","background-media":"","overlay-type":"","overlay-color":"","overlay-opacity":"","overlay-gradient":""},"mobile":{"background-color":"var(--ast-global-color-5)","background-image":"","background-repeat":"repeat","background-position":"center center","background-size":"auto","background-attachment":"scroll","background-type":"","background-media":"","overlay-type":"","overlay-color":"","overlay-opacity":"","overlay-gradient":""}}},"product_cat":[1055,1054],"product_tag":[],"class_list":{"0":"post-20796","1":"product","2":"type-product","3":"status-publish","4":"has-post-thumbnail","6":"product_cat-furniture","7":"product_cat-tables","8":"desktop-align-left","9":"tablet-align-left","10":"mobile-align-left","11":"ast-product-gallery-layout-horizontal-slider","12":"ast-magnify-disabled","13":"ast-product-tabs-layout-horizontal","14":"ast-qv-on-image","16":"first","17":"instock","18":"taxable","19":"shipping-taxable","20":"purchasable","21":"product-type-simple"},"acf":[],"_links":{"self":[{"href":"https:\/\/telgirent24.ee\/en\/wp-json\/wp\/v2\/product\/20796","targetHints":{"allow":["GET"]}}],"collection":[{"href":"https:\/\/telgirent24.ee\/en\/wp-json\/wp\/v2\/product"}],"about":[{"href":"https:\/\/telgirent24.ee\/en\/wp-json\/wp\/v2\/types\/product"}],"wp:featuredmedia":[{"embeddable":true,"href":"https:\/\/telgirent24.ee\/en\/wp-json\/wp\/v2\/media\/19920"}],"wp:attachment":[{"href":"https:\/\/telgirent24.ee\/en\/wp-json\/wp\/v2\/media?parent=20796"}],"wp:term":[{"taxonomy":"product_cat","embeddable":true,"href":"https:\/\/telgirent24.ee\/en\/wp-json\/wp\/v2\/product_cat?post=20796"},{"taxonomy":"product_tag","embeddable":true,"href":"https:\/\/telgirent24.ee\/en\/wp-json\/wp\/v2\/product_tag?post=20796"}],"curies":[{"name":"wp","href":"https:\/\/api.w.org\/{rel}","templated":true}]}}