{"id":20801,"date":"2026-02-02T14:52:05","date_gmt":"2026-02-02T14:52:05","guid":{"rendered":"https:\/\/telgirent24.ee\/?post_type=product&#038;p=20801"},"modified":"2026-04-07T08:58:48","modified_gmt":"2026-04-07T08:58:48","slug":"lifetime-folding-chair-4","status":"publish","type":"product","link":"https:\/\/telgirent24.ee\/en\/product\/lifetime-folding-chair-4\/","title":{"rendered":"Lifetime Folding Chair"},"content":{"rendered":"<h1 style=\"text-align: center\">Lifetime kokkuklapitav tool<\/h1>\n<p>&nbsp;<\/p>\n<p style=\"text-align: center\">Lifetime kokkuklapitav tool \u2013 vastupidav ja praktiline iste igaks vajaduseks<\/p>\n<p style=\"text-align: center\">Lifetime kokkuklapitav tool on t\u00f6\u00f6kindel ja mugav lahendus nii sise- kui ka v\u00e4listingimustesse. Toolil on tugev plastikust iste ja seljatugi ning vastupidav metallraam, mis tagab stabiilsuse ja pika kasutusea ka sagedasel kasutamisel.<\/p>\n<p style=\"text-align: center\">T\u00e4nu kokkuklapitavale konstruktsioonile on tooli lihtne hoiustada ja transportida, mist\u00f5ttu sobib see suurep\u00e4raselt \u00fcritustele, konverentsidele, koolidesse, toitlustusse ning lisaistekohaks kodus v\u00f5i aias. Neutraalne ja ajatu disain sobitub erinevatesse keskkondadesse.<\/p>\n<p style=\"text-align: center\"><strong>Omadused:<\/strong><\/p>\n<p style=\"text-align: center\">kvaliteetne ja usaldusv\u00e4\u00e4rne Lifetime br\u00e4nd<\/p>\n<p style=\"text-align: center\">Tooli seljatugi ja iste on maksimaalse mugavuse tagamiseks teie kehakuju j\u00e4rgi vormitud.<br \/>\nPulberv\u00e4rvitud raam \u2013 raam on UV- ja roostekindla pulberv\u00e4rvitud ning tugevuse tagamiseks valmistatud esmaklassilisest terasest.<br \/>\nJalakatted, mis ei kahjusta p\u00f5randat \u2013 vastupidavad katted hoiavad \u00e4ra p\u00f5randa kahjustumise.<br \/>\nKokkupandav \u2013 Kiirelt ja lihtsalt kokkupandav, et h\u00f5lbustada transportimist ja hoiustamist.<br \/>\nAasjalad \u2013 jalgade disain jaotab kaalu \u00fchtlaselt ning ei torka ega torka mulda ega rohtu.<\/p>\n<p><img loading=\"lazy\" decoding=\"async\" class=\" wp-image-20037 aligncenter\" src=\"https:\/\/telgirent24.ee\/wp-content\/uploads\/2026\/02\/Lifetime-kokkuklapitav-tool2.jpg\" alt=\"\" width=\"526\" height=\"526\" srcset=\"https:\/\/telgirent24.ee\/wp-content\/uploads\/2026\/02\/Lifetime-kokkuklapitav-tool2.jpg 400w, https:\/\/telgirent24.ee\/wp-content\/uploads\/2026\/02\/Lifetime-kokkuklapitav-tool2-300x300.jpg 300w, https:\/\/telgirent24.ee\/wp-content\/uploads\/2026\/02\/Lifetime-kokkuklapitav-tool2-150x150.jpg 150w, https:\/\/telgirent24.ee\/wp-content\/uploads\/2026\/02\/Lifetime-kokkuklapitav-tool2-24x24.jpg 24w, https:\/\/telgirent24.ee\/wp-content\/uploads\/2026\/02\/Lifetime-kokkuklapitav-tool2-36x36.jpg 36w, https:\/\/telgirent24.ee\/wp-content\/uploads\/2026\/02\/Lifetime-kokkuklapitav-tool2-48x48.jpg 48w, https:\/\/telgirent24.ee\/wp-content\/uploads\/2026\/02\/Lifetime-kokkuklapitav-tool2-100x100.jpg 100w, https:\/\/telgirent24.ee\/wp-content\/uploads\/2026\/02\/Lifetime-kokkuklapitav-tool2-50x50.jpg 50w\" sizes=\"auto, (max-width: 526px) 100vw, 526px\" \/><\/p>\n","protected":false},"excerpt":{"rendered":"<p>Lifetime kokkuklapitav tool &nbsp; Lifetime kokkuklapitav tool \u2013 vastupidav ja praktiline iste igaks vajaduseks Lifetime kokkuklapitav tool on t\u00f6\u00f6kindel ja mugav lahendus nii sise- kui ka v\u00e4listingimustesse. Toolil on tugev plastikust iste ja seljatugi ning vastupidav metallraam, mis tagab stabiilsuse ja pika kasutusea ka sagedasel kasutamisel. T\u00e4nu kokkuklapitavale konstruktsioonile on tooli lihtne hoiustada ja transportida, [&hellip;]<\/p>\n","protected":false},"featured_media":20034,"template":"","meta":{"inline_featured_image":false,"site-sidebar-layout":"default","site-content-layout":"","ast-site-content-layout":"default","site-content-style":"default","site-sidebar-style":"default","ast-global-header-display":"","ast-banner-title-visibility":"","ast-main-header-display":"","ast-hfb-above-header-display":"","ast-hfb-below-header-display":"","ast-hfb-mobile-header-display":"","site-post-title":"","ast-breadcrumbs-content":"","ast-featured-img":"","footer-sml-layout":"","ast-disable-related-posts":"","theme-transparent-header-meta":"default","adv-header-id-meta":"","stick-header-meta":"","header-above-stick-meta":"","header-main-stick-meta":"","header-below-stick-meta":"","astra-migrate-meta-layouts":"default","ast-page-background-enabled":"default","ast-page-background-meta":{"desktop":{"background-color":"var(--ast-global-color-4)","background-image":"","background-repeat":"repeat","background-position":"center center","background-size":"auto","background-attachment":"scroll","background-type":"","background-media":"","overlay-type":"","overlay-color":"","overlay-opacity":"","overlay-gradient":""},"tablet":{"background-color":"","background-image":"","background-repeat":"repeat","background-position":"center center","background-size":"auto","background-attachment":"scroll","background-type":"","background-media":"","overlay-type":"","overlay-color":"","overlay-opacity":"","overlay-gradient":""},"mobile":{"background-color":"","background-image":"","background-repeat":"repeat","background-position":"center center","background-size":"auto","background-attachment":"scroll","background-type":"","background-media":"","overlay-type":"","overlay-color":"","overlay-opacity":"","overlay-gradient":""}},"ast-content-background-meta":{"desktop":{"background-color":"var(--ast-global-color-5)","background-image":"","background-repeat":"repeat","background-position":"center center","background-size":"auto","background-attachment":"scroll","background-type":"","background-media":"","overlay-type":"","overlay-color":"","overlay-opacity":"","overlay-gradient":""},"tablet":{"background-color":"var(--ast-global-color-5)","background-image":"","background-repeat":"repeat","background-position":"center center","background-size":"auto","background-attachment":"scroll","background-type":"","background-media":"","overlay-type":"","overlay-color":"","overlay-opacity":"","overlay-gradient":""},"mobile":{"background-color":"var(--ast-global-color-5)","background-image":"","background-repeat":"repeat","background-position":"center center","background-size":"auto","background-attachment":"scroll","background-type":"","background-media":"","overlay-type":"","overlay-color":"","overlay-opacity":"","overlay-gradient":""}}},"product_cat":[1055,1079],"product_tag":[],"class_list":{"0":"post-20801","1":"product","2":"type-product","3":"status-publish","4":"has-post-thumbnail","6":"product_cat-furniture","7":"product_cat-chairs","8":"desktop-align-left","9":"tablet-align-left","10":"mobile-align-left","11":"ast-product-gallery-layout-horizontal-slider","12":"ast-magnify-disabled","13":"ast-product-tabs-layout-horizontal","14":"ast-qv-on-image","16":"first","17":"instock","18":"taxable","19":"shipping-taxable","20":"purchasable","21":"product-type-simple"},"acf":[],"_links":{"self":[{"href":"https:\/\/telgirent24.ee\/en\/wp-json\/wp\/v2\/product\/20801","targetHints":{"allow":["GET"]}}],"collection":[{"href":"https:\/\/telgirent24.ee\/en\/wp-json\/wp\/v2\/product"}],"about":[{"href":"https:\/\/telgirent24.ee\/en\/wp-json\/wp\/v2\/types\/product"}],"wp:featuredmedia":[{"embeddable":true,"href":"https:\/\/telgirent24.ee\/en\/wp-json\/wp\/v2\/media\/20034"}],"wp:attachment":[{"href":"https:\/\/telgirent24.ee\/en\/wp-json\/wp\/v2\/media?parent=20801"}],"wp:term":[{"taxonomy":"product_cat","embeddable":true,"href":"https:\/\/telgirent24.ee\/en\/wp-json\/wp\/v2\/product_cat?post=20801"},{"taxonomy":"product_tag","embeddable":true,"href":"https:\/\/telgirent24.ee\/en\/wp-json\/wp\/v2\/product_tag?post=20801"}],"curies":[{"name":"wp","href":"https:\/\/api.w.org\/{rel}","templated":true}]}}