{"id":20805,"date":"2026-02-02T14:34:38","date_gmt":"2026-02-02T14:34:38","guid":{"rendered":"https:\/\/telgirent24.ee\/?post_type=product&#038;p=20805"},"modified":"2026-04-07T08:58:47","modified_gmt":"2026-04-07T08:58:47","slug":"lifetime-round-table-122cm-2","status":"publish","type":"product","link":"https:\/\/telgirent24.ee\/en\/product\/lifetime-round-table-122cm-2\/","title":{"rendered":"Lifetime Round Table 122cm"},"content":{"rendered":"<h1 style=\"text-align: center\">Lifetime 122cm \u00fcmmargune laud<\/h1>\n<p style=\"text-align: center\">Lifetime \u00fcmmargune kokkupandav laud 122 cm \u2013 vastupidav ja praktiline lahendus<\/p>\n<p style=\"text-align: center\">Lifetime 122 cm l\u00e4bim\u00f5\u00f5duga \u00fcmmargune laud on tugev ja usaldusv\u00e4\u00e4rne valik nii sise- kui ka v\u00e4listingimustesse. Kvaliteetne plastikust lauaplaat ning stabiilne metallraam tagavad kindla toe ja pika kasutusea ka intensiivsel kasutamisel.<\/p>\n<p style=\"text-align: center\">Kokkupandavad jalad muudavad laua lihtsasti hoiustatavaks ja mugavaks transportida, mist\u00f5ttu sobib see ideaalselt \u00fcritustele, bankettidele, seminaridele, toitlustusse, aga ka kodu- ja aiakasutusse. Klassikaline \u00fcmmargune kuju soodustab mugavat istumist ja suhtlemist.<\/p>\n<p style=\"text-align: center\"><strong>Omadused:<\/strong><\/p>\n<p style=\"text-align: center\">tuntud Lifetime\u2019i kvaliteet ja vastupidavus<\/p>\n<p style=\"text-align: center\">l\u00e4bim\u00f5\u00f5t 122 cm<\/p>\n<p style=\"text-align: center\">kokkupandavad jalad \u2013 ruumis\u00e4\u00e4stlik hoiustada<\/p>\n<p style=\"text-align: center\">tugev plastikust lauaplaat<\/p>\n<p style=\"text-align: center\">stabiilne metallraam<\/p>\n<p style=\"text-align: center\">kergesti puhastatav pind<\/p>\n<p style=\"text-align: center\">sobib sise- ja v\u00e4listingimustesse<\/p>\n<p><img loading=\"lazy\" decoding=\"async\" class=\" wp-image-20022 aligncenter\" src=\"https:\/\/telgirent24.ee\/wp-content\/uploads\/2026\/02\/ummargune-122-lifetime-laud-600x600.jpeg\" alt=\"\" width=\"640\" height=\"640\" srcset=\"https:\/\/telgirent24.ee\/wp-content\/uploads\/2026\/02\/ummargune-122-lifetime-laud-600x600.jpeg 600w, https:\/\/telgirent24.ee\/wp-content\/uploads\/2026\/02\/ummargune-122-lifetime-laud-300x300.jpeg 300w, https:\/\/telgirent24.ee\/wp-content\/uploads\/2026\/02\/ummargune-122-lifetime-laud-1024x1024.jpeg 1024w, https:\/\/telgirent24.ee\/wp-content\/uploads\/2026\/02\/ummargune-122-lifetime-laud-150x150.jpeg 150w, https:\/\/telgirent24.ee\/wp-content\/uploads\/2026\/02\/ummargune-122-lifetime-laud-768x768.jpeg 768w, https:\/\/telgirent24.ee\/wp-content\/uploads\/2026\/02\/ummargune-122-lifetime-laud-1536x1536.jpeg 1536w, https:\/\/telgirent24.ee\/wp-content\/uploads\/2026\/02\/ummargune-122-lifetime-laud-24x24.jpeg 24w, https:\/\/telgirent24.ee\/wp-content\/uploads\/2026\/02\/ummargune-122-lifetime-laud-36x36.jpeg 36w, https:\/\/telgirent24.ee\/wp-content\/uploads\/2026\/02\/ummargune-122-lifetime-laud-48x48.jpeg 48w, https:\/\/telgirent24.ee\/wp-content\/uploads\/2026\/02\/ummargune-122-lifetime-laud-100x100.jpeg 100w, https:\/\/telgirent24.ee\/wp-content\/uploads\/2026\/02\/ummargune-122-lifetime-laud-50x50.jpeg 50w, https:\/\/telgirent24.ee\/wp-content\/uploads\/2026\/02\/ummargune-122-lifetime-laud.jpeg 2000w\" sizes=\"auto, (max-width: 640px) 100vw, 640px\" \/><\/p>\n","protected":false},"excerpt":{"rendered":"<p>Lifetime 122cm \u00fcmmargune laud Lifetime \u00fcmmargune kokkupandav laud 122 cm \u2013 vastupidav ja praktiline lahendus Lifetime 122 cm l\u00e4bim\u00f5\u00f5duga \u00fcmmargune laud on tugev ja usaldusv\u00e4\u00e4rne valik nii sise- kui ka v\u00e4listingimustesse. Kvaliteetne plastikust lauaplaat ning stabiilne metallraam tagavad kindla toe ja pika kasutusea ka intensiivsel kasutamisel. Kokkupandavad jalad muudavad laua lihtsasti hoiustatavaks ja mugavaks transportida, [&hellip;]<\/p>\n","protected":false},"featured_media":20017,"template":"","meta":{"inline_featured_image":false,"site-sidebar-layout":"default","site-content-layout":"","ast-site-content-layout":"default","site-content-style":"default","site-sidebar-style":"default","ast-global-header-display":"","ast-banner-title-visibility":"","ast-main-header-display":"","ast-hfb-above-header-display":"","ast-hfb-below-header-display":"","ast-hfb-mobile-header-display":"","site-post-title":"","ast-breadcrumbs-content":"","ast-featured-img":"","footer-sml-layout":"","ast-disable-related-posts":"","theme-transparent-header-meta":"default","adv-header-id-meta":"","stick-header-meta":"","header-above-stick-meta":"","header-main-stick-meta":"","header-below-stick-meta":"","astra-migrate-meta-layouts":"default","ast-page-background-enabled":"default","ast-page-background-meta":{"desktop":{"background-color":"var(--ast-global-color-4)","background-image":"","background-repeat":"repeat","background-position":"center center","background-size":"auto","background-attachment":"scroll","background-type":"","background-media":"","overlay-type":"","overlay-color":"","overlay-opacity":"","overlay-gradient":""},"tablet":{"background-color":"","background-image":"","background-repeat":"repeat","background-position":"center center","background-size":"auto","background-attachment":"scroll","background-type":"","background-media":"","overlay-type":"","overlay-color":"","overlay-opacity":"","overlay-gradient":""},"mobile":{"background-color":"","background-image":"","background-repeat":"repeat","background-position":"center center","background-size":"auto","background-attachment":"scroll","background-type":"","background-media":"","overlay-type":"","overlay-color":"","overlay-opacity":"","overlay-gradient":""}},"ast-content-background-meta":{"desktop":{"background-color":"var(--ast-global-color-5)","background-image":"","background-repeat":"repeat","background-position":"center center","background-size":"auto","background-attachment":"scroll","background-type":"","background-media":"","overlay-type":"","overlay-color":"","overlay-opacity":"","overlay-gradient":""},"tablet":{"background-color":"var(--ast-global-color-5)","background-image":"","background-repeat":"repeat","background-position":"center center","background-size":"auto","background-attachment":"scroll","background-type":"","background-media":"","overlay-type":"","overlay-color":"","overlay-opacity":"","overlay-gradient":""},"mobile":{"background-color":"var(--ast-global-color-5)","background-image":"","background-repeat":"repeat","background-position":"center center","background-size":"auto","background-attachment":"scroll","background-type":"","background-media":"","overlay-type":"","overlay-color":"","overlay-opacity":"","overlay-gradient":""}}},"product_cat":[1055,1054],"product_tag":[],"class_list":{"0":"post-20805","1":"product","2":"type-product","3":"status-publish","4":"has-post-thumbnail","6":"product_cat-furniture","7":"product_cat-tables","8":"desktop-align-left","9":"tablet-align-left","10":"mobile-align-left","11":"ast-product-gallery-layout-horizontal-slider","12":"ast-magnify-disabled","13":"ast-product-tabs-layout-horizontal","14":"ast-qv-on-image","16":"first","17":"instock","18":"taxable","19":"shipping-taxable","20":"purchasable","21":"product-type-simple"},"acf":[],"_links":{"self":[{"href":"https:\/\/telgirent24.ee\/en\/wp-json\/wp\/v2\/product\/20805","targetHints":{"allow":["GET"]}}],"collection":[{"href":"https:\/\/telgirent24.ee\/en\/wp-json\/wp\/v2\/product"}],"about":[{"href":"https:\/\/telgirent24.ee\/en\/wp-json\/wp\/v2\/types\/product"}],"wp:featuredmedia":[{"embeddable":true,"href":"https:\/\/telgirent24.ee\/en\/wp-json\/wp\/v2\/media\/20017"}],"wp:attachment":[{"href":"https:\/\/telgirent24.ee\/en\/wp-json\/wp\/v2\/media?parent=20805"}],"wp:term":[{"taxonomy":"product_cat","embeddable":true,"href":"https:\/\/telgirent24.ee\/en\/wp-json\/wp\/v2\/product_cat?post=20805"},{"taxonomy":"product_tag","embeddable":true,"href":"https:\/\/telgirent24.ee\/en\/wp-json\/wp\/v2\/product_tag?post=20805"}],"curies":[{"name":"wp","href":"https:\/\/api.w.org\/{rel}","templated":true}]}}