{"id":20810,"date":"2026-02-02T14:07:36","date_gmt":"2026-02-02T14:07:36","guid":{"rendered":"https:\/\/telgirent24.ee\/?post_type=product&#038;p=20810"},"modified":"2026-04-07T08:58:47","modified_gmt":"2026-04-07T08:58:47","slug":"lifetime-folding-chair-3","status":"publish","type":"product","link":"https:\/\/telgirent24.ee\/en\/product\/lifetime-folding-chair-3\/","title":{"rendered":"Lifetime Folding Chair"},"content":{"rendered":"<h1 style=\"text-align: center\">Lifetime kokkupandav tool<\/h1>\n<p style=\"text-align: center\">Lifetime kokkupandav tool on kvaliteetne ja t\u00f6\u00f6kindel lahendus nii igap\u00e4evaseks kasutamiseks kui ka suuremateks \u00fcritusteks. Toolil on tugev plastikust iste ja seljatugi ning vastupidav metallraam, mis tagab stabiilsuse ja pika kasutusea.<\/p>\n<p style=\"text-align: center\">Kokkupandav konstruktsioon muudab tooli hoiustamise ja transportimise lihtsaks, mist\u00f5ttu sobib see suurep\u00e4raselt konverentsidele, koosolekutele, koolidesse, \u00fcritustele ning lisaistekohaks kodus v\u00f5i aias. Neutraalne disain sobitub erinevate interj\u00f6\u00f6ride ja keskkondadega.<\/p>\n<p style=\"text-align: center\">Omadused:<\/p>\n<p style=\"text-align: center\">kvaliteetne Lifetime br\u00e4nd<\/p>\n<p style=\"text-align: center\">kokkupandav ja ruumis\u00e4\u00e4stlik<\/p>\n<p style=\"text-align: center\">vastupidav plastikust iste ja seljatugi<\/p>\n<p style=\"text-align: center\">tugev metallraam<\/p>\n<p style=\"text-align: center\">lihtne hooldada ja puhastada<\/p>\n<p style=\"text-align: center\">sobib sise- ja v\u00e4listingimustesse<\/p>\n<p><img loading=\"lazy\" decoding=\"async\" class=\"size-woocommerce_single wp-image-20005 aligncenter\" src=\"https:\/\/telgirent24.ee\/wp-content\/uploads\/2026\/02\/kokkupandav-lifetime-tool-600x600.jpg\" alt=\"\" width=\"600\" height=\"600\" srcset=\"https:\/\/telgirent24.ee\/wp-content\/uploads\/2026\/02\/kokkupandav-lifetime-tool-600x600.jpg 600w, https:\/\/telgirent24.ee\/wp-content\/uploads\/2026\/02\/kokkupandav-lifetime-tool-300x300.jpg 300w, https:\/\/telgirent24.ee\/wp-content\/uploads\/2026\/02\/kokkupandav-lifetime-tool-1024x1024.jpg 1024w, https:\/\/telgirent24.ee\/wp-content\/uploads\/2026\/02\/kokkupandav-lifetime-tool-150x150.jpg 150w, https:\/\/telgirent24.ee\/wp-content\/uploads\/2026\/02\/kokkupandav-lifetime-tool-768x768.jpg 768w, https:\/\/telgirent24.ee\/wp-content\/uploads\/2026\/02\/kokkupandav-lifetime-tool-1536x1536.jpg 1536w, https:\/\/telgirent24.ee\/wp-content\/uploads\/2026\/02\/kokkupandav-lifetime-tool-2048x2048.jpg 2048w, https:\/\/telgirent24.ee\/wp-content\/uploads\/2026\/02\/kokkupandav-lifetime-tool-24x24.jpg 24w, https:\/\/telgirent24.ee\/wp-content\/uploads\/2026\/02\/kokkupandav-lifetime-tool-36x36.jpg 36w, https:\/\/telgirent24.ee\/wp-content\/uploads\/2026\/02\/kokkupandav-lifetime-tool-48x48.jpg 48w, https:\/\/telgirent24.ee\/wp-content\/uploads\/2026\/02\/kokkupandav-lifetime-tool-100x100.jpg 100w, https:\/\/telgirent24.ee\/wp-content\/uploads\/2026\/02\/kokkupandav-lifetime-tool-50x50.jpg 50w\" sizes=\"auto, (max-width: 600px) 100vw, 600px\" \/><\/p>\n<p>&nbsp;<\/p>\n","protected":false},"excerpt":{"rendered":"<p>Lifetime kokkupandav tool Lifetime kokkupandav tool on kvaliteetne ja t\u00f6\u00f6kindel lahendus nii igap\u00e4evaseks kasutamiseks kui ka suuremateks \u00fcritusteks. Toolil on tugev plastikust iste ja seljatugi ning vastupidav metallraam, mis tagab stabiilsuse ja pika kasutusea. Kokkupandav konstruktsioon muudab tooli hoiustamise ja transportimise lihtsaks, mist\u00f5ttu sobib see suurep\u00e4raselt konverentsidele, koosolekutele, koolidesse, \u00fcritustele ning lisaistekohaks kodus v\u00f5i aias. [&hellip;]<\/p>\n","protected":false},"featured_media":20008,"template":"","meta":{"inline_featured_image":false,"site-sidebar-layout":"default","site-content-layout":"","ast-site-content-layout":"default","site-content-style":"default","site-sidebar-style":"default","ast-global-header-display":"","ast-banner-title-visibility":"","ast-main-header-display":"","ast-hfb-above-header-display":"","ast-hfb-below-header-display":"","ast-hfb-mobile-header-display":"","site-post-title":"","ast-breadcrumbs-content":"","ast-featured-img":"","footer-sml-layout":"","ast-disable-related-posts":"","theme-transparent-header-meta":"default","adv-header-id-meta":"","stick-header-meta":"","header-above-stick-meta":"","header-main-stick-meta":"","header-below-stick-meta":"","astra-migrate-meta-layouts":"default","ast-page-background-enabled":"default","ast-page-background-meta":{"desktop":{"background-color":"var(--ast-global-color-4)","background-image":"","background-repeat":"repeat","background-position":"center center","background-size":"auto","background-attachment":"scroll","background-type":"","background-media":"","overlay-type":"","overlay-color":"","overlay-opacity":"","overlay-gradient":""},"tablet":{"background-color":"","background-image":"","background-repeat":"repeat","background-position":"center center","background-size":"auto","background-attachment":"scroll","background-type":"","background-media":"","overlay-type":"","overlay-color":"","overlay-opacity":"","overlay-gradient":""},"mobile":{"background-color":"","background-image":"","background-repeat":"repeat","background-position":"center center","background-size":"auto","background-attachment":"scroll","background-type":"","background-media":"","overlay-type":"","overlay-color":"","overlay-opacity":"","overlay-gradient":""}},"ast-content-background-meta":{"desktop":{"background-color":"var(--ast-global-color-5)","background-image":"","background-repeat":"repeat","background-position":"center center","background-size":"auto","background-attachment":"scroll","background-type":"","background-media":"","overlay-type":"","overlay-color":"","overlay-opacity":"","overlay-gradient":""},"tablet":{"background-color":"var(--ast-global-color-5)","background-image":"","background-repeat":"repeat","background-position":"center center","background-size":"auto","background-attachment":"scroll","background-type":"","background-media":"","overlay-type":"","overlay-color":"","overlay-opacity":"","overlay-gradient":""},"mobile":{"background-color":"var(--ast-global-color-5)","background-image":"","background-repeat":"repeat","background-position":"center center","background-size":"auto","background-attachment":"scroll","background-type":"","background-media":"","overlay-type":"","overlay-color":"","overlay-opacity":"","overlay-gradient":""}}},"product_cat":[1055,1054],"product_tag":[2152],"class_list":{"0":"post-20810","1":"product","2":"type-product","3":"status-publish","4":"has-post-thumbnail","6":"product_cat-furniture","7":"product_cat-tables","8":"product_tag-folding-tool","9":"desktop-align-left","10":"tablet-align-left","11":"mobile-align-left","12":"ast-product-gallery-layout-horizontal-slider","13":"ast-magnify-disabled","14":"ast-product-tabs-layout-horizontal","15":"ast-qv-on-image","17":"first","18":"instock","19":"taxable","20":"shipping-taxable","21":"purchasable","22":"product-type-simple"},"acf":[],"_links":{"self":[{"href":"https:\/\/telgirent24.ee\/en\/wp-json\/wp\/v2\/product\/20810","targetHints":{"allow":["GET"]}}],"collection":[{"href":"https:\/\/telgirent24.ee\/en\/wp-json\/wp\/v2\/product"}],"about":[{"href":"https:\/\/telgirent24.ee\/en\/wp-json\/wp\/v2\/types\/product"}],"wp:featuredmedia":[{"embeddable":true,"href":"https:\/\/telgirent24.ee\/en\/wp-json\/wp\/v2\/media\/20008"}],"wp:attachment":[{"href":"https:\/\/telgirent24.ee\/en\/wp-json\/wp\/v2\/media?parent=20810"}],"wp:term":[{"taxonomy":"product_cat","embeddable":true,"href":"https:\/\/telgirent24.ee\/en\/wp-json\/wp\/v2\/product_cat?post=20810"},{"taxonomy":"product_tag","embeddable":true,"href":"https:\/\/telgirent24.ee\/en\/wp-json\/wp\/v2\/product_tag?post=20810"}],"curies":[{"name":"wp","href":"https:\/\/api.w.org\/{rel}","templated":true}]}}