{"id":20815,"date":"2026-01-27T14:10:57","date_gmt":"2026-01-27T14:10:57","guid":{"rendered":"https:\/\/telgirent24.ee\/?post_type=product&#038;p=20815"},"modified":"2026-04-07T08:58:47","modified_gmt":"2026-04-07T08:58:47","slug":"lifetime-round-table-183cm-2","status":"publish","type":"product","link":"https:\/\/telgirent24.ee\/en\/product\/lifetime-round-table-183cm-2\/","title":{"rendered":"Lifetime Round Table 183cm"},"content":{"rendered":"<h1>Lifetime 183cm \u00fcmmargune laud<\/h1>\n<p style=\"text-align: center\">Lifetime&#8217;i \u00fcmmargused kokkupandavad lauad\u00a0 on valmistatud suure tihedusega pol\u00fcet\u00fcleenist ning on tugevamad, kergemad ja vastupidavamad kui puit. Lauad on loodud nii sise- kui ka v\u00e4listingimustes kasutamiseks. Tugeva terasraam tagab t\u00f6\u00f6kindluse ja on kaitstud pulberv\u00e4rvitud ilmastikukindla viimistlusega. Lifetime&#8217;i lauad sobivad ideaalselt bankettidele, koosolekutele v\u00f5i suurtele \u00fcritustele.<\/p>\n<p style=\"text-align: center\">Kasutusvalmis, kergesti hooldatav ja lihtsalt hoiustatav<br \/>\nPlekikindel ja kergesti puhastatav<br \/>\nRoostekindel pulberv\u00e4rvitud terasraam<br \/>\nUV-kaitsega k\u00f5rge tihedusega pol\u00fcet\u00fcleenist (HDPE) pealispind<br \/>\nSise-\/v\u00e4listingimustes kasutamiseks<br \/>\nSuurep\u00e4rane tugevus ja vastupidavus<\/p>\n<p style=\"text-align: center\"><strong>Omadused ja eelised\u00a0<\/strong><\/p>\n<p style=\"text-align: center\">Jalakatted, mis ei kahjusta p\u00f5randat \u2013 raam on pulberv\u00e4rvitud ja katted hoiavad \u00e4ra p\u00f5randa kahjustumise.<br \/>\nLauaplaadi materjal &#8211; suure tihedusega pol\u00fcet\u00fcleen (HDPE)<br \/>\nLai jalaasend \u2013 loob suurep\u00e4rase stabiilsuse, mida tugevdab jalatoe.<br \/>\nRaami materjal &#8211; pulberv\u00e4rvitud teras<br \/>\nVastupidav pol\u00fcet\u00fcleenist pind \u2013 kerge, vastupidav ja plekikindel pind sisaldab UV-inhibiitoreid, mis pakuvad t\u00e4iendavat kaitset ilmastikum\u00f5jude eest.<\/p>\n<p><div class=\"ast-oembed-container \" style=\"height: 100%;\"><iframe loading=\"lazy\" title=\"Lifetime Table Durability | Lifetime Products\" width=\"500\" height=\"281\" src=\"https:\/\/www.youtube.com\/embed\/GoOTwMRgELs?feature=oembed\" frameborder=\"0\" allow=\"accelerometer; autoplay; clipboard-write; encrypted-media; gyroscope; picture-in-picture; web-share\" referrerpolicy=\"strict-origin-when-cross-origin\" allowfullscreen><\/iframe><\/div><\/p>\n","protected":false},"excerpt":{"rendered":"<p>Lifetime 183cm \u00fcmmargune laud Lifetime&#8217;i \u00fcmmargused kokkupandavad lauad\u00a0 on valmistatud suure tihedusega pol\u00fcet\u00fcleenist ning on tugevamad, kergemad ja vastupidavamad kui puit. Lauad on loodud nii sise- kui ka v\u00e4listingimustes kasutamiseks. Tugeva terasraam tagab t\u00f6\u00f6kindluse ja on kaitstud pulberv\u00e4rvitud ilmastikukindla viimistlusega. Lifetime&#8217;i lauad sobivad ideaalselt bankettidele, koosolekutele v\u00f5i suurtele \u00fcritustele. Kasutusvalmis, kergesti hooldatav ja lihtsalt hoiustatav [&hellip;]<\/p>\n","protected":false},"featured_media":19952,"template":"","meta":{"inline_featured_image":false,"site-sidebar-layout":"default","site-content-layout":"","ast-site-content-layout":"default","site-content-style":"default","site-sidebar-style":"default","ast-global-header-display":"","ast-banner-title-visibility":"","ast-main-header-display":"","ast-hfb-above-header-display":"","ast-hfb-below-header-display":"","ast-hfb-mobile-header-display":"","site-post-title":"","ast-breadcrumbs-content":"","ast-featured-img":"","footer-sml-layout":"","ast-disable-related-posts":"","theme-transparent-header-meta":"default","adv-header-id-meta":"","stick-header-meta":"","header-above-stick-meta":"","header-main-stick-meta":"","header-below-stick-meta":"","astra-migrate-meta-layouts":"default","ast-page-background-enabled":"default","ast-page-background-meta":{"desktop":{"background-color":"var(--ast-global-color-4)","background-image":"","background-repeat":"repeat","background-position":"center center","background-size":"auto","background-attachment":"scroll","background-type":"","background-media":"","overlay-type":"","overlay-color":"","overlay-opacity":"","overlay-gradient":""},"tablet":{"background-color":"","background-image":"","background-repeat":"repeat","background-position":"center center","background-size":"auto","background-attachment":"scroll","background-type":"","background-media":"","overlay-type":"","overlay-color":"","overlay-opacity":"","overlay-gradient":""},"mobile":{"background-color":"","background-image":"","background-repeat":"repeat","background-position":"center center","background-size":"auto","background-attachment":"scroll","background-type":"","background-media":"","overlay-type":"","overlay-color":"","overlay-opacity":"","overlay-gradient":""}},"ast-content-background-meta":{"desktop":{"background-color":"var(--ast-global-color-5)","background-image":"","background-repeat":"repeat","background-position":"center center","background-size":"auto","background-attachment":"scroll","background-type":"","background-media":"","overlay-type":"","overlay-color":"","overlay-opacity":"","overlay-gradient":""},"tablet":{"background-color":"var(--ast-global-color-5)","background-image":"","background-repeat":"repeat","background-position":"center center","background-size":"auto","background-attachment":"scroll","background-type":"","background-media":"","overlay-type":"","overlay-color":"","overlay-opacity":"","overlay-gradient":""},"mobile":{"background-color":"var(--ast-global-color-5)","background-image":"","background-repeat":"repeat","background-position":"center center","background-size":"auto","background-attachment":"scroll","background-type":"","background-media":"","overlay-type":"","overlay-color":"","overlay-opacity":"","overlay-gradient":""}}},"product_cat":[1055,1054],"product_tag":[],"class_list":{"0":"post-20815","1":"product","2":"type-product","3":"status-publish","4":"has-post-thumbnail","6":"product_cat-furniture","7":"product_cat-tables","8":"desktop-align-left","9":"tablet-align-left","10":"mobile-align-left","11":"ast-product-gallery-layout-horizontal-slider","12":"ast-magnify-disabled","13":"ast-product-tabs-layout-horizontal","14":"ast-qv-on-image","16":"first","17":"instock","18":"taxable","19":"shipping-taxable","20":"purchasable","21":"product-type-simple"},"acf":[],"_links":{"self":[{"href":"https:\/\/telgirent24.ee\/en\/wp-json\/wp\/v2\/product\/20815","targetHints":{"allow":["GET"]}}],"collection":[{"href":"https:\/\/telgirent24.ee\/en\/wp-json\/wp\/v2\/product"}],"about":[{"href":"https:\/\/telgirent24.ee\/en\/wp-json\/wp\/v2\/types\/product"}],"wp:featuredmedia":[{"embeddable":true,"href":"https:\/\/telgirent24.ee\/en\/wp-json\/wp\/v2\/media\/19952"}],"wp:attachment":[{"href":"https:\/\/telgirent24.ee\/en\/wp-json\/wp\/v2\/media?parent=20815"}],"wp:term":[{"taxonomy":"product_cat","embeddable":true,"href":"https:\/\/telgirent24.ee\/en\/wp-json\/wp\/v2\/product_cat?post=20815"},{"taxonomy":"product_tag","embeddable":true,"href":"https:\/\/telgirent24.ee\/en\/wp-json\/wp\/v2\/product_tag?post=20815"}],"curies":[{"name":"wp","href":"https:\/\/api.w.org\/{rel}","templated":true}]}}