{"id":20822,"date":"2025-12-16T12:11:13","date_gmt":"2025-12-16T12:11:13","guid":{"rendered":"https:\/\/telgirent24.ee\/?post_type=product&#038;p=20822"},"modified":"2026-04-07T08:58:46","modified_gmt":"2026-04-07T08:58:46","slug":"bar-shelf-114x35xh185cm-2","status":"publish","type":"product","link":"https:\/\/telgirent24.ee\/en\/product\/bar-shelf-114x35xh185cm-2\/","title":{"rendered":"Bar Shelf 114x35xH185cm"},"content":{"rendered":"<h1>Baari riiul<\/h1>\n<p>&nbsp;<\/p>\n<p>Riiuli m\u00f5\u00f5dud 114x35xH185cm, tamm on stiilne ja praktiline riiul, mis sobib ideaalselt nii \u00fcritustele v\u00e4ljapanekuks kui ka inventari dekoratiivseks eksponeerimiseks.<\/p>\n<p>As\u00fcmmeetriline kujundus ja tamme v\u00e4limusega riiuliplaadid loovad modernse tausta joogipudelite, dekoratsioonide v\u00f5i toodete esitlemiseks.<\/p>\n<p>Riiulil on viis erinevale k\u00f5rgusele paigutatud riiulipinda, mis v\u00f5imaldavad luua atraktiivseid kompositsioone pudelitest, klaasidest, taimede v\u00f5i dekoratsioonidega. As\u00fcmmeetriline ja avatud konstruktsioon aitab esemeid esile t\u00f5sta ning tagab, et riiul n\u00e4eb efektne v\u00e4lja ka ruumi keskele v\u00f5i seina \u00e4\u00e4rde paigutatuna.<\/p>\n<p><a href=\"https:\/\/telgirent24.ee\/wp-content\/uploads\/2025\/12\/Baari-riiul-rent.jpg\"><img loading=\"lazy\" decoding=\"async\" class=\"size-large wp-image-19794\" src=\"https:\/\/telgirent24.ee\/wp-content\/uploads\/2025\/12\/Baari-riiul-rent-1024x1024.jpg\" alt=\"Baari riiul rent\" width=\"1024\" height=\"1024\" srcset=\"https:\/\/telgirent24.ee\/wp-content\/uploads\/2025\/12\/Baari-riiul-rent-1024x1024.jpg 1024w, https:\/\/telgirent24.ee\/wp-content\/uploads\/2025\/12\/Baari-riiul-rent-300x300.jpg 300w, https:\/\/telgirent24.ee\/wp-content\/uploads\/2025\/12\/Baari-riiul-rent-150x150.jpg 150w, https:\/\/telgirent24.ee\/wp-content\/uploads\/2025\/12\/Baari-riiul-rent-768x768.jpg 768w, https:\/\/telgirent24.ee\/wp-content\/uploads\/2025\/12\/Baari-riiul-rent-24x24.jpg 24w, https:\/\/telgirent24.ee\/wp-content\/uploads\/2025\/12\/Baari-riiul-rent-36x36.jpg 36w, https:\/\/telgirent24.ee\/wp-content\/uploads\/2025\/12\/Baari-riiul-rent-48x48.jpg 48w, https:\/\/telgirent24.ee\/wp-content\/uploads\/2025\/12\/Baari-riiul-rent-600x600.jpg 600w, https:\/\/telgirent24.ee\/wp-content\/uploads\/2025\/12\/Baari-riiul-rent-100x100.jpg 100w, https:\/\/telgirent24.ee\/wp-content\/uploads\/2025\/12\/Baari-riiul-rent-50x50.jpg 50w, https:\/\/telgirent24.ee\/wp-content\/uploads\/2025\/12\/Baari-riiul-rent.jpg 1500w\" sizes=\"auto, (max-width: 1024px) 100vw, 1024px\" \/><\/a><\/p>\n","protected":false},"excerpt":{"rendered":"<p>Baari riiul &nbsp; Riiuli m\u00f5\u00f5dud 114x35xH185cm, tamm on stiilne ja praktiline riiul, mis sobib ideaalselt nii \u00fcritustele v\u00e4ljapanekuks kui ka inventari dekoratiivseks eksponeerimiseks. As\u00fcmmeetriline kujundus ja tamme v\u00e4limusega riiuliplaadid loovad modernse tausta joogipudelite, dekoratsioonide v\u00f5i toodete esitlemiseks. Riiulil on viis erinevale k\u00f5rgusele paigutatud riiulipinda, mis v\u00f5imaldavad luua atraktiivseid kompositsioone pudelitest, klaasidest, taimede v\u00f5i dekoratsioonidega. As\u00fcmmeetriline [&hellip;]<\/p>\n","protected":false},"featured_media":19795,"template":"","meta":{"inline_featured_image":false,"site-sidebar-layout":"default","site-content-layout":"","ast-site-content-layout":"default","site-content-style":"default","site-sidebar-style":"default","ast-global-header-display":"","ast-banner-title-visibility":"","ast-main-header-display":"","ast-hfb-above-header-display":"","ast-hfb-below-header-display":"","ast-hfb-mobile-header-display":"","site-post-title":"","ast-breadcrumbs-content":"","ast-featured-img":"","footer-sml-layout":"","ast-disable-related-posts":"","theme-transparent-header-meta":"default","adv-header-id-meta":"","stick-header-meta":"","header-above-stick-meta":"","header-main-stick-meta":"","header-below-stick-meta":"","astra-migrate-meta-layouts":"default","ast-page-background-enabled":"default","ast-page-background-meta":{"desktop":{"background-color":"var(--ast-global-color-4)","background-image":"","background-repeat":"repeat","background-position":"center center","background-size":"auto","background-attachment":"scroll","background-type":"","background-media":"","overlay-type":"","overlay-color":"","overlay-opacity":"","overlay-gradient":""},"tablet":{"background-color":"","background-image":"","background-repeat":"repeat","background-position":"center center","background-size":"auto","background-attachment":"scroll","background-type":"","background-media":"","overlay-type":"","overlay-color":"","overlay-opacity":"","overlay-gradient":""},"mobile":{"background-color":"","background-image":"","background-repeat":"repeat","background-position":"center center","background-size":"auto","background-attachment":"scroll","background-type":"","background-media":"","overlay-type":"","overlay-color":"","overlay-opacity":"","overlay-gradient":""}},"ast-content-background-meta":{"desktop":{"background-color":"var(--ast-global-color-5)","background-image":"","background-repeat":"repeat","background-position":"center center","background-size":"auto","background-attachment":"scroll","background-type":"","background-media":"","overlay-type":"","overlay-color":"","overlay-opacity":"","overlay-gradient":""},"tablet":{"background-color":"var(--ast-global-color-5)","background-image":"","background-repeat":"repeat","background-position":"center center","background-size":"auto","background-attachment":"scroll","background-type":"","background-media":"","overlay-type":"","overlay-color":"","overlay-opacity":"","overlay-gradient":""},"mobile":{"background-color":"var(--ast-global-color-5)","background-image":"","background-repeat":"repeat","background-position":"center center","background-size":"auto","background-attachment":"scroll","background-type":"","background-media":"","overlay-type":"","overlay-color":"","overlay-opacity":"","overlay-gradient":""}}},"product_cat":[1055,1078,1071],"product_tag":[],"class_list":{"0":"post-20822","1":"product","2":"type-product","3":"status-publish","4":"has-post-thumbnail","6":"product_cat-furniture","7":"product_cat-clothes-rails-on-wheels","8":"product_cat-other-products","9":"desktop-align-left","10":"tablet-align-left","11":"mobile-align-left","12":"ast-product-gallery-layout-horizontal-slider","13":"ast-magnify-disabled","14":"ast-product-tabs-layout-horizontal","15":"ast-qv-on-image","17":"first","18":"instock","19":"taxable","20":"shipping-taxable","21":"purchasable","22":"product-type-simple"},"acf":[],"_links":{"self":[{"href":"https:\/\/telgirent24.ee\/en\/wp-json\/wp\/v2\/product\/20822","targetHints":{"allow":["GET"]}}],"collection":[{"href":"https:\/\/telgirent24.ee\/en\/wp-json\/wp\/v2\/product"}],"about":[{"href":"https:\/\/telgirent24.ee\/en\/wp-json\/wp\/v2\/types\/product"}],"wp:featuredmedia":[{"embeddable":true,"href":"https:\/\/telgirent24.ee\/en\/wp-json\/wp\/v2\/media\/19795"}],"wp:attachment":[{"href":"https:\/\/telgirent24.ee\/en\/wp-json\/wp\/v2\/media?parent=20822"}],"wp:term":[{"taxonomy":"product_cat","embeddable":true,"href":"https:\/\/telgirent24.ee\/en\/wp-json\/wp\/v2\/product_cat?post=20822"},{"taxonomy":"product_tag","embeddable":true,"href":"https:\/\/telgirent24.ee\/en\/wp-json\/wp\/v2\/product_tag?post=20822"}],"curies":[{"name":"wp","href":"https:\/\/api.w.org\/{rel}","templated":true}]}}