{"id":20836,"date":"2023-10-12T13:26:16","date_gmt":"2023-10-12T13:26:16","guid":{"rendered":"https:\/\/telgirent24.ee\/?post_type=product&#038;p=20836"},"modified":"2026-04-07T08:58:45","modified_gmt":"2026-04-07T08:58:45","slug":"country-crossback-wooden-chair-2","status":"publish","type":"product","link":"https:\/\/telgirent24.ee\/en\/product\/country-crossback-wooden-chair-2\/","title":{"rendered":"Country Crossback Wooden Chair"},"content":{"rendered":"<p><\/p>\n<h1>Tool Country crossback puidust<\/h1>\n<p>&nbsp;<\/p>\n<p>Puidust Country crossback tool on sobib kasutamiseks nii pulmades kui s\u00fcnnip\u00e4evadel.<\/p>\n<p>Tooli on lihtne transportida- virnastatav viie tooli kaupa.<\/p>\n<p>Kandev\u00f5ime: kuni 150kg<\/p>\n<p>Country crossback toole on rendivalikus ka <a href=\"https:\/\/telgirent24.ee\/en\/product\/black-chair-cross-back\/\">musta v\u00e4rvi crossback<\/a><\/p>\n<p>Selle tooli juurde sobivad \u00fcmmargused lauad:<br \/><a href=\"https:\/\/telgirent24.ee\/en\/product\/round-table-o150-cm\/\">\u00dcmmargune laud \u2205 150cm<\/a><\/p>\n<p><a href=\"https:\/\/telgirent24.ee\/en\/product\/round-table-o-180-cm\/\">\u00dcmmargune laud \u2205 180cm<\/a><\/p>\n<p><a href=\"https:\/\/telgirent24.ee\/en\/product\/round-table-o120-cm\/\">\u00dcmmargune laud \u2205 120cm<\/a><\/p>\n<p>Rendivalikus on ka 5 erinevat suurust piklikuid laudasid ja laudlinasid erinevassuuruses ja v\u00e4rvitoonis.<\/p>\n<p>&nbsp;<\/p>\n<p><img loading=\"lazy\" decoding=\"async\" title=\"toolide rent puidust country crossback toolipadjad toolile rent\" src=\"http:\/\/telgirent24.ee\/wp-content\/uploads\/2022\/04\/toolide-rent-puidust-crossback-toolipadjad-toolile-rent.jpg\" alt=\"toolide rent puidust country crossback toolipadjad toolile rent\" width=\"1000\" height=\"1000\" \/> <img loading=\"lazy\" decoding=\"async\" title=\"puidust tool rent Crossback tool pruun\" src=\"http:\/\/telgirent24.ee\/wp-content\/uploads\/2022\/04\/puidust-tool-rent-Crossback-tool-pruun.jpg\" alt=\"country Crossback toolide rent peom\u00f6\u00f6bli rent puit toolide rent country\" width=\"1024\" height=\"1024\" \/> <img loading=\"lazy\" decoding=\"async\" title=\"Crossback toolide rent peom\u00f6\u00f6bli rent\" src=\"http:\/\/telgirent24.ee\/wp-content\/uploads\/2022\/04\/Crossback-toolide-rent-peomoobli-rent.jpg\" alt=\"country Crossback toolide rent peom\u00f6\u00f6bli rent puit toolide rent country\" width=\"640\" height=\"640\" \/> <img loading=\"lazy\" decoding=\"async\" title=\"puidust crossback tool pruun\" src=\"http:\/\/telgirent24.ee\/wp-content\/uploads\/2022\/04\/puidust-crossback-tool-pruun.jpg\" alt=\"puidust crossback coutry tool pruun\" width=\"600\" height=\"400\" \/><\/p>\n<p><\/p>\n","protected":false},"excerpt":{"rendered":"<p>Tool Country crossback puidust &nbsp; Puidust Country crossback tool on sobib kasutamiseks nii pulmades kui s\u00fcnnip\u00e4evadel. Tooli on lihtne transportida- virnastatav viie tooli kaupa. Kandev\u00f5ime: kuni 150kg Country crossback toole on rendivalikus ka musta v\u00e4rvi crossback Selle tooli juurde sobivad \u00fcmmargused lauad:\u00dcmmargune laud \u2205 150cm \u00dcmmargune laud \u2205 180cm \u00dcmmargune laud \u2205 120cm Rendivalikus on [&hellip;]<\/p>\n","protected":false},"featured_media":15111,"template":"","meta":{"inline_featured_image":false,"site-sidebar-layout":"default","site-content-layout":"default","ast-site-content-layout":"default","site-content-style":"default","site-sidebar-style":"default","ast-global-header-display":"","ast-banner-title-visibility":"","ast-main-header-display":"","ast-hfb-above-header-display":"","ast-hfb-below-header-display":"","ast-hfb-mobile-header-display":"","site-post-title":"","ast-breadcrumbs-content":"","ast-featured-img":"","footer-sml-layout":"","ast-disable-related-posts":"","theme-transparent-header-meta":"default","adv-header-id-meta":"","stick-header-meta":"","header-above-stick-meta":"","header-main-stick-meta":"","header-below-stick-meta":"","astra-migrate-meta-layouts":"default","ast-page-background-enabled":"default","ast-page-background-meta":{"desktop":{"background-color":"var(--ast-global-color-4)","background-image":"","background-repeat":"repeat","background-position":"center center","background-size":"auto","background-attachment":"scroll","background-type":"","background-media":"","overlay-type":"","overlay-color":"","overlay-opacity":"","overlay-gradient":""},"tablet":{"background-color":"","background-image":"","background-repeat":"repeat","background-position":"center center","background-size":"auto","background-attachment":"scroll","background-type":"","background-media":"","overlay-type":"","overlay-color":"","overlay-opacity":"","overlay-gradient":""},"mobile":{"background-color":"","background-image":"","background-repeat":"repeat","background-position":"center center","background-size":"auto","background-attachment":"scroll","background-type":"","background-media":"","overlay-type":"","overlay-color":"","overlay-opacity":"","overlay-gradient":""}},"ast-content-background-meta":{"desktop":{"background-color":"var(--ast-global-color-5)","background-image":"","background-repeat":"repeat","background-position":"center center","background-size":"auto","background-attachment":"scroll","background-type":"","background-media":"","overlay-type":"","overlay-color":"","overlay-opacity":"","overlay-gradient":""},"tablet":{"background-color":"var(--ast-global-color-5)","background-image":"","background-repeat":"repeat","background-position":"center center","background-size":"auto","background-attachment":"scroll","background-type":"","background-media":"","overlay-type":"","overlay-color":"","overlay-opacity":"","overlay-gradient":""},"mobile":{"background-color":"var(--ast-global-color-5)","background-image":"","background-repeat":"repeat","background-position":"center center","background-size":"auto","background-attachment":"scroll","background-type":"","background-media":"","overlay-type":"","overlay-color":"","overlay-opacity":"","overlay-gradient":""}}},"product_cat":[1055,1079],"product_tag":[2150],"class_list":{"0":"post-20836","1":"product","2":"type-product","3":"status-publish","4":"has-post-thumbnail","6":"product_cat-furniture","7":"product_cat-chairs","8":"product_tag-tool-en","9":"desktop-align-left","10":"tablet-align-left","11":"mobile-align-left","12":"ast-product-gallery-layout-horizontal-slider","13":"ast-magnify-disabled","14":"ast-product-tabs-layout-horizontal","15":"ast-qv-on-image","17":"first","18":"instock","19":"featured","20":"taxable","21":"shipping-taxable","22":"purchasable","23":"product-type-simple"},"acf":[],"_links":{"self":[{"href":"https:\/\/telgirent24.ee\/en\/wp-json\/wp\/v2\/product\/20836","targetHints":{"allow":["GET"]}}],"collection":[{"href":"https:\/\/telgirent24.ee\/en\/wp-json\/wp\/v2\/product"}],"about":[{"href":"https:\/\/telgirent24.ee\/en\/wp-json\/wp\/v2\/types\/product"}],"wp:featuredmedia":[{"embeddable":true,"href":"https:\/\/telgirent24.ee\/en\/wp-json\/wp\/v2\/media\/15111"}],"wp:attachment":[{"href":"https:\/\/telgirent24.ee\/en\/wp-json\/wp\/v2\/media?parent=20836"}],"wp:term":[{"taxonomy":"product_cat","embeddable":true,"href":"https:\/\/telgirent24.ee\/en\/wp-json\/wp\/v2\/product_cat?post=20836"},{"taxonomy":"product_tag","embeddable":true,"href":"https:\/\/telgirent24.ee\/en\/wp-json\/wp\/v2\/product_tag?post=20836"}],"curies":[{"name":"wp","href":"https:\/\/api.w.org\/{rel}","templated":true}]}}