{"id":20866,"date":"2025-02-17T15:26:09","date_gmt":"2025-02-17T15:26:09","guid":{"rendered":"https:\/\/telgirent24.ee\/?post_type=product&#038;p=20866"},"modified":"2026-04-07T08:58:43","modified_gmt":"2026-04-07T08:58:43","slug":"white-square-bowl-1-5l-2","status":"publish","type":"product","link":"https:\/\/telgirent24.ee\/en\/product\/white-square-bowl-1-5l-2\/","title":{"rendered":"White Square Bowl 1.5L"},"content":{"rendered":"<h2>Kellele ja milleks<\/h2>\n<p>See valge kandiline melamiinkauss on praktiline valik erinevate s\u00fcndmuste jaoks, nagu pulmad, s\u00fcnnip\u00e4evad ning korporatiiv\u00fcritused. T\u00e4nu oma kompaktsele ja kindlale konstruktsioonile sobib see suurep\u00e4raselt serveerimaks k\u00fclmi ja kuumi toite, suupisteid v\u00f5i joogiklaaside asetamist. V\u00f5imalus \u00fchendada selle ka teiste n\u00f5udega aitab luua harmoonilise ning praktilise laudlaua.\n<\/p>\n<h3>Miks valida<\/h3>\n<ul>\n<li>Lihtne puhastada ja hooldada \u2013 melamiinkauss on vastupidav ning sobib korduvkasutuseks.<\/li>\n<li>Kaunilt kandiline disain v\u00f5imaldab suuremat paindlikkust ladustamisel ja serveerimisel.<\/li>\n<li>Mahutavus 1,5 liitrit sobib ideaalselt nii toidule kui jookidele.<\/li>\n<li>V\u00e4rv ja kuju kombineeruvad h\u00e4sti peok\u00fclalistele ja muudavad laua silmapaistvaks.<\/li>\n<li>Saadaval koos teiste peoinventariga \u2013 lihtne komplekteerida oma \u00fcritus vastavalt vajadusele.<\/li>\n<\/ul>\n<h3>Tehnilised andmed<\/h3>\n<table>\n<tr>\n<td>M\u00f5\u00f5dud<\/td>\n<td>Kandiline, suurus umbes 24 \u00d7 20 \u00d7 8 cm<\/td>\n<\/tr>\n<tr>\n<td>Materjal<\/td>\n<td>Melamiin, vastupidav plast<\/td>\n<\/tr>\n<tr>\n<td>Kaal\/maht<\/td>\n<td>\u00dchendkaal umbes 250 g \/mahutavus 1,5 l<\/td>\n<\/tr>\n<tr>\n<td>V\u00e4rv(id)<\/td>\n<td>Valge<\/td>\n<\/tr>\n<tr>\n<td>Komplekt<\/td>\n<td>Individuaalne m\u00fc\u00fck v\u00f5i komplektid<\/td>\n<\/tr>\n<\/table>\n<h3>Rent vs m\u00fc\u00fck<\/h3>\n<ul>\n<li>Meilt on v\u00f5imalik soetada nii kauba ostuna kui ka mugavalt rentida, sobides k\u00f5igile seltskondlike s\u00fcndmuste korraldajatele.<\/li>\n<li>Rentimine h\u00f5lmab n\u00f5ude transpordi, paigalduse ja enne \u00fcritust esindusliku pakkumise teenust ning n\u00f5ude koristust \u00fcrituse l\u00f5ppedes.<\/li>\n<\/ul>\n<p>Meilt leiate k\u00f5ik vajalikud peoinventari lahendused, sealhulgas lauan\u00f5ud, kaunistused ja muud tarvikud, ning aitame korraldada teenuse transpordi ja paigalduse.<\/p>\n","protected":false},"excerpt":{"rendered":"<p>Kandiline salatikauss 1,5L<\/p>\n","protected":false},"featured_media":18497,"template":"","meta":{"inline_featured_image":false,"site-sidebar-layout":"default","site-content-layout":"","ast-site-content-layout":"default","site-content-style":"default","site-sidebar-style":"default","ast-global-header-display":"","ast-banner-title-visibility":"","ast-main-header-display":"","ast-hfb-above-header-display":"","ast-hfb-below-header-display":"","ast-hfb-mobile-header-display":"","site-post-title":"","ast-breadcrumbs-content":"","ast-featured-img":"","footer-sml-layout":"","ast-disable-related-posts":"","theme-transparent-header-meta":"default","adv-header-id-meta":"","stick-header-meta":"","header-above-stick-meta":"","header-main-stick-meta":"","header-below-stick-meta":"","astra-migrate-meta-layouts":"default","ast-page-background-enabled":"default","ast-page-background-meta":{"desktop":{"background-color":"var(--ast-global-color-4)","background-image":"","background-repeat":"repeat","background-position":"center center","background-size":"auto","background-attachment":"scroll","background-type":"","background-media":"","overlay-type":"","overlay-color":"","overlay-opacity":"","overlay-gradient":""},"tablet":{"background-color":"","background-image":"","background-repeat":"repeat","background-position":"center center","background-size":"auto","background-attachment":"scroll","background-type":"","background-media":"","overlay-type":"","overlay-color":"","overlay-opacity":"","overlay-gradient":""},"mobile":{"background-color":"","background-image":"","background-repeat":"repeat","background-position":"center center","background-size":"auto","background-attachment":"scroll","background-type":"","background-media":"","overlay-type":"","overlay-color":"","overlay-opacity":"","overlay-gradient":""}},"ast-content-background-meta":{"desktop":{"background-color":"var(--ast-global-color-5)","background-image":"","background-repeat":"repeat","background-position":"center center","background-size":"auto","background-attachment":"scroll","background-type":"","background-media":"","overlay-type":"","overlay-color":"","overlay-opacity":"","overlay-gradient":""},"tablet":{"background-color":"var(--ast-global-color-5)","background-image":"","background-repeat":"repeat","background-position":"center center","background-size":"auto","background-attachment":"scroll","background-type":"","background-media":"","overlay-type":"","overlay-color":"","overlay-opacity":"","overlay-gradient":""},"mobile":{"background-color":"var(--ast-global-color-5)","background-image":"","background-repeat":"repeat","background-position":"center center","background-size":"auto","background-attachment":"scroll","background-type":"","background-media":"","overlay-type":"","overlay-color":"","overlay-opacity":"","overlay-gradient":""}}},"product_cat":[1059,1061],"product_tag":[],"class_list":{"0":"post-20866","1":"product","2":"type-product","3":"status-publish","4":"has-post-thumbnail","6":"product_cat-tableware","7":"product_cat-serveware","8":"desktop-align-left","9":"tablet-align-left","10":"mobile-align-left","11":"ast-product-gallery-layout-horizontal-slider","12":"ast-product-gallery-with-no-image","13":"ast-magnify-disabled","14":"ast-product-tabs-layout-horizontal","15":"ast-qv-on-image","17":"first","18":"instock","19":"taxable","20":"shipping-taxable","21":"purchasable","22":"product-type-simple"},"acf":[],"_links":{"self":[{"href":"https:\/\/telgirent24.ee\/en\/wp-json\/wp\/v2\/product\/20866","targetHints":{"allow":["GET"]}}],"collection":[{"href":"https:\/\/telgirent24.ee\/en\/wp-json\/wp\/v2\/product"}],"about":[{"href":"https:\/\/telgirent24.ee\/en\/wp-json\/wp\/v2\/types\/product"}],"wp:featuredmedia":[{"embeddable":true,"href":"https:\/\/telgirent24.ee\/en\/wp-json\/wp\/v2\/media\/18497"}],"wp:attachment":[{"href":"https:\/\/telgirent24.ee\/en\/wp-json\/wp\/v2\/media?parent=20866"}],"wp:term":[{"taxonomy":"product_cat","embeddable":true,"href":"https:\/\/telgirent24.ee\/en\/wp-json\/wp\/v2\/product_cat?post=20866"},{"taxonomy":"product_tag","embeddable":true,"href":"https:\/\/telgirent24.ee\/en\/wp-json\/wp\/v2\/product_tag?post=20866"}],"curies":[{"name":"wp","href":"https:\/\/api.w.org\/{rel}","templated":true}]}}