{"id":20875,"date":"2025-01-31T12:32:00","date_gmt":"2025-01-31T12:32:00","guid":{"rendered":"https:\/\/telgirent24.ee\/?post_type=product&#038;p=20875"},"modified":"2026-04-07T08:58:30","modified_gmt":"2026-04-07T08:58:30","slug":"glass-serving-bowl-4-5l-2","status":"publish","type":"product","link":"https:\/\/telgirent24.ee\/en\/product\/glass-serving-bowl-4-5l-2\/","title":{"rendered":"Glass Serving Bowl 4.5L"},"content":{"rendered":"<h2>Klaasist serveerimisn\u00f5u 4,5 l<\/h2>\n<p>Kvaliteetne ja praktiline klaasist valmistatud serveerimisn\u00f5u\u00a0 hoiab toidu sooja ja v\u00e4rskena, pakkudes samal ajal luksuslikku visuaali.<\/p>\n<p>Mahutavus 4,5 l. Teek\u00fc\u00fcnal\u00a0 toidu soojana hoidmiseks\u00a0 sisaldub hinnas.<\/p>\n<p>Sobib suurep\u00e4raselt pidulikeks \u00f5htus\u00f6\u00f6kideks.<\/p>\n<h3><\/h3>\n<h3><strong>Toidu serveerimine\u2013 stiili ja funktsionaalsuse \u00fchendamine.<\/strong><\/h3>\n<p>Toidu serveerimine ei ole ainult funktsionaalne tegevus, vaid ka osa \u00fcrituse visuaalist ja maitseelamustest. Kaasist serveerimisn\u00f5u sobib suurep\u00e4raselt, et t\u00e4iustada igat detaili \u2013 alates toidu soojana hoidmisest kuni elegantse ja apetiitse v\u00e4ljan\u00e4gemiseni.<\/p>\n<ul>\n<li><strong>Stiilne serveerimine loob meeleolu<\/strong><br \/>\nKlaasist toidun\u00f5ud on ideaalne valik, et lisada \u00fcritusele luksuslikku ja elegantset viimistlust. Pulmas v\u00f5i \u00f5htus\u00f6\u00f6gil toidu serveerimine l\u00e4bipaistvates klaasn\u00f5udes muudab toidu v\u00e4rvid ja tekstuurid silmale nauditavamaks, luues v\u00e4rvik\u00fcllase ja kutsuva laua.<\/li>\n<li><strong>Toidu soojana hoidmine \u2013 t\u00e4iuslikult lihtne valik<\/strong><br \/>\nKui on oluline, et toit p\u00fcsiks soojana ka p\u00e4rast valmistamist, siis teek\u00fc\u00fcnlaga klaasn\u00f5u on sobiv lahendus. Tagatud on toidu soojana hoidmine mitme tunni jooksul.<\/li>\n<li><strong>Teek\u00fc\u00fcnla kasutamine lisab soojust<\/strong><br \/>\nToidu k\u00fc\u00fcnla abil soojana hoidmine ei ole ainult praktiline \u2013 see lisab ka visuaalset soojust ja hubasust. Teek\u00fc\u00fcnla \u00f5rn valgus loob sooja ja kutsuva atmosf\u00e4\u00e4ri, eriti pidulikul \u00f5htul. Sooja toidu serveerimine koos kerge k\u00fc\u00fcnlavalgusega lisab \u00fcritusele romantilist ja intiimset meeleolu.<\/li>\n<\/ul>\n<p>Paku oma k\u00fclalistele mitte ainult sooje ja maitsvaid roogasid, vaid ka visuaalselt meeldivat ja meeldej\u00e4\u00e4vat serveerimist. Kasutades teek\u00fc\u00fcnalt toidu soojana hoidmiseks, loote sooja ja kutsuva \u00f5hkkonna, mis t\u00e4iustab iga \u00fcrituse atmosf\u00e4\u00e4ri.<\/p>\n<p>Tutvu ka meie teiste renditoodetega ning t\u00e4ienda oma \u00fcritusi stiili ja funktsionaalsusega, mida meie tootevalik pakub!<\/p>\n<p>\u00dcrituse korradamiseks vajalike toodete rentimine v\u00f5imaldab sul valida t\u00e4pselt need tooted, mida hetkel vajad, ilma et peaks muretsema pikaajaliste investeeringute, toodete hoiustamise v\u00f5i n\u00f5udepesu p\u00e4rast.<\/p>\n","protected":false},"excerpt":{"rendered":"<p>Klaasist serveerimisn\u00f5u 4,5 l Kvaliteetne ja praktiline klaasist valmistatud serveerimisn\u00f5u\u00a0 hoiab toidu sooja ja v\u00e4rskena, pakkudes samal ajal luksuslikku visuaali. Mahutavus 4,5 l. Teek\u00fc\u00fcnal\u00a0 toidu soojana hoidmiseks\u00a0 sisaldub hinnas. Sobib suurep\u00e4raselt pidulikeks \u00f5htus\u00f6\u00f6kideks. Toidu serveerimine\u2013 stiili ja funktsionaalsuse \u00fchendamine. Toidu serveerimine ei ole ainult funktsionaalne tegevus, vaid ka osa \u00fcrituse visuaalist ja maitseelamustest. Kaasist serveerimisn\u00f5u [&hellip;]<\/p>\n","protected":false},"featured_media":18445,"template":"","meta":{"inline_featured_image":false,"site-sidebar-layout":"default","site-content-layout":"","ast-site-content-layout":"default","site-content-style":"default","site-sidebar-style":"default","ast-global-header-display":"","ast-banner-title-visibility":"","ast-main-header-display":"","ast-hfb-above-header-display":"","ast-hfb-below-header-display":"","ast-hfb-mobile-header-display":"","site-post-title":"","ast-breadcrumbs-content":"","ast-featured-img":"","footer-sml-layout":"","ast-disable-related-posts":"","theme-transparent-header-meta":"default","adv-header-id-meta":"","stick-header-meta":"","header-above-stick-meta":"","header-main-stick-meta":"","header-below-stick-meta":"","astra-migrate-meta-layouts":"default","ast-page-background-enabled":"default","ast-page-background-meta":{"desktop":{"background-color":"var(--ast-global-color-4)","background-image":"","background-repeat":"repeat","background-position":"center center","background-size":"auto","background-attachment":"scroll","background-type":"","background-media":"","overlay-type":"","overlay-color":"","overlay-opacity":"","overlay-gradient":""},"tablet":{"background-color":"","background-image":"","background-repeat":"repeat","background-position":"center center","background-size":"auto","background-attachment":"scroll","background-type":"","background-media":"","overlay-type":"","overlay-color":"","overlay-opacity":"","overlay-gradient":""},"mobile":{"background-color":"","background-image":"","background-repeat":"repeat","background-position":"center center","background-size":"auto","background-attachment":"scroll","background-type":"","background-media":"","overlay-type":"","overlay-color":"","overlay-opacity":"","overlay-gradient":""}},"ast-content-background-meta":{"desktop":{"background-color":"var(--ast-global-color-5)","background-image":"","background-repeat":"repeat","background-position":"center center","background-size":"auto","background-attachment":"scroll","background-type":"","background-media":"","overlay-type":"","overlay-color":"","overlay-opacity":"","overlay-gradient":""},"tablet":{"background-color":"var(--ast-global-color-5)","background-image":"","background-repeat":"repeat","background-position":"center center","background-size":"auto","background-attachment":"scroll","background-type":"","background-media":"","overlay-type":"","overlay-color":"","overlay-opacity":"","overlay-gradient":""},"mobile":{"background-color":"var(--ast-global-color-5)","background-image":"","background-repeat":"repeat","background-position":"center center","background-size":"auto","background-attachment":"scroll","background-type":"","background-media":"","overlay-type":"","overlay-color":"","overlay-opacity":"","overlay-gradient":""}}},"product_cat":[1059,1061],"product_tag":[],"class_list":{"0":"post-20875","1":"product","2":"type-product","3":"status-publish","4":"has-post-thumbnail","6":"product_cat-tableware","7":"product_cat-serveware","8":"desktop-align-left","9":"tablet-align-left","10":"mobile-align-left","11":"ast-product-gallery-layout-horizontal-slider","12":"ast-magnify-disabled","13":"ast-product-tabs-layout-horizontal","14":"ast-qv-on-image","16":"first","17":"instock","18":"taxable","19":"shipping-taxable","20":"purchasable","21":"product-type-simple"},"acf":[],"_links":{"self":[{"href":"https:\/\/telgirent24.ee\/en\/wp-json\/wp\/v2\/product\/20875","targetHints":{"allow":["GET"]}}],"collection":[{"href":"https:\/\/telgirent24.ee\/en\/wp-json\/wp\/v2\/product"}],"about":[{"href":"https:\/\/telgirent24.ee\/en\/wp-json\/wp\/v2\/types\/product"}],"wp:featuredmedia":[{"embeddable":true,"href":"https:\/\/telgirent24.ee\/en\/wp-json\/wp\/v2\/media\/18445"}],"wp:attachment":[{"href":"https:\/\/telgirent24.ee\/en\/wp-json\/wp\/v2\/media?parent=20875"}],"wp:term":[{"taxonomy":"product_cat","embeddable":true,"href":"https:\/\/telgirent24.ee\/en\/wp-json\/wp\/v2\/product_cat?post=20875"},{"taxonomy":"product_tag","embeddable":true,"href":"https:\/\/telgirent24.ee\/en\/wp-json\/wp\/v2\/product_tag?post=20875"}],"curies":[{"name":"wp","href":"https:\/\/api.w.org\/{rel}","templated":true}]}}