{"id":20908,"date":"2024-11-05T12:12:44","date_gmt":"2024-11-05T12:12:44","guid":{"rendered":"https:\/\/telgirent24.ee\/?post_type=product&#038;p=20908"},"modified":"2026-04-07T08:58:24","modified_gmt":"2026-04-07T08:58:24","slug":"gold-led-table-lamp-2","status":"publish","type":"product","link":"https:\/\/telgirent24.ee\/en\/product\/gold-led-table-lamp-2\/","title":{"rendered":"Gold LED Table Lamp"},"content":{"rendered":"<h2>Kuldne LED- laualamp<\/h2>\n<p>Otsid ideaalset valgustust, mis tooks Sinu \u00fcritusel ruumi soojust ja stiili? Pakume selleks meie valikus olevat stiilset ja minimalistlikku kuldset LED- laualampi. See mitte ainult ei valgustata ruumi, vaid p\u00fc\u00fcab t\u00e4helepanu ning loob hubase ja meeldiva atmosf\u00e4\u00e4ri. Selle laetav funktsioon ja juhtmevaba kasutusmugavus teevad sellest ideaalse kaaslase erinevate sise- ja v\u00e4liruumide dekoreerimisel.<\/p>\n<h2 class=\"mb-2 mt-6 text-lg first:mt-3\">Miks valida LED-laulamp?<\/h2>\n<h3 class=\"mb-2 mt-6 text-lg first:mt-3\">Energias\u00e4\u00e4stlik ja lihtne kasutada.<\/h3>\n<p class=\"mb-2 mt-6 text-lg first:mt-3\">Laetav LED-laualamp on ideaalne lahendus kui vajad lisavalgust ilma elektri\u00fchenduseta. Laetud lambi kasutusaeg on umbes 6 tundi.<\/p>\n<h3 class=\"mb-2 mt-6 text-lg first:mt-3\">Kaunis disain<\/h3>\n<p>Kuldne metallik LED- laualamp on modernse ja minimalistliku disainiga. Oma tagasihoidliku v\u00e4ljan\u00e4gemisega sobitub erinevate stiilide ja milj\u00f6\u00f6dega.<\/p>\n<h3 class=\"mb-2 mt-6 text-lg first:mt-3\">Reguleeritav valgus<\/h3>\n<p>Lambil on puutetundlikud juhtnupud ja\u00a0 v\u00f5imalus vastavalt vajadusele valida sooja v\u00f5i k\u00fclma valguse vahel. Olgu tegemist romantilise \u00f5htus\u00f6\u00f6gi v\u00f5i t\u00f6\u00f6alase koosviibimisega \u2013elegantne\u00a0 LED- lamp kohandub s\u00fcndmuse vajadustega.<\/p>\n<h2><\/h2>\n<h2><strong>Mugav ja mitmekesine renditeenus<\/strong><\/h2>\n<p>Rentimine v\u00f5imaldab Sul kasutada ja katsetada erinevaid tooteid meie laiast valikust vastavalt \u00fcrituse iseloomule ja vajadusele. Kui \u00fcritus v\u00f5i olukord muutub, saad h\u00f5lpsasti vahetada toote teise vastu, mis sobib paremini\u00a0 n\u00f5udmistega. \u00a0Kui pooldad siiski toodete ostmist, siis rentimine annab ideaalse v\u00f5imaluse testida erinevaid tooteide enne nende ostmist, aidates seel\u00e4bi teha teadlikum otsus, milline toode sobib Sinu n\u00f5udmiste ja vajadustega k\u00f5ige paremini.<\/p>\n<p>&nbsp;<\/p>\n<p>&nbsp;<\/p>\n","protected":false},"excerpt":{"rendered":"<p>Kuldne LED- laualamp Otsid ideaalset valgustust, mis tooks Sinu \u00fcritusel ruumi soojust ja stiili? Pakume selleks meie valikus olevat stiilset ja minimalistlikku kuldset LED- laualampi. See mitte ainult ei valgustata ruumi, vaid p\u00fc\u00fcab t\u00e4helepanu ning loob hubase ja meeldiva atmosf\u00e4\u00e4ri. Selle laetav funktsioon ja juhtmevaba kasutusmugavus teevad sellest ideaalse kaaslase erinevate sise- ja v\u00e4liruumide dekoreerimisel. [&hellip;]<\/p>\n","protected":false},"featured_media":18298,"template":"","meta":{"inline_featured_image":false,"site-sidebar-layout":"default","site-content-layout":"","ast-site-content-layout":"default","site-content-style":"default","site-sidebar-style":"default","ast-global-header-display":"","ast-banner-title-visibility":"","ast-main-header-display":"","ast-hfb-above-header-display":"","ast-hfb-below-header-display":"","ast-hfb-mobile-header-display":"","site-post-title":"","ast-breadcrumbs-content":"","ast-featured-img":"","footer-sml-layout":"","ast-disable-related-posts":"","theme-transparent-header-meta":"default","adv-header-id-meta":"","stick-header-meta":"","header-above-stick-meta":"","header-main-stick-meta":"","header-below-stick-meta":"","astra-migrate-meta-layouts":"default","ast-page-background-enabled":"default","ast-page-background-meta":{"desktop":{"background-color":"var(--ast-global-color-4)","background-image":"","background-repeat":"repeat","background-position":"center center","background-size":"auto","background-attachment":"scroll","background-type":"","background-media":"","overlay-type":"","overlay-color":"","overlay-opacity":"","overlay-gradient":""},"tablet":{"background-color":"","background-image":"","background-repeat":"repeat","background-position":"center center","background-size":"auto","background-attachment":"scroll","background-type":"","background-media":"","overlay-type":"","overlay-color":"","overlay-opacity":"","overlay-gradient":""},"mobile":{"background-color":"","background-image":"","background-repeat":"repeat","background-position":"center center","background-size":"auto","background-attachment":"scroll","background-type":"","background-media":"","overlay-type":"","overlay-color":"","overlay-opacity":"","overlay-gradient":""}},"ast-content-background-meta":{"desktop":{"background-color":"var(--ast-global-color-5)","background-image":"","background-repeat":"repeat","background-position":"center center","background-size":"auto","background-attachment":"scroll","background-type":"","background-media":"","overlay-type":"","overlay-color":"","overlay-opacity":"","overlay-gradient":""},"tablet":{"background-color":"var(--ast-global-color-5)","background-image":"","background-repeat":"repeat","background-position":"center center","background-size":"auto","background-attachment":"scroll","background-type":"","background-media":"","overlay-type":"","overlay-color":"","overlay-opacity":"","overlay-gradient":""},"mobile":{"background-color":"var(--ast-global-color-5)","background-image":"","background-repeat":"repeat","background-position":"center center","background-size":"auto","background-attachment":"scroll","background-type":"","background-media":"","overlay-type":"","overlay-color":"","overlay-opacity":"","overlay-gradient":""}}},"product_cat":[1106,1105,1071],"product_tag":[],"class_list":{"0":"post-20908","1":"product","2":"type-product","3":"status-publish","4":"has-post-thumbnail","6":"product_cat-event-lights","7":"product_cat-new","8":"product_cat-other-products","9":"desktop-align-left","10":"tablet-align-left","11":"mobile-align-left","12":"ast-product-gallery-layout-horizontal-slider","13":"ast-magnify-disabled","14":"ast-product-tabs-layout-horizontal","15":"ast-qv-on-image","17":"first","18":"instock","19":"taxable","20":"shipping-taxable","21":"purchasable","22":"product-type-simple"},"acf":[],"_links":{"self":[{"href":"https:\/\/telgirent24.ee\/en\/wp-json\/wp\/v2\/product\/20908","targetHints":{"allow":["GET"]}}],"collection":[{"href":"https:\/\/telgirent24.ee\/en\/wp-json\/wp\/v2\/product"}],"about":[{"href":"https:\/\/telgirent24.ee\/en\/wp-json\/wp\/v2\/types\/product"}],"wp:featuredmedia":[{"embeddable":true,"href":"https:\/\/telgirent24.ee\/en\/wp-json\/wp\/v2\/media\/18298"}],"wp:attachment":[{"href":"https:\/\/telgirent24.ee\/en\/wp-json\/wp\/v2\/media?parent=20908"}],"wp:term":[{"taxonomy":"product_cat","embeddable":true,"href":"https:\/\/telgirent24.ee\/en\/wp-json\/wp\/v2\/product_cat?post=20908"},{"taxonomy":"product_tag","embeddable":true,"href":"https:\/\/telgirent24.ee\/en\/wp-json\/wp\/v2\/product_tag?post=20908"}],"curies":[{"name":"wp","href":"https:\/\/api.w.org\/{rel}","templated":true}]}}