{"id":20918,"date":"2023-11-24T21:43:33","date_gmt":"2023-11-24T21:43:33","guid":{"rendered":"https:\/\/telgirent24.ee\/?post_type=product&#038;p=20918"},"modified":"2026-04-07T08:58:23","modified_gmt":"2026-04-07T08:58:23","slug":"artificial-spruce-rental-2","status":"publish","type":"product","link":"https:\/\/telgirent24.ee\/en\/product\/artificial-spruce-rental-2\/","title":{"rendered":"Artificial Spruce Rental"},"content":{"rendered":"<h1>Kunstkuuse rent<\/h1>\n<p>Kunstuuse rent on ideaalne lahendus sinu ettev\u00f5tte j\u00f5ulupeole v\u00f5i kontoris j\u00f5ulutunde tekitamiseks.<\/p>\n<p>Kuusk on kaetud LED j\u00f5ulutuledega mis on sooja valge valgusega.<\/p>\n<ul>\n<li>Kuuse pikkus on 210cm<\/li>\n<li>Diameeter 140cm<\/li>\n<\/ul>\n<p>Rendime kuuski nii \u00fcheks \u00f5htuks kui ka pikemaks perjoodiks.<\/p>\n<p>Sina tellid ja meie tuleme paneme kuuse kenasti paika ja tuleme ka p\u00e4rast j\u00e4rgi.<\/p>\n<p>Ei mingit muret kus kuuske hoiustada ja pole vaja ka langevate okaste p\u00e4rast muretseda.<\/p>\n<p>&nbsp;<\/p>\n<p><a href=\"http:\/\/telgirent24.ee\/wp-content\/uploads\/2023\/11\/kunstkuuse-rent-kuusepuu-rent-kuusk-1.png\"><img loading=\"lazy\" decoding=\"async\" class=\"size-large wp-image-16085\" src=\"http:\/\/telgirent24.ee\/wp-content\/uploads\/2023\/11\/kunstkuuse-rent-kuusepuu-rent-kuusk-1-538x1024.png\" alt=\"kunstkuuse rent kuusepuu rent kuusk\" width=\"538\" height=\"1024\" srcset=\"https:\/\/telgirent24.ee\/wp-content\/uploads\/2023\/11\/kunstkuuse-rent-kuusepuu-rent-kuusk-1-538x1024.png 538w, https:\/\/telgirent24.ee\/wp-content\/uploads\/2023\/11\/kunstkuuse-rent-kuusepuu-rent-kuusk-1-157x300.png 157w, https:\/\/telgirent24.ee\/wp-content\/uploads\/2023\/11\/kunstkuuse-rent-kuusepuu-rent-kuusk-1-13x24.png 13w, https:\/\/telgirent24.ee\/wp-content\/uploads\/2023\/11\/kunstkuuse-rent-kuusepuu-rent-kuusk-1-19x36.png 19w, https:\/\/telgirent24.ee\/wp-content\/uploads\/2023\/11\/kunstkuuse-rent-kuusepuu-rent-kuusk-1-25x48.png 25w, https:\/\/telgirent24.ee\/wp-content\/uploads\/2023\/11\/kunstkuuse-rent-kuusepuu-rent-kuusk-1-600x1143.png 600w, https:\/\/telgirent24.ee\/wp-content\/uploads\/2023\/11\/kunstkuuse-rent-kuusepuu-rent-kuusk-1.png 642w\" sizes=\"auto, (max-width: 538px) 100vw, 538px\" \/><\/a><\/p>\n<p>&nbsp;<\/p>\n<p>&nbsp;<\/p>\n<p>&nbsp;<\/p>\n<p>&nbsp;<\/p>\n<p>&nbsp;<\/p>\n<p><a href=\"http:\/\/telgirent24.ee\/wp-content\/uploads\/2023\/11\/kuusepuu-rent-kuusk-rendiks-kuuskede-rent.png\"><img loading=\"lazy\" decoding=\"async\" class=\" wp-image-16087\" src=\"http:\/\/telgirent24.ee\/wp-content\/uploads\/2023\/11\/kuusepuu-rent-kuusk-rendiks-kuuskede-rent.png\" alt=\"kuusepuu rent kuusk rendiks kuuskede rent\" width=\"449\" height=\"782\" srcset=\"https:\/\/telgirent24.ee\/wp-content\/uploads\/2023\/11\/kuusepuu-rent-kuusk-rendiks-kuuskede-rent.png 363w, https:\/\/telgirent24.ee\/wp-content\/uploads\/2023\/11\/kuusepuu-rent-kuusk-rendiks-kuuskede-rent-172x300.png 172w, https:\/\/telgirent24.ee\/wp-content\/uploads\/2023\/11\/kuusepuu-rent-kuusk-rendiks-kuuskede-rent-14x24.png 14w, https:\/\/telgirent24.ee\/wp-content\/uploads\/2023\/11\/kuusepuu-rent-kuusk-rendiks-kuuskede-rent-21x36.png 21w, https:\/\/telgirent24.ee\/wp-content\/uploads\/2023\/11\/kuusepuu-rent-kuusk-rendiks-kuuskede-rent-28x48.png 28w\" sizes=\"auto, (max-width: 449px) 100vw, 449px\" \/><\/a><\/p>\n<p>NB! Kuusega ei tule kaasa j\u00f5uluehted vaid valge valgusega j\u00f5uluvalgustus.<\/p>\n<p>&nbsp;<\/p>\n","protected":false},"excerpt":{"rendered":"<p>Kunstkuuse rent Kunstuuse rent on ideaalne lahendus sinu ettev\u00f5tte j\u00f5ulupeole v\u00f5i kontoris j\u00f5ulutunde tekitamiseks. Kuusk on kaetud LED j\u00f5ulutuledega mis on sooja valge valgusega. Kuuse pikkus on 210cm Diameeter 140cm Rendime kuuski nii \u00fcheks \u00f5htuks kui ka pikemaks perjoodiks. Sina tellid ja meie tuleme paneme kuuse kenasti paika ja tuleme ka p\u00e4rast j\u00e4rgi. Ei mingit [&hellip;]<\/p>\n","protected":false},"featured_media":16086,"template":"","meta":{"inline_featured_image":false,"site-sidebar-layout":"default","site-content-layout":"default","ast-site-content-layout":"default","site-content-style":"default","site-sidebar-style":"default","ast-global-header-display":"","ast-banner-title-visibility":"","ast-main-header-display":"","ast-hfb-above-header-display":"","ast-hfb-below-header-display":"","ast-hfb-mobile-header-display":"","site-post-title":"","ast-breadcrumbs-content":"","ast-featured-img":"","footer-sml-layout":"","ast-disable-related-posts":"","theme-transparent-header-meta":"default","adv-header-id-meta":"","stick-header-meta":"","header-above-stick-meta":"","header-main-stick-meta":"","header-below-stick-meta":"","astra-migrate-meta-layouts":"default","ast-page-background-enabled":"default","ast-page-background-meta":{"desktop":{"background-color":"var(--ast-global-color-4)","background-image":"","background-repeat":"repeat","background-position":"center center","background-size":"auto","background-attachment":"scroll","background-type":"","background-media":"","overlay-type":"","overlay-color":"","overlay-opacity":"","overlay-gradient":""},"tablet":{"background-color":"","background-image":"","background-repeat":"repeat","background-position":"center center","background-size":"auto","background-attachment":"scroll","background-type":"","background-media":"","overlay-type":"","overlay-color":"","overlay-opacity":"","overlay-gradient":""},"mobile":{"background-color":"","background-image":"","background-repeat":"repeat","background-position":"center center","background-size":"auto","background-attachment":"scroll","background-type":"","background-media":"","overlay-type":"","overlay-color":"","overlay-opacity":"","overlay-gradient":""}},"ast-content-background-meta":{"desktop":{"background-color":"var(--ast-global-color-5)","background-image":"","background-repeat":"repeat","background-position":"center center","background-size":"auto","background-attachment":"scroll","background-type":"","background-media":"","overlay-type":"","overlay-color":"","overlay-opacity":"","overlay-gradient":""},"tablet":{"background-color":"var(--ast-global-color-5)","background-image":"","background-repeat":"repeat","background-position":"center center","background-size":"auto","background-attachment":"scroll","background-type":"","background-media":"","overlay-type":"","overlay-color":"","overlay-opacity":"","overlay-gradient":""},"mobile":{"background-color":"var(--ast-global-color-5)","background-image":"","background-repeat":"repeat","background-position":"center center","background-size":"auto","background-attachment":"scroll","background-type":"","background-media":"","overlay-type":"","overlay-color":"","overlay-opacity":"","overlay-gradient":""}}},"product_cat":[1105,1071],"product_tag":[],"class_list":{"0":"post-20918","1":"product","2":"type-product","3":"status-publish","4":"has-post-thumbnail","6":"product_cat-new","7":"product_cat-other-products","8":"desktop-align-left","9":"tablet-align-left","10":"mobile-align-left","11":"ast-product-gallery-layout-horizontal-slider","12":"ast-magnify-disabled","13":"ast-product-tabs-layout-horizontal","14":"ast-qv-on-image","16":"first","17":"instock","18":"sale","19":"taxable","20":"shipping-taxable","21":"purchasable","22":"product-type-simple"},"acf":[],"_links":{"self":[{"href":"https:\/\/telgirent24.ee\/en\/wp-json\/wp\/v2\/product\/20918","targetHints":{"allow":["GET"]}}],"collection":[{"href":"https:\/\/telgirent24.ee\/en\/wp-json\/wp\/v2\/product"}],"about":[{"href":"https:\/\/telgirent24.ee\/en\/wp-json\/wp\/v2\/types\/product"}],"wp:featuredmedia":[{"embeddable":true,"href":"https:\/\/telgirent24.ee\/en\/wp-json\/wp\/v2\/media\/16086"}],"wp:attachment":[{"href":"https:\/\/telgirent24.ee\/en\/wp-json\/wp\/v2\/media?parent=20918"}],"wp:term":[{"taxonomy":"product_cat","embeddable":true,"href":"https:\/\/telgirent24.ee\/en\/wp-json\/wp\/v2\/product_cat?post=20918"},{"taxonomy":"product_tag","embeddable":true,"href":"https:\/\/telgirent24.ee\/en\/wp-json\/wp\/v2\/product_tag?post=20918"}],"curies":[{"name":"wp","href":"https:\/\/api.w.org\/{rel}","templated":true}]}}