{"id":20929,"date":"2026-01-22T08:41:08","date_gmt":"2026-01-22T08:41:08","guid":{"rendered":"https:\/\/telgirent24.ee\/?post_type=product&#038;p=20929"},"modified":"2026-04-07T08:49:34","modified_gmt":"2026-04-07T08:49:34","slug":"black-tablecloth-220cm-2","status":"publish","type":"product","link":"https:\/\/telgirent24.ee\/en\/product\/black-tablecloth-220cm-2\/","title":{"rendered":"Black Tablecloth \u00d8220cm"},"content":{"rendered":"<h1 style=\"text-align: center\">Laudlina \u00d8220cm must<\/h1>\n<p style=\"text-align: center\">Kaunis laud on iga s\u00fcndmuse keskpunkt. Meie laudlinade rent aitab luua \u00fchtse ja stiilse peolaua ilma suure v\u00e4ljaminekuta. Valikus on erinevad v\u00e4rvid ja suurused, mis sobivad nii pidulikele vastuv\u00f5ttudele kui ka hubastele koosviibimistele. Sina naudid s\u00fcndmust \u2013 meie hoolitseme detailide eest.<\/p>\n<p>\u00a0<img loading=\"lazy\" decoding=\"async\" class=\"alignnone size-woocommerce_single wp-image-19830 aligncenter\" src=\"https:\/\/telgirent24.ee\/wp-content\/uploads\/2026\/01\/laudlina-600x915.jpg\" alt=\"\" width=\"600\" height=\"915\" srcset=\"https:\/\/telgirent24.ee\/wp-content\/uploads\/2026\/01\/laudlina-600x915.jpg 600w, https:\/\/telgirent24.ee\/wp-content\/uploads\/2026\/01\/laudlina-197x300.jpg 197w, https:\/\/telgirent24.ee\/wp-content\/uploads\/2026\/01\/laudlina-16x24.jpg 16w, https:\/\/telgirent24.ee\/wp-content\/uploads\/2026\/01\/laudlina-24x36.jpg 24w, https:\/\/telgirent24.ee\/wp-content\/uploads\/2026\/01\/laudlina-31x48.jpg 31w, https:\/\/telgirent24.ee\/wp-content\/uploads\/2026\/01\/laudlina.jpg 656w\" sizes=\"auto, (max-width: 600px) 100vw, 600px\" \/><\/p>\n","protected":false},"excerpt":{"rendered":"<p>Laudlina \u00d8220cm must Kaunis laud on iga s\u00fcndmuse keskpunkt. Meie laudlinade rent aitab luua \u00fchtse ja stiilse peolaua ilma suure v\u00e4ljaminekuta. Valikus on erinevad v\u00e4rvid ja suurused, mis sobivad nii pidulikele vastuv\u00f5ttudele kui ka hubastele koosviibimistele. Sina naudid s\u00fcndmust \u2013 meie hoolitseme detailide eest. \u00a0<\/p>\n","protected":false},"featured_media":19829,"template":"","meta":{"inline_featured_image":false,"site-sidebar-layout":"default","site-content-layout":"","ast-site-content-layout":"default","site-content-style":"default","site-sidebar-style":"default","ast-global-header-display":"","ast-banner-title-visibility":"","ast-main-header-display":"","ast-hfb-above-header-display":"","ast-hfb-below-header-display":"","ast-hfb-mobile-header-display":"","site-post-title":"","ast-breadcrumbs-content":"","ast-featured-img":"","footer-sml-layout":"","ast-disable-related-posts":"","theme-transparent-header-meta":"default","adv-header-id-meta":"","stick-header-meta":"","header-above-stick-meta":"","header-main-stick-meta":"","header-below-stick-meta":"","astra-migrate-meta-layouts":"default","ast-page-background-enabled":"default","ast-page-background-meta":{"desktop":{"background-color":"var(--ast-global-color-4)","background-image":"","background-repeat":"repeat","background-position":"center center","background-size":"auto","background-attachment":"scroll","background-type":"","background-media":"","overlay-type":"","overlay-color":"","overlay-opacity":"","overlay-gradient":""},"tablet":{"background-color":"","background-image":"","background-repeat":"repeat","background-position":"center center","background-size":"auto","background-attachment":"scroll","background-type":"","background-media":"","overlay-type":"","overlay-color":"","overlay-opacity":"","overlay-gradient":""},"mobile":{"background-color":"","background-image":"","background-repeat":"repeat","background-position":"center center","background-size":"auto","background-attachment":"scroll","background-type":"","background-media":"","overlay-type":"","overlay-color":"","overlay-opacity":"","overlay-gradient":""}},"ast-content-background-meta":{"desktop":{"background-color":"var(--ast-global-color-5)","background-image":"","background-repeat":"repeat","background-position":"center center","background-size":"auto","background-attachment":"scroll","background-type":"","background-media":"","overlay-type":"","overlay-color":"","overlay-opacity":"","overlay-gradient":""},"tablet":{"background-color":"var(--ast-global-color-5)","background-image":"","background-repeat":"repeat","background-position":"center center","background-size":"auto","background-attachment":"scroll","background-type":"","background-media":"","overlay-type":"","overlay-color":"","overlay-opacity":"","overlay-gradient":""},"mobile":{"background-color":"var(--ast-global-color-5)","background-image":"","background-repeat":"repeat","background-position":"center center","background-size":"auto","background-attachment":"scroll","background-type":"","background-media":"","overlay-type":"","overlay-color":"","overlay-opacity":"","overlay-gradient":""}}},"product_cat":[1064,1067],"product_tag":[1885],"class_list":{"0":"post-20929","1":"product","2":"type-product","3":"status-publish","4":"has-post-thumbnail","6":"product_cat-tablecloths-and-chair-covers","7":"product_cat-round-tablecloths","8":"product_tag-round-tablecloth","9":"desktop-align-left","10":"tablet-align-left","11":"mobile-align-left","12":"ast-product-gallery-layout-horizontal-slider","13":"ast-product-gallery-with-no-image","14":"ast-magnify-disabled","15":"ast-product-tabs-layout-horizontal","16":"ast-qv-on-image","18":"first","19":"instock","20":"taxable","21":"shipping-taxable","22":"purchasable","23":"product-type-simple"},"acf":[],"_links":{"self":[{"href":"https:\/\/telgirent24.ee\/en\/wp-json\/wp\/v2\/product\/20929","targetHints":{"allow":["GET"]}}],"collection":[{"href":"https:\/\/telgirent24.ee\/en\/wp-json\/wp\/v2\/product"}],"about":[{"href":"https:\/\/telgirent24.ee\/en\/wp-json\/wp\/v2\/types\/product"}],"wp:featuredmedia":[{"embeddable":true,"href":"https:\/\/telgirent24.ee\/en\/wp-json\/wp\/v2\/media\/19829"}],"wp:attachment":[{"href":"https:\/\/telgirent24.ee\/en\/wp-json\/wp\/v2\/media?parent=20929"}],"wp:term":[{"taxonomy":"product_cat","embeddable":true,"href":"https:\/\/telgirent24.ee\/en\/wp-json\/wp\/v2\/product_cat?post=20929"},{"taxonomy":"product_tag","embeddable":true,"href":"https:\/\/telgirent24.ee\/en\/wp-json\/wp\/v2\/product_tag?post=20929"}],"curies":[{"name":"wp","href":"https:\/\/api.w.org\/{rel}","templated":true}]}}