{"id":20933,"date":"2026-01-22T08:51:06","date_gmt":"2026-01-22T08:51:06","guid":{"rendered":"https:\/\/telgirent24.ee\/?post_type=product&#038;p=20933"},"modified":"2026-04-07T08:49:39","modified_gmt":"2026-04-07T08:49:39","slug":"black-tablecloth-250cm-2","status":"publish","type":"product","link":"https:\/\/telgirent24.ee\/en\/product\/black-tablecloth-250cm-2\/","title":{"rendered":"Black Tablecloth \u00d8250cm"},"content":{"rendered":"<h1 style=\"text-align: center\">Laudlina \u00d8250cm must<\/h1>\n<p style=\"text-align: center\">Kaunis laud on iga s\u00fcndmuse keskpunkt. Laudlinade rent on mugav ja soodne lahendus \u00fcrituste korraldamisel.<\/p>\n<p style=\"text-align: center\">Must laudlina loob peene ja elegantse aluse, millel paistavad eriti h\u00e4sti v\u00e4lja n\u00f5ud, klaasid ja dekoratsioonid.<\/p>\n<p style=\"text-align: center\">Meie rendivalikus on:<\/p>\n<p style=\"text-align: center\">erineva m\u00f5\u00f5du ja v\u00e4rviga laudlinad<\/p>\n<p style=\"text-align: center\">\u00fcmaratele ja ristk\u00fclikukujulistele laudadele<\/p>\n<p style=\"text-align: center\">rendihinna sees on pesu ja hooldus<\/p>\n<p><img loading=\"lazy\" decoding=\"async\" class=\"size-woocommerce_single wp-image-19833 aligncenter\" src=\"https:\/\/telgirent24.ee\/wp-content\/uploads\/2026\/01\/250cm-laudlina-600x861.jpg\" alt=\"\" width=\"600\" height=\"861\" srcset=\"https:\/\/telgirent24.ee\/wp-content\/uploads\/2026\/01\/250cm-laudlina-600x861.jpg 600w, https:\/\/telgirent24.ee\/wp-content\/uploads\/2026\/01\/250cm-laudlina-209x300.jpg 209w, https:\/\/telgirent24.ee\/wp-content\/uploads\/2026\/01\/250cm-laudlina-17x24.jpg 17w, https:\/\/telgirent24.ee\/wp-content\/uploads\/2026\/01\/250cm-laudlina-25x36.jpg 25w, https:\/\/telgirent24.ee\/wp-content\/uploads\/2026\/01\/250cm-laudlina-33x48.jpg 33w, https:\/\/telgirent24.ee\/wp-content\/uploads\/2026\/01\/250cm-laudlina.jpg 697w\" sizes=\"auto, (max-width: 600px) 100vw, 600px\" \/><\/p>\n<p>&nbsp;<\/p>\n","protected":false},"excerpt":{"rendered":"<p>Laudlina \u00d8250cm must Kaunis laud on iga s\u00fcndmuse keskpunkt. Laudlinade rent on mugav ja soodne lahendus \u00fcrituste korraldamisel. Must laudlina loob peene ja elegantse aluse, millel paistavad eriti h\u00e4sti v\u00e4lja n\u00f5ud, klaasid ja dekoratsioonid. Meie rendivalikus on: erineva m\u00f5\u00f5du ja v\u00e4rviga laudlinad \u00fcmaratele ja ristk\u00fclikukujulistele laudadele rendihinna sees on pesu ja hooldus &nbsp;<\/p>\n","protected":false},"featured_media":19836,"template":"","meta":{"inline_featured_image":false,"site-sidebar-layout":"default","site-content-layout":"","ast-site-content-layout":"default","site-content-style":"default","site-sidebar-style":"default","ast-global-header-display":"","ast-banner-title-visibility":"","ast-main-header-display":"","ast-hfb-above-header-display":"","ast-hfb-below-header-display":"","ast-hfb-mobile-header-display":"","site-post-title":"","ast-breadcrumbs-content":"","ast-featured-img":"","footer-sml-layout":"","ast-disable-related-posts":"","theme-transparent-header-meta":"default","adv-header-id-meta":"","stick-header-meta":"","header-above-stick-meta":"","header-main-stick-meta":"","header-below-stick-meta":"","astra-migrate-meta-layouts":"default","ast-page-background-enabled":"default","ast-page-background-meta":{"desktop":{"background-color":"var(--ast-global-color-4)","background-image":"","background-repeat":"repeat","background-position":"center center","background-size":"auto","background-attachment":"scroll","background-type":"","background-media":"","overlay-type":"","overlay-color":"","overlay-opacity":"","overlay-gradient":""},"tablet":{"background-color":"","background-image":"","background-repeat":"repeat","background-position":"center center","background-size":"auto","background-attachment":"scroll","background-type":"","background-media":"","overlay-type":"","overlay-color":"","overlay-opacity":"","overlay-gradient":""},"mobile":{"background-color":"","background-image":"","background-repeat":"repeat","background-position":"center center","background-size":"auto","background-attachment":"scroll","background-type":"","background-media":"","overlay-type":"","overlay-color":"","overlay-opacity":"","overlay-gradient":""}},"ast-content-background-meta":{"desktop":{"background-color":"var(--ast-global-color-5)","background-image":"","background-repeat":"repeat","background-position":"center center","background-size":"auto","background-attachment":"scroll","background-type":"","background-media":"","overlay-type":"","overlay-color":"","overlay-opacity":"","overlay-gradient":""},"tablet":{"background-color":"var(--ast-global-color-5)","background-image":"","background-repeat":"repeat","background-position":"center center","background-size":"auto","background-attachment":"scroll","background-type":"","background-media":"","overlay-type":"","overlay-color":"","overlay-opacity":"","overlay-gradient":""},"mobile":{"background-color":"var(--ast-global-color-5)","background-image":"","background-repeat":"repeat","background-position":"center center","background-size":"auto","background-attachment":"scroll","background-type":"","background-media":"","overlay-type":"","overlay-color":"","overlay-opacity":"","overlay-gradient":""}}},"product_cat":[1064,1067],"product_tag":[],"class_list":{"0":"post-20933","1":"product","2":"type-product","3":"status-publish","4":"has-post-thumbnail","6":"product_cat-tablecloths-and-chair-covers","7":"product_cat-round-tablecloths","8":"desktop-align-left","9":"tablet-align-left","10":"mobile-align-left","11":"ast-product-gallery-layout-horizontal-slider","12":"ast-product-gallery-with-no-image","13":"ast-magnify-disabled","14":"ast-product-tabs-layout-horizontal","15":"ast-qv-on-image","17":"first","18":"instock","19":"taxable","20":"shipping-taxable","21":"purchasable","22":"product-type-simple"},"acf":[],"_links":{"self":[{"href":"https:\/\/telgirent24.ee\/en\/wp-json\/wp\/v2\/product\/20933","targetHints":{"allow":["GET"]}}],"collection":[{"href":"https:\/\/telgirent24.ee\/en\/wp-json\/wp\/v2\/product"}],"about":[{"href":"https:\/\/telgirent24.ee\/en\/wp-json\/wp\/v2\/types\/product"}],"wp:featuredmedia":[{"embeddable":true,"href":"https:\/\/telgirent24.ee\/en\/wp-json\/wp\/v2\/media\/19836"}],"wp:attachment":[{"href":"https:\/\/telgirent24.ee\/en\/wp-json\/wp\/v2\/media?parent=20933"}],"wp:term":[{"taxonomy":"product_cat","embeddable":true,"href":"https:\/\/telgirent24.ee\/en\/wp-json\/wp\/v2\/product_cat?post=20933"},{"taxonomy":"product_tag","embeddable":true,"href":"https:\/\/telgirent24.ee\/en\/wp-json\/wp\/v2\/product_tag?post=20933"}],"curies":[{"name":"wp","href":"https:\/\/api.w.org\/{rel}","templated":true}]}}