{"id":20941,"date":"2026-01-22T13:07:15","date_gmt":"2026-01-22T13:07:15","guid":{"rendered":"https:\/\/telgirent24.ee\/?post_type=product&#038;p=20941"},"modified":"2026-04-07T08:49:51","modified_gmt":"2026-04-07T08:49:51","slug":"kubo-cocktail-table-70x70x110cm-2","status":"publish","type":"product","link":"https:\/\/telgirent24.ee\/en\/product\/kubo-cocktail-table-70x70x110cm-2\/","title":{"rendered":"Kubo Cocktail Table 70x70x110cm"},"content":{"rendered":"<h1 style=\"text-align: center\">Pukklaud Kubo 70x70x110cm<\/h1>\n<p style=\"text-align: center\">Elegantne ja funktsionaalne pukklaud, mis t\u00f5stab iga \u00fcrituse, restorani, hotelli v\u00f5i kontori ilme uuele tasemele.<\/p>\n<p style=\"text-align: center\">Kaasaegne disain: puhtad jooned ja elegantne viimistlus, mis sobib kaasaegsesse interj\u00f6\u00f6ri.<\/p>\n<p style=\"text-align: center\">Tugev terasraam: must v\u00f5i valge pulberv\u00e4rviga kaitstud konstruktsioon tagab stabiilsuse ja pika kasutusea.<\/p>\n<p style=\"text-align: center\">Kompaktne ja funktsionaalne: lauaplaadi m\u00f5\u00f5t 70\u00d770 cm ja k\u00f5rgus 110 cm sobib ideaalselt 2\u20134 inimesele.<\/p>\n<p style=\"text-align: center\">Virnastatav ja lihtne hoiustada: disain lubab lauad virnastada kokkuhoidlikult ja transpordiks.<\/p>\n<p style=\"text-align: center\"><img loading=\"lazy\" decoding=\"async\" class=\"alignnone size-woocommerce_single wp-image-19873 aligncenter\" src=\"https:\/\/telgirent24.ee\/wp-content\/uploads\/2026\/01\/kubo-must-600x600.jpg\" alt=\"\" width=\"600\" height=\"600\" srcset=\"https:\/\/telgirent24.ee\/wp-content\/uploads\/2026\/01\/kubo-must-600x600.jpg 600w, https:\/\/telgirent24.ee\/wp-content\/uploads\/2026\/01\/kubo-must-300x300.jpg 300w, https:\/\/telgirent24.ee\/wp-content\/uploads\/2026\/01\/kubo-must-150x150.jpg 150w, https:\/\/telgirent24.ee\/wp-content\/uploads\/2026\/01\/kubo-must-768x768.jpg 768w, https:\/\/telgirent24.ee\/wp-content\/uploads\/2026\/01\/kubo-must-24x24.jpg 24w, https:\/\/telgirent24.ee\/wp-content\/uploads\/2026\/01\/kubo-must-36x36.jpg 36w, https:\/\/telgirent24.ee\/wp-content\/uploads\/2026\/01\/kubo-must-48x48.jpg 48w, https:\/\/telgirent24.ee\/wp-content\/uploads\/2026\/01\/kubo-must-100x100.jpg 100w, https:\/\/telgirent24.ee\/wp-content\/uploads\/2026\/01\/kubo-must-50x50.jpg 50w, https:\/\/telgirent24.ee\/wp-content\/uploads\/2026\/01\/kubo-must.jpg 792w\" sizes=\"auto, (max-width: 600px) 100vw, 600px\" \/><\/p>\n","protected":false},"excerpt":{"rendered":"<p>Pukklaud Kubo 70x70x110cm Elegantne ja funktsionaalne pukklaud, mis t\u00f5stab iga \u00fcrituse, restorani, hotelli v\u00f5i kontori ilme uuele tasemele. Kaasaegne disain: puhtad jooned ja elegantne viimistlus, mis sobib kaasaegsesse interj\u00f6\u00f6ri. Tugev terasraam: must v\u00f5i valge pulberv\u00e4rviga kaitstud konstruktsioon tagab stabiilsuse ja pika kasutusea. Kompaktne ja funktsionaalne: lauaplaadi m\u00f5\u00f5t 70\u00d770 cm ja k\u00f5rgus 110 cm sobib ideaalselt [&hellip;]<\/p>\n","protected":false},"featured_media":19874,"template":"","meta":{"inline_featured_image":false,"site-sidebar-layout":"default","site-content-layout":"","ast-site-content-layout":"default","site-content-style":"default","site-sidebar-style":"default","ast-global-header-display":"","ast-banner-title-visibility":"","ast-main-header-display":"","ast-hfb-above-header-display":"","ast-hfb-below-header-display":"","ast-hfb-mobile-header-display":"","site-post-title":"","ast-breadcrumbs-content":"","ast-featured-img":"","footer-sml-layout":"","ast-disable-related-posts":"","theme-transparent-header-meta":"default","adv-header-id-meta":"","stick-header-meta":"","header-above-stick-meta":"","header-main-stick-meta":"","header-below-stick-meta":"","astra-migrate-meta-layouts":"default","ast-page-background-enabled":"default","ast-page-background-meta":{"desktop":{"background-color":"var(--ast-global-color-4)","background-image":"","background-repeat":"repeat","background-position":"center center","background-size":"auto","background-attachment":"scroll","background-type":"","background-media":"","overlay-type":"","overlay-color":"","overlay-opacity":"","overlay-gradient":""},"tablet":{"background-color":"","background-image":"","background-repeat":"repeat","background-position":"center center","background-size":"auto","background-attachment":"scroll","background-type":"","background-media":"","overlay-type":"","overlay-color":"","overlay-opacity":"","overlay-gradient":""},"mobile":{"background-color":"","background-image":"","background-repeat":"repeat","background-position":"center center","background-size":"auto","background-attachment":"scroll","background-type":"","background-media":"","overlay-type":"","overlay-color":"","overlay-opacity":"","overlay-gradient":""}},"ast-content-background-meta":{"desktop":{"background-color":"var(--ast-global-color-5)","background-image":"","background-repeat":"repeat","background-position":"center center","background-size":"auto","background-attachment":"scroll","background-type":"","background-media":"","overlay-type":"","overlay-color":"","overlay-opacity":"","overlay-gradient":""},"tablet":{"background-color":"var(--ast-global-color-5)","background-image":"","background-repeat":"repeat","background-position":"center center","background-size":"auto","background-attachment":"scroll","background-type":"","background-media":"","overlay-type":"","overlay-color":"","overlay-opacity":"","overlay-gradient":""},"mobile":{"background-color":"var(--ast-global-color-5)","background-image":"","background-repeat":"repeat","background-position":"center center","background-size":"auto","background-attachment":"scroll","background-type":"","background-media":"","overlay-type":"","overlay-color":"","overlay-opacity":"","overlay-gradient":""}}},"product_cat":[1055,1054],"product_tag":[2156],"class_list":{"0":"post-20941","1":"product","2":"type-product","3":"status-publish","4":"has-post-thumbnail","6":"product_cat-furniture","7":"product_cat-tables","8":"product_tag-pukklaud-en","9":"desktop-align-left","10":"tablet-align-left","11":"mobile-align-left","12":"ast-product-gallery-layout-horizontal-slider","13":"ast-magnify-disabled","14":"ast-product-single-variable","15":"ast-product-tabs-layout-horizontal","16":"ast-qv-on-image","18":"first","19":"instock","20":"taxable","21":"shipping-taxable","22":"purchasable","23":"product-type-variable"},"acf":[],"_links":{"self":[{"href":"https:\/\/telgirent24.ee\/en\/wp-json\/wp\/v2\/product\/20941","targetHints":{"allow":["GET"]}}],"collection":[{"href":"https:\/\/telgirent24.ee\/en\/wp-json\/wp\/v2\/product"}],"about":[{"href":"https:\/\/telgirent24.ee\/en\/wp-json\/wp\/v2\/types\/product"}],"wp:featuredmedia":[{"embeddable":true,"href":"https:\/\/telgirent24.ee\/en\/wp-json\/wp\/v2\/media\/19874"}],"wp:attachment":[{"href":"https:\/\/telgirent24.ee\/en\/wp-json\/wp\/v2\/media?parent=20941"}],"wp:term":[{"taxonomy":"product_cat","embeddable":true,"href":"https:\/\/telgirent24.ee\/en\/wp-json\/wp\/v2\/product_cat?post=20941"},{"taxonomy":"product_tag","embeddable":true,"href":"https:\/\/telgirent24.ee\/en\/wp-json\/wp\/v2\/product_tag?post=20941"}],"curies":[{"name":"wp","href":"https:\/\/api.w.org\/{rel}","templated":true}]}}