{"id":20942,"date":"2026-01-27T13:53:07","date_gmt":"2026-01-27T13:53:07","guid":{"rendered":"https:\/\/telgirent24.ee\/?post_type=product&#038;p=20942"},"modified":"2026-04-07T08:58:20","modified_gmt":"2026-04-07T08:58:20","slug":"lifetime-folding-table-244x76cm-2","status":"publish","type":"product","link":"https:\/\/telgirent24.ee\/en\/product\/lifetime-folding-table-244x76cm-2\/","title":{"rendered":"Lifetime Folding Table 244x76cm"},"content":{"rendered":"<h1 style=\"text-align: center\">Lifetime 244x76cm kokkupandav laud<\/h1>\n<p style=\"text-align: center\">Lifetime\u2019i kokkupandavad lauad on vastupidav ja praktiline lahendus nii \u00fcritustele kui ka igap\u00e4evaseks kasutuseks. Need lauad on loodud kestma \u2013 kvaliteetsed materjalid ja l\u00e4bim\u00f5eldud disain tagavad stabiilsuse, mugava kasutuse ning pika eluea.<\/p>\n<p style=\"text-align: center\">Kerge, kuid tugev konstruktsioon v\u00f5imaldab laudu kiiresti \u00fcles seada ja kokku panna. T\u00e4nu kokkupandavale disainile on neid lihtne transportida ja hoiustada, muutes need ideaalseks valikuks nii sise- kui ka v\u00e4listingimustes kasutamiseks.<\/p>\n<p style=\"text-align: center\">Lifetime\u2019i lauad on tuntud oma t\u00f6\u00f6kindluse ja vastupidavuse poolest, mist\u00f5ttu on need usaldusv\u00e4\u00e4rne valik nii professionaalseks kasutuseks kui ka kodutarbijale.<\/p>\n<p style=\"text-align: center\"><strong>Omadused ja eelised\u00a0<\/strong><\/p>\n<p style=\"text-align: center\">Vastupidav pol\u00fcet\u00fcleenist pind \u2013 kerge, vastupidav ja plekikindel pind sisaldab UV-inhibiitoreid, mis pakuvad t\u00e4iendavat kaitset ilmastikum\u00f5jude eest.<br \/>\nL\u00f6\u00f6gikindlad nurgad \u2013 konstrueeritud suurep\u00e4rase vastupidavuse ja tugevuse tagamiseks, et v\u00e4ltida l\u00f6\u00f6gi korral m\u00f5lkimist.<br \/>\nLai jalaasend \u2013 loob suurep\u00e4rase stabiilsuse \u2013 tugevdatud jalatoega.<br \/>\nJalakorgid, mis ei kahjusta p\u00f5randat \u2013 raam on pulberv\u00e4rvitud ja katted hoiavad \u00e4ra p\u00f5randa kahjustumise.<br \/>\nRaami materjal &#8211; pulberv\u00e4rvitud teras<br \/>\nLauaplaadi materjal &#8211; suure tihedusega pol\u00fcet\u00fcleen (HDPE)<\/p>\n<p><div class=\"ast-oembed-container \" style=\"height: 100%;\"><iframe loading=\"lazy\" title=\"Lifetime Table Test: Slow-Mo Edition | Lifetime Products\" width=\"500\" height=\"281\" src=\"https:\/\/www.youtube.com\/embed\/kSXmu1KhZAQ?feature=oembed\" frameborder=\"0\" allow=\"accelerometer; autoplay; clipboard-write; encrypted-media; gyroscope; picture-in-picture; web-share\" referrerpolicy=\"strict-origin-when-cross-origin\" allowfullscreen><\/iframe><\/div><\/p>\n","protected":false},"excerpt":{"rendered":"<p>Lifetime 244x76cm kokkupandav laud Lifetime\u2019i kokkupandavad lauad on vastupidav ja praktiline lahendus nii \u00fcritustele kui ka igap\u00e4evaseks kasutuseks. Need lauad on loodud kestma \u2013 kvaliteetsed materjalid ja l\u00e4bim\u00f5eldud disain tagavad stabiilsuse, mugava kasutuse ning pika eluea. Kerge, kuid tugev konstruktsioon v\u00f5imaldab laudu kiiresti \u00fcles seada ja kokku panna. T\u00e4nu kokkupandavale disainile on neid lihtne transportida [&hellip;]<\/p>\n","protected":false},"featured_media":19937,"template":"","meta":{"inline_featured_image":false,"site-sidebar-layout":"default","site-content-layout":"","ast-site-content-layout":"default","site-content-style":"default","site-sidebar-style":"default","ast-global-header-display":"","ast-banner-title-visibility":"","ast-main-header-display":"","ast-hfb-above-header-display":"","ast-hfb-below-header-display":"","ast-hfb-mobile-header-display":"","site-post-title":"","ast-breadcrumbs-content":"","ast-featured-img":"","footer-sml-layout":"","ast-disable-related-posts":"","theme-transparent-header-meta":"default","adv-header-id-meta":"","stick-header-meta":"","header-above-stick-meta":"","header-main-stick-meta":"","header-below-stick-meta":"","astra-migrate-meta-layouts":"default","ast-page-background-enabled":"default","ast-page-background-meta":{"desktop":{"background-color":"var(--ast-global-color-4)","background-image":"","background-repeat":"repeat","background-position":"center center","background-size":"auto","background-attachment":"scroll","background-type":"","background-media":"","overlay-type":"","overlay-color":"","overlay-opacity":"","overlay-gradient":""},"tablet":{"background-color":"","background-image":"","background-repeat":"repeat","background-position":"center center","background-size":"auto","background-attachment":"scroll","background-type":"","background-media":"","overlay-type":"","overlay-color":"","overlay-opacity":"","overlay-gradient":""},"mobile":{"background-color":"","background-image":"","background-repeat":"repeat","background-position":"center center","background-size":"auto","background-attachment":"scroll","background-type":"","background-media":"","overlay-type":"","overlay-color":"","overlay-opacity":"","overlay-gradient":""}},"ast-content-background-meta":{"desktop":{"background-color":"var(--ast-global-color-5)","background-image":"","background-repeat":"repeat","background-position":"center center","background-size":"auto","background-attachment":"scroll","background-type":"","background-media":"","overlay-type":"","overlay-color":"","overlay-opacity":"","overlay-gradient":""},"tablet":{"background-color":"var(--ast-global-color-5)","background-image":"","background-repeat":"repeat","background-position":"center center","background-size":"auto","background-attachment":"scroll","background-type":"","background-media":"","overlay-type":"","overlay-color":"","overlay-opacity":"","overlay-gradient":""},"mobile":{"background-color":"var(--ast-global-color-5)","background-image":"","background-repeat":"repeat","background-position":"center center","background-size":"auto","background-attachment":"scroll","background-type":"","background-media":"","overlay-type":"","overlay-color":"","overlay-opacity":"","overlay-gradient":""}}},"product_cat":[1055,1054],"product_tag":[2093],"class_list":{"0":"post-20942","1":"product","2":"type-product","3":"status-publish","4":"has-post-thumbnail","6":"product_cat-furniture","7":"product_cat-tables","8":"product_tag-foldable-table","9":"desktop-align-left","10":"tablet-align-left","11":"mobile-align-left","12":"ast-product-gallery-layout-horizontal-slider","13":"ast-magnify-disabled","14":"ast-product-tabs-layout-horizontal","15":"ast-qv-on-image","17":"first","18":"instock","19":"taxable","20":"shipping-taxable","21":"purchasable","22":"product-type-simple"},"acf":[],"_links":{"self":[{"href":"https:\/\/telgirent24.ee\/en\/wp-json\/wp\/v2\/product\/20942","targetHints":{"allow":["GET"]}}],"collection":[{"href":"https:\/\/telgirent24.ee\/en\/wp-json\/wp\/v2\/product"}],"about":[{"href":"https:\/\/telgirent24.ee\/en\/wp-json\/wp\/v2\/types\/product"}],"wp:featuredmedia":[{"embeddable":true,"href":"https:\/\/telgirent24.ee\/en\/wp-json\/wp\/v2\/media\/19937"}],"wp:attachment":[{"href":"https:\/\/telgirent24.ee\/en\/wp-json\/wp\/v2\/media?parent=20942"}],"wp:term":[{"taxonomy":"product_cat","embeddable":true,"href":"https:\/\/telgirent24.ee\/en\/wp-json\/wp\/v2\/product_cat?post=20942"},{"taxonomy":"product_tag","embeddable":true,"href":"https:\/\/telgirent24.ee\/en\/wp-json\/wp\/v2\/product_tag?post=20942"}],"curies":[{"name":"wp","href":"https:\/\/api.w.org\/{rel}","templated":true}]}}