{"id":20946,"date":"2025-11-19T13:00:04","date_gmt":"2025-11-19T13:00:04","guid":{"rendered":"https:\/\/telgirent24.ee\/?post_type=product&#038;p=20946"},"modified":"2026-04-07T08:58:19","modified_gmt":"2026-04-07T08:58:19","slug":"lifetime-table-183x76xh74cm-folding-in-the-middle-2","status":"publish","type":"product","link":"https:\/\/telgirent24.ee\/en\/product\/lifetime-table-183x76xh74cm-folding-in-the-middle-2\/","title":{"rendered":"Lifetime Table 183x76xH74cm &#8211; Folding in the Middle"},"content":{"rendered":"<p><\/p>\n<h1>Lifetime keskelt kokkupandav laud 183x76xH74cm<\/h1>\n<p>Mugavus kohtub vastupidavusega &#8211; avasta Lifetime 183 cm keskelt pooleks volditav laud! See laud on loodud sinu aktiivset elustiili silmas pidades. Valmistatud k\u00f5rge tihedusega pol\u00fcet\u00fcleenist (HDPE), on see laud nii kerge kui ka \u00e4\u00e4rmiselt vastupidav. Patenteeritud terasraam ja nutikas pooleks volditav disain teevad sellest ideaalse laua nii sise- kui ka v\u00e4listingimustes kasutamiseks. See on t\u00e4iuslik lisa sinu koju, pakkudes praktilist lahendust pere m\u00e4ngu\u00f5htuteks, \u00f5ues toimuvateks tegevusteks ja palju muuks.<\/p>\n<h3 data-slate-node=\"element\" data-anchor=\"peamisedomadusedjaeelised\" data-slug=\"peamisedomadusedjaeelised7\">Peamised omadused ja eelised<\/h3>\n<p>\u00dclim mugavus ja kaasaskantavus Laud volditakse keskelt pooleks kompaktseks kohvriks, mis teeb transportimise ja hoiustamise imelihtsaks. Disainitud nii, et iga\u00fcks saab sellega hakkama. Integreeritud kandesang teeb laua kaasaskandmise mugavaks. Nutikas ja turvaline disain Automaatne lukustuss\u00fcsteem tagab, et laud on turvaliselt fikseeritud nii avatud kui ka suletud asendis. Ei mingit ootamatut kokkukukkumist! Lai jalgade asetus tagab suurep\u00e4rase stabiilsuse, mida toetab t\u00e4iendav jalatugi. Lukustatav raam hoiab laua kindlalt stabiilsena kasutamise ajal. Loodud kestma Lauaplaat on kaitstud UV-kiirguse eest, ei pragune, kooru ega pleegi. Pulberkattega terasraam peab vastu igale ilmale. Spetsiaalselt disainitud l\u00f6\u00f6gikindlad nurgad kaitsevad lauda l\u00f6\u00f6kide ja m\u00f5lkide eest. Pind on plekikindel ja kergesti puhastatav, et saaksid muretult pidu nautida. Stiilne ja praktiline Ideaalne nii toas kui ka \u00f5ues. P\u00f5randaid mittekahjustavad jalakorgid kaitsevad sinu p\u00f5randaid kriimustuste eest. Loodud nii vastupidavust kui ka stiili silmas pidades.\u00a0\u00a0<\/p>\n<h3 data-slate-node=\"element\" data-anchor=\"tehnilisedandmed\" data-slug=\"tehnilisedandmed16\">Tehnilised andmed<\/h3>\n<table>\n<tbody data-slate-node=\"element\">\n<tr data-slate-node=\"element\">\n<td data-slate-node=\"element\">\u00a0<\/td>\n<td data-slate-node=\"element\">\u00a0<\/td>\n<\/tr>\n<tr data-slate-node=\"element\">\n<td data-slate-node=\"element\">T\u00fc\u00fcp<\/td>\n<td data-slate-node=\"element\">Keskelt pooleks volditav laud<\/td>\n<\/tr>\n<tr data-slate-node=\"element\">\n<td data-slate-node=\"element\">Klass<\/td>\n<td data-slate-node=\"element\">Essential<\/td>\n<\/tr>\n<tr data-slate-node=\"element\">\n<td data-slate-node=\"element\">Lauaplaadi materjal<\/td>\n<td data-slate-node=\"element\">K\u00f5rgtihedusega pol\u00fcet\u00fcleen (HDPE)<\/td>\n<\/tr>\n<tr data-slate-node=\"element\">\n<td data-slate-node=\"element\">Lauaplaadi paksus<\/td>\n<td data-slate-node=\"element\">38 mm<\/td>\n<\/tr>\n<tr data-slate-node=\"element\">\n<td data-slate-node=\"element\">Raami materjal<\/td>\n<td data-slate-node=\"element\">Pulberkattega teras<\/td>\n<\/tr>\n<tr data-slate-node=\"element\">\n<td data-slate-node=\"element\">Kasutus<\/td>\n<td data-slate-node=\"element\">Sise- ja v\u00e4liskasutus<\/td>\n<\/tr>\n<tr data-slate-node=\"element\">\n<td data-slate-node=\"element\">Garantii<\/td>\n<td data-slate-node=\"element\">1 aasta<\/td>\n<\/tr>\n<\/tbody>\n<\/table>\n<p><iframe loading=\"lazy\" src=\"https:\/\/www.youtube.com\/embed\/kSXmu1KhZAQ?feature=oembed\" width=\"500\" height=\"281\" frameborder=\"0\" allowfullscreen=\"allowfullscreen\"><\/iframe> <iframe loading=\"lazy\" src=\"https:\/\/www.youtube.com\/embed\/_8pBLlMVlBk?feature=oembed\" width=\"500\" height=\"281\" frameborder=\"0\" allowfullscreen=\"allowfullscreen\"><\/iframe> <img loading=\"lazy\" decoding=\"async\" title=\"Lifetime kokkupandav laud 80471 m\u00fc\u00fck\" src=\"https:\/\/telgirent24.ee\/wp-content\/uploads\/2025\/11\/Lifetime-kokkupandav-laud-80471-muuk.jpg\" alt=\"Lifetime kokkupandav 80471\" width=\"400\" height=\"400\" \/> <img loading=\"lazy\" decoding=\"async\" title=\"Lifetime kokkupandav laud 80471 m\u00fc\u00fcgitoode\" src=\"https:\/\/telgirent24.ee\/wp-content\/uploads\/2025\/11\/Lifetime-kokkupandav-laud-80471-muugitoode.jpg\" alt=\"Lifetime kokkupandav laud 80471 m\u00fc\u00fcgitoode\" width=\"400\" height=\"400\" \/> <img loading=\"lazy\" decoding=\"async\" title=\"Lifetime laud kokkupandav 183x76xH74cm\" src=\"https:\/\/telgirent24.ee\/wp-content\/uploads\/2025\/11\/Lifetime-laud-kokkupandav-183x76xH74cm.jpg\" alt=\"Lifetime kokkupandav laud 80471\" width=\"400\" height=\"400\" \/> <img loading=\"lazy\" decoding=\"async\" title=\"Lifetime laud kokkupandav 183cm\" src=\"https:\/\/telgirent24.ee\/wp-content\/uploads\/2025\/11\/Lifetime-laud-kokkupandav-183cm.jpg\" alt=\"Lifetime kokkupandav laud 80471\" width=\"400\" height=\"400\" \/> <img loading=\"lazy\" decoding=\"async\" title=\"Lifetime laud kokkupandav laud 80471\" src=\"https:\/\/telgirent24.ee\/wp-content\/uploads\/2025\/11\/Lifetime-laud-kokkupandav-laud-80471.jpg\" alt=\"Lifetime kokkupandav 80471\" width=\"400\" height=\"400\" \/> <img loading=\"lazy\" decoding=\"async\" title=\"Lifetime kokkupandav 80471\" src=\"https:\/\/telgirent24.ee\/wp-content\/uploads\/2025\/11\/Lifetime-kokkupandav-80471.jpg\" alt=\"Lifetime kokkupandav 80471\" width=\"400\" height=\"400\" \/><\/p>\n<p><\/p>\n","protected":false},"excerpt":{"rendered":"<p>Lifetime keskelt kokkupandav laud 183x76xH74cm Mugavus kohtub vastupidavusega &#8211; avasta Lifetime 183 cm keskelt pooleks volditav laud! See laud on loodud sinu aktiivset elustiili silmas pidades. Valmistatud k\u00f5rge tihedusega pol\u00fcet\u00fcleenist (HDPE), on see laud nii kerge kui ka \u00e4\u00e4rmiselt vastupidav. Patenteeritud terasraam ja nutikas pooleks volditav disain teevad sellest ideaalse laua nii sise- kui ka [&hellip;]<\/p>\n","protected":false},"featured_media":19760,"template":"","meta":{"inline_featured_image":false,"site-sidebar-layout":"default","site-content-layout":"","ast-site-content-layout":"default","site-content-style":"default","site-sidebar-style":"default","ast-global-header-display":"","ast-banner-title-visibility":"","ast-main-header-display":"","ast-hfb-above-header-display":"","ast-hfb-below-header-display":"","ast-hfb-mobile-header-display":"","site-post-title":"","ast-breadcrumbs-content":"","ast-featured-img":"","footer-sml-layout":"","ast-disable-related-posts":"","theme-transparent-header-meta":"default","adv-header-id-meta":"","stick-header-meta":"","header-above-stick-meta":"","header-main-stick-meta":"","header-below-stick-meta":"","astra-migrate-meta-layouts":"default","ast-page-background-enabled":"default","ast-page-background-meta":{"desktop":{"background-color":"var(--ast-global-color-4)","background-image":"","background-repeat":"repeat","background-position":"center center","background-size":"auto","background-attachment":"scroll","background-type":"","background-media":"","overlay-type":"","overlay-color":"","overlay-opacity":"","overlay-gradient":""},"tablet":{"background-color":"","background-image":"","background-repeat":"repeat","background-position":"center center","background-size":"auto","background-attachment":"scroll","background-type":"","background-media":"","overlay-type":"","overlay-color":"","overlay-opacity":"","overlay-gradient":""},"mobile":{"background-color":"","background-image":"","background-repeat":"repeat","background-position":"center center","background-size":"auto","background-attachment":"scroll","background-type":"","background-media":"","overlay-type":"","overlay-color":"","overlay-opacity":"","overlay-gradient":""}},"ast-content-background-meta":{"desktop":{"background-color":"var(--ast-global-color-5)","background-image":"","background-repeat":"repeat","background-position":"center center","background-size":"auto","background-attachment":"scroll","background-type":"","background-media":"","overlay-type":"","overlay-color":"","overlay-opacity":"","overlay-gradient":""},"tablet":{"background-color":"var(--ast-global-color-5)","background-image":"","background-repeat":"repeat","background-position":"center center","background-size":"auto","background-attachment":"scroll","background-type":"","background-media":"","overlay-type":"","overlay-color":"","overlay-opacity":"","overlay-gradient":""},"mobile":{"background-color":"var(--ast-global-color-5)","background-image":"","background-repeat":"repeat","background-position":"center center","background-size":"auto","background-attachment":"scroll","background-type":"","background-media":"","overlay-type":"","overlay-color":"","overlay-opacity":"","overlay-gradient":""}}},"product_cat":[1055,1054],"product_tag":[],"class_list":{"0":"post-20946","1":"product","2":"type-product","3":"status-publish","4":"has-post-thumbnail","6":"product_cat-furniture","7":"product_cat-tables","8":"desktop-align-left","9":"tablet-align-left","10":"mobile-align-left","11":"ast-product-gallery-layout-horizontal-slider","12":"ast-magnify-disabled","13":"ast-product-tabs-layout-horizontal","14":"ast-qv-on-image","16":"first","17":"instock","18":"sale","19":"taxable","20":"shipping-taxable","21":"purchasable","22":"product-type-simple"},"acf":[],"_links":{"self":[{"href":"https:\/\/telgirent24.ee\/en\/wp-json\/wp\/v2\/product\/20946","targetHints":{"allow":["GET"]}}],"collection":[{"href":"https:\/\/telgirent24.ee\/en\/wp-json\/wp\/v2\/product"}],"about":[{"href":"https:\/\/telgirent24.ee\/en\/wp-json\/wp\/v2\/types\/product"}],"wp:featuredmedia":[{"embeddable":true,"href":"https:\/\/telgirent24.ee\/en\/wp-json\/wp\/v2\/media\/19760"}],"wp:attachment":[{"href":"https:\/\/telgirent24.ee\/en\/wp-json\/wp\/v2\/media?parent=20946"}],"wp:term":[{"taxonomy":"product_cat","embeddable":true,"href":"https:\/\/telgirent24.ee\/en\/wp-json\/wp\/v2\/product_cat?post=20946"},{"taxonomy":"product_tag","embeddable":true,"href":"https:\/\/telgirent24.ee\/en\/wp-json\/wp\/v2\/product_tag?post=20946"}],"curies":[{"name":"wp","href":"https:\/\/api.w.org\/{rel}","templated":true}]}}