{"id":20950,"date":"2026-02-02T13:35:46","date_gmt":"2026-02-02T13:35:46","guid":{"rendered":"https:\/\/telgirent24.ee\/?post_type=product&#038;p=20950"},"modified":"2026-04-07T08:58:19","modified_gmt":"2026-04-07T08:58:19","slug":"lifetime-folding-chair-2","status":"publish","type":"product","link":"https:\/\/telgirent24.ee\/en\/product\/lifetime-folding-chair-2\/","title":{"rendered":"Lifetime Folding Chair"},"content":{"rendered":"<h1 style=\"text-align: center\">Lifetime klapptool<\/h1>\n<p style=\"text-align: center\">Kerge ja vastupidav kokkupandav plastikust Lifetime klapptool sobib ideaalselt nii sise- kui ka v\u00e4listingimustesse. Tooli on lihtne kokku panna ja hoiustada, mist\u00f5ttu on see suurep\u00e4rane lahendus \u00fcritustele, koosolekutele, aiapidudele v\u00f5i lisaistekohaks kodus.<\/p>\n<p style=\"text-align: center\">Tooli saab sisseehitatud kandek\u00e4epideme abil h\u00f5lpsalt t\u00f5sta ja liigutada. Puhastamine ja hooldus on t\u00e4nu plekikindlatele materjalidele imelihtne<\/p>\n<p style=\"text-align: center\">T\u00e4nu kompaktsele disainile v\u00f5tab tool kokkupanduna v\u00e4ga v\u00e4he ruumi ning seda on mugav transportida.<\/p>\n<p style=\"text-align: center\" data-start=\"742\" data-end=\"755\"><strong data-start=\"742\" data-end=\"755\">Omadused:<\/strong><\/p>\n<p style=\"text-align: center\" data-start=\"758\" data-end=\"798\">tuntud Lifetime\u2019i vastupidav kvaliteet<\/p>\n<p style=\"text-align: center\" data-start=\"801\" data-end=\"831\">kokkupandav ja ruumis\u00e4\u00e4stlik<\/p>\n<p style=\"text-align: center\" data-start=\"834\" data-end=\"870\">tugev plastikust iste ja seljatugi<\/p>\n<p style=\"text-align: center\" data-start=\"873\" data-end=\"895\">stabiilne metallraam<\/p>\n<p style=\"text-align: center\" data-start=\"898\" data-end=\"924\">kergesti puhastatav pindsobib nii sise- kui v\u00e4listingimustesse<\/p>\n<p><div class=\"ast-oembed-container \" style=\"height: 100%;\"><iframe loading=\"lazy\" title=\"Bring Your Own Chair | Lifetime Tables and Chairs\" width=\"500\" height=\"281\" src=\"https:\/\/www.youtube.com\/embed\/AYbfYJYJkVM?feature=oembed\" frameborder=\"0\" allow=\"accelerometer; autoplay; clipboard-write; encrypted-media; gyroscope; picture-in-picture; web-share\" referrerpolicy=\"strict-origin-when-cross-origin\" allowfullscreen><\/iframe><\/div>\n<\/p>\n<p>&nbsp;<\/p>\n","protected":false},"excerpt":{"rendered":"<p>Lifetime klapptool Kerge ja vastupidav kokkupandav plastikust Lifetime klapptool sobib ideaalselt nii sise- kui ka v\u00e4listingimustesse. Tooli on lihtne kokku panna ja hoiustada, mist\u00f5ttu on see suurep\u00e4rane lahendus \u00fcritustele, koosolekutele, aiapidudele v\u00f5i lisaistekohaks kodus. Tooli saab sisseehitatud kandek\u00e4epideme abil h\u00f5lpsalt t\u00f5sta ja liigutada. Puhastamine ja hooldus on t\u00e4nu plekikindlatele materjalidele imelihtne T\u00e4nu kompaktsele disainile v\u00f5tab [&hellip;]<\/p>\n","protected":false},"featured_media":19996,"template":"","meta":{"inline_featured_image":false,"site-sidebar-layout":"default","site-content-layout":"","ast-site-content-layout":"default","site-content-style":"default","site-sidebar-style":"default","ast-global-header-display":"","ast-banner-title-visibility":"","ast-main-header-display":"","ast-hfb-above-header-display":"","ast-hfb-below-header-display":"","ast-hfb-mobile-header-display":"","site-post-title":"","ast-breadcrumbs-content":"","ast-featured-img":"","footer-sml-layout":"","ast-disable-related-posts":"","theme-transparent-header-meta":"default","adv-header-id-meta":"","stick-header-meta":"","header-above-stick-meta":"","header-main-stick-meta":"","header-below-stick-meta":"","astra-migrate-meta-layouts":"default","ast-page-background-enabled":"default","ast-page-background-meta":{"desktop":{"background-color":"var(--ast-global-color-4)","background-image":"","background-repeat":"repeat","background-position":"center center","background-size":"auto","background-attachment":"scroll","background-type":"","background-media":"","overlay-type":"","overlay-color":"","overlay-opacity":"","overlay-gradient":""},"tablet":{"background-color":"","background-image":"","background-repeat":"repeat","background-position":"center center","background-size":"auto","background-attachment":"scroll","background-type":"","background-media":"","overlay-type":"","overlay-color":"","overlay-opacity":"","overlay-gradient":""},"mobile":{"background-color":"","background-image":"","background-repeat":"repeat","background-position":"center center","background-size":"auto","background-attachment":"scroll","background-type":"","background-media":"","overlay-type":"","overlay-color":"","overlay-opacity":"","overlay-gradient":""}},"ast-content-background-meta":{"desktop":{"background-color":"var(--ast-global-color-5)","background-image":"","background-repeat":"repeat","background-position":"center center","background-size":"auto","background-attachment":"scroll","background-type":"","background-media":"","overlay-type":"","overlay-color":"","overlay-opacity":"","overlay-gradient":""},"tablet":{"background-color":"var(--ast-global-color-5)","background-image":"","background-repeat":"repeat","background-position":"center center","background-size":"auto","background-attachment":"scroll","background-type":"","background-media":"","overlay-type":"","overlay-color":"","overlay-opacity":"","overlay-gradient":""},"mobile":{"background-color":"var(--ast-global-color-5)","background-image":"","background-repeat":"repeat","background-position":"center center","background-size":"auto","background-attachment":"scroll","background-type":"","background-media":"","overlay-type":"","overlay-color":"","overlay-opacity":"","overlay-gradient":""}}},"product_cat":[1055,1079],"product_tag":[2152],"class_list":{"0":"post-20950","1":"product","2":"type-product","3":"status-publish","4":"has-post-thumbnail","6":"product_cat-furniture","7":"product_cat-chairs","8":"product_tag-folding-tool","9":"desktop-align-left","10":"tablet-align-left","11":"mobile-align-left","12":"ast-product-gallery-layout-horizontal-slider","13":"ast-magnify-disabled","14":"ast-product-tabs-layout-horizontal","15":"ast-qv-on-image","17":"first","18":"instock","19":"taxable","20":"shipping-taxable","21":"purchasable","22":"product-type-simple"},"acf":[],"_links":{"self":[{"href":"https:\/\/telgirent24.ee\/en\/wp-json\/wp\/v2\/product\/20950","targetHints":{"allow":["GET"]}}],"collection":[{"href":"https:\/\/telgirent24.ee\/en\/wp-json\/wp\/v2\/product"}],"about":[{"href":"https:\/\/telgirent24.ee\/en\/wp-json\/wp\/v2\/types\/product"}],"wp:featuredmedia":[{"embeddable":true,"href":"https:\/\/telgirent24.ee\/en\/wp-json\/wp\/v2\/media\/19996"}],"wp:attachment":[{"href":"https:\/\/telgirent24.ee\/en\/wp-json\/wp\/v2\/media?parent=20950"}],"wp:term":[{"taxonomy":"product_cat","embeddable":true,"href":"https:\/\/telgirent24.ee\/en\/wp-json\/wp\/v2\/product_cat?post=20950"},{"taxonomy":"product_tag","embeddable":true,"href":"https:\/\/telgirent24.ee\/en\/wp-json\/wp\/v2\/product_tag?post=20950"}],"curies":[{"name":"wp","href":"https:\/\/api.w.org\/{rel}","templated":true}]}}