{"id":20957,"date":"2023-10-18T12:07:45","date_gmt":"2023-10-18T12:07:45","guid":{"rendered":"https:\/\/telgirent24.ee\/?post_type=product&#038;p=20957"},"modified":"2026-04-07T08:58:17","modified_gmt":"2026-04-07T08:58:17","slug":"transparent-chiavari-chair-2","status":"publish","type":"product","link":"https:\/\/telgirent24.ee\/en\/product\/transparent-chiavari-chair-2\/","title":{"rendered":"Transparent Chiavari Chair"},"content":{"rendered":"<p><\/p>\n<h1>L\u00e4bipaistev Chiavari tool<\/h1>\n<p>L\u00e4bipaistev Chiavari tool lisab sinu s\u00fcndmusele elegantsust ning pidulikkust.<\/p>\n<p>L\u00e4bipaistev tool on eriti efektne s\u00fcndmuse valgustusega.<\/p>\n<p>L\u00e4bipaistev tool sobib suurep\u00e4raselt ka meie <a href=\"https:\/\/telgirent24.ee\/en\/product\/multi-unit-arch-tent-10-m-wide\/\">10m<\/a> ja <a href=\"https:\/\/telgirent24.ee\/en\/product\/multi-unit-arch-tent-15-m-wide\/\">15m<\/a> laiusesse <a href=\"https:\/\/telgirent24.ee\/en\/?attachment_id=1279\">l\u00e4bipaistvasse kaartelki<\/a><\/p>\n<p>Meie rendivalikus on ka <a href=\"https:\/\/telgirent24.ee\/en\/product\/chair-chiavari-white\/\">valgeid Chiavari toole<\/a> ja <a href=\"https:\/\/telgirent24.ee\/en\/product\/chair-chiavari-golden\/\">kuldseid Chiavari toole<\/a><\/p>\n<p>Toolile on saadaval kreemjas toolipatja<\/p>\n<p>Laos on 130tk<\/p>\n<p><img loading=\"lazy\" decoding=\"async\" title=\"L\u00e4bipaistev chiavari tool rent l\u00e4bipaistva chiavari tooli rent peom\u00f6\u00f6bli rent\" src=\"http:\/\/telgirent24.ee\/wp-content\/uploads\/2022\/04\/Labipaistev-chiavari-tool.jpg\" alt=\"L\u00e4bipaistev chiavari tool rent l\u00e4bipaistev tool chiavari toolide rent m\u00f6\u00f6bli rent s\u00fcndmustele ilusa m\u00f6\u00f6bli rent\" width=\"1148\" height=\"1148\" \/> <img loading=\"lazy\" decoding=\"async\" title=\"chiavari l\u00e4bipaistev tool rent\" src=\"http:\/\/telgirent24.ee\/wp-content\/uploads\/2022\/04\/chiavari-labipaistev-tool-rent.jpeg\" alt=\"chiavari l\u00e4bipaistev tool rent ilusa m\u00f6\u00f6bli rent peom\u00f6\u00f6bli rent toolide rent s\u00fcndmustele\" width=\"1000\" height=\"1500\" \/> <img loading=\"lazy\" decoding=\"async\" title=\"Victoria tool l\u00e4bipaistev m\u00f6\u00f6bli rent\" src=\"http:\/\/telgirent24.ee\/wp-content\/uploads\/2022\/04\/Victoria-tool-labipaistev-moobli-rent.jpg\" alt=\"v\" width=\"1000\" height=\"1500\" \/> <img decoding=\"async\" src=\"http:\/\/telgirent24.ee\/wp-content\/plugins\/bb-plugin\/img\/pixel.png\" alt=\"\" \/> <img decoding=\"async\" src=\"http:\/\/telgirent24.ee\/wp-content\/plugins\/bb-plugin\/img\/pixel.png\" alt=\"\" \/><\/p>\n<p><\/p>\n","protected":false},"excerpt":{"rendered":"<p>L\u00e4bipaistev Chiavari tool L\u00e4bipaistev Chiavari tool lisab sinu s\u00fcndmusele elegantsust ning pidulikkust. L\u00e4bipaistev tool on eriti efektne s\u00fcndmuse valgustusega. L\u00e4bipaistev tool sobib suurep\u00e4raselt ka meie 10m ja 15m laiusesse l\u00e4bipaistvasse kaartelki Meie rendivalikus on ka valgeid Chiavari toole ja kuldseid Chiavari toole Toolile on saadaval kreemjas toolipatja Laos on 130tk<\/p>\n","protected":false},"featured_media":15113,"template":"","meta":{"inline_featured_image":false,"site-sidebar-layout":"default","site-content-layout":"default","ast-site-content-layout":"default","site-content-style":"default","site-sidebar-style":"default","ast-global-header-display":"","ast-banner-title-visibility":"","ast-main-header-display":"","ast-hfb-above-header-display":"","ast-hfb-below-header-display":"","ast-hfb-mobile-header-display":"","site-post-title":"","ast-breadcrumbs-content":"","ast-featured-img":"","footer-sml-layout":"","ast-disable-related-posts":"","theme-transparent-header-meta":"default","adv-header-id-meta":"","stick-header-meta":"","header-above-stick-meta":"","header-main-stick-meta":"","header-below-stick-meta":"","astra-migrate-meta-layouts":"default","ast-page-background-enabled":"default","ast-page-background-meta":{"desktop":{"background-color":"var(--ast-global-color-4)","background-image":"","background-repeat":"repeat","background-position":"center center","background-size":"auto","background-attachment":"scroll","background-type":"","background-media":"","overlay-type":"","overlay-color":"","overlay-opacity":"","overlay-gradient":""},"tablet":{"background-color":"","background-image":"","background-repeat":"repeat","background-position":"center center","background-size":"auto","background-attachment":"scroll","background-type":"","background-media":"","overlay-type":"","overlay-color":"","overlay-opacity":"","overlay-gradient":""},"mobile":{"background-color":"","background-image":"","background-repeat":"repeat","background-position":"center center","background-size":"auto","background-attachment":"scroll","background-type":"","background-media":"","overlay-type":"","overlay-color":"","overlay-opacity":"","overlay-gradient":""}},"ast-content-background-meta":{"desktop":{"background-color":"var(--ast-global-color-5)","background-image":"","background-repeat":"repeat","background-position":"center center","background-size":"auto","background-attachment":"scroll","background-type":"","background-media":"","overlay-type":"","overlay-color":"","overlay-opacity":"","overlay-gradient":""},"tablet":{"background-color":"var(--ast-global-color-5)","background-image":"","background-repeat":"repeat","background-position":"center center","background-size":"auto","background-attachment":"scroll","background-type":"","background-media":"","overlay-type":"","overlay-color":"","overlay-opacity":"","overlay-gradient":""},"mobile":{"background-color":"var(--ast-global-color-5)","background-image":"","background-repeat":"repeat","background-position":"center center","background-size":"auto","background-attachment":"scroll","background-type":"","background-media":"","overlay-type":"","overlay-color":"","overlay-opacity":"","overlay-gradient":""}}},"product_cat":[1055,1079],"product_tag":[2150],"class_list":{"0":"post-20957","1":"product","2":"type-product","3":"status-publish","4":"has-post-thumbnail","6":"product_cat-furniture","7":"product_cat-chairs","8":"product_tag-tool-en","9":"desktop-align-left","10":"tablet-align-left","11":"mobile-align-left","12":"ast-product-gallery-layout-horizontal-slider","13":"ast-magnify-disabled","14":"ast-product-tabs-layout-horizontal","15":"ast-qv-on-image","17":"first","18":"instock","19":"featured","20":"taxable","21":"shipping-taxable","22":"purchasable","23":"product-type-simple"},"acf":[],"_links":{"self":[{"href":"https:\/\/telgirent24.ee\/en\/wp-json\/wp\/v2\/product\/20957","targetHints":{"allow":["GET"]}}],"collection":[{"href":"https:\/\/telgirent24.ee\/en\/wp-json\/wp\/v2\/product"}],"about":[{"href":"https:\/\/telgirent24.ee\/en\/wp-json\/wp\/v2\/types\/product"}],"wp:featuredmedia":[{"embeddable":true,"href":"https:\/\/telgirent24.ee\/en\/wp-json\/wp\/v2\/media\/15113"}],"wp:attachment":[{"href":"https:\/\/telgirent24.ee\/en\/wp-json\/wp\/v2\/media?parent=20957"}],"wp:term":[{"taxonomy":"product_cat","embeddable":true,"href":"https:\/\/telgirent24.ee\/en\/wp-json\/wp\/v2\/product_cat?post=20957"},{"taxonomy":"product_tag","embeddable":true,"href":"https:\/\/telgirent24.ee\/en\/wp-json\/wp\/v2\/product_tag?post=20957"}],"curies":[{"name":"wp","href":"https:\/\/api.w.org\/{rel}","templated":true}]}}