{"id":20962,"date":"2026-02-11T10:40:23","date_gmt":"2026-02-11T10:40:23","guid":{"rendered":"https:\/\/telgirent24.ee\/?post_type=product&#038;p=20962"},"modified":"2026-04-07T08:50:30","modified_gmt":"2026-04-07T08:50:30","slug":"chair-medallion-2","status":"publish","type":"product","link":"https:\/\/telgirent24.ee\/en\/product\/chair-medallion-2\/","title":{"rendered":"Chair Medallion"},"content":{"rendered":"<h1 style=\"text-align: center\">Tool Medallion<\/h1>\n<div class=\"elementor-element elementor-element-53ffb74 elementor-column elementor-col-50 elementor-top-column\" data-id=\"53ffb74\" data-element_type=\"column\">\n<div class=\"elementor-column-wrap  elementor-element-populated\">\n<div class=\"elementor-widget-wrap\">\n<div class=\"elementor-element elementor-element-2643e8b elementor-widget elementor-widget-text-editor\" data-id=\"2643e8b\" data-element_type=\"widget\" data-widget_type=\"text-editor.default\">\n<div class=\"elementor-widget-container\">\n<div class=\"elementor-text-editor elementor-clearfix\">\n<p style=\"text-align: center\"><strong><span dir=\"auto\">Medallion tool<\/span><\/strong><span dir=\"auto\"> on ideaalne valik restoranidesse, banketisaalidesse ja pulmavastuv\u00f5ttudele, kus iga detail on oluline. Selle ajatu disain ja looduslikud materjalid loovad harmoonilise terviku, andes interj\u00f6\u00f6rile ainulaadse iseloomu.<\/span><\/p>\n<p style=\"text-align: center\"><span dir=\"auto\">T\u00e4ispuidust valmistatud tool pakub stabiilsust ja vastupidavust, mis on vajalikud intensiivseks kasutamiseks \u00e4ripindadel. Rotangist seljatugi murrab peenelt klassikalist vormi, lisades kergust ja elegantsi. Polsterdatud iste tagab mugavuse isegi pikkade pidustuste ja vastuv\u00f5ttude ajal.<\/span><\/p>\n<p style=\"text-align: center\"><span dir=\"auto\">\u00dcmardatud seljatugi, nikerdatud jalad ja peened raamikaunistused r\u00f5hutavad selle elegantset iseloomu. Iga detail on viimistletud, muutes tooli mitte ainult vapustavaks, vaid ka dekoratiivseks elemendiks \u2013 ideaalseks taustaks pulmapiltide tegemiseks ja ainulaadseteks ruumikujundusteks.<\/span><\/p>\n<p style=\"text-align: center\"><strong style=\"font-size: 16px\"><span dir=\"auto\">Medalioni pulmatoolide k\u00f5ige olulisemad omadused<\/span><\/strong><\/p>\n<\/div>\n<\/div>\n<\/div>\n<\/div>\n<\/div>\n<\/div>\n<div class=\"elementor-element elementor-element-a89b6e3 elementor-column elementor-col-50 elementor-top-column\" data-id=\"a89b6e3\" data-element_type=\"column\">\n<div class=\"elementor-column-wrap  elementor-element-populated\">\n<div class=\"elementor-widget-wrap\">\n<div class=\"elementor-element elementor-element-18caf1d elementor-widget elementor-widget-text-editor\" data-id=\"18caf1d\" data-element_type=\"widget\" data-widget_type=\"text-editor.default\">\n<div class=\"elementor-widget-container\">\n<div class=\"elementor-text-editor elementor-clearfix\">\n<p style=\"text-align: center\"><span dir=\"auto\">valmistatud t\u00e4ispuidust &#8211; tugevuse ja vastupidavuse garantii<\/span><\/p>\n<p style=\"text-align: center\"><span dir=\"auto\">rotangist seljatugi \u2013 loomulik ja stiilne aktsent<\/span><\/p>\n<p style=\"text-align: center\"><span dir=\"auto\">polsterdatud iste\u00a0<\/span><\/p>\n<p style=\"text-align: center\"><span dir=\"auto\">sobib ideaalselt erinevate sisekujundusstiilidega<\/span><\/p>\n<p style=\"text-align: center\"><strong><span dir=\"auto\">Medallion<\/span><\/strong><span dir=\"auto\">\u00a0tool r\u00f5hutab iga ruumi ainulaadset iseloomu \u2013 romantilistest pulmadest elegantsete bankettideni.<\/span><\/p>\n<p><img loading=\"lazy\" decoding=\"async\" class=\"size-woocommerce_single wp-image-20088 aligncenter\" src=\"https:\/\/telgirent24.ee\/wp-content\/uploads\/2026\/02\/medallion-pulmetool-600x600.jpg\" alt=\"\" width=\"600\" height=\"600\" srcset=\"https:\/\/telgirent24.ee\/wp-content\/uploads\/2026\/02\/medallion-pulmetool-600x600.jpg 600w, https:\/\/telgirent24.ee\/wp-content\/uploads\/2026\/02\/medallion-pulmetool-300x300.jpg 300w, https:\/\/telgirent24.ee\/wp-content\/uploads\/2026\/02\/medallion-pulmetool-1024x1024.jpg 1024w, https:\/\/telgirent24.ee\/wp-content\/uploads\/2026\/02\/medallion-pulmetool-150x150.jpg 150w, https:\/\/telgirent24.ee\/wp-content\/uploads\/2026\/02\/medallion-pulmetool-768x768.jpg 768w, https:\/\/telgirent24.ee\/wp-content\/uploads\/2026\/02\/medallion-pulmetool-1536x1536.jpg 1536w, https:\/\/telgirent24.ee\/wp-content\/uploads\/2026\/02\/medallion-pulmetool-24x24.jpg 24w, https:\/\/telgirent24.ee\/wp-content\/uploads\/2026\/02\/medallion-pulmetool-36x36.jpg 36w, https:\/\/telgirent24.ee\/wp-content\/uploads\/2026\/02\/medallion-pulmetool-48x48.jpg 48w, https:\/\/telgirent24.ee\/wp-content\/uploads\/2026\/02\/medallion-pulmetool-100x100.jpg 100w, https:\/\/telgirent24.ee\/wp-content\/uploads\/2026\/02\/medallion-pulmetool-50x50.jpg 50w, https:\/\/telgirent24.ee\/wp-content\/uploads\/2026\/02\/medallion-pulmetool.jpg 2000w\" sizes=\"auto, (max-width: 600px) 100vw, 600px\" \/><\/p>\n<\/div>\n<\/div>\n<\/div>\n<\/div>\n<\/div>\n<\/div>\n","protected":false},"excerpt":{"rendered":"<p>Tool Medallion Medallion tool on ideaalne valik restoranidesse, banketisaalidesse ja pulmavastuv\u00f5ttudele, kus iga detail on oluline. Selle ajatu disain ja looduslikud materjalid loovad harmoonilise terviku, andes interj\u00f6\u00f6rile ainulaadse iseloomu. T\u00e4ispuidust valmistatud tool pakub stabiilsust ja vastupidavust, mis on vajalikud intensiivseks kasutamiseks \u00e4ripindadel. Rotangist seljatugi murrab peenelt klassikalist vormi, lisades kergust ja elegantsi. Polsterdatud iste tagab [&hellip;]<\/p>\n","protected":false},"featured_media":20081,"template":"","meta":{"inline_featured_image":false,"site-sidebar-layout":"default","site-content-layout":"","ast-site-content-layout":"default","site-content-style":"default","site-sidebar-style":"default","ast-global-header-display":"","ast-banner-title-visibility":"","ast-main-header-display":"","ast-hfb-above-header-display":"","ast-hfb-below-header-display":"","ast-hfb-mobile-header-display":"","site-post-title":"","ast-breadcrumbs-content":"","ast-featured-img":"","footer-sml-layout":"","ast-disable-related-posts":"","theme-transparent-header-meta":"default","adv-header-id-meta":"","stick-header-meta":"","header-above-stick-meta":"","header-main-stick-meta":"","header-below-stick-meta":"","astra-migrate-meta-layouts":"default","ast-page-background-enabled":"default","ast-page-background-meta":{"desktop":{"background-color":"var(--ast-global-color-4)","background-image":"","background-repeat":"repeat","background-position":"center center","background-size":"auto","background-attachment":"scroll","background-type":"","background-media":"","overlay-type":"","overlay-color":"","overlay-opacity":"","overlay-gradient":""},"tablet":{"background-color":"","background-image":"","background-repeat":"repeat","background-position":"center center","background-size":"auto","background-attachment":"scroll","background-type":"","background-media":"","overlay-type":"","overlay-color":"","overlay-opacity":"","overlay-gradient":""},"mobile":{"background-color":"","background-image":"","background-repeat":"repeat","background-position":"center center","background-size":"auto","background-attachment":"scroll","background-type":"","background-media":"","overlay-type":"","overlay-color":"","overlay-opacity":"","overlay-gradient":""}},"ast-content-background-meta":{"desktop":{"background-color":"var(--ast-global-color-5)","background-image":"","background-repeat":"repeat","background-position":"center center","background-size":"auto","background-attachment":"scroll","background-type":"","background-media":"","overlay-type":"","overlay-color":"","overlay-opacity":"","overlay-gradient":""},"tablet":{"background-color":"var(--ast-global-color-5)","background-image":"","background-repeat":"repeat","background-position":"center center","background-size":"auto","background-attachment":"scroll","background-type":"","background-media":"","overlay-type":"","overlay-color":"","overlay-opacity":"","overlay-gradient":""},"mobile":{"background-color":"var(--ast-global-color-5)","background-image":"","background-repeat":"repeat","background-position":"center center","background-size":"auto","background-attachment":"scroll","background-type":"","background-media":"","overlay-type":"","overlay-color":"","overlay-opacity":"","overlay-gradient":""}}},"product_cat":[1055,1079],"product_tag":[],"class_list":{"0":"post-20962","1":"product","2":"type-product","3":"status-publish","4":"has-post-thumbnail","6":"product_cat-furniture","7":"product_cat-chairs","8":"desktop-align-left","9":"tablet-align-left","10":"mobile-align-left","11":"ast-product-gallery-layout-horizontal-slider","12":"ast-magnify-disabled","13":"ast-product-tabs-layout-horizontal","14":"ast-qv-on-image","16":"first","17":"instock","18":"taxable","19":"shipping-taxable","20":"purchasable","21":"product-type-simple"},"acf":[],"_links":{"self":[{"href":"https:\/\/telgirent24.ee\/en\/wp-json\/wp\/v2\/product\/20962","targetHints":{"allow":["GET"]}}],"collection":[{"href":"https:\/\/telgirent24.ee\/en\/wp-json\/wp\/v2\/product"}],"about":[{"href":"https:\/\/telgirent24.ee\/en\/wp-json\/wp\/v2\/types\/product"}],"wp:featuredmedia":[{"embeddable":true,"href":"https:\/\/telgirent24.ee\/en\/wp-json\/wp\/v2\/media\/20081"}],"wp:attachment":[{"href":"https:\/\/telgirent24.ee\/en\/wp-json\/wp\/v2\/media?parent=20962"}],"wp:term":[{"taxonomy":"product_cat","embeddable":true,"href":"https:\/\/telgirent24.ee\/en\/wp-json\/wp\/v2\/product_cat?post=20962"},{"taxonomy":"product_tag","embeddable":true,"href":"https:\/\/telgirent24.ee\/en\/wp-json\/wp\/v2\/product_tag?post=20962"}],"curies":[{"name":"wp","href":"https:\/\/api.w.org\/{rel}","templated":true}]}}