{"id":20964,"date":"2026-02-11T10:58:37","date_gmt":"2026-02-11T10:58:37","guid":{"rendered":"https:\/\/telgirent24.ee\/?post_type=product&#038;p=20964"},"modified":"2026-04-07T08:50:35","modified_gmt":"2026-04-07T08:50:35","slug":"chair-palace-2","status":"publish","type":"product","link":"https:\/\/telgirent24.ee\/en\/product\/chair-palace-2\/","title":{"rendered":"Chair Palace"},"content":{"rendered":"<h1 style=\"text-align: center\">Tool Palace<\/h1>\n<div class=\"elementor-widget-wrap\" style=\"text-align: center\">\n<div class=\"elementor-element elementor-element-17e75b6 elementor-widget elementor-widget-text-editor\" data-id=\"17e75b6\" data-element_type=\"widget\" data-widget_type=\"text-editor.default\">\n<div class=\"elementor-widget-container\">\n<div class=\"elementor-text-editor elementor-clearfix\">\n<p><span dir=\"auto\">Tool Palace on oma puitkonstruktsiooni ja elegantse naturaalsest rotangist istmega\u00a0 suurep\u00e4rane valik \u00fcritustele kui soovid ruumidesse lisada kuninglikku h\u00f5ngu.\u00a0<\/span><\/p>\n<p><strong><span dir=\"auto\">Palace&#8217;i toolidesse<\/span><\/strong><span dir=\"auto\">\u00a0investeerimine\u00a0on suurep\u00e4rane viis oma pulmapaiga t\u00e4iustamiseks elemendiga, mis avaldab k\u00fclalistele kindlasti muljet ja lisab igale pidustusele prestii\u017ei. Elegantne ja mugav Palace&#8217;i tool on loodud kestma ja r\u00f5\u00f5mustama aastaid.<\/span><\/p>\n<\/div>\n<\/div>\n<\/div>\n<\/div>\n<div class=\"elementor-widget-wrap\">\n<div class=\"elementor-element elementor-element-7092721 elementor-widget elementor-widget-text-editor\" data-id=\"7092721\" data-element_type=\"widget\" data-widget_type=\"text-editor.default\">\n<div class=\"elementor-widget-container\">\n<div class=\"elementor-text-editor elementor-clearfix\">\n<p style=\"text-align: center\"><strong><span dir=\"auto\">Palace&#8217;i pulmatoolide k\u00f5ige olulisemad eelised:<\/span><\/strong><\/p>\n<p style=\"text-align: center\"><span dir=\"auto\">mugav rotangist iste ja <\/span><span dir=\"auto\">t\u00e4ispuidust konstruktsioon, mis tagab stabiilsuse ja vastupidavuse aastateks<\/span>.<\/p>\n<p><img loading=\"lazy\" decoding=\"async\" class=\"wp-image-20100 aligncenter\" src=\"https:\/\/telgirent24.ee\/wp-content\/uploads\/2026\/02\/staged-furniture-1770807333947-600x343.png\" alt=\"\" width=\"701\" height=\"401\" srcset=\"https:\/\/telgirent24.ee\/wp-content\/uploads\/2026\/02\/staged-furniture-1770807333947-600x343.png 600w, https:\/\/telgirent24.ee\/wp-content\/uploads\/2026\/02\/staged-furniture-1770807333947-300x171.png 300w, https:\/\/telgirent24.ee\/wp-content\/uploads\/2026\/02\/staged-furniture-1770807333947-1024x585.png 1024w, https:\/\/telgirent24.ee\/wp-content\/uploads\/2026\/02\/staged-furniture-1770807333947-768x439.png 768w, https:\/\/telgirent24.ee\/wp-content\/uploads\/2026\/02\/staged-furniture-1770807333947-24x14.png 24w, https:\/\/telgirent24.ee\/wp-content\/uploads\/2026\/02\/staged-furniture-1770807333947-36x21.png 36w, https:\/\/telgirent24.ee\/wp-content\/uploads\/2026\/02\/staged-furniture-1770807333947-48x27.png 48w, https:\/\/telgirent24.ee\/wp-content\/uploads\/2026\/02\/staged-furniture-1770807333947.png 1344w\" sizes=\"auto, (max-width: 701px) 100vw, 701px\" \/><\/p>\n<\/div>\n<\/div>\n<\/div>\n<\/div>\n","protected":false},"excerpt":{"rendered":"<p>Tool Palace Tool Palace on oma puitkonstruktsiooni ja elegantse naturaalsest rotangist istmega\u00a0 suurep\u00e4rane valik \u00fcritustele kui soovid ruumidesse lisada kuninglikku h\u00f5ngu.\u00a0 Palace&#8217;i toolidesse\u00a0investeerimine\u00a0on suurep\u00e4rane viis oma pulmapaiga t\u00e4iustamiseks elemendiga, mis avaldab k\u00fclalistele kindlasti muljet ja lisab igale pidustusele prestii\u017ei. Elegantne ja mugav Palace&#8217;i tool on loodud kestma ja r\u00f5\u00f5mustama aastaid. Palace&#8217;i pulmatoolide k\u00f5ige olulisemad eelised: [&hellip;]<\/p>\n","protected":false},"featured_media":20093,"template":"","meta":{"inline_featured_image":false,"site-sidebar-layout":"default","site-content-layout":"","ast-site-content-layout":"default","site-content-style":"default","site-sidebar-style":"default","ast-global-header-display":"","ast-banner-title-visibility":"","ast-main-header-display":"","ast-hfb-above-header-display":"","ast-hfb-below-header-display":"","ast-hfb-mobile-header-display":"","site-post-title":"","ast-breadcrumbs-content":"","ast-featured-img":"","footer-sml-layout":"","ast-disable-related-posts":"","theme-transparent-header-meta":"default","adv-header-id-meta":"","stick-header-meta":"","header-above-stick-meta":"","header-main-stick-meta":"","header-below-stick-meta":"","astra-migrate-meta-layouts":"default","ast-page-background-enabled":"default","ast-page-background-meta":{"desktop":{"background-color":"var(--ast-global-color-4)","background-image":"","background-repeat":"repeat","background-position":"center center","background-size":"auto","background-attachment":"scroll","background-type":"","background-media":"","overlay-type":"","overlay-color":"","overlay-opacity":"","overlay-gradient":""},"tablet":{"background-color":"","background-image":"","background-repeat":"repeat","background-position":"center center","background-size":"auto","background-attachment":"scroll","background-type":"","background-media":"","overlay-type":"","overlay-color":"","overlay-opacity":"","overlay-gradient":""},"mobile":{"background-color":"","background-image":"","background-repeat":"repeat","background-position":"center center","background-size":"auto","background-attachment":"scroll","background-type":"","background-media":"","overlay-type":"","overlay-color":"","overlay-opacity":"","overlay-gradient":""}},"ast-content-background-meta":{"desktop":{"background-color":"var(--ast-global-color-5)","background-image":"","background-repeat":"repeat","background-position":"center center","background-size":"auto","background-attachment":"scroll","background-type":"","background-media":"","overlay-type":"","overlay-color":"","overlay-opacity":"","overlay-gradient":""},"tablet":{"background-color":"var(--ast-global-color-5)","background-image":"","background-repeat":"repeat","background-position":"center center","background-size":"auto","background-attachment":"scroll","background-type":"","background-media":"","overlay-type":"","overlay-color":"","overlay-opacity":"","overlay-gradient":""},"mobile":{"background-color":"var(--ast-global-color-5)","background-image":"","background-repeat":"repeat","background-position":"center center","background-size":"auto","background-attachment":"scroll","background-type":"","background-media":"","overlay-type":"","overlay-color":"","overlay-opacity":"","overlay-gradient":""}}},"product_cat":[1055,1079],"product_tag":[],"class_list":{"0":"post-20964","1":"product","2":"type-product","3":"status-publish","4":"has-post-thumbnail","6":"product_cat-furniture","7":"product_cat-chairs","8":"desktop-align-left","9":"tablet-align-left","10":"mobile-align-left","11":"ast-product-gallery-layout-horizontal-slider","12":"ast-magnify-disabled","13":"ast-product-tabs-layout-horizontal","14":"ast-qv-on-image","16":"first","17":"instock","18":"taxable","19":"shipping-taxable","20":"purchasable","21":"product-type-simple"},"acf":[],"_links":{"self":[{"href":"https:\/\/telgirent24.ee\/en\/wp-json\/wp\/v2\/product\/20964","targetHints":{"allow":["GET"]}}],"collection":[{"href":"https:\/\/telgirent24.ee\/en\/wp-json\/wp\/v2\/product"}],"about":[{"href":"https:\/\/telgirent24.ee\/en\/wp-json\/wp\/v2\/types\/product"}],"wp:featuredmedia":[{"embeddable":true,"href":"https:\/\/telgirent24.ee\/en\/wp-json\/wp\/v2\/media\/20093"}],"wp:attachment":[{"href":"https:\/\/telgirent24.ee\/en\/wp-json\/wp\/v2\/media?parent=20964"}],"wp:term":[{"taxonomy":"product_cat","embeddable":true,"href":"https:\/\/telgirent24.ee\/en\/wp-json\/wp\/v2\/product_cat?post=20964"},{"taxonomy":"product_tag","embeddable":true,"href":"https:\/\/telgirent24.ee\/en\/wp-json\/wp\/v2\/product_tag?post=20964"}],"curies":[{"name":"wp","href":"https:\/\/api.w.org\/{rel}","templated":true}]}}