{"id":20966,"date":"2026-02-11T11:18:10","date_gmt":"2026-02-11T11:18:10","guid":{"rendered":"https:\/\/telgirent24.ee\/?post_type=product&#038;p=20966"},"modified":"2026-04-07T08:50:41","modified_gmt":"2026-04-07T08:50:41","slug":"banquet-chair-hermiine-pink-velvet-2","status":"publish","type":"product","link":"https:\/\/telgirent24.ee\/en\/product\/banquet-chair-hermiine-pink-velvet-2\/","title":{"rendered":"Banquet Chair Hermiine, Pink Velvet"},"content":{"rendered":"<h1 style=\"text-align: center\">Banketitool Hermiine, roosa samet<\/h1>\n<p style=\"text-align: center\">Banketitool Hermiine sobib ideaalselt peosaalidesse, hotellidesse ja restoranidesse. Selle erip\u00e4radeks on 210 g\/m\u00b2 sametpolster , vastupidav terasraam, virnastatavus kuni 19 tooli ja kandev\u00f5ime kuni 200 kg.<\/p>\n<p style=\"text-align: center\">Banketttooli iste on loodud pikaajaliste bankettide, konverentside ja \u00fcrituste jaoks, kus k\u00fclaliste mugavus on esmat\u00e4htis.<\/p>\n<p style=\"text-align: center\">Hermiine roosa banketitooli raam on valmistatud 19&#215;19 mm terasprofiilist, mille seinapaksus on 1,0 mm, tagades stabiilsuse ja vastupidavuse bankettruumidele iseloomulikele koormustele.<\/p>\n<p style=\"text-align: center\">Raam on viimistletud elegantse kuldse v\u00e4rviga ja vastupidava pulberv\u00e4rvitud viimistlusega .<\/p>\n<p style=\"text-align: center\">Banketttool on disainitud peosaalide t\u00f5husat korraldamist silmas pidades. Tooli saab mugavalt virnastada kuni 19 tk, mis teeb mitme tooli hoiustamise lihtsaks ja ruumi kiireks ettevalmistamiseks j\u00e4rgmiseks \u00fcrituseks<\/p>\n<p><img loading=\"lazy\" decoding=\"async\" class=\"wp-image-20109 aligncenter\" src=\"https:\/\/telgirent24.ee\/wp-content\/uploads\/2026\/02\/Tool-Herman-roosa.jpg\" alt=\"\" width=\"471\" height=\"466\" srcset=\"https:\/\/telgirent24.ee\/wp-content\/uploads\/2026\/02\/Tool-Herman-roosa.jpg 395w, https:\/\/telgirent24.ee\/wp-content\/uploads\/2026\/02\/Tool-Herman-roosa-300x297.jpg 300w, https:\/\/telgirent24.ee\/wp-content\/uploads\/2026\/02\/Tool-Herman-roosa-24x24.jpg 24w, https:\/\/telgirent24.ee\/wp-content\/uploads\/2026\/02\/Tool-Herman-roosa-36x36.jpg 36w, https:\/\/telgirent24.ee\/wp-content\/uploads\/2026\/02\/Tool-Herman-roosa-48x48.jpg 48w, https:\/\/telgirent24.ee\/wp-content\/uploads\/2026\/02\/Tool-Herman-roosa-100x100.jpg 100w, https:\/\/telgirent24.ee\/wp-content\/uploads\/2026\/02\/Tool-Herman-roosa-50x50.jpg 50w\" sizes=\"auto, (max-width: 471px) 100vw, 471px\" \/><\/p>\n<p>&nbsp;<\/p>\n","protected":false},"excerpt":{"rendered":"<p>Banketitool Hermiine, roosa samet Banketitool Hermiine sobib ideaalselt peosaalidesse, hotellidesse ja restoranidesse. Selle erip\u00e4radeks on 210 g\/m\u00b2 sametpolster , vastupidav terasraam, virnastatavus kuni 19 tooli ja kandev\u00f5ime kuni 200 kg. Banketttooli iste on loodud pikaajaliste bankettide, konverentside ja \u00fcrituste jaoks, kus k\u00fclaliste mugavus on esmat\u00e4htis. Hermiine roosa banketitooli raam on valmistatud 19&#215;19 mm terasprofiilist, mille [&hellip;]<\/p>\n","protected":false},"featured_media":20110,"template":"","meta":{"inline_featured_image":false,"site-sidebar-layout":"default","site-content-layout":"","ast-site-content-layout":"default","site-content-style":"default","site-sidebar-style":"default","ast-global-header-display":"","ast-banner-title-visibility":"","ast-main-header-display":"","ast-hfb-above-header-display":"","ast-hfb-below-header-display":"","ast-hfb-mobile-header-display":"","site-post-title":"","ast-breadcrumbs-content":"","ast-featured-img":"","footer-sml-layout":"","ast-disable-related-posts":"","theme-transparent-header-meta":"default","adv-header-id-meta":"","stick-header-meta":"","header-above-stick-meta":"","header-main-stick-meta":"","header-below-stick-meta":"","astra-migrate-meta-layouts":"default","ast-page-background-enabled":"default","ast-page-background-meta":{"desktop":{"background-color":"var(--ast-global-color-4)","background-image":"","background-repeat":"repeat","background-position":"center center","background-size":"auto","background-attachment":"scroll","background-type":"","background-media":"","overlay-type":"","overlay-color":"","overlay-opacity":"","overlay-gradient":""},"tablet":{"background-color":"","background-image":"","background-repeat":"repeat","background-position":"center center","background-size":"auto","background-attachment":"scroll","background-type":"","background-media":"","overlay-type":"","overlay-color":"","overlay-opacity":"","overlay-gradient":""},"mobile":{"background-color":"","background-image":"","background-repeat":"repeat","background-position":"center center","background-size":"auto","background-attachment":"scroll","background-type":"","background-media":"","overlay-type":"","overlay-color":"","overlay-opacity":"","overlay-gradient":""}},"ast-content-background-meta":{"desktop":{"background-color":"var(--ast-global-color-5)","background-image":"","background-repeat":"repeat","background-position":"center center","background-size":"auto","background-attachment":"scroll","background-type":"","background-media":"","overlay-type":"","overlay-color":"","overlay-opacity":"","overlay-gradient":""},"tablet":{"background-color":"var(--ast-global-color-5)","background-image":"","background-repeat":"repeat","background-position":"center center","background-size":"auto","background-attachment":"scroll","background-type":"","background-media":"","overlay-type":"","overlay-color":"","overlay-opacity":"","overlay-gradient":""},"mobile":{"background-color":"var(--ast-global-color-5)","background-image":"","background-repeat":"repeat","background-position":"center center","background-size":"auto","background-attachment":"scroll","background-type":"","background-media":"","overlay-type":"","overlay-color":"","overlay-opacity":"","overlay-gradient":""}}},"product_cat":[1055,1079],"product_tag":[],"class_list":{"0":"post-20966","1":"product","2":"type-product","3":"status-publish","4":"has-post-thumbnail","6":"product_cat-furniture","7":"product_cat-chairs","8":"desktop-align-left","9":"tablet-align-left","10":"mobile-align-left","11":"ast-product-gallery-layout-horizontal-slider","12":"ast-magnify-disabled","13":"ast-product-tabs-layout-horizontal","14":"ast-qv-on-image","16":"first","17":"instock","18":"taxable","19":"shipping-taxable","20":"purchasable","21":"product-type-simple"},"acf":[],"_links":{"self":[{"href":"https:\/\/telgirent24.ee\/en\/wp-json\/wp\/v2\/product\/20966","targetHints":{"allow":["GET"]}}],"collection":[{"href":"https:\/\/telgirent24.ee\/en\/wp-json\/wp\/v2\/product"}],"about":[{"href":"https:\/\/telgirent24.ee\/en\/wp-json\/wp\/v2\/types\/product"}],"wp:featuredmedia":[{"embeddable":true,"href":"https:\/\/telgirent24.ee\/en\/wp-json\/wp\/v2\/media\/20110"}],"wp:attachment":[{"href":"https:\/\/telgirent24.ee\/en\/wp-json\/wp\/v2\/media?parent=20966"}],"wp:term":[{"taxonomy":"product_cat","embeddable":true,"href":"https:\/\/telgirent24.ee\/en\/wp-json\/wp\/v2\/product_cat?post=20966"},{"taxonomy":"product_tag","embeddable":true,"href":"https:\/\/telgirent24.ee\/en\/wp-json\/wp\/v2\/product_tag?post=20966"}],"curies":[{"name":"wp","href":"https:\/\/api.w.org\/{rel}","templated":true}]}}