{"id":20968,"date":"2026-02-11T11:47:50","date_gmt":"2026-02-11T11:47:50","guid":{"rendered":"https:\/\/telgirent24.ee\/?post_type=product&#038;p=20968"},"modified":"2026-04-07T08:50:46","modified_gmt":"2026-04-07T08:50:46","slug":"cross-back-wooden-chair-black-2","status":"publish","type":"product","link":"https:\/\/telgirent24.ee\/en\/product\/cross-back-wooden-chair-black-2\/","title":{"rendered":"Cross-back Wooden Chair, Black"},"content":{"rendered":"<h1 style=\"text-align: center\">Cross-back tool puidust, must<\/h1>\n<p style=\"text-align: center\">See ikooniline Cross- back tool on t\u00e4iuslik sulam maal\u00e4hedasest v\u00f5lust ja modernsest elegantsist. Selle kumer seljatugi ja iseloomulik ristuv disain pakuvad nii silmailu kui ka ergonoomilist tuge, muutes pikad \u00f5htus\u00f6\u00f6gid nauditavaks.<\/p>\n<p style=\"text-align: center\">Mustaks viimistletud raam loob dramaatilise ja stiilse kontrasti naturaalse helepruuni rotangist istmega. Rotangi orgaaniline tekstuur toob ruumi vajalikku soojust ja pehmust, pakkudes samal ajal hingavat ja mugavat istumispinda.<\/p>\n<p><img loading=\"lazy\" decoding=\"async\" class=\"alignnone size-full wp-image-20120 aligncenter\" src=\"https:\/\/telgirent24.ee\/wp-content\/uploads\/2026\/02\/crossback-must.jpg\" alt=\"\" width=\"527\" height=\"732\" srcset=\"https:\/\/telgirent24.ee\/wp-content\/uploads\/2026\/02\/crossback-must.jpg 527w, https:\/\/telgirent24.ee\/wp-content\/uploads\/2026\/02\/crossback-must-216x300.jpg 216w, https:\/\/telgirent24.ee\/wp-content\/uploads\/2026\/02\/crossback-must-17x24.jpg 17w, https:\/\/telgirent24.ee\/wp-content\/uploads\/2026\/02\/crossback-must-26x36.jpg 26w, https:\/\/telgirent24.ee\/wp-content\/uploads\/2026\/02\/crossback-must-35x48.jpg 35w\" sizes=\"auto, (max-width: 527px) 100vw, 527px\" \/><\/p>\n<dl class=\"data-sheet\">\n<dt class=\"name\"><\/dt>\n<\/dl>\n","protected":false},"excerpt":{"rendered":"<p>Cross-back tool puidust, must See ikooniline Cross- back tool on t\u00e4iuslik sulam maal\u00e4hedasest v\u00f5lust ja modernsest elegantsist. Selle kumer seljatugi ja iseloomulik ristuv disain pakuvad nii silmailu kui ka ergonoomilist tuge, muutes pikad \u00f5htus\u00f6\u00f6gid nauditavaks. Mustaks viimistletud raam loob dramaatilise ja stiilse kontrasti naturaalse helepruuni rotangist istmega. Rotangi orgaaniline tekstuur toob ruumi vajalikku soojust ja [&hellip;]<\/p>\n","protected":false},"featured_media":20115,"template":"","meta":{"inline_featured_image":false,"site-sidebar-layout":"default","site-content-layout":"","ast-site-content-layout":"default","site-content-style":"default","site-sidebar-style":"default","ast-global-header-display":"","ast-banner-title-visibility":"","ast-main-header-display":"","ast-hfb-above-header-display":"","ast-hfb-below-header-display":"","ast-hfb-mobile-header-display":"","site-post-title":"","ast-breadcrumbs-content":"","ast-featured-img":"","footer-sml-layout":"","ast-disable-related-posts":"","theme-transparent-header-meta":"default","adv-header-id-meta":"","stick-header-meta":"","header-above-stick-meta":"","header-main-stick-meta":"","header-below-stick-meta":"","astra-migrate-meta-layouts":"default","ast-page-background-enabled":"default","ast-page-background-meta":{"desktop":{"background-color":"var(--ast-global-color-4)","background-image":"","background-repeat":"repeat","background-position":"center center","background-size":"auto","background-attachment":"scroll","background-type":"","background-media":"","overlay-type":"","overlay-color":"","overlay-opacity":"","overlay-gradient":""},"tablet":{"background-color":"","background-image":"","background-repeat":"repeat","background-position":"center center","background-size":"auto","background-attachment":"scroll","background-type":"","background-media":"","overlay-type":"","overlay-color":"","overlay-opacity":"","overlay-gradient":""},"mobile":{"background-color":"","background-image":"","background-repeat":"repeat","background-position":"center center","background-size":"auto","background-attachment":"scroll","background-type":"","background-media":"","overlay-type":"","overlay-color":"","overlay-opacity":"","overlay-gradient":""}},"ast-content-background-meta":{"desktop":{"background-color":"var(--ast-global-color-5)","background-image":"","background-repeat":"repeat","background-position":"center center","background-size":"auto","background-attachment":"scroll","background-type":"","background-media":"","overlay-type":"","overlay-color":"","overlay-opacity":"","overlay-gradient":""},"tablet":{"background-color":"var(--ast-global-color-5)","background-image":"","background-repeat":"repeat","background-position":"center center","background-size":"auto","background-attachment":"scroll","background-type":"","background-media":"","overlay-type":"","overlay-color":"","overlay-opacity":"","overlay-gradient":""},"mobile":{"background-color":"var(--ast-global-color-5)","background-image":"","background-repeat":"repeat","background-position":"center center","background-size":"auto","background-attachment":"scroll","background-type":"","background-media":"","overlay-type":"","overlay-color":"","overlay-opacity":"","overlay-gradient":""}}},"product_cat":[1055,1079],"product_tag":[],"class_list":{"0":"post-20968","1":"product","2":"type-product","3":"status-publish","4":"has-post-thumbnail","6":"product_cat-furniture","7":"product_cat-chairs","8":"desktop-align-left","9":"tablet-align-left","10":"mobile-align-left","11":"ast-product-gallery-layout-horizontal-slider","12":"ast-magnify-disabled","13":"ast-product-tabs-layout-horizontal","14":"ast-qv-on-image","16":"first","17":"instock","18":"taxable","19":"shipping-taxable","20":"purchasable","21":"product-type-simple"},"acf":[],"_links":{"self":[{"href":"https:\/\/telgirent24.ee\/en\/wp-json\/wp\/v2\/product\/20968","targetHints":{"allow":["GET"]}}],"collection":[{"href":"https:\/\/telgirent24.ee\/en\/wp-json\/wp\/v2\/product"}],"about":[{"href":"https:\/\/telgirent24.ee\/en\/wp-json\/wp\/v2\/types\/product"}],"wp:featuredmedia":[{"embeddable":true,"href":"https:\/\/telgirent24.ee\/en\/wp-json\/wp\/v2\/media\/20115"}],"wp:attachment":[{"href":"https:\/\/telgirent24.ee\/en\/wp-json\/wp\/v2\/media?parent=20968"}],"wp:term":[{"taxonomy":"product_cat","embeddable":true,"href":"https:\/\/telgirent24.ee\/en\/wp-json\/wp\/v2\/product_cat?post=20968"},{"taxonomy":"product_tag","embeddable":true,"href":"https:\/\/telgirent24.ee\/en\/wp-json\/wp\/v2\/product_tag?post=20968"}],"curies":[{"name":"wp","href":"https:\/\/api.w.org\/{rel}","templated":true}]}}