{"id":20973,"date":"2025-02-17T15:35:59","date_gmt":"2025-02-17T15:35:59","guid":{"rendered":"https:\/\/telgirent24.ee\/?post_type=product&#038;p=20973"},"modified":"2026-04-07T08:58:14","modified_gmt":"2026-04-07T08:58:14","slug":"gold-serving-tongs-2","status":"publish","type":"product","link":"https:\/\/telgirent24.ee\/en\/product\/gold-serving-tongs-2\/","title":{"rendered":"Gold Serving Tongs"},"content":{"rendered":"<h2>Kellele ja milleks<\/h2>\n<p>Meie kuldsed serveerimistangid sobivad suurep\u00e4raselt pidude, pulmade ja teiste eris\u00fcndmuste atmosf\u00e4\u00e4rilise t\u00e4iendamise jaoks. Need s\u00e4ravad tanged sobivad nii k\u00e4tte andmiseks kui ka dekoratiivseks elemendiks, luues alati elegantse ja n\u00e4gusa mulje. Kasutades neid koos teiste kuldsete v\u00f5i kooritud n\u00f5udega, saate h\u00f5lpsasti luua stiilse ja \u00fchtse laua kujunduse.<\/p>\n<h3>Miks valida<\/h3>\n<ul>\n<li>Lisab piduliku ja luksusliku tunde iga \u00fcrituse dekoratsioonile<\/li>\n<li>Lihtne kasutada ja puhastada \u2013 piisab niiske lapiga p\u00fchkimisest<\/li>\n<li>V\u00f5imalus rentida v\u00f5i osta vastavalt vajadusele<\/li>\n<li>Saadaval erinevates suurustes ja komplektides, sobides erinevatele suurustele ja peokorraldusele<\/li>\n<li>Pakkudes vastupidavust ja stiili, on kuldsed tanged ka kogu \u00fcrituse v\u00e4ltel laitmatult kaunid<\/li>\n<\/ul>\n<h3>Tehnilised andmed<\/h3>\n<table>\n<tr>\n<td>M\u00f5\u00f5dud<\/td>\n<td>85 cm, 100 cm, 120 cm v\u00f5i sobiva pikkusega eraldi tellimisel<\/td>\n<\/tr>\n<tr>\n<td>Materjal<\/td>\n<td>Metall, kaetud kuldse v\u00f5i kuldkihiga<\/td>\n<\/tr>\n<tr>\n<td>Kaal<\/td>\n<td>U 200 g paneb tanga kindlalt ja mugavalt kasutama<\/td>\n<\/tr>\n<tr>\n<td>V\u00e4rv(id)<\/td>\n<td>Kuldne<\/td>\n<\/tr>\n<tr>\n<td>Komplekt<\/td>\n<td>\u00dcksik v\u00f5i mitmikpakett, v\u00f5imalik tellida vastavalt n\u00f5udmistele<\/td>\n<\/tr>\n<\/table>\n<h3>Rent vs m\u00fc\u00fck<\/h3>\n<ul>\n<li>Rendi hind sisaldab tanga hooldust ja koristust, ning nende transpordi; saate boonusena vaadata kogu peoinventari valikut ning h\u00f5lpsasti planeerida \u00fcrituse logistikat<\/li>\n<li>M\u00fc\u00fcgi puhul on tanged teie kasutuses p\u00fcsivalt ning v\u00f5imaldavad korduvat kasutust ning isiklikku hooldust<\/li>\n<\/ul>\n<p>Meilt leiate k\u00f5ik vajalikud lauan\u00f5ud ning peoinventari, et teie \u00fcritus \u00f5nnestuks laitmatult \u2013Transport ja paigaldus on saadaval lisa teenustena vastavalt soovile.<\/p>\n","protected":false},"excerpt":{"rendered":"<p>Kellele ja milleks Meie kuldsed serveerimistangid sobivad suurep\u00e4raselt pidude, pulmade ja teiste eris\u00fcndmuste atmosf\u00e4\u00e4rilise t\u00e4iendamise jaoks. Need s\u00e4ravad tanged sobivad nii k\u00e4tte andmiseks kui ka dekoratiivseks elemendiks, luues alati elegantse ja n\u00e4gusa mulje. Kasutades neid koos teiste kuldsete v\u00f5i kooritud n\u00f5udega, saate h\u00f5lpsasti luua stiilse ja \u00fchtse laua kujunduse. Miks valida Lisab piduliku ja luksusliku [&hellip;]<\/p>\n","protected":false},"featured_media":18500,"template":"","meta":{"inline_featured_image":false,"site-sidebar-layout":"default","site-content-layout":"","ast-site-content-layout":"default","site-content-style":"default","site-sidebar-style":"default","ast-global-header-display":"","ast-banner-title-visibility":"","ast-main-header-display":"","ast-hfb-above-header-display":"","ast-hfb-below-header-display":"","ast-hfb-mobile-header-display":"","site-post-title":"","ast-breadcrumbs-content":"","ast-featured-img":"","footer-sml-layout":"","ast-disable-related-posts":"","theme-transparent-header-meta":"default","adv-header-id-meta":"","stick-header-meta":"","header-above-stick-meta":"","header-main-stick-meta":"","header-below-stick-meta":"","astra-migrate-meta-layouts":"default","ast-page-background-enabled":"default","ast-page-background-meta":{"desktop":{"background-color":"var(--ast-global-color-4)","background-image":"","background-repeat":"repeat","background-position":"center center","background-size":"auto","background-attachment":"scroll","background-type":"","background-media":"","overlay-type":"","overlay-color":"","overlay-opacity":"","overlay-gradient":""},"tablet":{"background-color":"","background-image":"","background-repeat":"repeat","background-position":"center center","background-size":"auto","background-attachment":"scroll","background-type":"","background-media":"","overlay-type":"","overlay-color":"","overlay-opacity":"","overlay-gradient":""},"mobile":{"background-color":"","background-image":"","background-repeat":"repeat","background-position":"center center","background-size":"auto","background-attachment":"scroll","background-type":"","background-media":"","overlay-type":"","overlay-color":"","overlay-opacity":"","overlay-gradient":""}},"ast-content-background-meta":{"desktop":{"background-color":"var(--ast-global-color-5)","background-image":"","background-repeat":"repeat","background-position":"center center","background-size":"auto","background-attachment":"scroll","background-type":"","background-media":"","overlay-type":"","overlay-color":"","overlay-opacity":"","overlay-gradient":""},"tablet":{"background-color":"var(--ast-global-color-5)","background-image":"","background-repeat":"repeat","background-position":"center center","background-size":"auto","background-attachment":"scroll","background-type":"","background-media":"","overlay-type":"","overlay-color":"","overlay-opacity":"","overlay-gradient":""},"mobile":{"background-color":"var(--ast-global-color-5)","background-image":"","background-repeat":"repeat","background-position":"center center","background-size":"auto","background-attachment":"scroll","background-type":"","background-media":"","overlay-type":"","overlay-color":"","overlay-opacity":"","overlay-gradient":""}}},"product_cat":[1059,1061],"product_tag":[],"class_list":{"0":"post-20973","1":"product","2":"type-product","3":"status-publish","4":"has-post-thumbnail","6":"product_cat-tableware","7":"product_cat-serveware","8":"desktop-align-left","9":"tablet-align-left","10":"mobile-align-left","11":"ast-product-gallery-layout-horizontal-slider","12":"ast-magnify-disabled","13":"ast-product-tabs-layout-horizontal","14":"ast-qv-on-image","16":"first","17":"instock","18":"taxable","19":"shipping-taxable","20":"purchasable","21":"product-type-simple"},"acf":[],"_links":{"self":[{"href":"https:\/\/telgirent24.ee\/en\/wp-json\/wp\/v2\/product\/20973","targetHints":{"allow":["GET"]}}],"collection":[{"href":"https:\/\/telgirent24.ee\/en\/wp-json\/wp\/v2\/product"}],"about":[{"href":"https:\/\/telgirent24.ee\/en\/wp-json\/wp\/v2\/types\/product"}],"wp:featuredmedia":[{"embeddable":true,"href":"https:\/\/telgirent24.ee\/en\/wp-json\/wp\/v2\/media\/18500"}],"wp:attachment":[{"href":"https:\/\/telgirent24.ee\/en\/wp-json\/wp\/v2\/media?parent=20973"}],"wp:term":[{"taxonomy":"product_cat","embeddable":true,"href":"https:\/\/telgirent24.ee\/en\/wp-json\/wp\/v2\/product_cat?post=20973"},{"taxonomy":"product_tag","embeddable":true,"href":"https:\/\/telgirent24.ee\/en\/wp-json\/wp\/v2\/product_tag?post=20973"}],"curies":[{"name":"wp","href":"https:\/\/api.w.org\/{rel}","templated":true}]}}