{"id":20975,"date":"2024-04-29T08:22:57","date_gmt":"2024-04-29T08:22:57","guid":{"rendered":"https:\/\/telgirent24.ee\/?post_type=product&#038;p=20975"},"modified":"2026-04-07T08:58:14","modified_gmt":"2026-04-07T08:58:14","slug":"plate-with-blue-decor-26cm-2","status":"publish","type":"product","link":"https:\/\/telgirent24.ee\/en\/product\/plate-with-blue-decor-26cm-2\/","title":{"rendered":"Plate with Blue Decor 26cm"},"content":{"rendered":"<h1>Taldrik sinise dekooriga 26 cm<\/h1>\n<p>Klassikalise puhta vormi ja julge sini- valge mustriga taldrik on valmistatud portselanist ja vastupidav kriimustustele.<\/p>\n<p>Puhtad erksad v\u00e4rvid ja kuldne loorberilehe dekoor lisavad luksust, s\u00e4ra ja elegantsi&#8230; ideaalne viis end stiilselt v\u00e4ljendada.<\/p>\n<p>Komplekteeri meie valikus olevate teiste toodetega.<\/p>\n<p>&nbsp;<\/p>\n<p><img loading=\"lazy\" decoding=\"async\" class=\"alignleft\" src=\"https:\/\/telgirent24.ee\/wp-content\/uploads\/2024\/04\/Taldrik-sinise-dekooriga-300x300.jpg\" width=\"370\" height=\"370\" \/><\/p>\n<p><a href=\"https:\/\/telgirent24.ee\/wp-content\/uploads\/2024\/04\/Sinise-dekooriga-taldrik-252-cm.jpg\"><img loading=\"lazy\" decoding=\"async\" class=\" wp-image-17393\" src=\"https:\/\/telgirent24.ee\/wp-content\/uploads\/2024\/04\/Sinise-dekooriga-taldrik-252-cm.jpg\" alt=\"Sinise dekooriga taldrik \" width=\"370\" height=\"370\" srcset=\"https:\/\/telgirent24.ee\/wp-content\/uploads\/2024\/04\/Sinise-dekooriga-taldrik-252-cm.jpg 425w, https:\/\/telgirent24.ee\/wp-content\/uploads\/2024\/04\/Sinise-dekooriga-taldrik-252-cm-300x300.jpg 300w, https:\/\/telgirent24.ee\/wp-content\/uploads\/2024\/04\/Sinise-dekooriga-taldrik-252-cm-150x150.jpg 150w, https:\/\/telgirent24.ee\/wp-content\/uploads\/2024\/04\/Sinise-dekooriga-taldrik-252-cm-24x24.jpg 24w, https:\/\/telgirent24.ee\/wp-content\/uploads\/2024\/04\/Sinise-dekooriga-taldrik-252-cm-36x36.jpg 36w, https:\/\/telgirent24.ee\/wp-content\/uploads\/2024\/04\/Sinise-dekooriga-taldrik-252-cm-48x48.jpg 48w, https:\/\/telgirent24.ee\/wp-content\/uploads\/2024\/04\/Sinise-dekooriga-taldrik-252-cm-100x100.jpg 100w, https:\/\/telgirent24.ee\/wp-content\/uploads\/2024\/04\/Sinise-dekooriga-taldrik-252-cm-50x50.jpg 50w\" sizes=\"auto, (max-width: 370px) 100vw, 370px\" \/><\/a><\/p>\n","protected":false},"excerpt":{"rendered":"<p>Taldrik sinise dekooriga 26 cm Klassikalise puhta vormi ja julge sini- valge mustriga taldrik on valmistatud portselanist ja vastupidav kriimustustele. Puhtad erksad v\u00e4rvid ja kuldne loorberilehe dekoor lisavad luksust, s\u00e4ra ja elegantsi&#8230; ideaalne viis end stiilselt v\u00e4ljendada. Komplekteeri meie valikus olevate teiste toodetega. &nbsp;<\/p>\n","protected":false},"featured_media":17401,"template":"","meta":{"inline_featured_image":false,"site-sidebar-layout":"default","site-content-layout":"","ast-site-content-layout":"default","site-content-style":"default","site-sidebar-style":"default","ast-global-header-display":"","ast-banner-title-visibility":"","ast-main-header-display":"","ast-hfb-above-header-display":"","ast-hfb-below-header-display":"","ast-hfb-mobile-header-display":"","site-post-title":"","ast-breadcrumbs-content":"","ast-featured-img":"","footer-sml-layout":"","ast-disable-related-posts":"","theme-transparent-header-meta":"default","adv-header-id-meta":"","stick-header-meta":"","header-above-stick-meta":"","header-main-stick-meta":"","header-below-stick-meta":"","astra-migrate-meta-layouts":"default","ast-page-background-enabled":"default","ast-page-background-meta":{"desktop":{"background-color":"var(--ast-global-color-4)","background-image":"","background-repeat":"repeat","background-position":"center center","background-size":"auto","background-attachment":"scroll","background-type":"","background-media":"","overlay-type":"","overlay-color":"","overlay-opacity":"","overlay-gradient":""},"tablet":{"background-color":"","background-image":"","background-repeat":"repeat","background-position":"center center","background-size":"auto","background-attachment":"scroll","background-type":"","background-media":"","overlay-type":"","overlay-color":"","overlay-opacity":"","overlay-gradient":""},"mobile":{"background-color":"","background-image":"","background-repeat":"repeat","background-position":"center center","background-size":"auto","background-attachment":"scroll","background-type":"","background-media":"","overlay-type":"","overlay-color":"","overlay-opacity":"","overlay-gradient":""}},"ast-content-background-meta":{"desktop":{"background-color":"var(--ast-global-color-5)","background-image":"","background-repeat":"repeat","background-position":"center center","background-size":"auto","background-attachment":"scroll","background-type":"","background-media":"","overlay-type":"","overlay-color":"","overlay-opacity":"","overlay-gradient":""},"tablet":{"background-color":"var(--ast-global-color-5)","background-image":"","background-repeat":"repeat","background-position":"center center","background-size":"auto","background-attachment":"scroll","background-type":"","background-media":"","overlay-type":"","overlay-color":"","overlay-opacity":"","overlay-gradient":""},"mobile":{"background-color":"var(--ast-global-color-5)","background-image":"","background-repeat":"repeat","background-position":"center center","background-size":"auto","background-attachment":"scroll","background-type":"","background-media":"","overlay-type":"","overlay-color":"","overlay-opacity":"","overlay-gradient":""}}},"product_cat":[1059,1062],"product_tag":[1875,1874],"class_list":{"0":"post-20975","1":"product","2":"type-product","3":"status-publish","4":"has-post-thumbnail","6":"product_cat-tableware","7":"product_cat-dinnerware","8":"product_tag-plate-rental","9":"product_tag-tableware-rental","10":"desktop-align-left","11":"tablet-align-left","12":"mobile-align-left","13":"ast-product-gallery-layout-horizontal-slider","14":"ast-magnify-disabled","15":"ast-product-tabs-layout-horizontal","16":"ast-qv-on-image","18":"first","19":"instock","20":"taxable","21":"shipping-taxable","22":"purchasable","23":"product-type-simple"},"acf":[],"_links":{"self":[{"href":"https:\/\/telgirent24.ee\/en\/wp-json\/wp\/v2\/product\/20975","targetHints":{"allow":["GET"]}}],"collection":[{"href":"https:\/\/telgirent24.ee\/en\/wp-json\/wp\/v2\/product"}],"about":[{"href":"https:\/\/telgirent24.ee\/en\/wp-json\/wp\/v2\/types\/product"}],"wp:featuredmedia":[{"embeddable":true,"href":"https:\/\/telgirent24.ee\/en\/wp-json\/wp\/v2\/media\/17401"}],"wp:attachment":[{"href":"https:\/\/telgirent24.ee\/en\/wp-json\/wp\/v2\/media?parent=20975"}],"wp:term":[{"taxonomy":"product_cat","embeddable":true,"href":"https:\/\/telgirent24.ee\/en\/wp-json\/wp\/v2\/product_cat?post=20975"},{"taxonomy":"product_tag","embeddable":true,"href":"https:\/\/telgirent24.ee\/en\/wp-json\/wp\/v2\/product_tag?post=20975"}],"curies":[{"name":"wp","href":"https:\/\/api.w.org\/{rel}","templated":true}]}}