{"id":20976,"date":"2024-02-06T15:11:40","date_gmt":"2024-02-06T15:11:40","guid":{"rendered":"https:\/\/telgirent24.ee\/?post_type=product&#038;p=20976"},"modified":"2026-04-07T08:58:13","modified_gmt":"2026-04-07T08:58:13","slug":"chair-pad-natural-white-2","status":"publish","type":"product","link":"https:\/\/telgirent24.ee\/en\/product\/chair-pad-natural-white-2\/","title":{"rendered":"Chair Pad Natural White"},"content":{"rendered":"<h1>Toolipadi naturaalvalge<\/h1>\n<p>&nbsp;<\/p>\n<p>Toolipadja m\u00f5\u00f5dud 40x40cm<\/p>\n<p>Kinnitub toolile kr\u00f5psu ehk takjakinnitusega<\/p>\n<p>V\u00e4rvus naturaalvalge<\/p>\n<p>Materjal kunstnahk<\/p>\n<p>&nbsp;<\/p>\n<p><a href=\"http:\/\/telgirent24.ee\/wp-content\/uploads\/2024\/02\/toolide-rent-toolipadja-rent-2.jpg\"><img loading=\"lazy\" decoding=\"async\" class=\"size-large wp-image-16785\" src=\"http:\/\/telgirent24.ee\/wp-content\/uploads\/2024\/02\/toolide-rent-toolipadja-rent-2-577x1024.jpg\" alt=\"toolipadja rent toolipadjad toolid rent naturaalvalge toolipadi\" width=\"577\" height=\"1024\" srcset=\"https:\/\/telgirent24.ee\/wp-content\/uploads\/2024\/02\/toolide-rent-toolipadja-rent-2-577x1024.jpg 577w, https:\/\/telgirent24.ee\/wp-content\/uploads\/2024\/02\/toolide-rent-toolipadja-rent-2-169x300.jpg 169w, https:\/\/telgirent24.ee\/wp-content\/uploads\/2024\/02\/toolide-rent-toolipadja-rent-2-768x1363.jpg 768w, https:\/\/telgirent24.ee\/wp-content\/uploads\/2024\/02\/toolide-rent-toolipadja-rent-2-866x1536.jpg 866w, https:\/\/telgirent24.ee\/wp-content\/uploads\/2024\/02\/toolide-rent-toolipadja-rent-2-14x24.jpg 14w, https:\/\/telgirent24.ee\/wp-content\/uploads\/2024\/02\/toolide-rent-toolipadja-rent-2-20x36.jpg 20w, https:\/\/telgirent24.ee\/wp-content\/uploads\/2024\/02\/toolide-rent-toolipadja-rent-2-27x48.jpg 27w, https:\/\/telgirent24.ee\/wp-content\/uploads\/2024\/02\/toolide-rent-toolipadja-rent-2-600x1065.jpg 600w, https:\/\/telgirent24.ee\/wp-content\/uploads\/2024\/02\/toolide-rent-toolipadja-rent-2.jpg 901w\" sizes=\"auto, (max-width: 577px) 100vw, 577px\" \/><\/a><\/p>\n<p><a href=\"http:\/\/telgirent24.ee\/wp-content\/uploads\/2024\/02\/toolide-rent-toolipadja-rent-3.jpg\"><img loading=\"lazy\" decoding=\"async\" class=\"size-large wp-image-16787\" src=\"http:\/\/telgirent24.ee\/wp-content\/uploads\/2024\/02\/toolide-rent-toolipadja-rent-3-577x1024.jpg\" alt=\"toolipadja rent toolipadjad toolid rent naturaalvalge toolipadi\" width=\"577\" height=\"1024\" srcset=\"https:\/\/telgirent24.ee\/wp-content\/uploads\/2024\/02\/toolide-rent-toolipadja-rent-3-577x1024.jpg 577w, https:\/\/telgirent24.ee\/wp-content\/uploads\/2024\/02\/toolide-rent-toolipadja-rent-3-169x300.jpg 169w, https:\/\/telgirent24.ee\/wp-content\/uploads\/2024\/02\/toolide-rent-toolipadja-rent-3-768x1363.jpg 768w, https:\/\/telgirent24.ee\/wp-content\/uploads\/2024\/02\/toolide-rent-toolipadja-rent-3-866x1536.jpg 866w, https:\/\/telgirent24.ee\/wp-content\/uploads\/2024\/02\/toolide-rent-toolipadja-rent-3-14x24.jpg 14w, https:\/\/telgirent24.ee\/wp-content\/uploads\/2024\/02\/toolide-rent-toolipadja-rent-3-20x36.jpg 20w, https:\/\/telgirent24.ee\/wp-content\/uploads\/2024\/02\/toolide-rent-toolipadja-rent-3-27x48.jpg 27w, https:\/\/telgirent24.ee\/wp-content\/uploads\/2024\/02\/toolide-rent-toolipadja-rent-3-600x1065.jpg 600w, https:\/\/telgirent24.ee\/wp-content\/uploads\/2024\/02\/toolide-rent-toolipadja-rent-3.jpg 901w\" sizes=\"auto, (max-width: 577px) 100vw, 577px\" \/><\/a><\/p>\n<p><a href=\"http:\/\/telgirent24.ee\/wp-content\/uploads\/2024\/02\/toolide-rent-toolipadja-rent-4.jpg\"><img loading=\"lazy\" decoding=\"async\" class=\"size-large wp-image-16789\" src=\"http:\/\/telgirent24.ee\/wp-content\/uploads\/2024\/02\/toolide-rent-toolipadja-rent-4-577x1024.jpg\" alt=\"toolipadja rent toolipadjad toolid rent\" width=\"577\" height=\"1024\" srcset=\"https:\/\/telgirent24.ee\/wp-content\/uploads\/2024\/02\/toolide-rent-toolipadja-rent-4-577x1024.jpg 577w, https:\/\/telgirent24.ee\/wp-content\/uploads\/2024\/02\/toolide-rent-toolipadja-rent-4-169x300.jpg 169w, https:\/\/telgirent24.ee\/wp-content\/uploads\/2024\/02\/toolide-rent-toolipadja-rent-4-768x1363.jpg 768w, https:\/\/telgirent24.ee\/wp-content\/uploads\/2024\/02\/toolide-rent-toolipadja-rent-4-866x1536.jpg 866w, https:\/\/telgirent24.ee\/wp-content\/uploads\/2024\/02\/toolide-rent-toolipadja-rent-4-14x24.jpg 14w, https:\/\/telgirent24.ee\/wp-content\/uploads\/2024\/02\/toolide-rent-toolipadja-rent-4-20x36.jpg 20w, https:\/\/telgirent24.ee\/wp-content\/uploads\/2024\/02\/toolide-rent-toolipadja-rent-4-27x48.jpg 27w, https:\/\/telgirent24.ee\/wp-content\/uploads\/2024\/02\/toolide-rent-toolipadja-rent-4-600x1065.jpg 600w, https:\/\/telgirent24.ee\/wp-content\/uploads\/2024\/02\/toolide-rent-toolipadja-rent-4.jpg 901w\" sizes=\"auto, (max-width: 577px) 100vw, 577px\" \/><\/a><\/p>\n<p><a href=\"http:\/\/telgirent24.ee\/wp-content\/uploads\/2024\/02\/toolide-rent-toolipadja-rent-1.jpg\"><img loading=\"lazy\" decoding=\"async\" class=\"alignleft size-large wp-image-16783\" src=\"http:\/\/telgirent24.ee\/wp-content\/uploads\/2024\/02\/toolide-rent-toolipadja-rent-1-577x1024.jpg\" alt=\"\" width=\"577\" height=\"1024\" srcset=\"https:\/\/telgirent24.ee\/wp-content\/uploads\/2024\/02\/toolide-rent-toolipadja-rent-1-577x1024.jpg 577w, https:\/\/telgirent24.ee\/wp-content\/uploads\/2024\/02\/toolide-rent-toolipadja-rent-1-169x300.jpg 169w, https:\/\/telgirent24.ee\/wp-content\/uploads\/2024\/02\/toolide-rent-toolipadja-rent-1-768x1363.jpg 768w, https:\/\/telgirent24.ee\/wp-content\/uploads\/2024\/02\/toolide-rent-toolipadja-rent-1-866x1536.jpg 866w, https:\/\/telgirent24.ee\/wp-content\/uploads\/2024\/02\/toolide-rent-toolipadja-rent-1-14x24.jpg 14w, https:\/\/telgirent24.ee\/wp-content\/uploads\/2024\/02\/toolide-rent-toolipadja-rent-1-20x36.jpg 20w, https:\/\/telgirent24.ee\/wp-content\/uploads\/2024\/02\/toolide-rent-toolipadja-rent-1-27x48.jpg 27w, https:\/\/telgirent24.ee\/wp-content\/uploads\/2024\/02\/toolide-rent-toolipadja-rent-1-600x1065.jpg 600w, https:\/\/telgirent24.ee\/wp-content\/uploads\/2024\/02\/toolide-rent-toolipadja-rent-1.jpg 901w\" sizes=\"auto, (max-width: 577px) 100vw, 577px\" \/><\/a><\/p>\n","protected":false},"excerpt":{"rendered":"<p>Toolipadi naturaalvalge &nbsp; Toolipadja m\u00f5\u00f5dud 40x40cm Kinnitub toolile kr\u00f5psu ehk takjakinnitusega V\u00e4rvus naturaalvalge Materjal kunstnahk &nbsp;<\/p>\n","protected":false},"featured_media":16790,"template":"","meta":{"inline_featured_image":false,"site-sidebar-layout":"default","site-content-layout":"default","ast-site-content-layout":"default","site-content-style":"default","site-sidebar-style":"default","ast-global-header-display":"","ast-banner-title-visibility":"","ast-main-header-display":"","ast-hfb-above-header-display":"","ast-hfb-below-header-display":"","ast-hfb-mobile-header-display":"","site-post-title":"","ast-breadcrumbs-content":"","ast-featured-img":"","footer-sml-layout":"","ast-disable-related-posts":"","theme-transparent-header-meta":"default","adv-header-id-meta":"","stick-header-meta":"","header-above-stick-meta":"","header-main-stick-meta":"","header-below-stick-meta":"","astra-migrate-meta-layouts":"default","ast-page-background-enabled":"default","ast-page-background-meta":{"desktop":{"background-color":"var(--ast-global-color-4)","background-image":"","background-repeat":"repeat","background-position":"center center","background-size":"auto","background-attachment":"scroll","background-type":"","background-media":"","overlay-type":"","overlay-color":"","overlay-opacity":"","overlay-gradient":""},"tablet":{"background-color":"","background-image":"","background-repeat":"repeat","background-position":"center center","background-size":"auto","background-attachment":"scroll","background-type":"","background-media":"","overlay-type":"","overlay-color":"","overlay-opacity":"","overlay-gradient":""},"mobile":{"background-color":"","background-image":"","background-repeat":"repeat","background-position":"center center","background-size":"auto","background-attachment":"scroll","background-type":"","background-media":"","overlay-type":"","overlay-color":"","overlay-opacity":"","overlay-gradient":""}},"ast-content-background-meta":{"desktop":{"background-color":"var(--ast-global-color-5)","background-image":"","background-repeat":"repeat","background-position":"center center","background-size":"auto","background-attachment":"scroll","background-type":"","background-media":"","overlay-type":"","overlay-color":"","overlay-opacity":"","overlay-gradient":""},"tablet":{"background-color":"var(--ast-global-color-5)","background-image":"","background-repeat":"repeat","background-position":"center center","background-size":"auto","background-attachment":"scroll","background-type":"","background-media":"","overlay-type":"","overlay-color":"","overlay-opacity":"","overlay-gradient":""},"mobile":{"background-color":"var(--ast-global-color-5)","background-image":"","background-repeat":"repeat","background-position":"center center","background-size":"auto","background-attachment":"scroll","background-type":"","background-media":"","overlay-type":"","overlay-color":"","overlay-opacity":"","overlay-gradient":""}}},"product_cat":[1066],"product_tag":[],"class_list":{"0":"post-20976","1":"product","2":"type-product","3":"status-publish","4":"has-post-thumbnail","6":"product_cat-chair-covers","7":"desktop-align-left","8":"tablet-align-left","9":"mobile-align-left","10":"ast-product-gallery-layout-horizontal-slider","11":"ast-magnify-disabled","12":"ast-product-tabs-layout-horizontal","13":"ast-qv-on-image","15":"first","16":"instock","17":"taxable","18":"shipping-taxable","19":"purchasable","20":"product-type-simple"},"acf":[],"_links":{"self":[{"href":"https:\/\/telgirent24.ee\/en\/wp-json\/wp\/v2\/product\/20976","targetHints":{"allow":["GET"]}}],"collection":[{"href":"https:\/\/telgirent24.ee\/en\/wp-json\/wp\/v2\/product"}],"about":[{"href":"https:\/\/telgirent24.ee\/en\/wp-json\/wp\/v2\/types\/product"}],"wp:featuredmedia":[{"embeddable":true,"href":"https:\/\/telgirent24.ee\/en\/wp-json\/wp\/v2\/media\/16790"}],"wp:attachment":[{"href":"https:\/\/telgirent24.ee\/en\/wp-json\/wp\/v2\/media?parent=20976"}],"wp:term":[{"taxonomy":"product_cat","embeddable":true,"href":"https:\/\/telgirent24.ee\/en\/wp-json\/wp\/v2\/product_cat?post=20976"},{"taxonomy":"product_tag","embeddable":true,"href":"https:\/\/telgirent24.ee\/en\/wp-json\/wp\/v2\/product_tag?post=20976"}],"curies":[{"name":"wp","href":"https:\/\/api.w.org\/{rel}","templated":true}]}}