{"id":20978,"date":"2025-07-11T12:11:01","date_gmt":"2025-07-11T12:11:01","guid":{"rendered":"https:\/\/telgirent24.ee\/?post_type=product&#038;p=20978"},"modified":"2026-04-07T08:58:12","modified_gmt":"2026-04-07T08:58:12","slug":"pink-champagne-glass-2","status":"publish","type":"product","link":"https:\/\/telgirent24.ee\/en\/product\/pink-champagne-glass-2\/","title":{"rendered":"Pink Champagne Glass"},"content":{"rendered":"<h2>Vahuveinipokaal, roosa<\/h2>\n<p>Soovid isikup\u00e4rast ja meeldej\u00e4\u00e4vat peolauda? Kombineeri roosad vahuveinipokaalid muu peoinventari ja dekoratsioonidega. N\u00e4iteks roosad salvr\u00e4tikud ja kuldsed s\u00f6\u00f6giriistad, lisaks \u00f5rn lillekimp ja pastelsed k\u00fc\u00fcnlad \u2014 luksuslik tulemus on garanteeritud.<\/p>\n<p>Sobib erinevate jookide serveerimiseks: vahuvein,\u00a0 erinevid kokteilid v\u00f5i n\u00e4iteks mullivesi marjadega.<\/p>\n<p data-start=\"1733\" data-end=\"1767\"><strong data-start=\"1736\" data-end=\"1765\">Miks valida roosa pokaal?<\/strong><\/p>\n<ul data-start=\"1768\" data-end=\"1986\">\n<li data-start=\"1768\" data-end=\"1808\">\n<p data-start=\"1770\" data-end=\"1808\">Loob romantilise ja erilise meeleolu.<\/p>\n<\/li>\n<li data-start=\"1809\" data-end=\"1855\">\n<p data-start=\"1811\" data-end=\"1855\">N\u00e4eb piltidel luksuslik ja trendikas v\u00e4lja.<\/p>\n<\/li>\n<li data-start=\"1856\" data-end=\"1912\">\n<p data-start=\"1858\" data-end=\"1912\">Kas teadsid? V\u00e4rviline klaas muudab joogi tooni veidi s\u00fcgavamaks, muutes seega joogi v\u00e4limuse eriti luksuslikuks.<\/p>\n<\/li>\n<li data-start=\"1913\" data-end=\"1986\">\n<p data-start=\"1915\" data-end=\"1986\">Ajalooliselt on v\u00e4rvilised klaasid olnud pidulikkuse ja hea maitse m\u00e4rk.<\/p>\n<\/li>\n<\/ul>\n","protected":false},"excerpt":{"rendered":"<p>Vahuveinipokaal, roosa Soovid isikup\u00e4rast ja meeldej\u00e4\u00e4vat peolauda? Kombineeri roosad vahuveinipokaalid muu peoinventari ja dekoratsioonidega. N\u00e4iteks roosad salvr\u00e4tikud ja kuldsed s\u00f6\u00f6giriistad, lisaks \u00f5rn lillekimp ja pastelsed k\u00fc\u00fcnlad \u2014 luksuslik tulemus on garanteeritud. Sobib erinevate jookide serveerimiseks: vahuvein,\u00a0 erinevid kokteilid v\u00f5i n\u00e4iteks mullivesi marjadega. Miks valida roosa pokaal? Loob romantilise ja erilise meeleolu. N\u00e4eb piltidel luksuslik ja [&hellip;]<\/p>\n","protected":false},"featured_media":18736,"template":"","meta":{"inline_featured_image":false,"site-sidebar-layout":"default","site-content-layout":"","ast-site-content-layout":"default","site-content-style":"default","site-sidebar-style":"default","ast-global-header-display":"","ast-banner-title-visibility":"","ast-main-header-display":"","ast-hfb-above-header-display":"","ast-hfb-below-header-display":"","ast-hfb-mobile-header-display":"","site-post-title":"","ast-breadcrumbs-content":"","ast-featured-img":"","footer-sml-layout":"","ast-disable-related-posts":"","theme-transparent-header-meta":"default","adv-header-id-meta":"","stick-header-meta":"","header-above-stick-meta":"","header-main-stick-meta":"","header-below-stick-meta":"","astra-migrate-meta-layouts":"default","ast-page-background-enabled":"default","ast-page-background-meta":{"desktop":{"background-color":"var(--ast-global-color-4)","background-image":"","background-repeat":"repeat","background-position":"center center","background-size":"auto","background-attachment":"scroll","background-type":"","background-media":"","overlay-type":"","overlay-color":"","overlay-opacity":"","overlay-gradient":""},"tablet":{"background-color":"","background-image":"","background-repeat":"repeat","background-position":"center center","background-size":"auto","background-attachment":"scroll","background-type":"","background-media":"","overlay-type":"","overlay-color":"","overlay-opacity":"","overlay-gradient":""},"mobile":{"background-color":"","background-image":"","background-repeat":"repeat","background-position":"center center","background-size":"auto","background-attachment":"scroll","background-type":"","background-media":"","overlay-type":"","overlay-color":"","overlay-opacity":"","overlay-gradient":""}},"ast-content-background-meta":{"desktop":{"background-color":"var(--ast-global-color-5)","background-image":"","background-repeat":"repeat","background-position":"center center","background-size":"auto","background-attachment":"scroll","background-type":"","background-media":"","overlay-type":"","overlay-color":"","overlay-opacity":"","overlay-gradient":""},"tablet":{"background-color":"var(--ast-global-color-5)","background-image":"","background-repeat":"repeat","background-position":"center center","background-size":"auto","background-attachment":"scroll","background-type":"","background-media":"","overlay-type":"","overlay-color":"","overlay-opacity":"","overlay-gradient":""},"mobile":{"background-color":"var(--ast-global-color-5)","background-image":"","background-repeat":"repeat","background-position":"center center","background-size":"auto","background-attachment":"scroll","background-type":"","background-media":"","overlay-type":"","overlay-color":"","overlay-opacity":"","overlay-gradient":""}}},"product_cat":[1060],"product_tag":[1867],"class_list":{"0":"post-20978","1":"product","2":"type-product","3":"status-publish","4":"has-post-thumbnail","6":"product_cat-glassware","7":"product_tag-a-glass-of-sparkling-wine","8":"desktop-align-left","9":"tablet-align-left","10":"mobile-align-left","11":"ast-product-gallery-layout-horizontal-slider","12":"ast-magnify-disabled","13":"ast-product-tabs-layout-horizontal","14":"ast-qv-on-image","16":"first","17":"instock","18":"taxable","19":"shipping-taxable","20":"purchasable","21":"product-type-simple"},"acf":[],"_links":{"self":[{"href":"https:\/\/telgirent24.ee\/en\/wp-json\/wp\/v2\/product\/20978","targetHints":{"allow":["GET"]}}],"collection":[{"href":"https:\/\/telgirent24.ee\/en\/wp-json\/wp\/v2\/product"}],"about":[{"href":"https:\/\/telgirent24.ee\/en\/wp-json\/wp\/v2\/types\/product"}],"wp:featuredmedia":[{"embeddable":true,"href":"https:\/\/telgirent24.ee\/en\/wp-json\/wp\/v2\/media\/18736"}],"wp:attachment":[{"href":"https:\/\/telgirent24.ee\/en\/wp-json\/wp\/v2\/media?parent=20978"}],"wp:term":[{"taxonomy":"product_cat","embeddable":true,"href":"https:\/\/telgirent24.ee\/en\/wp-json\/wp\/v2\/product_cat?post=20978"},{"taxonomy":"product_tag","embeddable":true,"href":"https:\/\/telgirent24.ee\/en\/wp-json\/wp\/v2\/product_tag?post=20978"}],"curies":[{"name":"wp","href":"https:\/\/api.w.org\/{rel}","templated":true}]}}